{"id":13470,"date":"2021-07-03T07:26:25","date_gmt":"2021-07-03T07:26:25","guid":{"rendered":"https:\/\/corporate.liquid-themes.com\/staging\/?page_id=4532"},"modified":"2026-03-24T14:25:48","modified_gmt":"2026-03-24T11:25:48","slug":"iletisim","status":"publish","type":"page","link":"https:\/\/www.durandogan.com\/?page_id=13470","title":{"rendered":"\u0130leti\u015fim"},"content":{"rendered":"<p>[vc_row content_placement=&#8221;middle&#8221; parallax=&#8221;enable_parallax&#8221; bg_position=&#8221;center center&#8221; bg_attachment=&#8221;fixed&#8221; enable_overlay=&#8221;yes&#8221; css=&#8221;.vc_custom_1626124021216{padding-top: 140px !important;padding-bottom: 80px !important;background: #202045 url(https:\/\/www.durandogan.com\/wp-content\/uploads\/2021\/07\/photo-1531973576160-7125cd663d86.jpeg?id=15052);background-position:center;background-repeat: no-repeat !important;background-size: cover !important;}&#8221; responsive_css=&#8221;padding_top_medium:170px&#8221; overlay_bg=&#8221;rgba(0, 0, 0, 0.52)&#8221;][vc_column width=&#8221;1\/6&#8243;][\/vc_column][vc_column width=&#8221;2\/3&#8243;]<style>.ld_spacer_69d179cbd1079{height:60px;}<\/style>\n<div class=\"ld-empty-space ld_spacer_69d179cbd1079\"><\/div><style>.ld_fancy_heading_69d179cbd143f h4{color:rgb(255, 255, 255);background:rgba(115, 0, 20, 0.91);}.ld_fancy_heading_69d179cbd143f h4 {font-size:19px; } .ld_fancy_heading_69d179cbd143f h4 {font-weight:700; } .ld_fancy_heading_69d179cbd143f h4 {letter-spacing:0.08em; } .ld_fancy_heading_69d179cbd143f h4 {margin-bottom:0px !important;  } .ld_fancy_heading_69d179cbd143f .lqd-highlight-inner{height:0.275em!important;bottom:0px!important;}.ld_fancy_heading_69d179cbd143f h4 {font-size:19px; } .ld_fancy_heading_69d179cbd143f h4 {font-weight:700; } .ld_fancy_heading_69d179cbd143f h4 {letter-spacing:0.08em; } .ld_fancy_heading_69d179cbd143f h4 {margin-bottom:0px !important;  } <\/style><div class=\"ld-fancy-heading ld-fh-has-fill text-center text-uppercase ld_fancy_heading_69d179cbd143f\">\n\t<h4 class=\"ld-fh-element semi-round lqd-highlight-underline lqd-highlight-grow-left text-decoration-default\"   >  Kurumsal<\/h4><\/div><style>.ld_spacer_69d179cbd29d5{height:32px;}<\/style>\n<div class=\"ld-empty-space ld_spacer_69d179cbd29d5\"><\/div><style>.ld_fancy_heading_69d179cbd2c6a h1{color:rgb(255, 255, 255);}@media (min-width: 992px) { .ld_fancy_heading_69d179cbd2c6a h1 {font-size:74px; }  } .ld_fancy_heading_69d179cbd2c6a h1 {line-height:0.9em; } .ld_fancy_heading_69d179cbd2c6a h1 {--element-line-height:0.9em; } .ld_fancy_heading_69d179cbd2c6a .lqd-highlight-inner{height:0.275em!important;bottom:0px!important;}@media (min-width: 992px) { .ld_fancy_heading_69d179cbd2c6a h1 {font-size:74px; }  } .ld_fancy_heading_69d179cbd2c6a h1 {line-height:0.9em; } .ld_fancy_heading_69d179cbd2c6a h1 {--element-line-height:0.9em; } <\/style><div class=\"ld-fancy-heading text-center ld_fancy_heading_69d179cbd2c6a\">\n\t<h1 class=\"ld-fh-element lqd-highlight-underline lqd-highlight-grow-left text-decoration-default\"   >  \u0130leti\u015fim<\/h1><\/div><style>.ld_spacer_69d179cbd3919{height:32px;}<\/style>\n<div class=\"ld-empty-space ld_spacer_69d179cbd3919\"><\/div><style>.ld_fancy_heading_69d179cbd3b08 p{color:rgba(255, 255, 255, 0.7);}.ld_fancy_heading_69d179cbd3b08 p {font-size:17px; } .ld_fancy_heading_69d179cbd3b08 p {line-height:1.3em; } .ld_fancy_heading_69d179cbd3b08 p {--element-line-height:1.3em; } .ld_fancy_heading_69d179cbd3b08 .lqd-highlight-inner{height:0.275em!important;bottom:0px!important;}.ld_fancy_heading_69d179cbd3b08 p {font-size:17px; } .ld_fancy_heading_69d179cbd3b08 p {line-height:1.3em; } .ld_fancy_heading_69d179cbd3b08 p {--element-line-height:1.3em; } <\/style><div class=\"ld-fancy-heading text-center ld_fancy_heading_69d179cbd3b08\">\n\t<p class=\"ld-fh-element lqd-highlight-underline lqd-highlight-grow-left text-decoration-default\"   >  Bizimle a\u015fa\u011f\u0131daki ileti\u015fim kanallar\u0131m\u0131z ve telefon numalar\u0131m\u0131zdan ileti\u015fime ge\u00e7ebilir, internet sitemizi ziyaret edebilir veya e-mail adreslerimizi kullanarak bizlere ula\u015fabilirsiniz.<\/p><\/div>[\/vc_column][vc_column width=&#8221;1\/6&#8243;][\/vc_column][\/vc_row][vc_row content_placement=&#8221;middle&#8221; responsive_css=&#8221;padding_top_medium:100px|padding_bottom_medium:100px|padding_top_small:80px|padding_bottom_small:80px&#8221; css=&#8221;.vc_custom_1626026268419{padding-top: 30px !important;padding-bottom: 60px !important;background-color: #fcfcfc !important;}&#8221;][vc_column width=&#8221;5\/6&#8243; ca_init_scale_z=&#8221;1&#8243; ca_an_scale_z=&#8221;1&#8243; offset=&#8221;vc_col-lg-4 vc_col-md-6&#8243; css=&#8221;.vc_custom_1680088225576{padding-top: 35px !important;padding-bottom: 35px !important;}&#8221;]<style>.ld_fancy_heading_69d179cbd4724 h2 {font-size:34px; } @media (min-width: 992px) { .ld_fancy_heading_69d179cbd4724 h2 {padding-right:14% !important;  }  } .ld_fancy_heading_69d179cbd4724 .lqd-highlight-inner{height:0.275em!important;bottom:0px!important;}.ld_fancy_heading_69d179cbd4724 h2 {font-size:34px; } @media (min-width: 992px) { .ld_fancy_heading_69d179cbd4724 h2 {padding-right:14% !important;  }  } <\/style><div class=\"ld-fancy-heading ld_fancy_heading_69d179cbd4724\">\n\t<h2 class=\"ld-fh-element lqd-highlight-underline lqd-highlight-grow-left text-decoration-default lqd-split-lines\"  data-parallax=\"true\" data-parallax-options='{\"overflowHidden\":false,\"ease\":\"linear\",\"start\":\"top bottom\"}' data-split-text=\"true\" data-split-options='{\"type\":\"lines\"}'>  \u0130leti\u015fim<\/h2><\/div><style>.ld_fancy_heading_69d179cbd5410 p {margin-bottom:1.85em !important;  } .ld_fancy_heading_69d179cbd5410 .lqd-highlight-inner{height:0.275em!important;bottom:0px!important;}.ld_fancy_heading_69d179cbd5410 p {margin-bottom:1.85em !important;  } <\/style><div class=\"ld-fancy-heading ld_fancy_heading_69d179cbd5410\">\n\t<p class=\"ld-fh-element lqd-highlight-underline lqd-highlight-grow-left text-decoration-default\"   >  A\u015fa\u011f\u0131daki ileti\u015fim kanallar\u0131n\u0131 kullanarak bize her zaman ula\u015fabilirsiniz.<\/p><\/div><style>.ld_icon_box_69d179cbd613f .iconbox-icon-container{color:rgb(204, 204, 204);font-size:18px;background:rgb(122, 0, 13);border-radius:px;}.ld_icon_box_69d179cbd613f .iconbox-icon-container:before{border-color:rgb(122, 0, 13);}.ld_icon_box_69d179cbd613f .lqd-iconbox-title{color:rgba(0, 0, 0, 0.6);font-size:15px;}<\/style>\n<div class=\"iconbox iconbox-inline text-align-default iconbox-lozenge iconbox-xs iconbox-icon-ripple ld_icon_box_69d179cbd613f vc_custom_1758266147838\" id=\"ld_icon_box_69d179cbd613f\"  data-animate-icon=\"true\" data-plugin-options='{\"color\":\"rgb(204, 204, 204)\"}'  >\n\t\n\t\t\t\t\t\n\t\n\t<div class=\"iconbox-icon-wrap\"><span class=\"iconbox-icon-container\"><i class=\"fas fa-map-marker-alt\"><\/i><\/span><\/div>\t\n\t<h3 class=\"lqd-iconbox-title font-weight-semibold\">Had\u0131mk\u00f6y Mahallesi, Mustafa \u0130nan Caddesi No:41, 34555 Arnavutk\u00f6y, \u0130stanbul, T\u00fcrkiye<\/h3>\t\n\t\t\n\t\t\n\t\t\t\t\n\t\t\n\t<a href=\"https:\/\/maps.app.goo.gl\/kPxwFvXLz1xYc7AbA\" class=\"liquid-overlay-link z-index-2\"><\/a>\n<\/div>\n<style>.ld_icon_box_69d179cbd71aa .iconbox-icon-container{color:rgb(204, 204, 204);font-size:18px;background:rgb(121, 12, 17);border-radius:px;}.ld_icon_box_69d179cbd71aa .iconbox-icon-container:before{border-color:rgb(121, 12, 17);}.ld_icon_box_69d179cbd71aa .lqd-iconbox-title{color:rgba(0, 0, 0, 0.6);margin-bottom:px;font-size:15px;}<\/style>\n<div class=\"iconbox iconbox-inline text-align-default iconbox-lozenge iconbox-xs iconbox-icon-ripple ld_icon_box_69d179cbd71aa vc_custom_1626025221400\" id=\"ld_icon_box_69d179cbd71aa\"  data-animate-icon=\"true\" data-plugin-options='{\"color\":\"rgb(204, 204, 204)\"}'  >\n\t\n\t\t\t\t\t\n\t\n\t<div class=\"iconbox-icon-wrap\"><span class=\"iconbox-icon-container\"><i class=\"fas fa-envelope\"><\/i><\/span><\/div>\t\n\t<h3 class=\"lqd-iconbox-title font-weight-semibold\">info@durandogan.com<\/h3>\t\n\t\t\n\t\t\n\t\t\t\t\n\t\t\n\t\n<\/div>\n<style>.ld_icon_box_69d179cbd84b9 .iconbox-icon-container{color:rgb(204, 204, 204);font-size:18px;background:rgb(121, 12, 17);border-radius:px;}.ld_icon_box_69d179cbd84b9 .iconbox-icon-container:before{border-color:rgb(121, 12, 17);}.ld_icon_box_69d179cbd84b9 .lqd-iconbox-title{color:rgba(0, 0, 0, 0.6);margin-bottom:px;font-size:15px;}<\/style>\n<div class=\"iconbox iconbox-inline text-align-default iconbox-lozenge iconbox-xs iconbox-icon-ripple ld_icon_box_69d179cbd84b9 vc_custom_1626025231275\" id=\"ld_icon_box_69d179cbd84b9\"  data-animate-icon=\"true\" data-plugin-options='{\"color\":\"rgb(204, 204, 204)\"}'  >\n\t\n\t\t\t\t\t\n\t\n\t<div class=\"iconbox-icon-wrap\"><span class=\"iconbox-icon-container\"><i class=\"fas fa-mobile\"><\/i><\/span><\/div>\t\n\t<h3 class=\"lqd-iconbox-title font-weight-semibold\">Tel : +90 212 771 46 06<\/h3>\t\n\t\t\n\t\t\n\t\t\t\t\n\t\t\n\t\n<\/div>\n<style>.ld_icon_box_69d179cbd9416 .iconbox-icon-container{color:rgb(204, 204, 204);font-size:18px;background:rgb(121, 12, 17);border-radius:px;}.ld_icon_box_69d179cbd9416 .iconbox-icon-container:before{border-color:rgb(121, 12, 17);}.ld_icon_box_69d179cbd9416 .lqd-iconbox-title{color:rgba(0, 0, 0, 0.6);margin-bottom:px;font-size:15px;}<\/style>\n<div class=\"iconbox iconbox-inline text-align-default iconbox-lozenge iconbox-xs iconbox-icon-ripple ld_icon_box_69d179cbd9416 vc_custom_1626025239153\" id=\"ld_icon_box_69d179cbd9416\"  data-animate-icon=\"true\" data-plugin-options='{\"color\":\"rgb(204, 204, 204)\"}'  >\n\t\n\t\t\t\t\t\n\t\n\t<div class=\"iconbox-icon-wrap\"><span class=\"iconbox-icon-container\"><i class=\"fas fa-fax\"><\/i><\/span><\/div>\t\n\t<h3 class=\"lqd-iconbox-title font-weight-semibold\">Fax : +90 212 771 46 26<\/h3>\t\n\t\t\n\t\t\n\t\t\t\t\n\t\t\n\t\n<\/div>\n<div class=\"ld-particles-container lqd-particles-as-bg ld_particles_69d179cbda049\">\n\n\t<div class=\"ld-particles-inner\" id=\"lqd-1625612113073-b6b8d53d-3f5f\" data-particles=\"true\" data-particles-options='{\"particles\":{\"number\":{\"value\":15},\"shape\":{\"type\":[\"polygon\"]},\"opacity\":{\"value\":0.2},\"size\":{\"value\":5},\"move\":{\"out_mode\":\"out\"}},\"interactivity\":{\"events\":{\"onhover\":{\"enable\":true,\"mode\":[\"bubble\"]}},\"modes\":{\"bubble\":{\"size\":15}}},\"asBG\":true}'><\/div>\t\n\n<\/div><!-- \/.particles --><style>.ld_icon_box_69d179cbdb2ae .iconbox-icon-container{color:rgb(204, 204, 204);font-size:18px;background:rgb(122, 0, 13);border-radius:px;}.ld_icon_box_69d179cbdb2ae .iconbox-icon-container:before{border-color:rgb(122, 0, 13);}.ld_icon_box_69d179cbdb2ae .lqd-iconbox-title{color:rgba(0, 0, 0, 0.6);font-size:15px;}<\/style>\n<div class=\"iconbox iconbox-inline text-align-default iconbox-lozenge iconbox-xs iconbox-icon-ripple ld_icon_box_69d179cbdb2ae vc_custom_1758266030243\" id=\"ld_icon_box_69d179cbdb2ae\"  data-animate-icon=\"true\" data-plugin-options='{\"color\":\"rgb(204, 204, 204)\"}'  >\n\t\n\t\t\t\t\t\n\t\n\t<div class=\"iconbox-icon-wrap\"><span class=\"iconbox-icon-container\"><i class=\"fas fa-map-marker-alt\"><\/i><\/span><\/div>\t\n\t<h3 class=\"lqd-iconbox-title font-weight-semibold\">\u00d6merli 1 Adres: \u00d6merli Mah. Sercan Sok. No:8 Arnavutk\u00f6y, \u0130stanbul, T\u00fcrkiye<\/h3>\t\n\t\t\n\t\t\n\t\t\t\t\n\t\t\n\t<a href=\"https:\/\/maps.app.goo.gl\/fjaUaQhoh2CBam9s8\" class=\"liquid-overlay-link z-index-2\"><\/a>\n<\/div>\n<style>.ld_icon_box_69d179cbdc574 .iconbox-icon-container{color:rgb(204, 204, 204);font-size:18px;background:rgb(122, 0, 13);border-radius:px;}.ld_icon_box_69d179cbdc574 .iconbox-icon-container:before{border-color:rgb(122, 0, 13);}.ld_icon_box_69d179cbdc574 .lqd-iconbox-title{color:rgba(0, 0, 0, 0.6);font-size:15px;}<\/style>\n<div class=\"iconbox iconbox-inline text-align-default iconbox-lozenge iconbox-xs iconbox-icon-ripple ld_icon_box_69d179cbdc574 vc_custom_1758266076697\" id=\"ld_icon_box_69d179cbdc574\"  data-animate-icon=\"true\" data-plugin-options='{\"color\":\"rgb(204, 204, 204)\"}'  >\n\t\n\t\t\t\t\t\n\t\n\t<div class=\"iconbox-icon-wrap\"><span class=\"iconbox-icon-container\"><i class=\"fas fa-map-marker-alt\"><\/i><\/span><\/div>\t\n\t<h3 class=\"lqd-iconbox-title font-weight-semibold\">\u00d6merli 2 Adres: \u00d6merli Mah. Yama\u00e7 Sok. No:5 Arnavutk\u00f6y, \u0130stanbul, T\u00fcrkiye<\/h3>\t\n\t\t\n\t\t\n\t\t\t\t\n\t\t\n\t<a href=\"https:\/\/maps.app.goo.gl\/yf8s37xzrnzmX4Bx9\" class=\"liquid-overlay-link z-index-2\"><\/a>\n<\/div>\n[\/vc_column][vc_column column_content_align=&#8221;justify-content-center&#8221; width=&#8221;1\/6&#8243; enable_column_shadowbox=&#8221;yes&#8221; enable_content_animation=&#8221;yes&#8221; ca_init_scale_x=&#8221;1&#8243; ca_init_scale_y=&#8221;1&#8243; ca_init_opacity=&#8221;0&#8243; ca_an_scale_x=&#8221;1&#8243; ca_an_scale_y=&#8221;1&#8243; ca_an_opacity=&#8221;1&#8243; ca_init_scale_z=&#8221;1&#8243; ca_an_scale_z=&#8221;1&#8243; offset=&#8221;vc_col-md-offset-1 vc_col-md-7&#8243; css=&#8221;.vc_custom_1625278457052{padding-top: 35px !important;padding-right: 50px !important;padding-bottom: 40px !important;padding-left: 50px !important;background-color: #ffffff !important;border-radius: 5px !important;}&#8221; column_box_shadow=&#8221;%5B%7B%22x_offset%22%3A%220%22%2C%22y_offset%22%3A%2210px%22%2C%22blur_radius%22%3A%2260px%22%2C%22shadow_color%22%3A%22rgba(0%2C%200%2C%200%2C%200.07)%22%7D%5D&#8221; responsive_css=&#8221;padding_bottom_medium:20px&#8221; ca_duration=&#8221;1800&#8243; ca_start_delay=&#8221;250&#8243; ca_delay=&#8221;180&#8243; ca_init_translate_y=&#8221;35&#8243;][vc_single_image image=&#8221;15176&#8243;]<div id=\"ld_cf7_69d179cbdd7b9\" class=\"lqd-contact-form ld_cf7_69d179cbdd7b9 vc_custom_1774351545404\">\n\t\n<div class=\"wpcf7 no-js\" id=\"wpcf7-f17338-o1\" lang=\"en-US\" dir=\"ltr\" data-wpcf7-id=\"17338\">\n<div class=\"screen-reader-response\"><p role=\"status\" aria-live=\"polite\" aria-atomic=\"true\"><\/p> <ul><\/ul><\/div>\n<form action=\"\/index.php?rest_route=%2Fwp%2Fv2%2Fpages%2F13470#wpcf7-f17338-o1\" method=\"post\" class=\"wpcf7-form init\" aria-label=\"Contact form\" novalidate=\"novalidate\" data-status=\"init\">\n<fieldset class=\"hidden-fields-container\"><input type=\"hidden\" name=\"_wpcf7\" value=\"17338\" \/><input type=\"hidden\" name=\"_wpcf7_version\" value=\"6.1.5\" \/><input type=\"hidden\" name=\"_wpcf7_locale\" value=\"en_US\" \/><input type=\"hidden\" name=\"_wpcf7_unit_tag\" value=\"wpcf7-f17338-o1\" \/><input type=\"hidden\" name=\"_wpcf7_container_post\" value=\"0\" \/><input type=\"hidden\" name=\"_wpcf7_posted_data_hash\" value=\"\" \/>\n<\/fieldset>\n<p><label> Ad\u0131n\u0131z<br \/>\n<span class=\"wpcf7-form-control-wrap\" data-name=\"your-name\"><input size=\"40\" maxlength=\"400\" class=\"wpcf7-form-control wpcf7-text wpcf7-validates-as-required\" autocomplete=\"name\" aria-required=\"true\" aria-invalid=\"false\" value=\"\" type=\"text\" name=\"your-name\" \/><\/span> <\/label>\n<\/p>\n<p><label> Email Adresiniz<br \/>\n<span class=\"wpcf7-form-control-wrap\" data-name=\"your-email\"><input size=\"40\" maxlength=\"400\" class=\"wpcf7-form-control wpcf7-email wpcf7-validates-as-required wpcf7-text wpcf7-validates-as-email\" autocomplete=\"email\" aria-required=\"true\" aria-invalid=\"false\" value=\"\" type=\"email\" name=\"your-email\" \/><\/span> <\/label>\n<\/p>\n<p><label> Subject<br \/>\n<span class=\"wpcf7-form-control-wrap\" data-name=\"your-subject\"><input size=\"40\" maxlength=\"400\" class=\"wpcf7-form-control wpcf7-text wpcf7-validates-as-required\" aria-required=\"true\" aria-invalid=\"false\" value=\"\" type=\"text\" name=\"your-subject\" \/><\/span> <\/label>\n<\/p>\n<p><label> Your message (optional)<br \/>\n<span class=\"wpcf7-form-control-wrap\" data-name=\"your-message\"><textarea cols=\"40\" rows=\"10\" maxlength=\"2000\" class=\"wpcf7-form-control wpcf7-textarea\" aria-invalid=\"false\" name=\"your-message\"><\/textarea><\/span> <\/label>\n<\/p>\n<p><input class=\"wpcf7-form-control wpcf7-submit has-spinner\" type=\"submit\" value=\"Submit\" \/>\n<\/p><div class=\"wpcf7-response-output\" aria-hidden=\"true\"><\/div>\n<\/form>\n<\/div>\n<\/div>[\/vc_column][\/vc_row][vc_row full_width=&#8221;stretch_row&#8221; gap=&#8221;0&#8243;][vc_column][vc_raw_html]JTNDaWZyYW1lJTIwc3JjJTNEJTIyaHR0cHMlM0ElMkYlMkZ3d3cuZ29vZ2xlLmNvbSUyRm1hcHMlMkZlbWJlZCUzRnBiJTNEJTIxMW0xOCUyMTFtMTIlMjExbTMlMjExZDMwMDQuNjU4NjI5MjA5NjIwNCUyMTJkMjguNjM5MDAyNDUxNzA4ODY1JTIxM2Q0MS4xNDE5Nzc1NzkxODU2NSUyMTJtMyUyMTFmMCUyMTJmMCUyMTNmMCUyMTNtMiUyMTFpMTAyNCUyMTJpNzY4JTIxNGYxMy4xJTIxM20zJTIxMW0yJTIxMXMweDE0YjU1NGZmZmZmZmZmZmYlMjUzQTB4NWFmYWY2OWJkYzA0ZDQ3ZiUyMTJzRHVyYW4lMjUyMERvJTI1QzQlMjU5RmFuJTI1MjBCYXMlMjVDNCUyNUIxbSUyNTIwVmUlMjUyMEFtYmFsYWolMjE1ZTAlMjEzbTIlMjExc2VuJTIxMnN0ciUyMTR2MTY4MDA4Nzk5MzAxNyUyMTVtMiUyMTFzZW4lMjEyc3RyJTIyJTIwd2lkdGglM0QlMjIxMDAlMjUlMjIlMjBoZWlnaHQlM0QlMjI0NTAlMjIlMjBzdHlsZSUzRCUyMmJvcmRlciUzQTAlM0IlMjIlMjBhbGxvd2Z1bGxzY3JlZW4lM0QlMjIlMjIlMjBsb2FkaW5nJTNEJTIybGF6eSUyMiUyMHJlZmVycmVycG9saWN5JTNEJTIybm8tcmVmZXJyZXItd2hlbi1kb3duZ3JhZGUlMjIlM0UlM0MlMkZpZnJhbWUlM0U=[\/vc_raw_html][\/vc_column][\/vc_row]<\/p>\n","protected":false},"excerpt":{"rendered":"<p>[vc_row content_placement=&#8221;middle&#8221; parallax=&#8221;enable_parallax&#8221; bg_position=&#8221;center center&#8221; bg_attachment=&#8221;fixed&#8221; enable_overlay=&#8221;yes&#8221; css=&#8221;.vc_custom_1626124021216{padding-top: 140px !important;padding-bottom: 80px !important;background: #202045 url(https:\/\/www.durandogan.com\/wp-content\/uploads\/2021\/07\/photo-1531973576160-7125cd663d86.jpeg?id=15052);background-position:center;background-repeat: no-repeat !important;background-size: cover !important;}&#8221; responsive_css=&#8221;padding_top_medium:170px&#8221; overlay_bg=&#8221;rgba(0, 0, 0, 0.52)&#8221;][vc_column width=&#8221;1\/6&#8243;][\/vc_column][vc_column width=&#8221;2\/3&#8243;][\/vc_column][vc_column width=&#8221;1\/6&#8243;][\/vc_column][\/vc_row][vc_row content_placement=&#8221;middle&#8221; responsive_css=&#8221;padding_top_medium:100px|padding_bottom_medium:100px|padding_top_small:80px|padding_bottom_small:80px&#8221; css=&#8221;.vc_custom_1626026268419{padding-top: 30px !important;padding-bottom: 60px !important;background-color: #fcfcfc !important;}&#8221;][vc_column width=&#8221;5\/6&#8243; ca_init_scale_z=&#8221;1&#8243; ca_an_scale_z=&#8221;1&#8243; offset=&#8221;vc_col-lg-4 vc_col-md-6&#8243; css=&#8221;.vc_custom_1680088225576{padding-top: 35px !important;padding-bottom: 35px !important;}&#8221;][\/vc_column][vc_column column_content_align=&#8221;justify-content-center&#8221; width=&#8221;1\/6&#8243; enable_column_shadowbox=&#8221;yes&#8221; enable_content_animation=&#8221;yes&#8221; ca_init_scale_x=&#8221;1&#8243; ca_init_scale_y=&#8221;1&#8243; ca_init_opacity=&#8221;0&#8243; ca_an_scale_x=&#8221;1&#8243; ca_an_scale_y=&#8221;1&#8243; ca_an_opacity=&#8221;1&#8243; [&hellip;]<\/p>\n","protected":false},"author":2,"featured_media":0,"parent":0,"menu_order":0,"comment_status":"closed","ping_status":"closed","template":"","meta":{"footnotes":""},"class_list":["post-13470","page","type-page","status-publish","hentry"],"lang":"tr","translations":{"en":14609,"tr":13470},"pll_sync_post":[],"_links":{"self":[{"href":"https:\/\/www.durandogan.com\/index.php?rest_route=\/wp\/v2\/pages\/13470","targetHints":{"allow":["GET"]}}],"collection":[{"href":"https:\/\/www.durandogan.com\/index.php?rest_route=\/wp\/v2\/pages"}],"about":[{"href":"https:\/\/www.durandogan.com\/index.php?rest_route=\/wp\/v2\/types\/page"}],"author":[{"embeddable":true,"href":"https:\/\/www.durandogan.com\/index.php?rest_route=\/wp\/v2\/users\/2"}],"replies":[{"embeddable":true,"href":"https:\/\/www.durandogan.com\/index.php?rest_route=%2Fwp%2Fv2%2Fcomments&post=13470"}],"version-history":[{"count":29,"href":"https:\/\/www.durandogan.com\/index.php?rest_route=\/wp\/v2\/pages\/13470\/revisions"}],"predecessor-version":[{"id":17353,"href":"https:\/\/www.durandogan.com\/index.php?rest_route=\/wp\/v2\/pages\/13470\/revisions\/17353"}],"wp:attachment":[{"href":"https:\/\/www.durandogan.com\/index.php?rest_route=%2Fwp%2Fv2%2Fmedia&parent=13470"}],"curies":[{"name":"wp","href":"https:\/\/api.w.org\/{rel}","templated":true}]}}