{"id":13610,"date":"2021-07-03T01:47:43","date_gmt":"2021-07-03T01:47:43","guid":{"rendered":"https:\/\/ddpack.online\/surdurulebilirlik-copy\/"},"modified":"2021-11-26T09:42:38","modified_gmt":"2021-11-26T06:42:38","slug":"gloss-and-green","status":"publish","type":"page","link":"https:\/\/www.durandogan.com\/?page_id=13610","title":{"rendered":"Gloss &#038; Green"},"content":{"rendered":"<p>[vc_row content_placement=&#8221;middle&#8221; parallax=&#8221;enable_parallax&#8221; bg_position=&#8221;center top&#8221; bg_attachment=&#8221;fixed&#8221; enable_overlay=&#8221;yes&#8221; css=&#8221;.vc_custom_1625611551131{padding-top: 140px !important;padding-bottom: 80px !important;background: #202045 url(https:\/\/www.durandogan.com\/wp-content\/uploads\/2021\/07\/lamination.jpg?id=14760);background-position:center;background-repeat: no-repeat !important;background-size: cover !important;}&#8221; responsive_css=&#8221;padding_top_medium:170px&#8221; overlay_bg=&#8221;rgba(0, 0, 0, 0.39)&#8221;][vc_column width=&#8221;1\/6&#8243;][\/vc_column][vc_column width=&#8221;2\/3&#8243;]<style>.ld_spacer_69e1a7f1b1acb{height:60px;}<\/style>\n<div class=\"ld-empty-space ld_spacer_69e1a7f1b1acb\"><\/div><style>.ld_fancy_heading_69e1a7f1b1d4a h4{color:rgb(255, 255, 255);background:rgba(115, 0, 20, 0.91);}.ld_fancy_heading_69e1a7f1b1d4a h4 {font-size:19px; } .ld_fancy_heading_69e1a7f1b1d4a h4 {font-weight:700; } .ld_fancy_heading_69e1a7f1b1d4a h4 {letter-spacing:0.08em; } .ld_fancy_heading_69e1a7f1b1d4a h4 {margin-bottom:0px !important;  } .ld_fancy_heading_69e1a7f1b1d4a .lqd-highlight-inner{height:0.275em!important;bottom:0px!important;}.ld_fancy_heading_69e1a7f1b1d4a h4 {font-size:19px; } .ld_fancy_heading_69e1a7f1b1d4a h4 {font-weight:700; } .ld_fancy_heading_69e1a7f1b1d4a h4 {letter-spacing:0.08em; } .ld_fancy_heading_69e1a7f1b1d4a h4 {margin-bottom:0px !important;  } <\/style><div class=\"ld-fancy-heading ld-fh-has-fill text-center ld_fancy_heading_69e1a7f1b1d4a\">\n\t<h4 class=\"ld-fh-element semi-round lqd-highlight-underline lqd-highlight-grow-left text-decoration-default\"   >  \u00dcRET\u0130M<\/h4><\/div><style>.ld_spacer_69e1a7f1b2b42{height:32px;}<\/style>\n<div class=\"ld-empty-space ld_spacer_69e1a7f1b2b42\"><\/div><style>.ld_fancy_heading_69e1a7f1b2d14 h1{color:rgb(255, 255, 255);}@media (min-width: 992px) { .ld_fancy_heading_69e1a7f1b2d14 h1 {font-size:74px; }  } .ld_fancy_heading_69e1a7f1b2d14 h1 {line-height:0.9em; } .ld_fancy_heading_69e1a7f1b2d14 h1 {--element-line-height:0.9em; } .ld_fancy_heading_69e1a7f1b2d14 .lqd-highlight-inner{height:0.275em!important;bottom:0px!important;}@media (min-width: 992px) { .ld_fancy_heading_69e1a7f1b2d14 h1 {font-size:74px; }  } .ld_fancy_heading_69e1a7f1b2d14 h1 {line-height:0.9em; } .ld_fancy_heading_69e1a7f1b2d14 h1 {--element-line-height:0.9em; } <\/style><div class=\"ld-fancy-heading text-center ld_fancy_heading_69e1a7f1b2d14\">\n\t<h1 class=\"ld-fh-element lqd-highlight-underline lqd-highlight-grow-left text-decoration-default\"   >  Gloss &amp; Green<\/h1><\/div><style>.ld_spacer_69e1a7f1b3010{height:32px;}<\/style>\n<div class=\"ld-empty-space ld_spacer_69e1a7f1b3010\"><\/div><style>.ld_fancy_heading_69e1a7f1b319d p{color:rgba(255, 255, 255, 0.7);}.ld_fancy_heading_69e1a7f1b319d p {font-size:17px; } .ld_fancy_heading_69e1a7f1b319d p {line-height:1.3em; } .ld_fancy_heading_69e1a7f1b319d p {--element-line-height:1.3em; } .ld_fancy_heading_69e1a7f1b319d .lqd-highlight-inner{height:0.275em!important;bottom:0px!important;}.ld_fancy_heading_69e1a7f1b319d p {font-size:17px; } .ld_fancy_heading_69e1a7f1b319d p {line-height:1.3em; } .ld_fancy_heading_69e1a7f1b319d p {--element-line-height:1.3em; } <\/style><div class=\"ld-fancy-heading text-center ld_fancy_heading_69e1a7f1b319d\">\n\t<p class=\"ld-fh-element lqd-highlight-underline lqd-highlight-grow-left text-decoration-default\"   >  D\u00f6ng\u00fcsel ekonomi ve s\u00fcrd\u00fcr\u00fclebilir \u00fcretim anlay\u0131\u015f\u0131m\u0131z\u0131n\u00a0 getirdi\u011fi inovatif bir\u00a0 \u00e7\u00f6z\u00fcm; Gloss &amp; Green<\/p><\/div>[\/vc_column][vc_column width=&#8221;1\/6&#8243;][\/vc_column][\/vc_row][vc_row equal_height=&#8221;yes&#8221; content_placement=&#8221;middle&#8221; css=&#8221;.vc_custom_1605846833928{padding-top: 60px !important;padding-bottom: 40px !important;background-color: #ffffff !important;}&#8221; el_id=&#8221;lqd-features&#8221; responsive_css=&#8221;padding_top_medium:120px|padding_bottom_medium:60px&#8221;][vc_column parallax=&#8221;yes&#8221; scale_from_x=&#8221;1&#8243; scale_from_y=&#8221;1&#8243; scale_from_z=&#8221;1&#8243; from_opacity=&#8221;1&#8243; scale_to_x=&#8221;1&#8243; scale_to_y=&#8221;1&#8243; scale_to_z=&#8221;1&#8243; to_opacity=&#8221;1&#8243; offset=&#8221;vc_col-lg-6 vc_col-md-7&#8243; translate_from_y=&#8221;30&#8243; translate_to_y=&#8221;-103&#8243;]<style>.ld_fancy_heading_69e1a7f1b33bf h2{color:#882731;}.ld_fancy_heading_69e1a7f1b33bf h2 {font-size:38px; } @media (min-width: 768px) { .ld_fancy_heading_69e1a7f1b33bf h2 {font-size:44px; }  } @media (min-width: 992px) { .ld_fancy_heading_69e1a7f1b33bf h2 {font-size:52px; }  } .ld_fancy_heading_69e1a7f1b33bf h2 {margin-bottom:0.35em !important;  } .ld_fancy_heading_69e1a7f1b33bf .lqd-highlight-inner{height:0.275em!important;bottom:10px!important;background:#882731!important;}.ld_fancy_heading_69e1a7f1b33bf h2 {font-size:38px; } @media (min-width: 768px) { .ld_fancy_heading_69e1a7f1b33bf h2 {font-size:44px; }  } @media (min-width: 992px) { .ld_fancy_heading_69e1a7f1b33bf h2 {font-size:52px; }  } .ld_fancy_heading_69e1a7f1b33bf h2 {margin-bottom:0.35em !important;  } <\/style><div class=\"ld-fancy-heading ld_fancy_heading_69e1a7f1b33bf\">\n\t<h2 class=\"ld-fh-element lqd-highlight-underline lqd-highlight-grow-left text-decoration-default lqd-split-lines\"   data-split-text=\"true\" data-split-options='{\"type\":\"lines\"}'>  Gloss &amp; Green<\/h2><\/div><style>.lqd-tabs .lqd-tabs-nav > .ld_tab_section-69e1a7f1b368f > a .lqd-tabs-nav-txt {background:rgb(136, 39, 49);}.lqd-tabs .lqd-tabs-nav > .ld_tab_section-69e1a7f1b368f > a .lqd-tabs-nav-txt {background:linear-gradient(to right,rgb(136, 39, 49), rgb(255, 255, 255))}.lqd-tabs .lqd-tabs-nav > .ld_tab_section-69e1a7f1b368f > a .lqd-tabs-nav-txt:before {background:#882731;}.lqd-tabs .lqd-tabs-nav > .ld_tab_section-69e1a7f1b368f > a .lqd-tabs-nav-txt:before {background:linear-gradient(to right,#882731, rgb(255, 255, 255))}<\/style><style>.ld_tabs_69e1a7f1b3c78 .lqd-tabs-nav > li > a, .ld_tabs_69e1a7f1b3c78 .lqd-tabs-nav .h3{font-size:22px;line-height:0.5em;font-weight:400;letter-spacing:0.01em;}.ld_tabs_69e1a7f1b3c78 .lqd-tabs-nav li a .h3{color:inherit;}.ld_tabs_69e1a7f1b3c78 .lqd-tabs-nav li.active a .h3{color:inherit;}.ld_tabs_69e1a7f1b3c78 .lqd-tabs-nav a{color:rgb(132, 141, 156);}.ld_tabs_69e1a7f1b3c78 .lqd-tabs-nav .iconbox-icon-container{color:#882731;}.ld_tabs_69e1a7f1b3c78 .lqd-tabs-nav{border-color:rgba(255, 255, 255, 0);}.ld_tabs_69e1a7f1b3c78 .lqd-tabs-nav li:after{background:#882731;}<\/style><div class=\"lqd-tabs lqd-tabs-style-3 ld_tabs_69e1a7f1b3c78\" data-tabs-options='{\"trigger\":\"hover\"}'>\n\n\t<nav class=\"lqd-tabs-nav-wrap mb-5\">\n\t\t<ul class=\"reset-ul lqd-tabs-nav d-flex align-items-center justify-content-md-between\" role=\"tablist\"><li data-controls=\"lqd-1595933910664-4cabc592-ea1efbc0-2333\" role=\"presentation\" class=\"ld_tab_section-69e1a7f1b368f active text-center\"><a href=\"#lqd-1595933910664-4cabc592-ea1efbc0-2333\" data-bs-target=\"#lqd-1595933910664-4cabc592-ea1efbc0-2333\" aria-expanded=\"false\" aria-controls=\"lqd-1595933910664-4cabc592-ea1efbc0-2333\" role=\"tab\" data-toggle=\"tab\" data-bs-toggle=\"tab\"><span class=\"iconbox\"><span class=\"contents d-flex flex-column\">\n\t\t\t\t\t\t\t\t<span class=\"iconbox-title h3 my-0\">Neden?<\/span><\/span>\n\t\t\t\t\t\t<\/span><span class=\"lqd-tabs-nav-progress\">\n\t\t\t\t\t\t\t<span class=\"lqd-tabs-nav-progress-inner\"><\/span>\n\t\t\t\t\t\t<\/span><\/a><\/li><li data-controls=\"lqd-1573138643738-900ac3c4-91a8fbc0-2333\" role=\"presentation\" class=\"ld_tab_section-69e1a7f1b396a text-center\"><a href=\"#lqd-1573138643738-900ac3c4-91a8fbc0-2333\" data-bs-target=\"#lqd-1573138643738-900ac3c4-91a8fbc0-2333\" aria-expanded=\"false\" aria-controls=\"lqd-1573138643738-900ac3c4-91a8fbc0-2333\" role=\"tab\" data-toggle=\"tab\" data-bs-toggle=\"tab\"><span class=\"iconbox\"><span class=\"contents d-flex flex-column\">\n\t\t\t\t\t\t\t\t<span class=\"iconbox-title h3 my-0\">Nedir?<\/span><\/span>\n\t\t\t\t\t\t<\/span><span class=\"lqd-tabs-nav-progress\">\n\t\t\t\t\t\t\t<span class=\"lqd-tabs-nav-progress-inner\"><\/span>\n\t\t\t\t\t\t<\/span><\/a><\/li><\/ul>\t\t \n\t<\/nav>\n\n\t<div class=\"lqd-tabs-content mb-5\"><div id=\"lqd-1595933910664-4cabc592-ea1efbc0-2333\" role=\"tabpanel\" class=\"lqd-tabs-pane fade active in\">[vc_row_inner enable_content_animation=&#8221;yes&#8221; content_placement=&#8221;middle&#8221; ca_init_scale_x=&#8221;1&#8243; ca_init_scale_y=&#8221;1&#8243; ca_init_scale_z=&#8221;1&#8243; ca_init_opacity=&#8221;0&#8243; ca_an_scale_x=&#8221;1&#8243; ca_an_scale_y=&#8221;1&#8243; ca_an_scale_z=&#8221;1&#8243; ca_an_opacity=&#8221;1&#8243; ca_duration=&#8221;1800&#8243; ca_delay=&#8221;200&#8243; ca_init_translate_y=&#8221;35&#8243;][vc_column_inner]<style>.ld_fancy_heading_69e1a7f1b37c5 p {font-size:19px; } .ld_fancy_heading_69e1a7f1b37c5 p {line-height:27px; } .ld_fancy_heading_69e1a7f1b37c5 p {--element-line-height:27px; } .ld_fancy_heading_69e1a7f1b37c5 p {margin-bottom:1.5em !important;  } .ld_fancy_heading_69e1a7f1b37c5 .lqd-highlight-inner{height:0.275em!important;bottom:0px!important;}.ld_fancy_heading_69e1a7f1b37c5 p {font-size:19px; } .ld_fancy_heading_69e1a7f1b37c5 p {line-height:27px; } .ld_fancy_heading_69e1a7f1b37c5 p {--element-line-height:27px; } .ld_fancy_heading_69e1a7f1b37c5 p {margin-bottom:1.5em !important;  } <\/style><div class=\"ld-fancy-heading ld_fancy_heading_69e1a7f1b37c5\">\n\t<p class=\"ld-fh-element lqd-highlight-underline lqd-highlight-grow-left text-decoration-default\"   >  D\u00fcnyadaki plasti\u011fin %50\u2019si 2000 y\u0131l\u0131ndan sonra \u00fcretilmi\u015ftir ve bu \u00fcretilen plastik \u00fcr\u00fcnlerin %75\u2019i do\u011fada at\u0131k olarak bulunmaktad\u0131r.\u00a0 Bu oran her y\u0131l 100 milyon ton artmakta ancak yaln\u0131zca %20\u2019si geri d\u00f6\u00fc\u015f\u00fcm i\u00e7in toplanmaktad\u0131r.<\/p>\n<p>Duran Do\u011fan Ambalaj S\u00fcrd\u00fcr\u00fclebilirlik alan\u0131nda yat\u0131r\u0131m\u0131n\u0131 yapt\u0131\u011f\u0131 Gloss &amp; Green teknolojisi ile, sekt\u00f6re yeni bir bak\u0131\u015f a\u00e7\u0131s\u0131 kazand\u0131rm\u0131\u015ft\u0131r. G\u00fcn\u00fcm\u00fczde \u00e7o\u011funlukla kullan\u0131lan metalize film laminasyon uygulamas\u0131ndan farkl\u0131 olarak, Gloss &amp; Green teknolojisi ile premium g\u00f6rselli\u011fi \u00fcst d\u00fczeye \u00e7\u0131kar\u0131rken, %100 geri d\u00f6n\u00fc\u015ft\u00fcr\u00fclebilir ambalajlar elde edilmektedir.<\/p><\/div>[\/vc_column_inner][\/vc_row_inner]<\/div><div id=\"lqd-1573138643738-900ac3c4-91a8fbc0-2333\" role=\"tabpanel\" class=\"lqd-tabs-pane fade\">[vc_row_inner enable_content_animation=&#8221;yes&#8221; content_placement=&#8221;middle&#8221; ca_init_scale_x=&#8221;1&#8243; ca_init_scale_y=&#8221;1&#8243; ca_init_scale_z=&#8221;1&#8243; ca_init_opacity=&#8221;0&#8243; ca_an_scale_x=&#8221;1&#8243; ca_an_scale_y=&#8221;1&#8243; ca_an_scale_z=&#8221;1&#8243; ca_an_opacity=&#8221;1&#8243; ca_duration=&#8221;1800&#8243; ca_delay=&#8221;200&#8243; ca_init_translate_y=&#8221;35&#8243; el_id=&#8221;nedir1&#8243;][vc_column_inner]<style>.ld_fancy_heading_69e1a7f1b3a72 p {font-size:19px; } .ld_fancy_heading_69e1a7f1b3a72 p {line-height:27px; } .ld_fancy_heading_69e1a7f1b3a72 p {--element-line-height:27px; } .ld_fancy_heading_69e1a7f1b3a72 p {margin-bottom:1.5em !important;  } #nedir .lqd-highlight-inner{height:0.275em!important;bottom:0px!important;}.ld_fancy_heading_69e1a7f1b3a72 p {font-size:19px; } .ld_fancy_heading_69e1a7f1b3a72 p {line-height:27px; } .ld_fancy_heading_69e1a7f1b3a72 p {--element-line-height:27px; } .ld_fancy_heading_69e1a7f1b3a72 p {margin-bottom:1.5em !important;  } <\/style><div id=\"nedir\" class=\"ld-fancy-heading ld_fancy_heading_69e1a7f1b3a72\">\n\t<p class=\"ld-fh-element lqd-highlight-underline lqd-highlight-grow-left text-decoration-default\"   >  <\/p>\n<div class=\"elementor-element elementor-element-35cf1ed elementor-widget elementor-widget-text-editor animated fadeInRight\" data-id=\"35cf1ed\" data-element_type=\"widget\" data-settings=\"{&quot;_animation&quot;:&quot;fadeInRight&quot;}\" data-widget_type=\"text-editor.default\">\n<div class=\"elementor-widget-container\">\n<p>Bu Teknoloji sayesinde \u00e7ift komponentli ve geri d\u00f6n\u00fc\u015ft\u00fcr\u00fclemeyen at\u0131k yerine tek komponentli ve %100 d\u00f6n\u00fc\u015ft\u00fcr\u00fclebilir karton at\u0131k elde edilir.<\/p>\n<p>Karton y\u00fczeyin \u00fczerinden plastik film ayr\u0131\u015ft\u0131rma prosesi sayesinde filmler ekstr\u00fcderde plastik gran\u00fcl haline d\u00f6n\u00fc\u015ft\u00fcr\u00fcl\u00fcr, elde edilen plastik gran\u00fcl film tedarik\u00e7ileri taraf\u0131ndan hammadde olarak kullan\u0131l\u0131r. Bu da Duran Do\u011fan\u2019\u0131n \u201cD\u00f6ng\u00fcsel Ekonomiye\u201d sa\u011flad\u0131\u011f\u0131 katk\u0131lardan biridir.<\/p>\n<\/div>\n<\/div>\n<div class=\"elementor-element elementor-element-38435bb elementor-widget elementor-widget-text-editor animated fadeInRight\" data-id=\"38435bb\" data-element_type=\"widget\" data-settings=\"{&quot;_animation&quot;:&quot;fadeInRight&quot;}\" data-widget_type=\"text-editor.default\">\n<div class=\"elementor-widget-container\">\n<p>Gloss &amp; Green uygulamas\u0131nda plastik film kartonun y\u00fczeyinden ayr\u0131\u015ft\u0131r\u0131l\u0131r. Bu i\u015flem sonras\u0131nda metalik y\u00fczeyli karton geri d\u00f6n\u00fc\u015ft\u00fcr\u00fclebilir hale gelir.<\/p>\n<\/div>\n<\/div>\n<p><\/p><\/div>[\/vc_column_inner][\/vc_row_inner]<\/div><\/div>\n<\/div>\n[\/vc_column][vc_column column_top_ontablet=&#8221;yes&#8221; column_top_onmobile=&#8221;yes&#8221; align=&#8221;text-center&#8221; offset=&#8221;vc_col-lg-offset-1 vc_col-lg-5 vc_col-md-5&#8243; responsive_align=&#8221;text-center&#8221; responsive_css=&#8221;margin_bottom_medium:0px&#8221; css=&#8221;.vc_custom_1610356568359{margin-bottom: 35px !important;}&#8221;]<div id=\"ld_images_group_container_69e1a7f1b3e3d\" class=\"lqd-imggrp-container ld_images_group_container_69e1a7f1b3e3d\" data-custom-animations=\"true\" data-ca-options='{\"triggerHandler\":\"inview\",\"animationTarget\":\".lqd-imggrp-single\",\"duration\":\"1800\",\"delay\":\"180\",\"ease\":\"power4.out\",\"direction\":\"forward\",\"initValues\":{\"scaleX\":0.75,\"scaleY\":0.75,\"opacity\":0},\"animations\":{\"scaleX\":1,\"scaleY\":1,\"opacity\":1}}'  >\n\t<div class=\"lqd-imggrp-inner\">\n\t\t<p><style>.ld_images_group_element_69e1a7f1b405e {top:35px !important; left:35px !important;  } .ld_images_group_element_69e1a7f1b405e {margin-top:19% !important;  } .ld_images_group_element_69e1a7f1b405e {top:35px !important; left:35px !important;  } .ld_images_group_element_69e1a7f1b405e {margin-top:19% !important;  } <\/style><div id=\"ld_images_group_element_69e1a7f1b405e\" class=\"lqd-imggrp-single ld_images_group_element_69e1a7f1b405e\" data-shadow-style=\"3\" data-roundness=\"8\"  >\n\t\n\t<div class=\"lqd-imggrp-img-container\"    data-parallax=\"true\" data-parallax-from='{\"y\":58}' data-parallax-to='{\"y\":-60}' data-parallax-options='{\"overflowHidden\":false,\"ease\":\"linear\",\"start\":\"top bottom\"}'>\n\t\t\n\t\t\t\t\n\t\t\t\t<figure ><img loading=\"lazy\" decoding=\"async\" width=\"445\" height=\"267\" src=\"https:\/\/www.durandogan.com\/wp-content\/uploads\/2021\/06\/3898.jpg\" srcset=\"https:\/\/www.durandogan.com\/wp-content\/uploads\/2021\/06\/3898-300x180.jpg 300w, https:\/\/www.durandogan.com\/wp-content\/uploads\/2021\/06\/3898.jpg 890w\" class=\"\" alt=\"\" \/><\/figure>\t\t\t\t\t\t\t\t\n\t<\/div><!-- \/.lqd-imggrp-content -->\n<\/div><!-- \/.lqd-imggrp-single --><style>.ld_images_group_element_69e1a7f1b4c1b{position:absolute;}.ld_images_group_element_69e1a7f1b4c1b {top:-10% !important; left:-18% !important;  } .ld_images_group_element_69e1a7f1b4c1b {top:-10% !important; left:-18% !important;  } <\/style><div id=\"ld_images_group_element_69e1a7f1b4c1b\" class=\"lqd-imggrp-single ld_images_group_element_69e1a7f1b4c1b\" data-shadow-style=\"3\" data-roundness=\"8\"  >\n\t\n\t<div class=\"lqd-imggrp-img-container\"    data-parallax=\"true\" data-parallax-from='{\"y\":135}' data-parallax-to='{\"y\":-125}' data-parallax-options='{\"overflowHidden\":false,\"ease\":\"linear\",\"start\":\"top bottom\"}'>\n\t\t\n\t\t\t\t\n\t\t\t\t<figure ><img loading=\"lazy\" decoding=\"async\" width=\"336\" height=\"255\" src=\"https:\/\/www.durandogan.com\/wp-content\/uploads\/2021\/07\/qualitypolicy.jpg\" srcset=\"https:\/\/www.durandogan.com\/wp-content\/uploads\/2021\/07\/qualitypolicy-300x228.jpg 300w, https:\/\/www.durandogan.com\/wp-content\/uploads\/2021\/07\/qualitypolicy-1024x778.jpg 1024w, https:\/\/www.durandogan.com\/wp-content\/uploads\/2021\/07\/qualitypolicy.jpg 1123w\" class=\"\" alt=\"\" \/><\/figure>\t\t\t\t\t\t\t\t\n\t<\/div><!-- \/.lqd-imggrp-content -->\n<\/div><!-- \/.lqd-imggrp-single --><\/p>\n\t\n\t<\/div><!-- \/.lqd-imggrp-inner -->\n<\/div><!-- \/.lqd-imggrp-container -->[\/vc_column][\/vc_row][vc_row gap=&#8221;25&#8243; enable_row_dividers=&#8221;yes&#8221; responsive_css=&#8221;padding_top_medium:120px|padding_bottom_medium:70px|padding_top_small:80px|padding_bottom_small:30px&#8221; css=&#8221;.vc_custom_1625048683342{padding-top: 60px !important;padding-bottom: 20px !important;}&#8221; el_id=&#8221;digital-solutions&#8221; row_svg_divider=&#8221;bottom_shape_type:1|bottom_shape_color:%238d3f3f|bottom_shape_height:210&#8243;][vc_column responsive_css=&#8221;margin_bottom_medium:20px&#8221;]<div id=\"lqd-gdpr\" class=\"lqd-gdpr ld_gdpr_box_69e1a7f1b57ad\">\n\t<div class=\"lqd-gdpr-inner\">\n\t\t<div class=\"lqd-gdpr-left\">\n\t\t\t? This website uses cookies to improve your web experience.\t\t<\/div><!-- \/.lqd-gdpr-left -->\n\t\t<div class=\"lqd-gdpr-right\">\n\t\t\t<button class=\"lqd-gdpr-accept\">Accept<\/button>\n\t\t<\/div><!-- \/.lqd-gdpr-right -->\n\t<\/div><!-- \/.lqd-gdpr-inner -->\n<\/div><!-- \/.lqd-gdpr -->[\/vc_column][\/vc_row]<\/p>\n","protected":false},"excerpt":{"rendered":"<p>[vc_row content_placement=&#8221;middle&#8221; parallax=&#8221;enable_parallax&#8221; bg_position=&#8221;center top&#8221; bg_attachment=&#8221;fixed&#8221; enable_overlay=&#8221;yes&#8221; css=&#8221;.vc_custom_1625611551131{padding-top: 140px !important;padding-bottom: 80px !important;background: #202045 url(https:\/\/www.durandogan.com\/wp-content\/uploads\/2021\/07\/lamination.jpg?id=14760);background-position:center;background-repeat: no-repeat !important;background-size: cover !important;}&#8221; responsive_css=&#8221;padding_top_medium:170px&#8221; overlay_bg=&#8221;rgba(0, 0, 0, 0.39)&#8221;][vc_column width=&#8221;1\/6&#8243;][\/vc_column][vc_column width=&#8221;2\/3&#8243;][\/vc_column][vc_column width=&#8221;1\/6&#8243;][\/vc_column][\/vc_row][vc_row equal_height=&#8221;yes&#8221; content_placement=&#8221;middle&#8221; css=&#8221;.vc_custom_1605846833928{padding-top: 60px !important;padding-bottom: 40px !important;background-color: #ffffff !important;}&#8221; el_id=&#8221;lqd-features&#8221; responsive_css=&#8221;padding_top_medium:120px|padding_bottom_medium:60px&#8221;][vc_column parallax=&#8221;yes&#8221; scale_from_x=&#8221;1&#8243; scale_from_y=&#8221;1&#8243; scale_from_z=&#8221;1&#8243; from_opacity=&#8221;1&#8243; scale_to_x=&#8221;1&#8243; scale_to_y=&#8221;1&#8243; scale_to_z=&#8221;1&#8243; to_opacity=&#8221;1&#8243; offset=&#8221;vc_col-lg-6 vc_col-md-7&#8243; translate_from_y=&#8221;30&#8243; translate_to_y=&#8221;-103&#8243;][\/vc_column][vc_column column_top_ontablet=&#8221;yes&#8221; column_top_onmobile=&#8221;yes&#8221; align=&#8221;text-center&#8221; offset=&#8221;vc_col-lg-offset-1 vc_col-lg-5 [&hellip;]<\/p>\n","protected":false},"author":2,"featured_media":0,"parent":0,"menu_order":0,"comment_status":"closed","ping_status":"closed","template":"","meta":{"footnotes":""},"class_list":["post-13610","page","type-page","status-publish","hentry"],"lang":"tr","translations":{"en":14010,"tr":13610},"pll_sync_post":[],"_links":{"self":[{"href":"https:\/\/www.durandogan.com\/index.php?rest_route=\/wp\/v2\/pages\/13610","targetHints":{"allow":["GET"]}}],"collection":[{"href":"https:\/\/www.durandogan.com\/index.php?rest_route=\/wp\/v2\/pages"}],"about":[{"href":"https:\/\/www.durandogan.com\/index.php?rest_route=\/wp\/v2\/types\/page"}],"author":[{"embeddable":true,"href":"https:\/\/www.durandogan.com\/index.php?rest_route=\/wp\/v2\/users\/2"}],"replies":[{"embeddable":true,"href":"https:\/\/www.durandogan.com\/index.php?rest_route=%2Fwp%2Fv2%2Fcomments&post=13610"}],"version-history":[{"count":4,"href":"https:\/\/www.durandogan.com\/index.php?rest_route=\/wp\/v2\/pages\/13610\/revisions"}],"predecessor-version":[{"id":16479,"href":"https:\/\/www.durandogan.com\/index.php?rest_route=\/wp\/v2\/pages\/13610\/revisions\/16479"}],"wp:attachment":[{"href":"https:\/\/www.durandogan.com\/index.php?rest_route=%2Fwp%2Fv2%2Fmedia&parent=13610"}],"curies":[{"name":"wp","href":"https:\/\/api.w.org\/{rel}","templated":true}]}}