{"id":13809,"date":"2021-07-03T01:29:59","date_gmt":"2021-07-03T01:29:59","guid":{"rendered":"https:\/\/ddpack.online\/surdurulebilirlik-copy\/"},"modified":"2026-02-18T16:23:15","modified_gmt":"2026-02-18T13:23:15","slug":"cevre-yonetimi","status":"publish","type":"page","link":"https:\/\/www.durandogan.com\/?page_id=13809","title":{"rendered":"\u00c7evre Y\u00f6netimi"},"content":{"rendered":"<p>[vc_row content_placement=&#8221;middle&#8221; parallax=&#8221;enable_parallax&#8221; bg_position=&#8221;center center&#8221; bg_attachment=&#8221;fixed&#8221; enable_overlay=&#8221;yes&#8221; css=&#8221;.vc_custom_1626037000147{padding-top: 140px !important;padding-bottom: 80px !important;background: #202045 url(https:\/\/www.durandogan.com\/wp-content\/uploads\/2021\/06\/daria-nepriakhina-49Q0vhYLMD0-unsplash.jpg?id=13590);background-position:center;background-repeat:-repeat;background-size:cover;}&#8221; responsive_css=&#8221;padding_top_medium:170px&#8221; overlay_bg=&#8221;rgba(0, 0, 0, 0.39)&#8221;][vc_column width=&#8221;1\/6&#8243;][\/vc_column][vc_column width=&#8221;2\/3&#8243;]<style>.ld_spacer_69f1decbe3a2a{height:60px;}<\/style>\n<div class=\"ld-empty-space ld_spacer_69f1decbe3a2a\"><\/div><style>.ld_fancy_heading_69f1decbe3c8b h4{color:rgb(255, 255, 255);background:rgba(115, 0, 20, 0.91);}.ld_fancy_heading_69f1decbe3c8b h4 {font-size:19px; } .ld_fancy_heading_69f1decbe3c8b h4 {font-weight:700; } .ld_fancy_heading_69f1decbe3c8b h4 {letter-spacing:0.08em; } .ld_fancy_heading_69f1decbe3c8b h4 {margin-bottom:0px !important;  } .ld_fancy_heading_69f1decbe3c8b .lqd-highlight-inner{height:0.275em!important;bottom:0px!important;}.ld_fancy_heading_69f1decbe3c8b h4 {font-size:19px; } .ld_fancy_heading_69f1decbe3c8b h4 {font-weight:700; } .ld_fancy_heading_69f1decbe3c8b h4 {letter-spacing:0.08em; } .ld_fancy_heading_69f1decbe3c8b h4 {margin-bottom:0px !important;  } <\/style><div class=\"ld-fancy-heading ld-fh-has-fill text-center text-uppercase ld_fancy_heading_69f1decbe3c8b\">\n\t<h4 class=\"ld-fh-element semi-round lqd-highlight-underline lqd-highlight-grow-left text-decoration-default\"   >  Kalite &amp; G\u00fcvence<\/h4><\/div><style>.ld_spacer_69f1decbe3f62{height:32px;}<\/style>\n<div class=\"ld-empty-space ld_spacer_69f1decbe3f62\"><\/div><style>.ld_fancy_heading_69f1decbe4110 h1{color:rgb(255, 255, 255);}@media (min-width: 992px) { .ld_fancy_heading_69f1decbe4110 h1 {font-size:74px; }  } .ld_fancy_heading_69f1decbe4110 h1 {line-height:0.9em; } .ld_fancy_heading_69f1decbe4110 h1 {--element-line-height:0.9em; } .ld_fancy_heading_69f1decbe4110 .lqd-highlight-inner{height:0.275em!important;bottom:0px!important;}@media (min-width: 992px) { .ld_fancy_heading_69f1decbe4110 h1 {font-size:74px; }  } .ld_fancy_heading_69f1decbe4110 h1 {line-height:0.9em; } .ld_fancy_heading_69f1decbe4110 h1 {--element-line-height:0.9em; } <\/style><div class=\"ld-fancy-heading text-center ld_fancy_heading_69f1decbe4110\">\n\t<h1 class=\"ld-fh-element lqd-highlight-underline lqd-highlight-grow-left text-decoration-default\"   >  \u00c7evre ve S\u00fcrd\u00fcr\u00fclebilirlik<\/h1><\/div><style>.ld_spacer_69f1decbe42b7{height:32px;}<\/style>\n<div class=\"ld-empty-space ld_spacer_69f1decbe42b7\"><\/div><style>.ld_fancy_heading_69f1decbe4452 p{color:rgba(255, 255, 255, 0.7);}.ld_fancy_heading_69f1decbe4452 p {font-size:17px; } .ld_fancy_heading_69f1decbe4452 p {line-height:1.3em; } .ld_fancy_heading_69f1decbe4452 p {--element-line-height:1.3em; } .ld_fancy_heading_69f1decbe4452 .lqd-highlight-inner{height:0.275em!important;bottom:0px!important;}.ld_fancy_heading_69f1decbe4452 p {font-size:17px; } .ld_fancy_heading_69f1decbe4452 p {line-height:1.3em; } .ld_fancy_heading_69f1decbe4452 p {--element-line-height:1.3em; } <\/style><div class=\"ld-fancy-heading text-center ld_fancy_heading_69f1decbe4452\">\n\t<p class=\"ld-fh-element lqd-highlight-underline lqd-highlight-grow-left text-decoration-default\"   >  Sosyal, \u00e7evresel ve ekonomik konular\u0131 bir b\u00fct\u00fcn olarak g\u00f6r\u00fcyor, mevcut sistemimizde ve her yeni projemizde S\u00fcrd\u00fcr\u00fclebilirlik ilkesi ile d\u00fc\u015f\u00fcnmeye ba\u015fl\u0131yoruz.<\/p><\/div>[\/vc_column][vc_column width=&#8221;1\/6&#8243;][\/vc_column][\/vc_row][vc_row full_width=&#8221;stretch_row&#8221; gap=&#8221;0&#8243; equal_height=&#8221;yes&#8221; enable_content_animation=&#8221;yes&#8221; enable_cc_circle=&#8221;yes&#8221; ca_init_scale_x=&#8221;1&#8243; ca_init_scale_y=&#8221;1&#8243; ca_init_opacity=&#8221;0&#8243; ca_an_scale_x=&#8221;1&#8243; ca_an_scale_y=&#8221;1&#8243; ca_an_opacity=&#8221;1&#8243; ca_init_scale_z=&#8221;1&#8243; ca_an_scale_z=&#8221;1&#8243; cc_circle_color=&#8221;rgba(255, 157, 202, 0.44)&#8221; ca_duration=&#8221;1800&#8243; ca_delay=&#8221;180&#8243; responsive_css=&#8221;padding_top_small:0px&#8221; css=&#8221;.vc_custom_1695032543978{padding-top: 20px !important;}&#8221;][vc_column column_content_align=&#8221;justify-content-center&#8221; enable_content_animation=&#8221;yes&#8221; ca_init_scale_x=&#8221;1&#8243; ca_init_scale_y=&#8221;1&#8243; ca_init_origin_x=&#8221;0%&#8221; ca_init_opacity=&#8221;0&#8243; ca_an_scale_x=&#8221;1&#8243; ca_an_scale_y=&#8221;1&#8243; ca_an_opacity=&#8221;1&#8243; ca_init_scale_z=&#8221;1&#8243; ca_an_scale_z=&#8221;1&#8243; offset=&#8221;vc_col-md-12&#8243; css=&#8221;.vc_custom_1695044136095{border-right-width: 0px !important;border-bottom-width: 1px !important;padding-top: 9vh !important;padding-right: 15px !important;padding-bottom: 10vh !important;padding-left: 15px !important;border-right-color: #dddddd !important;border-right-style: solid !important;border-bottom-color: #dddddd !important;border-bottom-style: solid !important;}&#8221; responsive_css=&#8221;padding_right_large:7vw|padding_left_large:7vw|padding_right_medium:5vw|padding_left_medium:5vw|border_right_small:1px|padding_top_small:10vh&#8221; ca_duration=&#8221;1600&#8243; ca_delay=&#8221;160&#8243; ca_init_translate_y=&#8221;30&#8243; ca_init_rotate_z=&#8221;5&#8243;]<style>.ld_particles_69f1decbe4631{height:100%!important;position:absolute;}.ld_particles_69f1decbe4631 {top:0px !important; right:0px !important; bottom:0px !important; left:0px !important;  } <\/style><div class=\"ld-particles-container visible-on-column-hover ld_particles_69f1decbe4631\">\n\n\t<div class=\"ld-particles-inner\" id=\"lqd-1608034385137-bf3434ef-384f\" data-particles=\"true\" data-particles-options='{\"particles\":{\"number\":{\"value\":20},\"color\":{\"value\":\"#875758\"},\"shape\":{\"type\":[\"polygon\"]},\"size\":{\"value\":4,\"random\":true},\"move\":{\"out_mode\":\"out\"}},\"interactivity\":[],\"retina_detect\":true}'><\/div>\t\n\n<\/div><!-- \/.particles --><style>.ld_fancy_heading_69f1decbe527b h2{color:rgb(136, 39, 49);}.ld_fancy_heading_69f1decbe527b h2 {font-size:40px; } .ld_fancy_heading_69f1decbe527b .lqd-highlight-inner{height:0.275em!important;bottom:0px!important;}.ld_fancy_heading_69f1decbe527b h2 {font-size:40px; } <\/style><div class=\"ld-fancy-heading mask-text text-center ld_fancy_heading_69f1decbe527b\">\n\t<h2 class=\"ld-fh-element lqd-highlight-underline lqd-highlight-grow-left text-decoration-default lqd-split-words\"   data-split-text=\"true\" data-split-options='{\"type\":\"words\"}' data-custom-animations=\"true\" data-ca-options='{\"triggerHandler\":\"inview\",\"animationTarget\":\".lqd-words > .split-inner\",\"duration\":\"1000\",\"delay\":\"120\",\"ease\":\"power4.out\",\"direction\":\"forward\",\"initValues\":{\"y\":70},\"animations\":{\"y\":0}}'>  \u00c7evre Y\u00f6netimi<\/h2><\/div><style>.ld_fancy_heading_69f1decbe5ff3 p{color:rgb(81, 81, 81);}.ld_fancy_heading_69f1decbe5ff3 p {margin-right:200px !important; margin-bottom:1.5em !important; margin-left:200px !important;  } .ld_fancy_heading_69f1decbe5ff3 .lqd-highlight-inner{height:0.275em!important;bottom:0px!important;}.ld_fancy_heading_69f1decbe5ff3 p {margin-right:200px !important; margin-bottom:1.5em !important; margin-left:200px !important;  } <\/style><div class=\"ld-fancy-heading mask-text text-left ld_fancy_heading_69f1decbe5ff3\">\n\t<p class=\"ld-fh-element lqd-highlight-underline lqd-highlight-grow-left text-decoration-default lqd-split-lines\"   data-split-text=\"true\" data-split-options='{\"type\":\"lines\"}'>  Duran Do\u011fan Bas\u0131m ve Ambalaj San. A.\u015e\u00a0operasyonlar\u0131n\u0131 \u00fczerine d\u00fc\u015fen sorumluluklar\u0131n bilinciyle ger\u00e7ekle\u015ftirmektedir. S\u00fcre\u00e7lerimiz operasyonlar\u0131m\u0131z\u0131n s\u00fcreklili\u011finin ve verimlili\u011finin, bu operasyonlar\u0131n \u00e7evre ile uyumlu \u015fekilde s\u00fcrd\u00fcr\u00fclmesiyle m\u00fcmk\u00fcn olabilece\u011finin fark\u0131ndad\u0131r.<\/p>\n<p>\u0130\u015f stratejilerinin merkezine s\u00fcrd\u00fcr\u00fclebilir \u00fcretim yakla\u015f\u0131m\u0131n\u0131 alan firmam\u0131z, \u00fcretim faaliyetlerini uluslararas\u0131 s\u00fcrd\u00fcr\u00fclebilirlik standartlar\u0131nda ger\u00e7ekle\u015ftirmeyi hedefleyerek t\u00fcm payda\u015flar\u0131na, topluma ve \u00e7evreye katt\u0131\u011f\u0131 de\u011ferleri kal\u0131c\u0131 bir \u015fekilde art\u0131rmay\u0131, s\u00fcrd\u00fcr\u00fclebilir k\u00e2rl\u0131l\u0131k ve geli\u015fim prensipleri ile rekabet g\u00fcc\u00fcne sahip bir ambalaj firmas\u0131 olmay\u0131 ama\u00e7lar.<\/p>\n<p>Duran Do\u011fan Bas\u0131m ve Ambalaj San. A.\u015e\u2019 nin \u00e7evre politikas\u0131n\u0131 olu\u015fturan temel ilkeler a\u015fa\u011f\u0131daki gibidir:<\/p>\n<p>\u2022 Hava, su ve toprak kirlenmesini \u00f6nlemek i\u00e7in t\u00fcm faaliyetlerde proaktif \u00f6nlemler almak<\/p>\n<p>\u2022 \u00c7evre faaliyetlerinde s\u00fcrekli iyile\u015ftirme ve geli\u015fmeyi sa\u011flayacak \u00e7al\u0131\u015fmalar yapmak<\/p>\n<p>\u2022 Y\u00fcr\u00fcrl\u00fckteki ulusal ve uluslararas\u0131 yasal ve di\u011fer \u015fartlar\u0131n \u00e7evre boyutlar\u0131yla ilgili y\u00fck\u00fcml\u00fcl\u00fcklerine uymak<\/p>\n<p>\u2022 Sivil toplum \u00f6rg\u00fctlerinin \u00e7evreyle ilgili \u00e7al\u0131\u015fmalar\u0131na &#8220;s\u00fcrd\u00fcr\u00fclebilir \u00e7evre i\u00e7in\u2019\u2019 katk\u0131da bulunmak<\/p>\n<p>\u2022 Tedarik\u00e7ilerle; kalite, \u00e7evre, i\u015f eti\u011fi ve i\u015f sa\u011fl\u0131\u011f\u0131 ve g\u00fcvenli\u011fini sa\u011flayacak i\u015f birli\u011fi ve g\u00fcven temelinde \u00e7al\u0131\u015farak maliyetleri d\u00fc\u015f\u00fcrmek, verimlili\u011fi ve uzun vadeli k\u00e2rl\u0131l\u0131\u011f\u0131 art\u0131rmak<\/p>\n<p>\u2022 Ambalaj sekt\u00f6r\u00fcndeki faaliyetleri sistematik ve d\u00fczenli bir bi\u00e7imde de\u011ferlendirerek s\u00fcrekli daha iyiye ve do\u011fruya y\u00f6nelmek<\/p>\n<p>\u2022 \u00c7evre bilinci ve sorumlulu\u011funu art\u0131rmak amac\u0131yla, \u00e7al\u0131\u015fanlar\u0131m\u0131za \u00e7evre dostu uygulamalar\u0131 benimsemeleri ve \u015firketimizin s\u00fcrd\u00fcr\u00fclebilirlik hedeflerine aktif katk\u0131 sa\u011flamalar\u0131 konusunda e\u011fitim programlar\u0131 sunmak<\/p>\n<p>Ger\u00e7ekle\u015ftirilen t\u00fcm projelerde tasar\u0131m a\u015famas\u0131ndan teslim a\u015famas\u0131na kadar \u00e7evre dostu bir anlay\u0131\u015fla do\u011fal kaynak ve enerji t\u00fcketimini en aza indirmek, toprak, hava ve su kirlenmesini \u00f6nlemek ve ortaya \u00e7\u0131kan at\u0131klar\u0131 maksimum oranda geri kazanmak i\u00e7in \u00e7al\u0131\u015fmalar ger\u00e7ekle\u015ftirilmektedir.<\/p>\n<p>ISO 14001 Sertifika kapsam\u0131nda; \u201cKa\u011f\u0131t Karton Ve\/Veya Plastikten Yap\u0131lm\u0131\u015f Ambalaj Malzemelerinin \u00dcretimi.\u201d<\/p><\/div>[\/vc_column][\/vc_row][vc_row gap=&#8221;25&#8243; enable_row_dividers=&#8221;yes&#8221; responsive_css=&#8221;padding_top_medium:120px|padding_bottom_medium:70px|padding_top_small:80px|padding_bottom_small:30px&#8221; css=&#8221;.vc_custom_1625433406589{padding-top: 60px !important;padding-bottom: 20px !important;background-color: #f7f7f7 !important;}&#8221; el_id=&#8221;rapor&#8221; row_svg_divider=&#8221;bottom_shape_color:%23874758|bottom_shape_height:210&#8243;][vc_column responsive_css=&#8221;margin_bottom_medium:20px&#8221;]<style>.ld_fancy_heading_69f1decbe6c55 h2 {font-size:22px; } @media (min-width: 992px) { .ld_fancy_heading_69f1decbe6c55 h2 {font-size:20px; }  } .ld_fancy_heading_69f1decbe6c55 .lqd-highlight-inner{height:0.275em!important;bottom:0px!important;}.ld_fancy_heading_69f1decbe6c55 h2 {font-size:22px; } @media (min-width: 992px) { .ld_fancy_heading_69f1decbe6c55 h2 {font-size:20px; }  } <\/style><div class=\"ld-fancy-heading mask-text ld_fancy_heading_69f1decbe6c55\">\n\t<h2 class=\"ld-fh-element lqd-highlight-underline lqd-highlight-grow-left text-decoration-default lqd-split-words\"   data-split-text=\"true\" data-split-options='{\"type\":\"words\"}' data-custom-animations=\"true\" data-ca-options='{\"triggerHandler\":\"inview\",\"animationTarget\":\".lqd-words > .split-inner\",\"duration\":\"1000\",\"delay\":\"120\",\"ease\":\"power4.out\",\"direction\":\"forward\",\"initValues\":{\"y\":70},\"animations\":{\"y\":0}}'>  <strong>Y\u00d6NET\u0130M S\u0130STEMLER\u0130 VE BELGELER<\/strong><\/h2><\/div><style>.vc_accordion_69f1decbe71e6 .accordion-title{font-size:19px;}.vc_accordion_69f1decbe71e6 .accordion-item.active .accordion-title a{color:rgba(98, 0, 18, 0.89);background:rgb(247, 247, 247);}.vc_accordion_69f1decbe71e6 .accordion-title a{background:rgb(227, 227, 227);}.vc_accordion_69f1decbe71e6 .accordion-title a, .vc_accordion_69f1decbe71e6 .accordion-item{border-color:rgb(144, 144, 144);}.vc_accordion_69f1decbe71e6 .accordion-item.active .accordion-title a, .vc_accordion_69f1decbe71e6 .accordion-item.active{border-color:rgb(101, 101, 101);}<\/style><div class=\"accordion accordion-lg accordion-heading-has-shadow accordion-active-has-fill accordion-title-bordered accordion-title-round accordion-expander-left vc_accordion_69f1decbe71e6\" id=\"vc_accordion_69f1decbe71e6\"\n     role=\"tablist\" aria-multiselectable=\"true\">\n\n\t            <div class=\"accordion-item panel  \">\n\n                <div class=\"accordion-heading\" role=\"tab\" id=\"heading_lqd-1625241033623-9cdc59bf-f777\" data-id=\"lqd-1625241033623-9cdc59bf-f777\">\n                    <h4 class=\"accordion-title\" data-controls=\"lqd-1625241033623-9cdc59bf-f777\" tabindex=\"-1\">\n                        <a tabindex=\"0\" class=\"collapsed\" data-toggle=\"collapse\"  data-bs-toggle=\"collapse\"\n                           data-parent=\"#vc_accordion_69f1decbe71e6\" data-bs-parent=\"#vc_accordion_69f1decbe71e6\" href=\"#lqd-1625241033623-9cdc59bf-f777\" data-bs-target=\"#lqd-1625241033623-9cdc59bf-f777\"\n                           aria-expanded=\"false\" aria-controls=\"lqd-1625241033623-9cdc59bf-f777\">\n\n\t\t\t\t\t\t\t\n\t\t\t\t\t\t\tISO 14001 - 2015\n\t\t\t\t\t\t\t                                <span class=\"accordion-expander\">\n\t\t\t\t\t\t\t\t\t\t\t\t\t\t\t\t\t\t\t<i class=\"fas fa-copy\"><\/i>\n\t\t\t\t\t\t\t\t\t\n\t\t\t\t\t\t\t\t\t\t\t\t\t\t\t\t\t\t\t<i class=\"far fa-copy\"><\/i>\n\t\t\t\t\t\t\t\t\t\t\t\t\t\t\t\t\t<\/span>\n\t\t\t\t\t\t\t\n                        <\/a>\n\n                    <\/h4>\n                <\/div>\n\n                <div id=\"lqd-1625241033623-9cdc59bf-f777\" class=\"accordion-collapse collapse\"\n                    data-bs-parent=\"#vc_accordion_69f1decbe71e6\" role=\"tabpanel\" aria-labelledby=\"heading_lqd-1625241033623-9cdc59bf-f777\">\n                    <div class=\"accordion-content\">\n\t\t\t\t\t\t[vc_raw_html]JTNDaWZyYW1lJTIwaWQlM0QlMjJmcmVkJTIyJTIwc3R5bGUlM0QlMjJib3JkZXIlM0ExcHglMjBzb2xpZCUyMCUyMzY2NkNDQyUyMiUyMHRpdGxlJTNEJTIyUERGJTIwaW4lMjBhbiUyMGktRnJhbWUlMjIlMjBzcmMlM0QlMjJodHRwcyUzQSUyRiUyRnd3dy5kdXJhbmRvZ2FuLmNvbSUyRndwLWNvbnRlbnQlMkZ1cGxvYWRzJTJGMjAyNSUyRjA2JTJGSVNPJTIwMTQwMDFfVFJfMDAzMDg1Ny0yMi4wNS4yMDI1X0VNUy1VS0FTLlBERiUyMiUyMGZyYW1lYm9yZGVyJTNEJTIyMSUyMiUyMHNjcm9sbGluZyUzRCUyMmF1dG8lMjIlMjBoZWlnaHQlM0QlMjIxMTAwJTIyJTIwd2lkdGglM0QlMjI4NTAlMjIlMjAlM0UlM0MlMkZpZnJhbWUlM0U=[\/vc_raw_html]                    <\/div>\n                <\/div>\n            <\/div>\n\t\t\t            <div class=\"accordion-item panel  \">\n\n                <div class=\"accordion-heading\" role=\"tab\" id=\"heading_lqd-1701264483795-5eeada08-a715\" data-id=\"lqd-1701264483795-5eeada08-a715\">\n                    <h4 class=\"accordion-title\" data-controls=\"lqd-1701264483795-5eeada08-a715\" tabindex=\"-1\">\n                        <a tabindex=\"0\" class=\"collapsed\" data-toggle=\"collapse\"  data-bs-toggle=\"collapse\"\n                           data-parent=\"#vc_accordion_69f1decbe71e6\" data-bs-parent=\"#vc_accordion_69f1decbe71e6\" href=\"#lqd-1701264483795-5eeada08-a715\" data-bs-target=\"#lqd-1701264483795-5eeada08-a715\"\n                           aria-expanded=\"false\" aria-controls=\"lqd-1701264483795-5eeada08-a715\">\n\n\t\t\t\t\t\t\t\n\t\t\t\t\t\t\tSIFIR ATIK BELGES\u0130\n\t\t\t\t\t\t\t                                <span class=\"accordion-expander\">\n\t\t\t\t\t\t\t\t\t\t\t\t\t\t\t\t\t\t\t<i class=\"fas fa-copy\"><\/i>\n\t\t\t\t\t\t\t\t\t\n\t\t\t\t\t\t\t\t\t\t\t\t\t\t\t\t\t\t\t<i class=\"far fa-copy\"><\/i>\n\t\t\t\t\t\t\t\t\t\t\t\t\t\t\t\t\t<\/span>\n\t\t\t\t\t\t\t\n                        <\/a>\n\n                    <\/h4>\n                <\/div>\n\n                <div id=\"lqd-1701264483795-5eeada08-a715\" class=\"accordion-collapse collapse\"\n                    data-bs-parent=\"#vc_accordion_69f1decbe71e6\" role=\"tabpanel\" aria-labelledby=\"heading_lqd-1701264483795-5eeada08-a715\">\n                    <div class=\"accordion-content\">\n\t\t\t\t\t\t[vc_raw_html]JTNDaWZyYW1lJTIwaWQlM0QlMjJmcmVkJTIyJTIwc3R5bGUlM0QlMjJib3JkZXIlM0ExcHglMjBzb2xpZCUyMCUyMzY2NkNDQyUyMiUyMHRpdGxlJTNEJTIyUERGJTIwaW4lMjBhbiUyMGktRnJhbWUlMjIlMjBzcmMlM0QlMjJodHRwcyUzQSUyRiUyRnd3dy5kdXJhbmRvZ2FuLmNvbSUyRndwLWNvbnRlbnQlMkZ1cGxvYWRzJTJGMjAyMyUyRjExJTJGc2lmaXItYXRpay1iZWxnZXNpLWR1cmFuLWRvZ2FuLWhhZGlta295LnBkZiUyMiUyMGZyYW1lYm9yZGVyJTNEJTIyMSUyMiUyMHNjcm9sbGluZyUzRCUyMmF1dG8lMjIlMjBoZWlnaHQlM0QlMjI2MDAlMjIlMjB3aWR0aCUzRCUyMjg1MCUyMiUyMCUzRSUzQyUyRmlmcmFtZSUzRQ==[\/vc_raw_html]                    <\/div>\n                <\/div>\n            <\/div>\n\t\t\t<\/div>[\/vc_column][\/vc_row][vc_row][vc_column]<div id=\"lqd-gdpr\" class=\"lqd-gdpr ld_gdpr_box_69f1decbe73fc\">\n\t<div class=\"lqd-gdpr-inner\">\n\t\t<div class=\"lqd-gdpr-left\">\n\t\t\t<span class=\"d-flex\" style=\"font-size: 11px; line-height: 16px;\">This website uses cookies to improve your web experience.<br \/>See our Privacy Policy to learn more.<\/span>\t\t<\/div><!-- \/.lqd-gdpr-left -->\n\t\t<div class=\"lqd-gdpr-right\">\n\t\t\t<button class=\"lqd-gdpr-accept\"><\/button>\n\t\t<\/div><!-- \/.lqd-gdpr-right -->\n\t<\/div><!-- \/.lqd-gdpr-inner -->\n<\/div><!-- \/.lqd-gdpr -->[\/vc_column][\/vc_row]<\/p>\n","protected":false},"excerpt":{"rendered":"<p>[vc_row content_placement=&#8221;middle&#8221; parallax=&#8221;enable_parallax&#8221; bg_position=&#8221;center center&#8221; bg_attachment=&#8221;fixed&#8221; enable_overlay=&#8221;yes&#8221; css=&#8221;.vc_custom_1626037000147{padding-top: 140px !important;padding-bottom: 80px !important;background: #202045 url(https:\/\/www.durandogan.com\/wp-content\/uploads\/2021\/06\/daria-nepriakhina-49Q0vhYLMD0-unsplash.jpg?id=13590);background-position:center;background-repeat:-repeat;background-size:cover;}&#8221; responsive_css=&#8221;padding_top_medium:170px&#8221; overlay_bg=&#8221;rgba(0, 0, 0, 0.39)&#8221;][vc_column width=&#8221;1\/6&#8243;][\/vc_column][vc_column width=&#8221;2\/3&#8243;][\/vc_column][vc_column width=&#8221;1\/6&#8243;][\/vc_column][\/vc_row][vc_row full_width=&#8221;stretch_row&#8221; gap=&#8221;0&#8243; equal_height=&#8221;yes&#8221; enable_content_animation=&#8221;yes&#8221; enable_cc_circle=&#8221;yes&#8221; ca_init_scale_x=&#8221;1&#8243; ca_init_scale_y=&#8221;1&#8243; ca_init_opacity=&#8221;0&#8243; ca_an_scale_x=&#8221;1&#8243; ca_an_scale_y=&#8221;1&#8243; ca_an_opacity=&#8221;1&#8243; ca_init_scale_z=&#8221;1&#8243; ca_an_scale_z=&#8221;1&#8243; cc_circle_color=&#8221;rgba(255, 157, 202, 0.44)&#8221; ca_duration=&#8221;1800&#8243; ca_delay=&#8221;180&#8243; responsive_css=&#8221;padding_top_small:0px&#8221; css=&#8221;.vc_custom_1695032543978{padding-top: 20px !important;}&#8221;][vc_column column_content_align=&#8221;justify-content-center&#8221; enable_content_animation=&#8221;yes&#8221; ca_init_scale_x=&#8221;1&#8243; ca_init_scale_y=&#8221;1&#8243; ca_init_origin_x=&#8221;0%&#8221; ca_init_opacity=&#8221;0&#8243; ca_an_scale_x=&#8221;1&#8243; ca_an_scale_y=&#8221;1&#8243; ca_an_opacity=&#8221;1&#8243; ca_init_scale_z=&#8221;1&#8243; [&hellip;]<\/p>\n","protected":false},"author":2,"featured_media":0,"parent":0,"menu_order":0,"comment_status":"closed","ping_status":"closed","template":"","meta":{"footnotes":""},"class_list":["post-13809","page","type-page","status-publish","hentry"],"lang":"tr","translations":{"tr":13809,"en":14541},"pll_sync_post":[],"_links":{"self":[{"href":"https:\/\/www.durandogan.com\/index.php?rest_route=\/wp\/v2\/pages\/13809","targetHints":{"allow":["GET"]}}],"collection":[{"href":"https:\/\/www.durandogan.com\/index.php?rest_route=\/wp\/v2\/pages"}],"about":[{"href":"https:\/\/www.durandogan.com\/index.php?rest_route=\/wp\/v2\/types\/page"}],"author":[{"embeddable":true,"href":"https:\/\/www.durandogan.com\/index.php?rest_route=\/wp\/v2\/users\/2"}],"replies":[{"embeddable":true,"href":"https:\/\/www.durandogan.com\/index.php?rest_route=%2Fwp%2Fv2%2Fcomments&post=13809"}],"version-history":[{"count":38,"href":"https:\/\/www.durandogan.com\/index.php?rest_route=\/wp\/v2\/pages\/13809\/revisions"}],"predecessor-version":[{"id":17301,"href":"https:\/\/www.durandogan.com\/index.php?rest_route=\/wp\/v2\/pages\/13809\/revisions\/17301"}],"wp:attachment":[{"href":"https:\/\/www.durandogan.com\/index.php?rest_route=%2Fwp%2Fv2%2Fmedia&parent=13809"}],"curies":[{"name":"wp","href":"https:\/\/api.w.org\/{rel}","templated":true}]}}