{"id":13815,"date":"2021-07-03T07:38:38","date_gmt":"2021-07-03T07:38:38","guid":{"rendered":"https:\/\/ddpack.online\/cevre-ve-surdurulebilirlik-copy\/"},"modified":"2026-02-18T16:24:16","modified_gmt":"2026-02-18T13:24:16","slug":"gida-guvenligi","status":"publish","type":"page","link":"https:\/\/www.durandogan.com\/?page_id=13815","title":{"rendered":"\u00dcr\u00fcn G\u00fcvenli\u011fi"},"content":{"rendered":"<p>[vc_row content_placement=&#8221;middle&#8221; parallax=&#8221;enable_parallax&#8221; bg_position=&#8221;center center&#8221; enable_overlay=&#8221;yes&#8221; css=&#8221;.vc_custom_1625612823230{padding-top: 140px !important;padding-bottom: 80px !important;background: #202045 url(https:\/\/www.durandogan.com\/wp-content\/uploads\/2021\/07\/diana-polekhina-9DrzSqFY6EQ-unsplash.jpg?id=14825);background-position:center;background-repeat:-repeat;background-size:cover;}&#8221; responsive_css=&#8221;padding_top_medium:170px&#8221; overlay_bg=&#8221;rgba(0, 0, 0, 0.39)&#8221;][vc_column width=&#8221;1\/6&#8243;][\/vc_column][vc_column width=&#8221;2\/3&#8243;]<style>.ld_spacer_69f3658fc4cba{height:60px;}<\/style>\n<div class=\"ld-empty-space ld_spacer_69f3658fc4cba\"><\/div><style>.ld_fancy_heading_69f3658fc5105 h4{color:rgb(255, 255, 255);background:rgba(115, 0, 20, 0.91);}.ld_fancy_heading_69f3658fc5105 h4 {font-size:19px; } .ld_fancy_heading_69f3658fc5105 h4 {font-weight:700; } .ld_fancy_heading_69f3658fc5105 h4 {letter-spacing:0.08em; } .ld_fancy_heading_69f3658fc5105 h4 {margin-bottom:0px !important;  } .ld_fancy_heading_69f3658fc5105 .lqd-highlight-inner{height:0.275em!important;bottom:0px!important;}.ld_fancy_heading_69f3658fc5105 h4 {font-size:19px; } .ld_fancy_heading_69f3658fc5105 h4 {font-weight:700; } .ld_fancy_heading_69f3658fc5105 h4 {letter-spacing:0.08em; } .ld_fancy_heading_69f3658fc5105 h4 {margin-bottom:0px !important;  } <\/style><div class=\"ld-fancy-heading ld-fh-has-fill text-center text-uppercase ld_fancy_heading_69f3658fc5105\">\n\t<h4 class=\"ld-fh-element semi-round lqd-highlight-underline lqd-highlight-grow-left text-decoration-default\"   >  Hakk\u0131m\u0131zda<\/h4><\/div><style>.ld_spacer_69f3658fc5ee5{height:32px;}<\/style>\n<div class=\"ld-empty-space ld_spacer_69f3658fc5ee5\"><\/div><style>.ld_fancy_heading_69f3658fc60b7 h1{color:rgb(255, 255, 255);}@media (min-width: 992px) { .ld_fancy_heading_69f3658fc60b7 h1 {font-size:74px; }  } .ld_fancy_heading_69f3658fc60b7 h1 {line-height:0.9em; } .ld_fancy_heading_69f3658fc60b7 h1 {--element-line-height:0.9em; } .ld_fancy_heading_69f3658fc60b7 .lqd-highlight-inner{height:0.275em!important;bottom:0px!important;}@media (min-width: 992px) { .ld_fancy_heading_69f3658fc60b7 h1 {font-size:74px; }  } .ld_fancy_heading_69f3658fc60b7 h1 {line-height:0.9em; } .ld_fancy_heading_69f3658fc60b7 h1 {--element-line-height:0.9em; } <\/style><div class=\"ld-fancy-heading text-center ld_fancy_heading_69f3658fc60b7\">\n\t<h1 class=\"ld-fh-element lqd-highlight-underline lqd-highlight-grow-left text-decoration-default\"   >  \u00dcr\u00fcn G\u00fcvenli\u011fi<\/h1><\/div><style>.ld_spacer_69f3658fc678d{height:32px;}<\/style>\n<div class=\"ld-empty-space ld_spacer_69f3658fc678d\"><\/div><style>.ld_fancy_heading_69f3658fc6979 p{color:rgba(255, 255, 255, 0.7);}.ld_fancy_heading_69f3658fc6979 p {font-size:17px; } .ld_fancy_heading_69f3658fc6979 p {line-height:1.3em; } .ld_fancy_heading_69f3658fc6979 p {--element-line-height:1.3em; } .ld_fancy_heading_69f3658fc6979 .lqd-highlight-inner{height:0.275em!important;bottom:0px!important;}.ld_fancy_heading_69f3658fc6979 p {font-size:17px; } .ld_fancy_heading_69f3658fc6979 p {line-height:1.3em; } .ld_fancy_heading_69f3658fc6979 p {--element-line-height:1.3em; } <\/style><div class=\"ld-fancy-heading text-center ld_fancy_heading_69f3658fc6979\">\n\t<p class=\"ld-fh-element lqd-highlight-underline lqd-highlight-grow-left text-decoration-default\"   >  T\u00fcm \u00fcretim s\u00fcre\u00e7lerimizde \u00fcr\u00fcn g\u00fcvenli\u011fi i\u00e7in gerekli olan \u00e7al\u0131\u015fma ortam\u0131n\u0131 sa\u011flayarak sekt\u00f6rde g\u00fcvenilir ve aran\u0131lan marka de\u011ferini olu\u015fturuyoruz.<\/p><\/div>[\/vc_column][vc_column width=&#8221;1\/6&#8243;][\/vc_column][\/vc_row][vc_row css=&#8221;.vc_custom_1625612867045{margin-top: 75px !important;margin-bottom: 20px !important;}&#8221;][vc_column enable_content_animation=&#8221;yes&#8221; animation_preset=&#8221;Fade In Up&#8221; responsive_css=&#8221;margin_top_large:30px|margin_bottom_large:30px&#8221;][vc_column_text]G\u0131da ambalaj\u0131 g\u00fcvenli\u011finde d\u00fcnya standartlar\u0131n\u0131 kendisine rehber edinen Duran Do\u011fan Bas\u0131m ve Ambalaj A.\u015e\u2019nin hedefi; m\u00fc\u015fterilerinin ko\u015fulsuz g\u00fcvenini s\u00fcrekli k\u0131lmak i\u00e7in t\u00fcm \u00fcretim faaliyetlerini hijyenik bir ortamda ger\u00e7ekle\u015ftirmek, kalite ve \u00fcr\u00fcn g\u00fcvenli\u011fi ile ilgili t\u00fcm s\u00fcre\u00e7lerde \u201cRisk Y\u00f6netimi\u201d yakla\u015f\u0131m\u0131 sergileyerek, tehlikelerin en aza indirilmesini sa\u011flamakt\u0131r.<\/p>\n<p>G\u00fcvenli ve Kaliteli G\u0131da Ambalaj\u0131 \u00fcretim standartlar\u0131m\u0131z, firmam\u0131z\u0131n ya\u015fam felsefesi haline gelmi\u015ftir.<\/p>\n<p>Bu anlamda \u00fcretimimizi tak\u0131m ruhu ile y\u00f6nlendirirken, gerek tedarik\u00e7i se\u00e7imimiz gerekse t\u00fcm sosyal sorumluluk projelerimizde \u00f6nceli\u011fimiz \u201cg\u00fcvenli g\u0131da ambalaj\u0131\u201d \u00fcretiminin s\u00fcreklili\u011fidir.<\/p>\n<p>G\u0131daya temas eden birincil ve ikincil ambalajlar \u00fcretiminde kendisini kan\u0131tlam\u0131\u015f olan firmam\u0131z, hijyen ko\u015fullar\u0131 , \u00fcretim takip sistemleri, kalite laboratuvar\u0131 uygulamalar\u0131, sertifikalar ve uygun hammadde tedari\u011finin sa\u011flanmas\u0131 konusunda t\u00fcm standartlarla uyum i\u00e7inde \u00fcretim yapmaktad\u0131r.<\/p>\n<p>Bu konuda d\u00fcnyadaki pek \u00e7ok \u00fclkeyle rekabet edebilecek bilgi birikimine ve deneyime sahibiz[\/vc_column_text]<div class=\"ld-particles-container lqd-particles-as-bg ld_particles_69f3658fc6f59\">\n\n\t<div class=\"ld-particles-inner\" id=\"lqd-1625612113073-b6b8d53d-3f5f\" data-particles=\"true\" data-particles-options='{\"particles\":{\"number\":{\"value\":15},\"shape\":{\"type\":[\"circle\"]},\"opacity\":{\"value\":0.6},\"size\":{\"value\":5},\"move\":{\"out_mode\":\"out\"}},\"interactivity\":{\"events\":{\"onhover\":{\"enable\":true,\"mode\":[\"bubble\"]}},\"modes\":{\"bubble\":{\"size\":15}}},\"asBG\":true}'><\/div>\t\n\n<\/div><!-- \/.particles -->[\/vc_column][\/vc_row][vc_row gap=&#8221;25&#8243; enable_row_dividers=&#8221;yes&#8221; responsive_css=&#8221;padding_top_medium:120px|padding_bottom_medium:70px|padding_top_small:80px|padding_bottom_small:30px&#8221; css=&#8221;.vc_custom_1625433406589{padding-top: 60px !important;padding-bottom: 20px !important;background-color: #f7f7f7 !important;}&#8221; el_id=&#8221;rapor&#8221; row_svg_divider=&#8221;bottom_shape_color:%23874758|bottom_shape_height:210&#8243;][vc_column responsive_css=&#8221;margin_bottom_medium:20px&#8221;]<style>.ld_fancy_heading_69f3658fc77ad h2 {font-size:22px; } @media (min-width: 992px) { .ld_fancy_heading_69f3658fc77ad h2 {font-size:20px; }  } .ld_fancy_heading_69f3658fc77ad .lqd-highlight-inner{height:0.275em!important;bottom:0px!important;}.ld_fancy_heading_69f3658fc77ad h2 {font-size:22px; } @media (min-width: 992px) { .ld_fancy_heading_69f3658fc77ad h2 {font-size:20px; }  } <\/style><div class=\"ld-fancy-heading mask-text ld_fancy_heading_69f3658fc77ad\">\n\t<h2 class=\"ld-fh-element lqd-highlight-underline lqd-highlight-grow-left text-decoration-default lqd-split-words\"   data-split-text=\"true\" data-split-options='{\"type\":\"words\"}' data-custom-animations=\"true\" data-ca-options='{\"triggerHandler\":\"inview\",\"animationTarget\":\".lqd-words > .split-inner\",\"duration\":\"1000\",\"delay\":\"120\",\"ease\":\"power4.out\",\"direction\":\"forward\",\"initValues\":{\"y\":70},\"animations\":{\"y\":0}}'>  <strong>Y\u00d6NET\u0130M S\u0130STEMLER\u0130 VE BELGELER<\/strong><\/h2><\/div><style>.vc_accordion_69f3658fc8409 .accordion-title{font-size:19px;}.vc_accordion_69f3658fc8409 .accordion-item.active .accordion-title a{color:rgba(98, 0, 18, 0.89);background:rgb(247, 247, 247);}.vc_accordion_69f3658fc8409 .accordion-title a{background:rgb(227, 227, 227);}.vc_accordion_69f3658fc8409 .accordion-title a, .vc_accordion_69f3658fc8409 .accordion-item{border-color:rgb(144, 144, 144);}.vc_accordion_69f3658fc8409 .accordion-item.active .accordion-title a, .vc_accordion_69f3658fc8409 .accordion-item.active{border-color:rgb(101, 101, 101);}<\/style><div class=\"accordion accordion-lg accordion-heading-has-shadow accordion-body-shadow accordion-active-has-fill accordion-title-bordered accordion-title-round accordion-expander-left vc_accordion_69f3658fc8409\" id=\"vc_accordion_69f3658fc8409\"\n     role=\"tablist\" aria-multiselectable=\"true\">\n\n\t            <div class=\"accordion-item panel  \">\n\n                <div class=\"accordion-heading\" role=\"tab\" id=\"heading_lqd-1625241033622-416cef54-7f09\" data-id=\"lqd-1625241033622-416cef54-7f09\">\n                    <h4 class=\"accordion-title\" data-controls=\"lqd-1625241033622-416cef54-7f09\" tabindex=\"-1\">\n                        <a tabindex=\"0\" class=\"collapsed\" data-toggle=\"collapse\"  data-bs-toggle=\"collapse\"\n                           data-parent=\"#vc_accordion_69f3658fc8409\" data-bs-parent=\"#vc_accordion_69f3658fc8409\" href=\"#lqd-1625241033622-416cef54-7f09\" data-bs-target=\"#lqd-1625241033622-416cef54-7f09\"\n                           aria-expanded=\"false\" aria-controls=\"lqd-1625241033622-416cef54-7f09\">\n\n\t\t\t\t\t\t\t\n\t\t\t\t\t\t\tBRCGS PM\n\t\t\t\t\t\t\t                                <span class=\"accordion-expander\">\n\t\t\t\t\t\t\t\t\t\t\t\t\t\t\t\t\t\t\t<i class=\"fas fa-copy\"><\/i>\n\t\t\t\t\t\t\t\t\t\n\t\t\t\t\t\t\t\t\t\t\t\t\t\t\t\t\t\t\t<i class=\"far fa-copy\"><\/i>\n\t\t\t\t\t\t\t\t\t\t\t\t\t\t\t\t\t<\/span>\n\t\t\t\t\t\t\t\n                        <\/a>\n\n                    <\/h4>\n                <\/div>\n\n                <div id=\"lqd-1625241033622-416cef54-7f09\" class=\"accordion-collapse collapse\"\n                    data-bs-parent=\"#vc_accordion_69f3658fc8409\" role=\"tabpanel\" aria-labelledby=\"heading_lqd-1625241033622-416cef54-7f09\">\n                    <div class=\"accordion-content\">\n\t\t\t\t\t\t[vc_raw_html]JTNDaWZyYW1lJTIwc3JjJTNEJTIyaHR0cHMlM0ElMkYlMkZ3d3cuZHVyYW5kb2dhbi5jb20lMkZ3cC1jb250ZW50JTJGdXBsb2FkcyUyRjIwMjUlMkYxMiUyRjMxMzAyNDg5JTIwQlJDJTIwUGFjazdfMjAyNS0xMS0xOV9FTi5wZGYlM0Zjb2xvciUzRGZmZGEzOSUyNmFtcCUzQnRpdGxlJTNEMCUyNmFtcCUzQmJ5bGluZSUzRDAlMjZhbXAlM0Jwb3J0cmFpdCUzRDAlMjIlMjB3aWR0aCUzRCUyMjEwMCUyNSUyMiUyMGhlaWdodCUzRCUyMjkwMCUyMiUyMGFsbG93ZnVsbHNjcmVlbiUzRCUyMmFsbG93ZnVsbHNjcmVlbiUyMiUzRSUzQyUyRmlmcmFtZSUzRQ==[\/vc_raw_html]                    <\/div>\n                <\/div>\n            <\/div>\n\t\t\t            <div class=\"accordion-item panel  \">\n\n                <div class=\"accordion-heading\" role=\"tab\" id=\"heading_lqd-1625241033623-9cdc59bf-f777\" data-id=\"lqd-1625241033623-9cdc59bf-f777\">\n                    <h4 class=\"accordion-title\" data-controls=\"lqd-1625241033623-9cdc59bf-f777\" tabindex=\"-1\">\n                        <a tabindex=\"0\" class=\"collapsed\" data-toggle=\"collapse\"  data-bs-toggle=\"collapse\"\n                           data-parent=\"#vc_accordion_69f3658fc8409\" data-bs-parent=\"#vc_accordion_69f3658fc8409\" href=\"#lqd-1625241033623-9cdc59bf-f777\" data-bs-target=\"#lqd-1625241033623-9cdc59bf-f777\"\n                           aria-expanded=\"false\" aria-controls=\"lqd-1625241033623-9cdc59bf-f777\">\n\n\t\t\t\t\t\t\t\n\t\t\t\t\t\t\tECMA GMP\n\t\t\t\t\t\t\t                                <span class=\"accordion-expander\">\n\t\t\t\t\t\t\t\t\t\t\t\t\t\t\t\t\t\t\t<i class=\"fas fa-copy\"><\/i>\n\t\t\t\t\t\t\t\t\t\n\t\t\t\t\t\t\t\t\t\t\t\t\t\t\t\t\t\t\t<i class=\"far fa-copy\"><\/i>\n\t\t\t\t\t\t\t\t\t\t\t\t\t\t\t\t\t<\/span>\n\t\t\t\t\t\t\t\n                        <\/a>\n\n                    <\/h4>\n                <\/div>\n\n                <div id=\"lqd-1625241033623-9cdc59bf-f777\" class=\"accordion-collapse collapse\"\n                    data-bs-parent=\"#vc_accordion_69f3658fc8409\" role=\"tabpanel\" aria-labelledby=\"heading_lqd-1625241033623-9cdc59bf-f777\">\n                    <div class=\"accordion-content\">\n\t\t\t\t\t\t[vc_raw_html]JTNDaWZyYW1lJTIwc3JjJTNEJTIyaHR0cHMlM0ElMkYlMkZ3d3cuZHVyYW5kb2dhbi5jb20lMkZ3cC1jb250ZW50JTJGdXBsb2FkcyUyRjIwMjYlMkYwMSUyRkVDTUElMjBHTVAlMjBDZXJ0aWZpY2F0ZSUyMDIwMjYlMjAtJTIwRHVyYW4lMjBEb2dhbi5wZGYlM0Zjb2xvciUzRGZmZGEzOSUyNmFtcCUzQnRpdGxlJTNEMCUyNmFtcCUzQmJ5bGluZSUzRDAlMjZhbXAlM0Jwb3J0cmFpdCUzRDAlMjIlMjB3aWR0aCUzRCUyMjEwMCUyNSUyMiUyMGhlaWdodCUzRCUyMjkwMCUyMiUyMGFsbG93ZnVsbHNjcmVlbiUzRCUyMmFsbG93ZnVsbHNjcmVlbiUyMiUzRSUzQyUyRmlmcmFtZSUzRQ==[\/vc_raw_html]                    <\/div>\n                <\/div>\n            <\/div>\n\t\t\t<\/div>[\/vc_column][\/vc_row]<\/p>\n","protected":false},"excerpt":{"rendered":"<p>[vc_row content_placement=&#8221;middle&#8221; parallax=&#8221;enable_parallax&#8221; bg_position=&#8221;center center&#8221; enable_overlay=&#8221;yes&#8221; css=&#8221;.vc_custom_1625612823230{padding-top: 140px !important;padding-bottom: 80px !important;background: #202045 url(https:\/\/www.durandogan.com\/wp-content\/uploads\/2021\/07\/diana-polekhina-9DrzSqFY6EQ-unsplash.jpg?id=14825);background-position:center;background-repeat:-repeat;background-size:cover;}&#8221; responsive_css=&#8221;padding_top_medium:170px&#8221; overlay_bg=&#8221;rgba(0, 0, 0, 0.39)&#8221;][vc_column width=&#8221;1\/6&#8243;][\/vc_column][vc_column width=&#8221;2\/3&#8243;][\/vc_column][vc_column width=&#8221;1\/6&#8243;][\/vc_column][\/vc_row][vc_row css=&#8221;.vc_custom_1625612867045{margin-top: 75px !important;margin-bottom: 20px !important;}&#8221;][vc_column enable_content_animation=&#8221;yes&#8221; animation_preset=&#8221;Fade In Up&#8221; responsive_css=&#8221;margin_top_large:30px|margin_bottom_large:30px&#8221;][vc_column_text]G\u0131da ambalaj\u0131 g\u00fcvenli\u011finde d\u00fcnya standartlar\u0131n\u0131 kendisine rehber edinen Duran Do\u011fan Bas\u0131m ve Ambalaj A.\u015e\u2019nin hedefi; m\u00fc\u015fterilerinin ko\u015fulsuz g\u00fcvenini s\u00fcrekli k\u0131lmak i\u00e7in t\u00fcm \u00fcretim faaliyetlerini hijyenik [&hellip;]<\/p>\n","protected":false},"author":2,"featured_media":0,"parent":0,"menu_order":0,"comment_status":"closed","ping_status":"closed","template":"","meta":{"footnotes":""},"class_list":["post-13815","page","type-page","status-publish","hentry"],"lang":"tr","translations":{"tr":13815},"pll_sync_post":[],"_links":{"self":[{"href":"https:\/\/www.durandogan.com\/index.php?rest_route=\/wp\/v2\/pages\/13815","targetHints":{"allow":["GET"]}}],"collection":[{"href":"https:\/\/www.durandogan.com\/index.php?rest_route=\/wp\/v2\/pages"}],"about":[{"href":"https:\/\/www.durandogan.com\/index.php?rest_route=\/wp\/v2\/types\/page"}],"author":[{"embeddable":true,"href":"https:\/\/www.durandogan.com\/index.php?rest_route=\/wp\/v2\/users\/2"}],"replies":[{"embeddable":true,"href":"https:\/\/www.durandogan.com\/index.php?rest_route=%2Fwp%2Fv2%2Fcomments&post=13815"}],"version-history":[{"count":13,"href":"https:\/\/www.durandogan.com\/index.php?rest_route=\/wp\/v2\/pages\/13815\/revisions"}],"predecessor-version":[{"id":17302,"href":"https:\/\/www.durandogan.com\/index.php?rest_route=\/wp\/v2\/pages\/13815\/revisions\/17302"}],"wp:attachment":[{"href":"https:\/\/www.durandogan.com\/index.php?rest_route=%2Fwp%2Fv2%2Fmedia&parent=13815"}],"curies":[{"name":"wp","href":"https:\/\/api.w.org\/{rel}","templated":true}]}}