{"id":13820,"date":"2021-07-03T01:46:06","date_gmt":"2021-07-03T01:46:06","guid":{"rendered":"https:\/\/ddpack.online\/gida-guvenligi-copy\/"},"modified":"2026-02-18T16:26:28","modified_gmt":"2026-02-18T13:26:28","slug":"is-sagligi-ve-guvenligi","status":"publish","type":"page","link":"https:\/\/www.durandogan.com\/?page_id=13820","title":{"rendered":"\u0130\u015f Sa\u011fl\u0131\u011f\u0131 ve G\u00fcvenli\u011fi"},"content":{"rendered":"<p>[vc_row content_placement=&#8221;middle&#8221; parallax=&#8221;enable_parallax&#8221; bg_position=&#8221;center center&#8221; bg_attachment=&#8221;fixed&#8221; enable_overlay=&#8221;yes&#8221; css=&#8221;.vc_custom_1625613929797{padding-top: 140px !important;padding-bottom: 80px !important;background: #202045 url(https:\/\/www.durandogan.com\/wp-content\/uploads\/2021\/07\/kyle-levesque-TB-GyBM8Kpc-unsplash.jpg?id=14838);background-position:center;background-repeat:-repeat;background-size:cover;}&#8221; responsive_css=&#8221;padding_top_medium:170px&#8221; overlay_bg=&#8221;rgba(0, 0, 0, 0.39)&#8221;][vc_column width=&#8221;1\/6&#8243;][\/vc_column][vc_column width=&#8221;2\/3&#8243;]<style>.ld_spacer_69f1df1d3b2f4{height:60px;}<\/style>\n<div class=\"ld-empty-space ld_spacer_69f1df1d3b2f4\"><\/div><style>.ld_fancy_heading_69f1df1d3b583 h4{color:rgb(255, 255, 255);background:rgba(115, 0, 20, 0.91);}.ld_fancy_heading_69f1df1d3b583 h4 {font-size:19px; } .ld_fancy_heading_69f1df1d3b583 h4 {font-weight:700; } .ld_fancy_heading_69f1df1d3b583 h4 {letter-spacing:0.08em; } .ld_fancy_heading_69f1df1d3b583 h4 {margin-bottom:0px !important;  } .ld_fancy_heading_69f1df1d3b583 .lqd-highlight-inner{height:0.275em!important;bottom:0px!important;}.ld_fancy_heading_69f1df1d3b583 h4 {font-size:19px; } .ld_fancy_heading_69f1df1d3b583 h4 {font-weight:700; } .ld_fancy_heading_69f1df1d3b583 h4 {letter-spacing:0.08em; } .ld_fancy_heading_69f1df1d3b583 h4 {margin-bottom:0px !important;  } <\/style><div class=\"ld-fancy-heading ld-fh-has-fill text-center text-uppercase ld_fancy_heading_69f1df1d3b583\">\n\t<h4 class=\"ld-fh-element semi-round lqd-highlight-underline lqd-highlight-grow-left text-decoration-default\"   >  Hakk\u0131m\u0131zda<\/h4><\/div><style>.ld_spacer_69f1df1d3c322{height:32px;}<\/style>\n<div class=\"ld-empty-space ld_spacer_69f1df1d3c322\"><\/div><style>.ld_fancy_heading_69f1df1d3c58f h1{color:rgb(255, 255, 255);}@media (min-width: 992px) { .ld_fancy_heading_69f1df1d3c58f h1 {font-size:74px; }  } .ld_fancy_heading_69f1df1d3c58f h1 {line-height:0.9em; } .ld_fancy_heading_69f1df1d3c58f h1 {--element-line-height:0.9em; } .ld_fancy_heading_69f1df1d3c58f .lqd-highlight-inner{height:0.275em!important;bottom:0px!important;}@media (min-width: 992px) { .ld_fancy_heading_69f1df1d3c58f h1 {font-size:74px; }  } .ld_fancy_heading_69f1df1d3c58f h1 {line-height:0.9em; } .ld_fancy_heading_69f1df1d3c58f h1 {--element-line-height:0.9em; } <\/style><div class=\"ld-fancy-heading text-center ld_fancy_heading_69f1df1d3c58f\">\n\t<h1 class=\"ld-fh-element lqd-highlight-underline lqd-highlight-grow-left text-decoration-default\"   >  \u0130\u015f Sa\u011fl\u0131\u011f\u0131 ve G\u00fcvenli\u011fi<\/h1><\/div><style>.ld_spacer_69f1df1d3c8f6{height:32px;}<\/style>\n<div class=\"ld-empty-space ld_spacer_69f1df1d3c8f6\"><\/div><style>.ld_fancy_heading_69f1df1d3caaf p{color:rgba(255, 255, 255, 0.7);}.ld_fancy_heading_69f1df1d3caaf p {font-size:17px; } .ld_fancy_heading_69f1df1d3caaf p {line-height:1.3em; } .ld_fancy_heading_69f1df1d3caaf p {--element-line-height:1.3em; } .ld_fancy_heading_69f1df1d3caaf .lqd-highlight-inner{height:0.275em!important;bottom:0px!important;}.ld_fancy_heading_69f1df1d3caaf p {font-size:17px; } .ld_fancy_heading_69f1df1d3caaf p {line-height:1.3em; } .ld_fancy_heading_69f1df1d3caaf p {--element-line-height:1.3em; } <\/style><div class=\"ld-fancy-heading text-center ld_fancy_heading_69f1df1d3caaf\">\n\t<p class=\"ld-fh-element lqd-highlight-underline lqd-highlight-grow-left text-decoration-default\"   >  Firmam\u0131z \u00f6nce \u0130\u015f Sa\u011fl\u0131\u011f\u0131 ve G\u00fcvenli\u011fi Politikas\u0131 ile kaliteyi ve m\u00fc\u015fteri gerekliliklerini \u00f6n planda tutan \u201c\u00d6NCE SA\u011eLIK\u201d slogan\u0131n\u0131 benimsemi\u015ftir.<\/p><\/div>[\/vc_column][vc_column width=&#8221;1\/6&#8243;][\/vc_column][\/vc_row][vc_row css=&#8221;.vc_custom_1625614045976{margin-top: 75px !important;margin-bottom: 20px !important;}&#8221;][vc_column enable_content_animation=&#8221;yes&#8221; animation_preset=&#8221;Fade In Left&#8221; responsive_css=&#8221;margin_top_large:30px|margin_bottom_large:30px&#8221;]<style>.ld_fancy_heading_69f1df1d3cd21 h3{color:#882731;}@media (min-width: 992px) { .ld_fancy_heading_69f1df1d3cd21 h3 {font-size:45px; }  } .ld_fancy_heading_69f1df1d3cd21 h3 {line-height:0.9em; } .ld_fancy_heading_69f1df1d3cd21 h3 {--element-line-height:0.9em; } .ld_fancy_heading_69f1df1d3cd21 .lqd-highlight-inner{height:0.275em!important;bottom:0px!important;}@media (min-width: 992px) { .ld_fancy_heading_69f1df1d3cd21 h3 {font-size:45px; }  } .ld_fancy_heading_69f1df1d3cd21 h3 {line-height:0.9em; } .ld_fancy_heading_69f1df1d3cd21 h3 {--element-line-height:0.9em; } <\/style><div class=\"ld-fancy-heading text-left ld_fancy_heading_69f1df1d3cd21\">\n\t<h3 class=\"ld-fh-element lqd-highlight-underline lqd-highlight-grow-left text-decoration-default lqd-split-words\"  data-parallax=\"true\" data-parallax-options='{\"overflowHidden\":false,\"ease\":\"linear\",\"start\":\"top bottom\"}' data-split-text=\"true\" data-split-options='{\"type\":\"words\"}'>  \u0130\u015e SA\u011eLI\u011eI VE G\u00dcVENL\u0130\u011e\u0130 POL\u0130T\u0130KAMIZ<\/h3><\/div>[vc_column_text]Duran Do\u011fan Bas\u0131m ve Ambalaj Sanayi A.\u015e. olarak benimsemi\u015f oldu\u011fumuz \u0130\u015f Sa\u011fl\u0131\u011f\u0131 ve G\u00fcvenli\u011fi Politikas\u0131, insana ve i\u00e7inde ya\u015fad\u0131\u011f\u0131 \u00e7evreye duyulan sayg\u0131ya dayanmaktad\u0131r.<\/p>\n<p>Duran Do\u011fan Bas\u0131m ve Ambalaj Sanayi A.\u015e..\u2019nin faaliyet g\u00f6sterdi\u011fi her alanda \u0130\u015f Sa\u011fl\u0131\u011f\u0131 ve G\u00fcvenli\u011fi (\u0130SG) birinci \u00f6ncelik olup, g\u00fcvenli ve sa\u011fl\u0131kl\u0131 bir \u00e7al\u0131\u015fma ortam\u0131 temin etmek \u00fczere, herkes kendi yetki s\u0131n\u0131rlar\u0131 i\u00e7inde gerekeni yapmakla y\u00fck\u00fcml\u00fcd\u00fcr.<\/p>\n<p>En \u00f6nemli hedeflerimizden biri de t\u00fcm \u00e7al\u0131\u015fanlar\u0131m\u0131z\u0131 ve i\u00e7inde bulundu\u011fumuz \u00e7evreyi sekt\u00f6r\u00fcm\u00fcz\u00fcn olas\u0131 risklerine kar\u015f\u0131 korumakt\u0131r.<\/p>\n<p>Bu do\u011frultuda;<\/p>\n<p>\u0130\u015fyerinde; \u00e7al\u0131\u015fanlar\u0131n, alt y\u00fcklenicilerin, ziyaret\u00e7ilerin ve i\u015fyeri d\u0131\u015f\u0131nda \u00e7al\u0131\u015fan \u015firket personelimizin sa\u011fl\u0131k ve g\u00fcvenliklerini temin etmek i\u00e7in, y\u00fcr\u00fcrl\u00fckte bulunan \u0130SG mevzuatlar\u0131na ve \u0130SG ile ilgili di\u011fer gerekliliklere uygun olarak her t\u00fcrl\u00fc tedbiri almay\u0131, ara\u00e7 gere\u00e7 ve Ki\u015fisel Koruyucu Ekipmanlar\u0131 bulundurmay\u0131, gere\u011finde kullan\u0131lmas\u0131n\u0131 sa\u011flamay\u0131,<\/p>\n<p>\u0130\u015fyeri ve eklentilerinde i\u015f kazas\u0131 ve meslek hastal\u0131\u011f\u0131 do\u011furabilecek emniyetsiz durum ve hareketleri, olas\u0131 kaza risklerini, etkin bir risk de\u011ferlendirmesi yaparak \u00f6nceden tespit etmeyi ve ortadan kald\u0131rmay\u0131,<\/p>\n<p>\u0130\u015fyerinde i\u015f kazas\u0131 ve meslek hastal\u0131\u011f\u0131na sebep olabilecek riskleri tespit edip, her seviyedeki \u00e7al\u0131\u015fanlar\u0131n, ziyaret\u00e7ilerin, g\u00fcvenlik ve sosyal refahlar\u0131n\u0131 temin etmeyi, kendilerine ve ailelerine ait ileride do\u011fabilecek her t\u00fcrl\u00fc maddi ve manevi kay\u0131plar\u0131 azaltmay\u0131,<\/p>\n<p>\u00c7al\u0131\u015fanlar\u0131m\u0131z\u0131 i\u015f sa\u011fl\u0131\u011f\u0131 ve g\u00fcvenli\u011fi alan\u0131nda e\u011fitmeyi ve iyi bir i\u015f sa\u011fl\u0131\u011f\u0131 ve g\u00fcvenli\u011fi bilincine eri\u015fmelerini sa\u011flamay\u0131,<\/p>\n<p>\u0130\u015fyerinde hizmet veren alt y\u00fcklenici ve ziyaret\u00e7ilerin de Duran Do\u011fan Bas\u0131m ve Ambalaj A.\u015e. in koymu\u015f oldu\u011fu i\u015f sa\u011fl\u0131\u011f\u0131 ve g\u00fcvenli\u011fi ile ilgili kurallara uymalar\u0131n\u0131 sa\u011flamay\u0131,<\/p>\n<p>Duran Do\u011fan Bas\u0131m ve Ambalaj Sanayi A.\u015e.. \u0130SG uygulamalar\u0131 a\u00e7\u0131s\u0131ndan, ba\u011fl\u0131 bulunulan kurumlar, sanayi odalar\u0131 nezdinde \u00f6rnek bir \u015firket haline getirmeyi,<\/p>\n<p>End\u00fcstriyel d\u00fcnyan\u0131n geli\u015fimini g\u00f6z \u00f6n\u00fcne alarak, gelecekte kar\u015f\u0131la\u015f\u0131labilecek olas\u0131 durumlar\u0131 bug\u00fcnden tahmin etmeyi, s\u00fcrekli geli\u015fmeyi ve durumumuzu g\u00f6zden ge\u00e7irmeyi,<\/p>\n<p>Bu do\u011frultuda kurulmu\u015f ve y\u00fcr\u00fct\u00fclmekte olan \u0130SG Y\u00f6netim Sistemimizin s\u00fcreklili\u011fini sa\u011flamay\u0131 \u0130SG politikam\u0131z olarak taahh\u00fct ederiz.<\/p>\n<p>&nbsp;<\/p>\n<p>[\/vc_column_text][vc_column_text][\/vc_column_text]<style>.ld_spacer_69f1df1d3cebc{height:52px;}<\/style>\n<div class=\"ld-empty-space ld_spacer_69f1df1d3cebc\"><\/div><style>.ld_fancy_heading_69f1df1d3d0fb h3{color:#882731;}@media (min-width: 992px) { .ld_fancy_heading_69f1df1d3d0fb h3 {font-size:45px; }  } .ld_fancy_heading_69f1df1d3d0fb h3 {line-height:0.9em; } .ld_fancy_heading_69f1df1d3d0fb h3 {--element-line-height:0.9em; } .ld_fancy_heading_69f1df1d3d0fb .lqd-highlight-inner{height:0.275em!important;bottom:0px!important;}@media (min-width: 992px) { .ld_fancy_heading_69f1df1d3d0fb h3 {font-size:45px; }  } .ld_fancy_heading_69f1df1d3d0fb h3 {line-height:0.9em; } .ld_fancy_heading_69f1df1d3d0fb h3 {--element-line-height:0.9em; } <\/style><div class=\"ld-fancy-heading text-left ld_fancy_heading_69f1df1d3d0fb\">\n\t<h3 class=\"ld-fh-element lqd-highlight-underline lqd-highlight-grow-left text-decoration-default lqd-split-words\"  data-parallax=\"true\" data-parallax-options='{\"overflowHidden\":false,\"ease\":\"linear\",\"start\":\"top bottom\"}' data-split-text=\"true\" data-split-options='{\"type\":\"words\"}'>  Bu Politikan\u0131n Gere\u011fi Olarak;<\/h3><\/div><style>.ld_spacer_69f1df1d3d2ed{height:32px;}<\/style>\n<div class=\"ld-empty-space ld_spacer_69f1df1d3d2ed\"><\/div><style>.ld_icon_box_69f1df1d3d59b .iconbox-icon-container{color:rgb(136, 39, 49);font-size:15px;width:47px !important;height:47px !important;background:rgb(255, 255, 255);border-radius:px;}.ld_icon_box_69f1df1d3d59b:hover .iconbox-icon-container{color:rgb(255, 255, 255);}.ld_icon_box_69f1df1d3d59b .iconbox-icon-wrap{margin-inline-end:22px !important;}.ld_icon_box_69f1df1d3d59b .iconbox-icon-container:before{border-color:rgb(255, 255, 255);}.ld_icon_box_69f1df1d3d59b .iconbox-icon-container .iconbox-icon-hover-bg{background:rgb(136, 39, 49);}.ld_icon_box_69f1df1d3d59b:hover .iconbox-icon-container:before{border-color:rgb(136, 39, 49);}.ld_icon_box_69f1df1d3d59b .lqd-iconbox-title{margin-bottom:15px;font-size:17px;}<\/style>\n<div class=\"iconbox iconbox-side text-left iconbox-icon-shadow iconbox-circle iconbox-icon-linked ld_icon_box_69f1df1d3d59b vc_custom_1625431871355\" id=\"ld_icon_box_69f1df1d3d59b\"  data-animate-icon=\"true\" data-plugin-options='{\"color\":\"rgb(136, 39, 49)\",\"hoverColor\":\"rgb(255, 255, 255)\"}'  >\n\t\n\t\t\t\t\t\n\t\n\t<div class=\"iconbox-icon-wrap\"><span class=\"iconbox-icon-container\"><span class=\"iconbox-icon-hover-bg\"><\/span><i class=\"lqd-icn-ess icon-num-1\"><\/i><\/span><\/div>\t\n\t\t\n\t<div class=\"contents\">\t\n\t\t\n\t\t<p>\u0130\u015f\u00e7i Sa\u011fl\u0131\u011f\u0131 ve \u0130\u015f G\u00fcvenli\u011fi konular\u0131 ile ilgili y\u00fcr\u00fcrl\u00fckte olan mevzuata (kanunlar, t\u00fcz\u00fckler, y\u00f6netmelikler) uymak, bu konuda uluslararas\u0131 standartlar\u0131 benimsemek ve bu do\u011frultuda hareket etmek.<\/p>\n\t\t\n\t<\/div>\t\n\t\n<\/div>\n<style>.ld_icon_box_69f1df1d3e257 .iconbox-icon-container{color:rgb(136, 39, 49);font-size:15px;width:47px !important;height:47px !important;background:rgb(255, 255, 255);border-radius:px;}.ld_icon_box_69f1df1d3e257:hover .iconbox-icon-container{color:rgb(255, 255, 255);}.ld_icon_box_69f1df1d3e257 .iconbox-icon-wrap{margin-inline-end:22px !important;}.ld_icon_box_69f1df1d3e257 .iconbox-icon-container:before{border-color:rgb(255, 255, 255);}.ld_icon_box_69f1df1d3e257 .iconbox-icon-container .iconbox-icon-hover-bg{background:rgb(136, 39, 49);}.ld_icon_box_69f1df1d3e257:hover .iconbox-icon-container:before{border-color:rgb(136, 39, 49);}.ld_icon_box_69f1df1d3e257 .lqd-iconbox-title{margin-bottom:15px;font-size:17px;}<\/style>\n<div class=\"iconbox iconbox-side text-left iconbox-icon-shadow iconbox-circle iconbox-icon-linked ld_icon_box_69f1df1d3e257 vc_custom_1625431883743\" id=\"ld_icon_box_69f1df1d3e257\"  data-animate-icon=\"true\" data-plugin-options='{\"color\":\"rgb(136, 39, 49)\",\"hoverColor\":\"rgb(255, 255, 255)\"}'  >\n\t\n\t\t\t\t\t\n\t\n\t<div class=\"iconbox-icon-wrap\"><span class=\"iconbox-icon-container\"><span class=\"iconbox-icon-hover-bg\"><\/span><i class=\"lqd-icn-ess icon-num-2\"><\/i><\/span><\/div>\t\n\t\t\n\t<div class=\"contents\">\t\n\t\t\n\t\t<p>Sistematik bir yakla\u015f\u0131mla \u0130\u015f\u00e7i Sa\u011fl\u0131\u011f\u0131 ve \u0130\u015f G\u00fcvenli\u011fi ile ilgili riskleri kontrol alt\u0131na almak, s\u00fcrekli geli\u015fme prensibi ile \u0130\u015f\u00e7i Sa\u011fl\u0131\u011f\u0131 ve \u0130\u015f G\u00fcvenli\u011fi konular\u0131nda yenilikleri, geli\u015fmeleri takip ederek s\u00fcreklili\u011fini sa\u011flamak<\/p>\n\t\t\n\t<\/div>\t\n\t\n<\/div>\n<style>.ld_icon_box_69f1df1d3ef9b .iconbox-icon-container{color:rgb(136, 39, 49);font-size:15px;width:47px !important;height:47px !important;background:rgb(255, 255, 255);border-radius:px;}.ld_icon_box_69f1df1d3ef9b:hover .iconbox-icon-container{color:rgb(255, 255, 255);}.ld_icon_box_69f1df1d3ef9b .iconbox-icon-wrap{margin-inline-end:22px !important;}.ld_icon_box_69f1df1d3ef9b .iconbox-icon-container:before{border-color:rgb(255, 255, 255);}.ld_icon_box_69f1df1d3ef9b .iconbox-icon-container .iconbox-icon-hover-bg{background:rgb(136, 39, 49);}.ld_icon_box_69f1df1d3ef9b:hover .iconbox-icon-container:before{border-color:rgb(136, 39, 49);}.ld_icon_box_69f1df1d3ef9b .lqd-iconbox-title{margin-bottom:15px;font-size:17px;}<\/style>\n<div class=\"iconbox iconbox-side text-left iconbox-icon-shadow iconbox-circle iconbox-icon-linked ld_icon_box_69f1df1d3ef9b vc_custom_1625431901077\" id=\"ld_icon_box_69f1df1d3ef9b\"  data-animate-icon=\"true\" data-plugin-options='{\"color\":\"rgb(136, 39, 49)\",\"hoverColor\":\"rgb(255, 255, 255)\"}'  >\n\t\n\t\t\t\t\t\n\t\n\t<div class=\"iconbox-icon-wrap\"><span class=\"iconbox-icon-container\"><span class=\"iconbox-icon-hover-bg\"><\/span><i class=\"lqd-icn-ess icon-num-3\"><\/i><\/span><\/div>\t\n\t\t\n\t<div class=\"contents\">\t\n\t\t\n\t\t<p>Yeni \u00fcr\u00fcn, tesis ve s\u00fcre\u00e7lerin \u0130\u015f\u00e7i Sa\u011fl\u0131\u011f\u0131 ve \u0130\u015f G\u00fcvenli\u011fi a\u00e7\u0131s\u0131ndan etkilerini projelendirme a\u015famas\u0131nda de\u011ferlendirmek, \u00e7\u0131kabilecek risklerin analizini yapmak<\/p>\n\t\t\n\t<\/div>\t\n\t\n<\/div>\n<style>.ld_icon_box_69f1df1d3f63f .iconbox-icon-container{color:rgb(136, 39, 49);font-size:15px;width:47px !important;height:47px !important;background:rgb(255, 255, 255);border-radius:px;}.ld_icon_box_69f1df1d3f63f:hover .iconbox-icon-container{color:rgb(255, 255, 255);}.ld_icon_box_69f1df1d3f63f .iconbox-icon-wrap{margin-inline-end:22px !important;}.ld_icon_box_69f1df1d3f63f .iconbox-icon-container:before{border-color:rgb(255, 255, 255);}.ld_icon_box_69f1df1d3f63f .iconbox-icon-container .iconbox-icon-hover-bg{background:rgb(136, 39, 49);}.ld_icon_box_69f1df1d3f63f:hover .iconbox-icon-container:before{border-color:rgb(136, 39, 49);}.ld_icon_box_69f1df1d3f63f .lqd-iconbox-title{margin-bottom:15px;font-size:17px;}<\/style>\n<div class=\"iconbox iconbox-side text-left iconbox-icon-shadow iconbox-circle iconbox-icon-linked ld_icon_box_69f1df1d3f63f vc_custom_1625431940139\" id=\"ld_icon_box_69f1df1d3f63f\"  data-animate-icon=\"true\" data-plugin-options='{\"color\":\"rgb(136, 39, 49)\",\"hoverColor\":\"rgb(255, 255, 255)\"}'  >\n\t\n\t\t\t\t\t\n\t\n\t<div class=\"iconbox-icon-wrap\"><span class=\"iconbox-icon-container\"><span class=\"iconbox-icon-hover-bg\"><\/span><i class=\"lqd-icn-ess icon-num-4\"><\/i><\/span><\/div>\t\n\t\t\n\t<div class=\"contents\">\t\n\t\t\n\t\t<p>T\u00fcm \u00e7al\u0131\u015fanlar\u0131n kat\u0131l\u0131m\u0131 ile tehlikeleri kayna\u011f\u0131nda kontrol alt\u0131na alarak, kaza ve hastal\u0131klar\u0131, buna ba\u011fl\u0131 olarak da i\u015fg\u00fcc\u00fc kay\u0131plar\u0131n\u0131 \u00f6nlemek<\/p>\n\t\t\n\t<\/div>\t\n\t\n<\/div>\n<style>.ld_icon_box_69f1df1d3fa2a .iconbox-icon-container{color:rgb(136, 39, 49);font-size:15px;width:47px !important;height:47px !important;background:rgb(255, 255, 255);border-radius:px;}.ld_icon_box_69f1df1d3fa2a:hover .iconbox-icon-container{color:rgb(255, 255, 255);}.ld_icon_box_69f1df1d3fa2a .iconbox-icon-wrap{margin-inline-end:22px !important;}.ld_icon_box_69f1df1d3fa2a .iconbox-icon-container:before{border-color:rgb(255, 255, 255);}.ld_icon_box_69f1df1d3fa2a .iconbox-icon-container .iconbox-icon-hover-bg{background:rgb(136, 39, 49);}.ld_icon_box_69f1df1d3fa2a:hover .iconbox-icon-container:before{border-color:rgb(136, 39, 49);}.ld_icon_box_69f1df1d3fa2a .lqd-iconbox-title{margin-bottom:15px;font-size:17px;}<\/style>\n<div class=\"iconbox iconbox-side text-left iconbox-icon-shadow iconbox-circle iconbox-icon-linked ld_icon_box_69f1df1d3fa2a vc_custom_1625431962856\" id=\"ld_icon_box_69f1df1d3fa2a\"  data-animate-icon=\"true\" data-plugin-options='{\"color\":\"rgb(136, 39, 49)\",\"hoverColor\":\"rgb(255, 255, 255)\"}'  >\n\t\n\t\t\t\t\t\n\t\n\t<div class=\"iconbox-icon-wrap\"><span class=\"iconbox-icon-container\"><span class=\"iconbox-icon-hover-bg\"><\/span><i class=\"lqd-icn-ess icon-num-5\"><\/i><\/span><\/div>\t\n\t\t\n\t<div class=\"contents\">\t\n\t\t\n\t\t<p>\u00c7al\u0131\u015fma s\u0131ras\u0131nda meydana gelebilecek herhangi bir kaza veya acil durumda maddi ve manevi kay\u0131plar\u0131 engelleyecek tedbirleri almak ve y\u00f6ntemler geli\u015ftirmek.<\/p>\n\t\t\n\t<\/div>\t\n\t\n<\/div>\n<style>.ld_icon_box_69f1df1d3fd8e .iconbox-icon-container{color:rgb(136, 39, 49);font-size:15px;width:47px !important;height:47px !important;background:rgb(255, 255, 255);border-radius:px;}.ld_icon_box_69f1df1d3fd8e:hover .iconbox-icon-container{color:rgb(255, 255, 255);}.ld_icon_box_69f1df1d3fd8e .iconbox-icon-wrap{margin-inline-end:22px !important;}.ld_icon_box_69f1df1d3fd8e .iconbox-icon-container:before{border-color:rgb(255, 255, 255);}.ld_icon_box_69f1df1d3fd8e .iconbox-icon-container .iconbox-icon-hover-bg{background:rgb(136, 39, 49);}.ld_icon_box_69f1df1d3fd8e:hover .iconbox-icon-container:before{border-color:rgb(136, 39, 49);}.ld_icon_box_69f1df1d3fd8e .lqd-iconbox-title{margin-bottom:15px;font-size:17px;}<\/style>\n<div class=\"iconbox iconbox-side text-left iconbox-icon-shadow iconbox-circle iconbox-icon-linked ld_icon_box_69f1df1d3fd8e vc_custom_1625431983464\" id=\"ld_icon_box_69f1df1d3fd8e\"  data-animate-icon=\"true\" data-plugin-options='{\"color\":\"rgb(136, 39, 49)\",\"hoverColor\":\"rgb(255, 255, 255)\"}'  >\n\t\n\t\t\t\t\t\n\t\n\t<div class=\"iconbox-icon-wrap\"><span class=\"iconbox-icon-container\"><span class=\"iconbox-icon-hover-bg\"><\/span><i class=\"lqd-icn-ess icon-num-6\"><\/i><\/span><\/div>\t\n\t\t\n\t<div class=\"contents\">\t\n\t\t\n\t\t<p>Ba\u015far\u0131ya ula\u015fmak ve s\u00fcrekli geli\u015fim i\u00e7in \u00e7al\u0131\u015fanlar\u0131 i\u015f ve i\u015f\u00e7i sa\u011fl\u0131\u011f\u0131 ile i\u015f g\u00fcvenli\u011fi konular\u0131nda e\u011fitmek. \u0130\u015f\u00e7i sa\u011fl\u0131\u011f\u0131 ve i\u015f g\u00fcvenli\u011fi a\u00e7\u0131s\u0131ndan gerekli ki\u015fisel koruyucu ekipman ve donan\u0131m\u0131 temin etmek.<\/p>\n\t\t\n\t<\/div>\t\n\t\n<\/div>\n[\/vc_column][\/vc_row][vc_row gap=&#8221;25&#8243; enable_row_dividers=&#8221;yes&#8221; responsive_css=&#8221;padding_top_medium:120px|padding_bottom_medium:70px|padding_top_small:80px|padding_bottom_small:30px&#8221; css=&#8221;.vc_custom_1625433406589{padding-top: 60px !important;padding-bottom: 20px !important;background-color: #f7f7f7 !important;}&#8221; el_id=&#8221;rapor&#8221; row_svg_divider=&#8221;bottom_shape_color:%23874758|bottom_shape_height:210&#8243;][vc_column responsive_css=&#8221;margin_bottom_medium:20px&#8221;]<style>.ld_fancy_heading_69f1df1d400a6 h2 {font-size:22px; } @media (min-width: 992px) { .ld_fancy_heading_69f1df1d400a6 h2 {font-size:20px; }  } .ld_fancy_heading_69f1df1d400a6 .lqd-highlight-inner{height:0.275em!important;bottom:0px!important;}.ld_fancy_heading_69f1df1d400a6 h2 {font-size:22px; } @media (min-width: 992px) { .ld_fancy_heading_69f1df1d400a6 h2 {font-size:20px; }  } <\/style><div class=\"ld-fancy-heading mask-text ld_fancy_heading_69f1df1d400a6\">\n\t<h2 class=\"ld-fh-element lqd-highlight-underline lqd-highlight-grow-left text-decoration-default lqd-split-words\"   data-split-text=\"true\" data-split-options='{\"type\":\"words\"}' data-custom-animations=\"true\" data-ca-options='{\"triggerHandler\":\"inview\",\"animationTarget\":\".lqd-words > .split-inner\",\"duration\":\"1000\",\"delay\":\"120\",\"ease\":\"power4.out\",\"direction\":\"forward\",\"initValues\":{\"y\":70},\"animations\":{\"y\":0}}'>  <strong>Y\u00d6NET\u0130M S\u0130STEMLER\u0130 VE BELGELER<\/strong><\/h2><\/div><style>.vc_accordion_69f1df1d40c2c .accordion-title{font-size:19px;}.vc_accordion_69f1df1d40c2c .accordion-item.active .accordion-title a{color:rgb(255, 255, 255);background:rgba(86, 2, 11, 0.86);}.vc_accordion_69f1df1d40c2c .accordion-title a{background:rgb(229, 227, 227);}.vc_accordion_69f1df1d40c2c .accordion-title a, .vc_accordion_69f1df1d40c2c .accordion-item{border-color:rgb(144, 144, 144);}.vc_accordion_69f1df1d40c2c .accordion-item.active .accordion-title a, .vc_accordion_69f1df1d40c2c .accordion-item.active{border-color:rgb(101, 101, 101);}<\/style><div class=\"accordion accordion-lg accordion-heading-has-shadow accordion-body-shadow accordion-active-has-fill accordion-title-bordered accordion-title-round accordion-expander-left vc_accordion_69f1df1d40c2c\" id=\"vc_accordion_69f1df1d40c2c\"\n     role=\"tablist\" aria-multiselectable=\"true\">\n\n\t            <div class=\"accordion-item panel  \">\n\n                <div class=\"accordion-heading\" role=\"tab\" id=\"heading_lqd-1625241033622-416cef54-7f09\" data-id=\"lqd-1625241033622-416cef54-7f09\">\n                    <h4 class=\"accordion-title\" data-controls=\"lqd-1625241033622-416cef54-7f09\" tabindex=\"-1\">\n                        <a tabindex=\"0\" class=\"collapsed\" data-toggle=\"collapse\"  data-bs-toggle=\"collapse\"\n                           data-parent=\"#vc_accordion_69f1df1d40c2c\" data-bs-parent=\"#vc_accordion_69f1df1d40c2c\" href=\"#lqd-1625241033622-416cef54-7f09\" data-bs-target=\"#lqd-1625241033622-416cef54-7f09\"\n                           aria-expanded=\"false\" aria-controls=\"lqd-1625241033622-416cef54-7f09\">\n\n\t\t\t\t\t\t\t\n\t\t\t\t\t\t\tISO 45001\n\t\t\t\t\t\t\t                                <span class=\"accordion-expander\">\n\t\t\t\t\t\t\t\t\t\t\t\t\t\t\t\t\t\t\t<i class=\"fas fa-copy\"><\/i>\n\t\t\t\t\t\t\t\t\t\n\t\t\t\t\t\t\t\t\t\t\t\t\t\t\t\t\t\t\t<i class=\"far fa-copy\"><\/i>\n\t\t\t\t\t\t\t\t\t\t\t\t\t\t\t\t\t<\/span>\n\t\t\t\t\t\t\t\n                        <\/a>\n\n                    <\/h4>\n                <\/div>\n\n                <div id=\"lqd-1625241033622-416cef54-7f09\" class=\"accordion-collapse collapse\"\n                    data-bs-parent=\"#vc_accordion_69f1df1d40c2c\" role=\"tabpanel\" aria-labelledby=\"heading_lqd-1625241033622-416cef54-7f09\">\n                    <div class=\"accordion-content\">\n\t\t\t\t\t\t[vc_raw_html]JTNDaWZyYW1lJTIwc3JjJTNEJTIyaHR0cHMlM0ElMkYlMkZ3d3cuZHVyYW5kb2dhbi5jb20lMkZ3cC1jb250ZW50JTJGdXBsb2FkcyUyRjIwMjUlMkYwNiUyRklTTyUyMDQ1MDAxX1RSXzAwMzA4NTktMjIuMDUuMjAyNV9PSFNBUy1VS0FTLlBERiUzRmNvbG9yJTNEZmZkYTM5JTI2YW1wJTNCdGl0bGUlM0QwJTI2YW1wJTNCYnlsaW5lJTNEMCUyNmFtcCUzQnBvcnRyYWl0JTNEMCUyMiUyMHdpZHRoJTNEJTIyMTAwJTI1JTIyJTIwaGVpZ2h0JTNEJTIyOTAwJTIyJTIwYWxsb3dmdWxsc2NyZWVuJTNEJTIyYWxsb3dmdWxsc2NyZWVuJTIyJTNFJTNDJTJGaWZyYW1lJTNF[\/vc_raw_html]                    <\/div>\n                <\/div>\n            <\/div>\n\t\t\t<\/div>[\/vc_column][\/vc_row]<\/p>\n","protected":false},"excerpt":{"rendered":"<p>[vc_row content_placement=&#8221;middle&#8221; parallax=&#8221;enable_parallax&#8221; bg_position=&#8221;center center&#8221; bg_attachment=&#8221;fixed&#8221; enable_overlay=&#8221;yes&#8221; css=&#8221;.vc_custom_1625613929797{padding-top: 140px !important;padding-bottom: 80px !important;background: #202045 url(https:\/\/www.durandogan.com\/wp-content\/uploads\/2021\/07\/kyle-levesque-TB-GyBM8Kpc-unsplash.jpg?id=14838);background-position:center;background-repeat:-repeat;background-size:cover;}&#8221; responsive_css=&#8221;padding_top_medium:170px&#8221; overlay_bg=&#8221;rgba(0, 0, 0, 0.39)&#8221;][vc_column width=&#8221;1\/6&#8243;][\/vc_column][vc_column width=&#8221;2\/3&#8243;][\/vc_column][vc_column width=&#8221;1\/6&#8243;][\/vc_column][\/vc_row][vc_row css=&#8221;.vc_custom_1625614045976{margin-top: 75px !important;margin-bottom: 20px !important;}&#8221;][vc_column enable_content_animation=&#8221;yes&#8221; animation_preset=&#8221;Fade In Left&#8221; responsive_css=&#8221;margin_top_large:30px|margin_bottom_large:30px&#8221;][vc_column_text]Duran Do\u011fan Bas\u0131m ve Ambalaj Sanayi A.\u015e. olarak benimsemi\u015f oldu\u011fumuz \u0130\u015f Sa\u011fl\u0131\u011f\u0131 ve G\u00fcvenli\u011fi Politikas\u0131, insana ve i\u00e7inde ya\u015fad\u0131\u011f\u0131 \u00e7evreye duyulan sayg\u0131ya dayanmaktad\u0131r. Duran [&hellip;]<\/p>\n","protected":false},"author":2,"featured_media":0,"parent":0,"menu_order":0,"comment_status":"closed","ping_status":"closed","template":"","meta":{"footnotes":""},"class_list":["post-13820","page","type-page","status-publish","hentry"],"lang":"tr","translations":{"en":14001,"tr":13820},"pll_sync_post":[],"_links":{"self":[{"href":"https:\/\/www.durandogan.com\/index.php?rest_route=\/wp\/v2\/pages\/13820","targetHints":{"allow":["GET"]}}],"collection":[{"href":"https:\/\/www.durandogan.com\/index.php?rest_route=\/wp\/v2\/pages"}],"about":[{"href":"https:\/\/www.durandogan.com\/index.php?rest_route=\/wp\/v2\/types\/page"}],"author":[{"embeddable":true,"href":"https:\/\/www.durandogan.com\/index.php?rest_route=\/wp\/v2\/users\/2"}],"replies":[{"embeddable":true,"href":"https:\/\/www.durandogan.com\/index.php?rest_route=%2Fwp%2Fv2%2Fcomments&post=13820"}],"version-history":[{"count":11,"href":"https:\/\/www.durandogan.com\/index.php?rest_route=\/wp\/v2\/pages\/13820\/revisions"}],"predecessor-version":[{"id":17304,"href":"https:\/\/www.durandogan.com\/index.php?rest_route=\/wp\/v2\/pages\/13820\/revisions\/17304"}],"wp:attachment":[{"href":"https:\/\/www.durandogan.com\/index.php?rest_route=%2Fwp%2Fv2%2Fmedia&parent=13820"}],"curies":[{"name":"wp","href":"https:\/\/api.w.org\/{rel}","templated":true}]}}