{"id":13884,"date":"2021-07-03T01:29:10","date_gmt":"2021-07-03T01:29:10","guid":{"rendered":"https:\/\/ddpack.online\/gida-guvenligi-copy\/"},"modified":"2021-08-01T18:18:39","modified_gmt":"2021-08-01T18:18:39","slug":"hisse-performansi","status":"publish","type":"page","link":"https:\/\/www.durandogan.com\/?page_id=13884","title":{"rendered":"Hisse Performans\u0131"},"content":{"rendered":"<p>[vc_row content_placement=&#8221;middle&#8221; parallax=&#8221;enable_parallax&#8221; bg_position=&#8221;center center&#8221; bg_attachment=&#8221;fixed&#8221; enable_overlay=&#8221;yes&#8221; css=&#8221;.vc_custom_1625441188904{padding-top: 140px !important;padding-bottom: 80px !important;background: #202045 url(https:\/\/www.durandogan.com\/wp-content\/uploads\/2021\/07\/photo-1614028674026-a65e31bfd27c-1.jpeg?id=14559);background-position:center;background-repeat: no-repeat !important;background-size: cover !important;}&#8221; responsive_css=&#8221;padding_top_medium:170px&#8221; overlay_bg=&#8221;rgba(0, 0, 0, 0.39)&#8221;][vc_column width=&#8221;1\/6&#8243;][\/vc_column][vc_column width=&#8221;2\/3&#8243;]<style>.ld_spacer_69f251ed83595{height:60px;}<\/style>\n<div class=\"ld-empty-space ld_spacer_69f251ed83595\"><\/div><style>.ld_fancy_heading_69f251ed83869 h4{color:rgb(255, 255, 255);background:rgb(136, 39, 49);}.ld_fancy_heading_69f251ed83869 h4 {font-size:19px; } .ld_fancy_heading_69f251ed83869 h4 {font-weight:700; } .ld_fancy_heading_69f251ed83869 h4 {letter-spacing:0.08em; } .ld_fancy_heading_69f251ed83869 h4 {margin-bottom:0px !important;  } .ld_fancy_heading_69f251ed83869 .lqd-highlight-inner{height:0.275em!important;bottom:0px!important;}.ld_fancy_heading_69f251ed83869 h4 {font-size:19px; } .ld_fancy_heading_69f251ed83869 h4 {font-weight:700; } .ld_fancy_heading_69f251ed83869 h4 {letter-spacing:0.08em; } .ld_fancy_heading_69f251ed83869 h4 {margin-bottom:0px !important;  } <\/style><div class=\"ld-fancy-heading ld-fh-has-fill text-center text-uppercase ld_fancy_heading_69f251ed83869\">\n\t<h4 class=\"ld-fh-element semi-round lqd-highlight-underline lqd-highlight-grow-left text-decoration-default\"   >  Kurumsal<\/h4><\/div><style>.ld_spacer_69f251ed84a6f{height:32px;}<\/style>\n<div class=\"ld-empty-space ld_spacer_69f251ed84a6f\"><\/div><style>.ld_fancy_heading_69f251ed84d07 h1{color:rgb(255, 255, 255);}@media (min-width: 992px) { .ld_fancy_heading_69f251ed84d07 h1 {font-size:74px; }  } .ld_fancy_heading_69f251ed84d07 h1 {line-height:0.9em; } .ld_fancy_heading_69f251ed84d07 h1 {--element-line-height:0.9em; } .ld_fancy_heading_69f251ed84d07 .lqd-highlight-inner{height:0.275em!important;bottom:0px!important;}@media (min-width: 992px) { .ld_fancy_heading_69f251ed84d07 h1 {font-size:74px; }  } .ld_fancy_heading_69f251ed84d07 h1 {line-height:0.9em; } .ld_fancy_heading_69f251ed84d07 h1 {--element-line-height:0.9em; } <\/style><div class=\"ld-fancy-heading text-center ld_fancy_heading_69f251ed84d07\">\n\t<h1 class=\"ld-fh-element lqd-highlight-underline lqd-highlight-grow-left text-decoration-default\"   >  Hisse Performans\u0131<\/h1><\/div><style>.ld_spacer_69f251ed855c7{height:32px;}<\/style>\n<div class=\"ld-empty-space ld_spacer_69f251ed855c7\"><\/div><style>.ld_fancy_heading_69f251ed857fc p{color:rgba(255, 255, 255, 0.7);}.ld_fancy_heading_69f251ed857fc p {font-size:17px; } .ld_fancy_heading_69f251ed857fc p {line-height:1.3em; } .ld_fancy_heading_69f251ed857fc p {--element-line-height:1.3em; } .ld_fancy_heading_69f251ed857fc .lqd-highlight-inner{height:0.275em!important;bottom:0px!important;}.ld_fancy_heading_69f251ed857fc p {font-size:17px; } .ld_fancy_heading_69f251ed857fc p {line-height:1.3em; } .ld_fancy_heading_69f251ed857fc p {--element-line-height:1.3em; } <\/style><div class=\"ld-fancy-heading text-center ld_fancy_heading_69f251ed857fc\">\n\t<p class=\"ld-fh-element lqd-highlight-underline lqd-highlight-grow-left text-decoration-default\"   >  Duran Do\u011fan Bas\u0131m ve Ambalaj San. A.\u015e \u0130nternet sitesinde Hisse Senedi Performans\u0131 ba\u015fl\u0131\u011f\u0131 alt\u0131nda sunulan bilgiler B\u0130ST kaynakl\u0131 olup Foreks A.\u015e. taraf\u0131ndan sa\u011flanmaktad\u0131r.<\/p><\/div>[\/vc_column][vc_column width=&#8221;1\/6&#8243;][\/vc_column][\/vc_row][vc_row css=&#8221;.vc_custom_1625243491713{margin-top: 20px !important;margin-bottom: 20px !important;}&#8221;][vc_column enable_content_animation=&#8221;yes&#8221; animation_preset=&#8221;Fade In Left&#8221; responsive_css=&#8221;margin_top_large:30px|margin_bottom_large:30px&#8221;]\n<style>.ld_typewriter_69f251ed85e5f h2{color:rgb(136, 39, 49);}<\/style>\n<div id=\"ld_typewriter_69f251ed85e5f\" class=\"lqd-typewriter ld_typewriter_69f251ed85e5f\">\n\t<h2 data-typewriter=\"true\">\n\t\tYasal Uyar\u0131\t<\/h2>\n<\/div>[vc_separator style=&#8221;shadow&#8221;][vc_column_text]<\/p>\n<div><strong>Duran Do\u011fan Bas\u0131m ve Ambalaj San. A.\u015e<\/strong> \u0130nternet sitesinde Hisse Senedi Performans\u0131 ba\u015fl\u0131\u011f\u0131 alt\u0131nda sunulan bilgiler <strong>B\u0130ST<\/strong> kaynakl\u0131 olup <strong>Foreks A.\u015e.<\/strong> taraf\u0131ndan sa\u011flanmaktad\u0131r..<\/div>\n<div><\/div>\n<div>Bu sayfada yer alan ifadeler, hi\u00e7 bir \u015fekilde veya suretle yat\u0131r\u0131m kararlar\u0131 i\u00e7in tavsiye olarak de\u011ferlendirilmemelidir. Duran Do\u011fan Bas\u0131m ve Ambalaj San. A.\u015e ve FOREKS, bu bilgilerin do\u011fru, eksiksiz ve de\u011fi\u015fmez oldu\u011funu garanti etmemektedir. Bu sebeple, okuyucular\u0131n, bu siteden elde edilen bilgilere dayanarak hareket etmeden \u00f6nce, bilgilerin do\u011frulu\u011funu teyit ettirmeleri \u00f6nerilir ve bu bilgilere dayanarak ald\u0131klar\u0131 kararlarda sorumluluk kendilerine aittir. Bilgilerin eksikli\u011fi ve yanl\u0131\u015fl\u0131\u011f\u0131ndan<strong> Duran Do\u011fan Bas\u0131m ve Ambalaj San. A.\u015e ve FOREKS<\/strong> hi\u00e7 bir \u015fekilde sorumlu tutulamaz. Ayr\u0131ca, <strong>Duran Do\u011fan Bas\u0131m ve Ambalaj San. A.\u015e ve FOREKS\u00b4in<\/strong> t\u00fcm \u00e7al\u0131\u015fanlar\u0131 ve dan\u0131\u015fmanlar\u0131n\u0131n, herhangi bir \u015fekilde bilgiler dolay\u0131s\u0131yla ortaya \u00e7\u0131kabilecek, do\u011frudan veya dolayl\u0131 zararlarla ilgili herhangi bir sorumlulu\u011fu yoktur.<\/div>\n<div><\/div>\n<div>B\u0130ST isim ve logosu &#8220;koruma marka belgesi&#8221; alt\u0131nda korunmakta olup izinsiz kullan\u0131lamaz, iktibas edilemez, de\u011fi\u015ftirilemez. B\u0130ST ismi alt\u0131nda a\u00e7\u0131klanan t\u00fcm bilgilerin telif haklar\u0131 tamamen B\u0130ST\u2019e ait olup, tekrar yay\u0131nlanamaz. Piyasa verileri FOREKS taraf\u0131ndan sa\u011flanmaktad\u0131r. Sayfam\u0131zdaki B\u0130ST verileri g\u00fcnsonu verileridir.<\/div>\n<p>[\/vc_column_text][\/vc_column][\/vc_row][vc_row][vc_column width=&#8221;1\/3&#8243; css=&#8221;.vc_custom_1625266651871{margin-bottom: 30px !important;}&#8221;][\/vc_column][vc_column width=&#8221;1\/3&#8243;]<a href=\"https:\/\/webservice.foreks.com\/foreks-web-widget\/nrvw0\" class=\"btn btn-solid text-uppercase btn-hover-txt-liquid-x round border-thin btn-has-label ld_button_69f251ed8684a\" data-lity=\"https:\/\/webservice.foreks.com\/foreks-web-widget\/nrvw0\" >\n\t<span>\n\t\t\n\t\t\t\t\t<span class=\"btn-txt\" data-text=\"Kabul Ediyorum\" data-split-text=\"true\"\n\t\t\t\t\t    data-split-options='{\"type\": \"chars, words\"}'>Kabul Ediyorum<\/span>\n\t\t\t\n\t\t\t\t\t<\/span>\n<\/a>\n<style>.ld_spacer_69f251ed87363{height:32px;}<\/style>\n<div class=\"ld-empty-space ld_spacer_69f251ed87363\"><\/div>[\/vc_column][vc_column width=&#8221;1\/3&#8243;][\/vc_column][\/vc_row]<\/p>\n","protected":false},"excerpt":{"rendered":"<p>[vc_row content_placement=&#8221;middle&#8221; parallax=&#8221;enable_parallax&#8221; bg_position=&#8221;center center&#8221; bg_attachment=&#8221;fixed&#8221; enable_overlay=&#8221;yes&#8221; css=&#8221;.vc_custom_1625441188904{padding-top: 140px !important;padding-bottom: 80px !important;background: #202045 url(https:\/\/www.durandogan.com\/wp-content\/uploads\/2021\/07\/photo-1614028674026-a65e31bfd27c-1.jpeg?id=14559);background-position:center;background-repeat: no-repeat !important;background-size: cover !important;}&#8221; responsive_css=&#8221;padding_top_medium:170px&#8221; overlay_bg=&#8221;rgba(0, 0, 0, 0.39)&#8221;][vc_column width=&#8221;1\/6&#8243;][\/vc_column][vc_column width=&#8221;2\/3&#8243;][\/vc_column][vc_column width=&#8221;1\/6&#8243;][\/vc_column][\/vc_row][vc_row css=&#8221;.vc_custom_1625243491713{margin-top: 20px !important;margin-bottom: 20px !important;}&#8221;][vc_column enable_content_animation=&#8221;yes&#8221; animation_preset=&#8221;Fade In Left&#8221; responsive_css=&#8221;margin_top_large:30px|margin_bottom_large:30px&#8221;][vc_separator style=&#8221;shadow&#8221;][vc_column_text] Duran Do\u011fan Bas\u0131m ve Ambalaj San. A.\u015e \u0130nternet sitesinde Hisse Senedi Performans\u0131 ba\u015fl\u0131\u011f\u0131 alt\u0131nda sunulan bilgiler B\u0130ST kaynakl\u0131 [&hellip;]<\/p>\n","protected":false},"author":2,"featured_media":0,"parent":0,"menu_order":0,"comment_status":"closed","ping_status":"closed","template":"","meta":{"footnotes":""},"class_list":["post-13884","page","type-page","status-publish","hentry"],"lang":"tr","translations":{"tr":13884,"en":14668},"pll_sync_post":[],"_links":{"self":[{"href":"https:\/\/www.durandogan.com\/index.php?rest_route=\/wp\/v2\/pages\/13884","targetHints":{"allow":["GET"]}}],"collection":[{"href":"https:\/\/www.durandogan.com\/index.php?rest_route=\/wp\/v2\/pages"}],"about":[{"href":"https:\/\/www.durandogan.com\/index.php?rest_route=\/wp\/v2\/types\/page"}],"author":[{"embeddable":true,"href":"https:\/\/www.durandogan.com\/index.php?rest_route=\/wp\/v2\/users\/2"}],"replies":[{"embeddable":true,"href":"https:\/\/www.durandogan.com\/index.php?rest_route=%2Fwp%2Fv2%2Fcomments&post=13884"}],"version-history":[{"count":1,"href":"https:\/\/www.durandogan.com\/index.php?rest_route=\/wp\/v2\/pages\/13884\/revisions"}],"predecessor-version":[{"id":15567,"href":"https:\/\/www.durandogan.com\/index.php?rest_route=\/wp\/v2\/pages\/13884\/revisions\/15567"}],"wp:attachment":[{"href":"https:\/\/www.durandogan.com\/index.php?rest_route=%2Fwp%2Fv2%2Fmedia&parent=13884"}],"curies":[{"name":"wp","href":"https:\/\/api.w.org\/{rel}","templated":true}]}}