{"id":13910,"date":"2021-07-03T01:44:05","date_gmt":"2021-07-03T01:44:05","guid":{"rendered":"https:\/\/ddpack.online\/icecek-copy\/"},"modified":"2026-03-27T08:50:21","modified_gmt":"2026-03-27T05:50:21","slug":"ev-urunleri","status":"publish","type":"page","link":"https:\/\/www.durandogan.com\/?page_id=13910","title":{"rendered":"Ev \u00dcr\u00fcnleri"},"content":{"rendered":"<p>[vc_row full_width=&#8221;stretch_row&#8221; responsive_css=&#8221;padding_top_medium:220px|padding_right_medium:35px|padding_left_medium:35px&#8221; css=&#8221;.vc_custom_1611750213101{padding-top: 120px !important;}&#8221;][vc_column width=&#8221;1\/2&#8243; offset=&#8221;vc_col-lg-5 vc_col-md-6&#8243;]<style>.ld_fancy_heading_69f1dee91d060 h2 {letter-spacing:-0.02em; } .ld_fancy_heading_69f1dee91d060 h2 {margin-bottom:0.5em !important;  } .ld_fancy_heading_69f1dee91d060 .lqd-highlight-inner{height:0.275em!important;bottom:0px!important;}.ld_fancy_heading_69f1dee91d060 h2 {letter-spacing:-0.02em; } .ld_fancy_heading_69f1dee91d060 h2 {margin-bottom:0.5em !important;  } <\/style><div class=\"ld-fancy-heading ld_fancy_heading_69f1dee91d060\">\n\t<h2 class=\"ld-fh-element lqd-highlight-underline lqd-highlight-grow-left text-decoration-default lqd-split-words\"   data-split-text=\"true\" data-split-options='{\"type\":\"words\"}' data-custom-animations=\"true\" data-ca-options='{\"triggerHandler\":\"inview\",\"animationTarget\":\".lqd-words > .split-inner\",\"duration\":\"1800\",\"delay\":\"80\",\"ease\":\"power4.out\",\"direction\":\"forward\",\"initValues\":{\"opacity\":0},\"animations\":{\"opacity\":1}}'>  Ev \u00dcr\u00fcnleri<\/h2><\/div><a href=\"https:\/\/www.durandogan.com\/?page_id=15110\" title=\"Portf\u00f6y\" class=\"btn btn-naked btn-hover-reveal btn-has-label ld_button_69f1dee91e630\" >\n\t<span>\n\t\t\n\t\t\t\t\t<span class=\"btn-txt\" data-text=\"\u2014 T\u00fcm \u00fcr\u00fcnleri g\u00f6rmek i\u00e7in t\u0131klay\u0131n\" >\u2014 T\u00fcm \u00fcr\u00fcnleri g\u00f6rmek i\u00e7in t\u0131klay\u0131n<\/span>\n\t\t\t\n\t<span class=\"btn-icon\"><i class=\"lqd-icn-ess icon-md-arrow-forward\"><\/i><\/span>\t\t\t\t<\/span>\n<\/a>\n[\/vc_column][vc_column width=&#8221;1\/2&#8243;]<a href=\"https:\/\/www.durandogan.com\/?page_id=13470\" class=\"btn btn-solid btn-md border-thicker btn-block btn-has-label ld_button_69f1dee91f6b4\" >\n\t<span>\n\t\t\n\t\t\t\t\t<span class=\"btn-txt\" data-text=\"Teklif Al\" >Teklif Al<\/span>\n\t\t\t\n\t\t\t\t\t<\/span>\n<\/a>\n[\/vc_column][\/vc_row][vc_row full_width=&#8221;stretch_row&#8221; responsive_css=&#8221;padding_right_medium:35px|padding_left_medium:35px&#8221; css=&#8221;.vc_custom_1579684978296{padding-top: 60px !important;}&#8221;][vc_column]<style>.ld_portfolio_listing_69f1dee9208e3 .lqd-pf-overlay-bg{background:rgba(0, 0, 0, 0.41);}.ld_portfolio_listing_69f1dee9208e3 .filter-list li{color:rgba(0, 0, 0, 0);}.ld_portfolio_listing_69f1dee9208e3 .lqd-filter-dropdown .ui-button{color:rgba(0, 0, 0, 0);border-color:rgba(0, 0, 0, 0);}.ld_portfolio_listing_69f1dee9208e3 .filter-list li.active, .ld_portfolio_listing_69f1dee9208e3 .filter-list li:hover{color:rgba(120, 0, 28, 0);}.ld_portfolio_listing_69f1dee9208e3 .lqd-filter-dropdown .ui-button:active, .ld_portfolio_listing_69f1dee9208e3 .lqd-filter-dropdown .ui-button:focus{color:rgba(120, 0, 28, 0);border-color:rgba(120, 0, 28, 0);}.ld_portfolio_listing_69f1dee9208e3 .liquid-filter-items{margin-bottom:20px;}.ld_portfolio_listing_69f1dee9208e3 .grid-69f1dee9222a1{margin-inline-start:-5px;margin-inline-end:-5px;}.ld_portfolio_listing_69f1dee9208e3 .grid-69f1dee9222a1 .masonry-item{padding-inline-start:5px;padding-inline-end:5px;}.ld_portfolio_listing_69f1dee9208e3 .carousel-item{padding-inline-start:5px;padding-inline-end:5px;}.ld_portfolio_listing_69f1dee9208e3 .carousel-nav{padding-inline-start:calc(5px - 13px);padding-inline-end:calc(5px - 13px);}.ld_portfolio_listing_69f1dee9208e3 .grid-69f1dee9222a1 .lqd-pf-item{margin-bottom:11px;}<\/style><div class=\"lqd-pf-grid ld_portfolio_listing_69f1dee9208e3\">\t\t\t\r\n<div class=\"liquid-filter-items align-items-center justify-content-center\">\t\r\n\t<div class=\"liquid-filter-items-inner flex-grow-1\">\r\n\t\t\r\n\t\t\r\n\t\t<ul class=\"filter-list filter-list-inline  size-md     d-flex align-items-center hidden-xs hidden-sm\" id=\"lqd-1595755870230-8d40b9f3-c0c2\">\r\n\t\t\t<li class=\"active\" data-filter=\"*\"><span><\/span><\/li>\r\n\t\t\t<li data-filter=\".ev-urunleri\"><span>Ev \u00dcr\u00fcnleri<\/span><\/li>\t\t<\/ul>\r\n\r\n\t\t<div class=\"lqd-filter-dropdown visible-xs visible-sm\" data-form-options='{ \"dropdownAppendTo\": \"self\" }'>\r\n\t\t\t<select name=\"lqd-filter-dropdown-lqd-1595755870230-8d40b9f3-c0c2\" id=\"lqd-filter-dropdown-lqd-1595755870230-8d40b9f3-c0c2\">\r\n\t\t\t\t<option selected data-filter=\"*\" value=\"*\"><\/option>\r\n\t\t\t\t<option data-filter=\".ev-urunleri\" value=\".ev-urunleri\">Ev \u00dcr\u00fcnleri<\/option>\t\t\t<\/select>\r\n\t\t<\/div>\r\n\t\t\t\r\n\t\t\t\t\t\t\t\r\n\t\t\t\r\n\t<\/div>\r\n<\/div><div id=\"grid-69f1dee9222a1\" class=\"lqd-pf-row row d-flex flex-wrap grid-69f1dee9222a1\" data-liquid-masonry=\"true\" data-masonry-options='{ \"layoutMode\": \"packery\", \"filtersID\": \"#lqd-1595755870230-8d40b9f3-c0c2\", \"filtersCounter\":true }' data-custom-animations=\"true\" data-ca-options='{\"triggerHandler\":\"inview\",\"animationTarget\":\".lqd-pf-item\",\"duration\":\"1800\",\"delay\":\"80\",\"ease\":\"power4.out\",\"initValues\":{\"opacity\":0},\"animations\":{\"opacity\":1}}'><div class=\"lqd-pf-column col-md-3 col-sm-6 col-xs-12 col-sm-6 col-xs-12 masonry-item ev-urunleri\">\n\n\t<article id=\"post-14931\" class=\"lqd-pf-item pos-rel lqd-pf-item-style-6 border-radius-6 p-3 pt-4 lqd-pf-dark post-14931 liquid-portfolio type-liquid-portfolio status-publish format-standard has-post-thumbnail hentry liquid-portfolio-category-ev-urunleri\">\n\t\t<div class=\"lqd-pf-item-inner\">\n\n\t\t\t<div class=\"lqd-pf-img mb-3 pos-rel border-radius-10 overflow-hidden\">\n\t\t\t\t<figure>\n\t\t\t\t\t<figure ><img loading=\"lazy\" decoding=\"async\" width=\"748\" height=\"512\" src=\"https:\/\/www.durandogan.com\/wp-content\/uploads\/2021\/07\/durandogan0201-copy-min-scaled-1-748x512.jpg\" class=\"w-100 wp-post-image\" alt=\"\" \/><\/figure>\t\t\t\t<\/figure>\n\t\t\t\t<span class=\"lqd-pf-overlay-bg lqd-overlay d-flex align-items-center justify-content-center\">\n\t\t\t\t<\/span>\n\t\t\t<\/div>\n\n\t\t\t<div class=\"lqd-pf-details\">\n\t\t\t\t<div class=\"d-flex justify-content-between\">\n\t\t\t\t\t\t\t\t\t\t<h2 class=\"lqd-pf-title mt-0 align-items-center \">DD HH1<\/h2>\t\t\t\t\t\t\t\t\t<\/div>\n\t\t\t\t<ul class=\"reset-ul inline-nav lqd-pf-cat d-inline-flex pos-rel z-index-2 w-100\"><li><a href=\"https:\/\/www.durandogan.com\/?portfolio-category=ev-urunleri\">Ev \u00dcr\u00fcnleri<\/a><\/li><\/ul>\t\t\t<\/div>\n\n\t\t\t<a href=\"https:\/\/www.durandogan.com\/wp-content\/uploads\/2021\/07\/durandogan0201-copy-min-scaled-1.jpg\" class=\"lqd-overlay lqd-pf-overlay-link fresco lqd-cc-icon-trigger\" data-fresco-group=\"ld_portfolio_listing_69f1dee9208e3_lqd\"><\/a>\n\t\t<\/div>\n\t<\/article>\n\n<\/div><div class=\"lqd-pf-column col-md-3 col-sm-6 col-xs-12 col-sm-6 col-xs-12 masonry-item ev-urunleri\">\n\n\t<article id=\"post-14932\" class=\"lqd-pf-item pos-rel lqd-pf-item-style-6 border-radius-6 p-3 pt-4 lqd-pf-dark post-14932 liquid-portfolio type-liquid-portfolio status-publish format-standard has-post-thumbnail hentry liquid-portfolio-category-ev-urunleri\">\n\t\t<div class=\"lqd-pf-item-inner\">\n\n\t\t\t<div class=\"lqd-pf-img mb-3 pos-rel border-radius-10 overflow-hidden\">\n\t\t\t\t<figure>\n\t\t\t\t\t<figure ><img loading=\"lazy\" decoding=\"async\" width=\"748\" height=\"512\" src=\"https:\/\/www.durandogan.com\/wp-content\/uploads\/2021\/07\/2021-01-26-18-05-46-ARadius24Smoothing4-min-scaled-1-748x512.jpg\" class=\"w-100 wp-post-image\" alt=\"\" \/><\/figure>\t\t\t\t<\/figure>\n\t\t\t\t<span class=\"lqd-pf-overlay-bg lqd-overlay d-flex align-items-center justify-content-center\">\n\t\t\t\t<\/span>\n\t\t\t<\/div>\n\n\t\t\t<div class=\"lqd-pf-details\">\n\t\t\t\t<div class=\"d-flex justify-content-between\">\n\t\t\t\t\t\t\t\t\t\t<h2 class=\"lqd-pf-title mt-0 align-items-center \">DD HH2<\/h2>\t\t\t\t\t\t\t\t\t<\/div>\n\t\t\t\t<ul class=\"reset-ul inline-nav lqd-pf-cat d-inline-flex pos-rel z-index-2 w-100\"><li><a href=\"https:\/\/www.durandogan.com\/?portfolio-category=ev-urunleri\">Ev \u00dcr\u00fcnleri<\/a><\/li><\/ul>\t\t\t<\/div>\n\n\t\t\t<a href=\"https:\/\/www.durandogan.com\/wp-content\/uploads\/2021\/07\/2021-01-26-18-05-46-ARadius24Smoothing4-min-scaled-1.jpg\" class=\"lqd-overlay lqd-pf-overlay-link fresco lqd-cc-icon-trigger\" data-fresco-group=\"ld_portfolio_listing_69f1dee9208e3_lqd\"><\/a>\n\t\t<\/div>\n\t<\/article>\n\n<\/div><div class=\"lqd-pf-column col-md-3 col-sm-6 col-xs-12 col-sm-6 col-xs-12 masonry-item ev-urunleri\">\n\n\t<article id=\"post-14933\" class=\"lqd-pf-item pos-rel lqd-pf-item-style-6 border-radius-6 p-3 pt-4 lqd-pf-dark post-14933 liquid-portfolio type-liquid-portfolio status-publish format-standard has-post-thumbnail hentry liquid-portfolio-category-ev-urunleri\">\n\t\t<div class=\"lqd-pf-item-inner\">\n\n\t\t\t<div class=\"lqd-pf-img mb-3 pos-rel border-radius-10 overflow-hidden\">\n\t\t\t\t<figure>\n\t\t\t\t\t<figure ><img loading=\"lazy\" decoding=\"async\" width=\"748\" height=\"512\" src=\"https:\/\/www.durandogan.com\/wp-content\/uploads\/2021\/07\/2021-01-22-14-07-29-ARadius24Smoothing4-min-scaled-1-748x512.jpg\" class=\"w-100 wp-post-image\" alt=\"\" \/><\/figure>\t\t\t\t<\/figure>\n\t\t\t\t<span class=\"lqd-pf-overlay-bg lqd-overlay d-flex align-items-center justify-content-center\">\n\t\t\t\t<\/span>\n\t\t\t<\/div>\n\n\t\t\t<div class=\"lqd-pf-details\">\n\t\t\t\t<div class=\"d-flex justify-content-between\">\n\t\t\t\t\t\t\t\t\t\t<h2 class=\"lqd-pf-title mt-0 align-items-center \">DD HH3<\/h2>\t\t\t\t\t\t\t\t\t<\/div>\n\t\t\t\t<ul class=\"reset-ul inline-nav lqd-pf-cat d-inline-flex pos-rel z-index-2 w-100\"><li><a href=\"https:\/\/www.durandogan.com\/?portfolio-category=ev-urunleri\">Ev \u00dcr\u00fcnleri<\/a><\/li><\/ul>\t\t\t<\/div>\n\n\t\t\t<a href=\"https:\/\/www.durandogan.com\/wp-content\/uploads\/2021\/07\/2021-01-22-14-07-29-ARadius24Smoothing4-min-scaled-1.jpg\" class=\"lqd-overlay lqd-pf-overlay-link fresco lqd-cc-icon-trigger\" data-fresco-group=\"ld_portfolio_listing_69f1dee9208e3_lqd\"><\/a>\n\t\t<\/div>\n\t<\/article>\n\n<\/div><div class=\"lqd-pf-column col-md-3 col-sm-6 col-xs-12 col-sm-6 col-xs-12 masonry-item ev-urunleri\">\n\n\t<article id=\"post-14934\" class=\"lqd-pf-item pos-rel lqd-pf-item-style-6 border-radius-6 p-3 pt-4 lqd-pf-dark post-14934 liquid-portfolio type-liquid-portfolio status-publish format-standard has-post-thumbnail hentry liquid-portfolio-category-ev-urunleri\">\n\t\t<div class=\"lqd-pf-item-inner\">\n\n\t\t\t<div class=\"lqd-pf-img mb-3 pos-rel border-radius-10 overflow-hidden\">\n\t\t\t\t<figure>\n\t\t\t\t\t<figure ><img loading=\"lazy\" decoding=\"async\" width=\"748\" height=\"512\" src=\"https:\/\/www.durandogan.com\/wp-content\/uploads\/2021\/07\/2021-01-12-21-50-38-ARadius24Smoothing4-min-scaled-1-748x512.jpg\" class=\"w-100 wp-post-image\" alt=\"\" \/><\/figure>\t\t\t\t<\/figure>\n\t\t\t\t<span class=\"lqd-pf-overlay-bg lqd-overlay d-flex align-items-center justify-content-center\">\n\t\t\t\t<\/span>\n\t\t\t<\/div>\n\n\t\t\t<div class=\"lqd-pf-details\">\n\t\t\t\t<div class=\"d-flex justify-content-between\">\n\t\t\t\t\t\t\t\t\t\t<h2 class=\"lqd-pf-title mt-0 align-items-center \">DD HH4<\/h2>\t\t\t\t\t\t\t\t\t<\/div>\n\t\t\t\t<ul class=\"reset-ul inline-nav lqd-pf-cat d-inline-flex pos-rel z-index-2 w-100\"><li><a href=\"https:\/\/www.durandogan.com\/?portfolio-category=ev-urunleri\">Ev \u00dcr\u00fcnleri<\/a><\/li><\/ul>\t\t\t<\/div>\n\n\t\t\t<a href=\"https:\/\/www.durandogan.com\/wp-content\/uploads\/2021\/07\/2021-01-12-21-50-38-ARadius24Smoothing4-min-scaled-1.jpg\" class=\"lqd-overlay lqd-pf-overlay-link fresco lqd-cc-icon-trigger\" data-fresco-group=\"ld_portfolio_listing_69f1dee9208e3_lqd\"><\/a>\n\t\t<\/div>\n\t<\/article>\n\n<\/div><div class=\"lqd-pf-column col-md-3 col-sm-6 col-xs-12 col-sm-6 col-xs-12 masonry-item ev-urunleri\">\n\n\t<article id=\"post-14935\" class=\"lqd-pf-item pos-rel lqd-pf-item-style-6 border-radius-6 p-3 pt-4 lqd-pf-dark post-14935 liquid-portfolio type-liquid-portfolio status-publish format-standard has-post-thumbnail hentry liquid-portfolio-category-ev-urunleri\">\n\t\t<div class=\"lqd-pf-item-inner\">\n\n\t\t\t<div class=\"lqd-pf-img mb-3 pos-rel border-radius-10 overflow-hidden\">\n\t\t\t\t<figure>\n\t\t\t\t\t<figure ><img loading=\"lazy\" decoding=\"async\" width=\"748\" height=\"512\" src=\"https:\/\/www.durandogan.com\/wp-content\/uploads\/2021\/07\/Durandogan1619-min-scaled-1-748x512.jpg\" class=\"w-100 wp-post-image\" alt=\"\" \/><\/figure>\t\t\t\t<\/figure>\n\t\t\t\t<span class=\"lqd-pf-overlay-bg lqd-overlay d-flex align-items-center justify-content-center\">\n\t\t\t\t<\/span>\n\t\t\t<\/div>\n\n\t\t\t<div class=\"lqd-pf-details\">\n\t\t\t\t<div class=\"d-flex justify-content-between\">\n\t\t\t\t\t\t\t\t\t\t<h2 class=\"lqd-pf-title mt-0 align-items-center \">DD HH5<\/h2>\t\t\t\t\t\t\t\t\t<\/div>\n\t\t\t\t<ul class=\"reset-ul inline-nav lqd-pf-cat d-inline-flex pos-rel z-index-2 w-100\"><li><a href=\"https:\/\/www.durandogan.com\/?portfolio-category=ev-urunleri\">Ev \u00dcr\u00fcnleri<\/a><\/li><\/ul>\t\t\t<\/div>\n\n\t\t\t<a href=\"https:\/\/www.durandogan.com\/wp-content\/uploads\/2021\/07\/Durandogan1619-min-scaled-1.jpg\" class=\"lqd-overlay lqd-pf-overlay-link fresco lqd-cc-icon-trigger\" data-fresco-group=\"ld_portfolio_listing_69f1dee9208e3_lqd\"><\/a>\n\t\t<\/div>\n\t<\/article>\n\n<\/div><\/div><!-- \/.liquid-portfolio-list-row --><\/div><!-- \/.liquid-portfolio-list -->[\/vc_column][\/vc_row]<\/p>\n","protected":false},"excerpt":{"rendered":"<p>[vc_row full_width=&#8221;stretch_row&#8221; responsive_css=&#8221;padding_top_medium:220px|padding_right_medium:35px|padding_left_medium:35px&#8221; css=&#8221;.vc_custom_1611750213101{padding-top: 120px !important;}&#8221;][vc_column width=&#8221;1\/2&#8243; offset=&#8221;vc_col-lg-5 vc_col-md-6&#8243;][\/vc_column][vc_column width=&#8221;1\/2&#8243;][\/vc_column][\/vc_row][vc_row full_width=&#8221;stretch_row&#8221; responsive_css=&#8221;padding_right_medium:35px|padding_left_medium:35px&#8221; css=&#8221;.vc_custom_1579684978296{padding-top: 60px !important;}&#8221;][vc_column][\/vc_column][\/vc_row]<\/p>\n","protected":false},"author":2,"featured_media":0,"parent":0,"menu_order":0,"comment_status":"closed","ping_status":"closed","template":"","meta":{"footnotes":""},"class_list":["post-13910","page","type-page","status-publish","hentry"],"lang":"tr","translations":{"tr":13910,"en":14640},"pll_sync_post":[],"_links":{"self":[{"href":"https:\/\/www.durandogan.com\/index.php?rest_route=\/wp\/v2\/pages\/13910","targetHints":{"allow":["GET"]}}],"collection":[{"href":"https:\/\/www.durandogan.com\/index.php?rest_route=\/wp\/v2\/pages"}],"about":[{"href":"https:\/\/www.durandogan.com\/index.php?rest_route=\/wp\/v2\/types\/page"}],"author":[{"embeddable":true,"href":"https:\/\/www.durandogan.com\/index.php?rest_route=\/wp\/v2\/users\/2"}],"replies":[{"embeddable":true,"href":"https:\/\/www.durandogan.com\/index.php?rest_route=%2Fwp%2Fv2%2Fcomments&post=13910"}],"version-history":[{"count":5,"href":"https:\/\/www.durandogan.com\/index.php?rest_route=\/wp\/v2\/pages\/13910\/revisions"}],"predecessor-version":[{"id":17364,"href":"https:\/\/www.durandogan.com\/index.php?rest_route=\/wp\/v2\/pages\/13910\/revisions\/17364"}],"wp:attachment":[{"href":"https:\/\/www.durandogan.com\/index.php?rest_route=%2Fwp%2Fv2%2Fmedia&parent=13910"}],"curies":[{"name":"wp","href":"https:\/\/api.w.org\/{rel}","templated":true}]}}