{"id":14001,"date":"2021-07-03T01:46:06","date_gmt":"2021-07-03T01:46:06","guid":{"rendered":"https:\/\/ddpack.online\/is-sagligi-ve-guvenligi-copy\/"},"modified":"2026-04-29T16:15:49","modified_gmt":"2026-04-29T13:15:49","slug":"occupational-health-and-safety","status":"publish","type":"page","link":"https:\/\/www.durandogan.com\/?page_id=14001&lang=en","title":{"rendered":"Occupational Health and Safety"},"content":{"rendered":"<p>[vc_row content_placement=&#8221;middle&#8221; parallax=&#8221;enable_parallax&#8221; bg_position=&#8221;center center&#8221; bg_attachment=&#8221;fixed&#8221; enable_overlay=&#8221;yes&#8221; css=&#8221;.vc_custom_1625613929797{padding-top: 140px !important;padding-bottom: 80px !important;background: #202045 url(https:\/\/www.durandogan.com\/wp-content\/uploads\/2021\/07\/kyle-levesque-TB-GyBM8Kpc-unsplash.jpg?id=14838);background-position:center;background-repeat:-repeat;background-size:cover;}&#8221; responsive_css=&#8221;padding_top_medium:170px&#8221; overlay_bg=&#8221;rgba(0, 0, 0, 0.39)&#8221;][vc_column width=&#8221;1\/6&#8243;][\/vc_column][vc_column width=&#8221;2\/3&#8243;]<style>.ld_spacer_69f3c3a01f069{height:60px;}<\/style>\n<div class=\"ld-empty-space ld_spacer_69f3c3a01f069\"><\/div><style>.ld_fancy_heading_69f3c3a01f2aa h4{color:rgb(255, 255, 255);background:rgba(115, 0, 20, 0.91);}.ld_fancy_heading_69f3c3a01f2aa h4 {font-size:19px; } .ld_fancy_heading_69f3c3a01f2aa h4 {font-weight:700; } .ld_fancy_heading_69f3c3a01f2aa h4 {letter-spacing:0.08em; } .ld_fancy_heading_69f3c3a01f2aa h4 {margin-bottom:0px !important;  } .ld_fancy_heading_69f3c3a01f2aa .lqd-highlight-inner{height:0.275em!important;bottom:0px!important;}.ld_fancy_heading_69f3c3a01f2aa h4 {font-size:19px; } .ld_fancy_heading_69f3c3a01f2aa h4 {font-weight:700; } .ld_fancy_heading_69f3c3a01f2aa h4 {letter-spacing:0.08em; } .ld_fancy_heading_69f3c3a01f2aa h4 {margin-bottom:0px !important;  } <\/style><div class=\"ld-fancy-heading ld-fh-has-fill text-center text-uppercase ld_fancy_heading_69f3c3a01f2aa\">\n\t<h4 class=\"ld-fh-element semi-round lqd-highlight-underline lqd-highlight-grow-left text-decoration-default\"   >  Quality &amp; Assurance<\/h4><\/div><style>.ld_spacer_69f3c3a01ffc8{height:32px;}<\/style>\n<div class=\"ld-empty-space ld_spacer_69f3c3a01ffc8\"><\/div><style>.ld_fancy_heading_69f3c3a0201ac h1{color:rgb(255, 255, 255);}@media (min-width: 992px) { .ld_fancy_heading_69f3c3a0201ac h1 {font-size:74px; }  } .ld_fancy_heading_69f3c3a0201ac h1 {line-height:0.9em; } .ld_fancy_heading_69f3c3a0201ac h1 {--element-line-height:0.9em; } .ld_fancy_heading_69f3c3a0201ac .lqd-highlight-inner{height:0.275em!important;bottom:0px!important;}@media (min-width: 992px) { .ld_fancy_heading_69f3c3a0201ac h1 {font-size:74px; }  } .ld_fancy_heading_69f3c3a0201ac h1 {line-height:0.9em; } .ld_fancy_heading_69f3c3a0201ac h1 {--element-line-height:0.9em; } <\/style><div class=\"ld-fancy-heading text-center ld_fancy_heading_69f3c3a0201ac\">\n\t<h1 class=\"ld-fh-element lqd-highlight-underline lqd-highlight-grow-left text-decoration-default\"   >  Occupational Health and Safety<\/h1><\/div><style>.ld_spacer_69f3c3a0205a0{height:32px;}<\/style>\n<div class=\"ld-empty-space ld_spacer_69f3c3a0205a0\"><\/div><style>.ld_fancy_heading_69f3c3a020761 p{color:rgba(255, 255, 255, 0.7);}.ld_fancy_heading_69f3c3a020761 p {font-size:17px; } .ld_fancy_heading_69f3c3a020761 p {line-height:1.3em; } .ld_fancy_heading_69f3c3a020761 p {--element-line-height:1.3em; } .ld_fancy_heading_69f3c3a020761 .lqd-highlight-inner{height:0.275em!important;bottom:0px!important;}.ld_fancy_heading_69f3c3a020761 p {font-size:17px; } .ld_fancy_heading_69f3c3a020761 p {line-height:1.3em; } .ld_fancy_heading_69f3c3a020761 p {--element-line-height:1.3em; } <\/style><div class=\"ld-fancy-heading text-center ld_fancy_heading_69f3c3a020761\">\n\t<p class=\"ld-fh-element lqd-highlight-underline lqd-highlight-grow-left text-decoration-default\"   >  Our company has adopted the motto of &#8220;HEALTH FIRST&#8221;, which prioritizes quality and customer requirements with its Occupational Health and Safety Policy.<\/p><\/div>[\/vc_column][vc_column width=&#8221;1\/6&#8243;][\/vc_column][\/vc_row][vc_row css=&#8221;.vc_custom_1625614045976{margin-top: 75px !important;margin-bottom: 20px !important;}&#8221;][vc_column enable_content_animation=&#8221;yes&#8221; animation_preset=&#8221;Fade In Left&#8221; responsive_css=&#8221;margin_top_large:30px|margin_bottom_large:30px&#8221;]<style>.ld_fancy_heading_69f3c3a020a48 h3{color:#882731;}@media (min-width: 992px) { .ld_fancy_heading_69f3c3a020a48 h3 {font-size:45px; }  } .ld_fancy_heading_69f3c3a020a48 h3 {line-height:0.9em; } .ld_fancy_heading_69f3c3a020a48 h3 {--element-line-height:0.9em; } .ld_fancy_heading_69f3c3a020a48 .lqd-highlight-inner{height:0.275em!important;bottom:0px!important;}@media (min-width: 992px) { .ld_fancy_heading_69f3c3a020a48 h3 {font-size:45px; }  } .ld_fancy_heading_69f3c3a020a48 h3 {line-height:0.9em; } .ld_fancy_heading_69f3c3a020a48 h3 {--element-line-height:0.9em; } <\/style><div class=\"ld-fancy-heading text-left ld_fancy_heading_69f3c3a020a48\">\n\t<h3 class=\"ld-fh-element lqd-highlight-underline lqd-highlight-grow-left text-decoration-default lqd-split-words\"  data-parallax=\"true\" data-parallax-options='{\"overflowHidden\":false,\"ease\":\"linear\",\"start\":\"top bottom\"}' data-split-text=\"true\" data-split-options='{\"type\":\"words\"}'>  <strong>OCCUPATIONAL HEALTH AND SAFETY POLICY<\/strong><\/h3><\/div>[vc_column_text]The Occupational Health and Safety Policy adopted by Duran Do\u011fan Bas\u0131m ve Ambalaj Sanayi A.\u015e. is based on respect for human beings and the environment in which we live.<\/p>\n<p>Occupational Health and Safety (OHS) is a top priority in all areas where Duran Do\u011fan Bas\u0131m ve Ambalaj Sanayi A.\u015e. operates, and everyone is obliged to do what is necessary within the limits of their authority to ensure a safe and healthy working environment.<\/p>\n<p>One of our most important goals is to protect all our employees and the environment we operate in against the potential risks of our industry.<\/p>\n<p>In this regard, as our OHS policy, we undertake to;<\/p>\n<p>Take all kinds of measures in accordance with the OHS legislation in force and other requirements related to OHS, have tools, materials and Personal Protective Equipment and ensure that they are used when necessary, in order to ensure the health and safety of employees, subcontractors, visitors in the workplace and our company personnel working outside the workplace,<\/p>\n<p>Identify and eliminate unsafe situations and activities that may cause work accidents and occupational diseases in the workplace and its attachments and possible accident risks in advance by conducting an effective risk assessment,<\/p>\n<p>Identify the risks that may cause work accidents and occupational diseases in the workplace, ensure the safety and social welfare of employees at all levels and visitors, and reduce all kinds of material and moral losses that may arise in the future for themselves and their families,<\/p>\n<p>Train our employees in the field of occupational health and safety and ensure that they achieve a good occupational health and safety awareness,<\/p>\n<p>Ensure that subcontractors providing services and visitors in the workplace comply with the rules on occupational health and safety set by Duran Do\u011fan Bas\u0131m ve Ambalaj A.\u015e,<\/p>\n<p>Make Duran Do\u011fan Bas\u0131m ve Ambalaj Sanayi A.\u015e. an exemplary company in terms of OHS practices before the affiliated institutions and chambers of industry,<\/p>\n<p>Anticipate the possible situations that may be encountered in the future considering the development of the industrial world, continuously improve and review our situation,<\/p>\n<p>Ensure the continuity of our OHS Management System, which has been established and is being carried out in this regard.[\/vc_column_text]<style>.ld_spacer_69f3c3a020bff{height:52px;}<\/style>\n<div class=\"ld-empty-space ld_spacer_69f3c3a020bff\"><\/div><style>.ld_fancy_heading_69f3c3a020da4 h3{color:#882731;}@media (min-width: 992px) { .ld_fancy_heading_69f3c3a020da4 h3 {font-size:45px; }  } .ld_fancy_heading_69f3c3a020da4 h3 {line-height:0.9em; } .ld_fancy_heading_69f3c3a020da4 h3 {--element-line-height:0.9em; } .ld_fancy_heading_69f3c3a020da4 .lqd-highlight-inner{height:0.275em!important;bottom:0px!important;}@media (min-width: 992px) { .ld_fancy_heading_69f3c3a020da4 h3 {font-size:45px; }  } .ld_fancy_heading_69f3c3a020da4 h3 {line-height:0.9em; } .ld_fancy_heading_69f3c3a020da4 h3 {--element-line-height:0.9em; } <\/style><div class=\"ld-fancy-heading text-left ld_fancy_heading_69f3c3a020da4\">\n\t<h3 class=\"ld-fh-element lqd-highlight-underline lqd-highlight-grow-left text-decoration-default lqd-split-words\"  data-parallax=\"true\" data-parallax-options='{\"overflowHidden\":false,\"ease\":\"linear\",\"start\":\"top bottom\"}' data-split-text=\"true\" data-split-options='{\"type\":\"words\"}'>  As a requirement of this policy;<\/h3><\/div><style>.ld_spacer_69f3c3a020f12{height:32px;}<\/style>\n<div class=\"ld-empty-space ld_spacer_69f3c3a020f12\"><\/div><style>.ld_icon_box_69f3c3a021125 .iconbox-icon-container{color:rgb(136, 39, 49);font-size:15px;width:47px !important;height:47px !important;background:rgb(255, 255, 255);border-radius:px;}.ld_icon_box_69f3c3a021125:hover .iconbox-icon-container{color:rgb(255, 255, 255);}.ld_icon_box_69f3c3a021125 .iconbox-icon-wrap{margin-inline-end:22px !important;}.ld_icon_box_69f3c3a021125 .iconbox-icon-container:before{border-color:rgb(255, 255, 255);}.ld_icon_box_69f3c3a021125 .iconbox-icon-container .iconbox-icon-hover-bg{background:rgb(136, 39, 49);}.ld_icon_box_69f3c3a021125:hover .iconbox-icon-container:before{border-color:rgb(136, 39, 49);}.ld_icon_box_69f3c3a021125 .lqd-iconbox-title{margin-bottom:15px;font-size:17px;}<\/style>\n<div class=\"iconbox iconbox-side text-left iconbox-icon-shadow iconbox-circle iconbox-icon-linked ld_icon_box_69f3c3a021125 vc_custom_1625440191076\" id=\"ld_icon_box_69f3c3a021125\"  data-animate-icon=\"true\" data-plugin-options='{\"color\":\"rgb(136, 39, 49)\",\"hoverColor\":\"rgb(255, 255, 255)\"}'  >\n\t\n\t\t\t\t\t\n\t\n\t<div class=\"iconbox-icon-wrap\"><span class=\"iconbox-icon-container\"><span class=\"iconbox-icon-hover-bg\"><\/span><i class=\"lqd-icn-ess icon-num-1\"><\/i><\/span><\/div>\t\n\t\t\n\t<div class=\"contents\">\t\n\t\t\n\t\t<p>To comply with the legislation (laws, regulations, regulations) in force on Occupational Health and Safety issues, to adopt international standards in this regard and to act accordingly.<\/p>\n\t\t\n\t<\/div>\t\n\t\n<\/div>\n<style>.ld_icon_box_69f3c3a021eb9 .iconbox-icon-container{color:rgb(136, 39, 49);font-size:15px;width:47px !important;height:47px !important;background:rgb(255, 255, 255);border-radius:px;}.ld_icon_box_69f3c3a021eb9:hover .iconbox-icon-container{color:rgb(255, 255, 255);}.ld_icon_box_69f3c3a021eb9 .iconbox-icon-wrap{margin-inline-end:22px !important;}.ld_icon_box_69f3c3a021eb9 .iconbox-icon-container:before{border-color:rgb(255, 255, 255);}.ld_icon_box_69f3c3a021eb9 .iconbox-icon-container .iconbox-icon-hover-bg{background:rgb(136, 39, 49);}.ld_icon_box_69f3c3a021eb9:hover .iconbox-icon-container:before{border-color:rgb(136, 39, 49);}.ld_icon_box_69f3c3a021eb9 .lqd-iconbox-title{margin-bottom:15px;font-size:17px;}<\/style>\n<div class=\"iconbox iconbox-side text-left iconbox-icon-shadow iconbox-circle iconbox-icon-linked ld_icon_box_69f3c3a021eb9 vc_custom_1625440211887\" id=\"ld_icon_box_69f3c3a021eb9\"  data-animate-icon=\"true\" data-plugin-options='{\"color\":\"rgb(136, 39, 49)\",\"hoverColor\":\"rgb(255, 255, 255)\"}'  >\n\t\n\t\t\t\t\t\n\t\n\t<div class=\"iconbox-icon-wrap\"><span class=\"iconbox-icon-container\"><span class=\"iconbox-icon-hover-bg\"><\/span><i class=\"lqd-icn-ess icon-num-2\"><\/i><\/span><\/div>\t\n\t\t\n\t<div class=\"contents\">\t\n\t\t\n\t\t<p>To control the risks related to Occupational Health and Safety with a systematic approach, to ensure their continuity by following the innovations and developments in the fields of Occupational Health and Safety with the principle of continuous improvement.<\/p>\n\t\t\n\t<\/div>\t\n\t\n<\/div>\n<style>.ld_icon_box_69f3c3a022e1e .iconbox-icon-container{color:rgb(136, 39, 49);font-size:15px;width:47px !important;height:47px !important;background:rgb(255, 255, 255);border-radius:px;}.ld_icon_box_69f3c3a022e1e:hover .iconbox-icon-container{color:rgb(255, 255, 255);}.ld_icon_box_69f3c3a022e1e .iconbox-icon-wrap{margin-inline-end:22px !important;}.ld_icon_box_69f3c3a022e1e .iconbox-icon-container:before{border-color:rgb(255, 255, 255);}.ld_icon_box_69f3c3a022e1e .iconbox-icon-container .iconbox-icon-hover-bg{background:rgb(136, 39, 49);}.ld_icon_box_69f3c3a022e1e:hover .iconbox-icon-container:before{border-color:rgb(136, 39, 49);}.ld_icon_box_69f3c3a022e1e .lqd-iconbox-title{margin-bottom:15px;font-size:17px;}<\/style>\n<div class=\"iconbox iconbox-side text-left iconbox-icon-shadow iconbox-circle iconbox-icon-linked ld_icon_box_69f3c3a022e1e vc_custom_1625440282748\" id=\"ld_icon_box_69f3c3a022e1e\"  data-animate-icon=\"true\" data-plugin-options='{\"color\":\"rgb(136, 39, 49)\",\"hoverColor\":\"rgb(255, 255, 255)\"}'  >\n\t\n\t\t\t\t\t\n\t\n\t<div class=\"iconbox-icon-wrap\"><span class=\"iconbox-icon-container\"><span class=\"iconbox-icon-hover-bg\"><\/span><i class=\"lqd-icn-ess icon-num-3\"><\/i><\/span><\/div>\t\n\t\t\n\t<div class=\"contents\">\t\n\t\t\n\t\t<p>Evaluating the effects of new products, facilities and processes in terms of Occupational Health and Safety at the project stage, analyzing the risks that may arise<\/p>\n\t\t\n\t<\/div>\t\n\t\n<\/div>\n<style>.ld_icon_box_69f3c3a023440 .iconbox-icon-container{color:rgb(136, 39, 49);font-size:15px;width:47px !important;height:47px !important;background:rgb(255, 255, 255);border-radius:px;}.ld_icon_box_69f3c3a023440:hover .iconbox-icon-container{color:rgb(255, 255, 255);}.ld_icon_box_69f3c3a023440 .iconbox-icon-wrap{margin-inline-end:22px !important;}.ld_icon_box_69f3c3a023440 .iconbox-icon-container:before{border-color:rgb(255, 255, 255);}.ld_icon_box_69f3c3a023440 .iconbox-icon-container .iconbox-icon-hover-bg{background:rgb(136, 39, 49);}.ld_icon_box_69f3c3a023440:hover .iconbox-icon-container:before{border-color:rgb(136, 39, 49);}.ld_icon_box_69f3c3a023440 .lqd-iconbox-title{margin-bottom:15px;font-size:17px;}<\/style>\n<div class=\"iconbox iconbox-side text-left iconbox-icon-shadow iconbox-circle iconbox-icon-linked ld_icon_box_69f3c3a023440 vc_custom_1625440306117\" id=\"ld_icon_box_69f3c3a023440\"  data-animate-icon=\"true\" data-plugin-options='{\"color\":\"rgb(136, 39, 49)\",\"hoverColor\":\"rgb(255, 255, 255)\"}'  >\n\t\n\t\t\t\t\t\n\t\n\t<div class=\"iconbox-icon-wrap\"><span class=\"iconbox-icon-container\"><span class=\"iconbox-icon-hover-bg\"><\/span><i class=\"lqd-icn-ess icon-num-4\"><\/i><\/span><\/div>\t\n\t\t\n\t<div class=\"contents\">\t\n\t\t\n\t\t<p>By controlling the hazards at the source with the participation of all employees, to prevent accidents and diseases and, accordingly, labor losses<\/p>\n\t\t\n\t<\/div>\t\n\t\n<\/div>\n<style>.ld_icon_box_69f3c3a02375a .iconbox-icon-container{color:rgb(136, 39, 49);font-size:15px;width:47px !important;height:47px !important;background:rgb(255, 255, 255);border-radius:px;}.ld_icon_box_69f3c3a02375a:hover .iconbox-icon-container{color:rgb(255, 255, 255);}.ld_icon_box_69f3c3a02375a .iconbox-icon-wrap{margin-inline-end:22px !important;}.ld_icon_box_69f3c3a02375a .iconbox-icon-container:before{border-color:rgb(255, 255, 255);}.ld_icon_box_69f3c3a02375a .iconbox-icon-container .iconbox-icon-hover-bg{background:rgb(136, 39, 49);}.ld_icon_box_69f3c3a02375a:hover .iconbox-icon-container:before{border-color:rgb(136, 39, 49);}.ld_icon_box_69f3c3a02375a .lqd-iconbox-title{margin-bottom:15px;font-size:17px;}<\/style>\n<div class=\"iconbox iconbox-side text-left iconbox-icon-shadow iconbox-circle iconbox-icon-linked ld_icon_box_69f3c3a02375a vc_custom_1625440320788\" id=\"ld_icon_box_69f3c3a02375a\"  data-animate-icon=\"true\" data-plugin-options='{\"color\":\"rgb(136, 39, 49)\",\"hoverColor\":\"rgb(255, 255, 255)\"}'  >\n\t\n\t\t\t\t\t\n\t\n\t<div class=\"iconbox-icon-wrap\"><span class=\"iconbox-icon-container\"><span class=\"iconbox-icon-hover-bg\"><\/span><i class=\"lqd-icn-ess icon-num-5\"><\/i><\/span><\/div>\t\n\t\t\n\t<div class=\"contents\">\t\n\t\t\n\t\t<p>To take measures and develop methods to prevent material and moral losses in any accident or emergency that may occur during work.<\/p>\n\t\t\n\t<\/div>\t\n\t\n<\/div>\n<style>.ld_icon_box_69f3c3a023a28 .iconbox-icon-container{color:rgb(136, 39, 49);font-size:15px;width:47px !important;height:47px !important;background:rgb(255, 255, 255);border-radius:px;}.ld_icon_box_69f3c3a023a28:hover .iconbox-icon-container{color:rgb(255, 255, 255);}.ld_icon_box_69f3c3a023a28 .iconbox-icon-wrap{margin-inline-end:22px !important;}.ld_icon_box_69f3c3a023a28 .iconbox-icon-container:before{border-color:rgb(255, 255, 255);}.ld_icon_box_69f3c3a023a28 .iconbox-icon-container .iconbox-icon-hover-bg{background:rgb(136, 39, 49);}.ld_icon_box_69f3c3a023a28:hover .iconbox-icon-container:before{border-color:rgb(136, 39, 49);}.ld_icon_box_69f3c3a023a28 .lqd-iconbox-title{margin-bottom:15px;font-size:17px;}<\/style>\n<div class=\"iconbox iconbox-side text-left iconbox-icon-shadow iconbox-circle iconbox-icon-linked ld_icon_box_69f3c3a023a28 vc_custom_1625440338026\" id=\"ld_icon_box_69f3c3a023a28\"  data-animate-icon=\"true\" data-plugin-options='{\"color\":\"rgb(136, 39, 49)\",\"hoverColor\":\"rgb(255, 255, 255)\"}'  >\n\t\n\t\t\t\t\t\n\t\n\t<div class=\"iconbox-icon-wrap\"><span class=\"iconbox-icon-container\"><span class=\"iconbox-icon-hover-bg\"><\/span><i class=\"lqd-icn-ess icon-num-6\"><\/i><\/span><\/div>\t\n\t\t\n\t<div class=\"contents\">\t\n\t\t\n\t\t<p>To train employees on occupational and occupational health and safety issues in order to achieve success and continuous development. To provide the necessary personal protective equipment and equipment in terms of occupational health and safety.<\/p>\n\t\t\n\t<\/div>\t\n\t\n<\/div>\n[\/vc_column][\/vc_row][vc_row gap=&#8221;25&#8243; enable_row_dividers=&#8221;yes&#8221; responsive_css=&#8221;padding_top_medium:120px|padding_bottom_medium:70px|padding_top_small:80px|padding_bottom_small:30px&#8221; css=&#8221;.vc_custom_1625433406589{padding-top: 60px !important;padding-bottom: 20px !important;background-color: #f7f7f7 !important;}&#8221; el_id=&#8221;rapor&#8221; row_svg_divider=&#8221;bottom_shape_color:%23874758|bottom_shape_height:210&#8243;][vc_column responsive_css=&#8221;margin_bottom_medium:20px&#8221;]<style>.ld_fancy_heading_69f3c3a023cdb h2 {font-size:22px; } @media (min-width: 992px) { .ld_fancy_heading_69f3c3a023cdb h2 {font-size:20px; }  } .ld_fancy_heading_69f3c3a023cdb .lqd-highlight-inner{height:0.275em!important;bottom:0px!important;}.ld_fancy_heading_69f3c3a023cdb h2 {font-size:22px; } @media (min-width: 992px) { .ld_fancy_heading_69f3c3a023cdb h2 {font-size:20px; }  } <\/style><div class=\"ld-fancy-heading mask-text ld_fancy_heading_69f3c3a023cdb\">\n\t<h2 class=\"ld-fh-element lqd-highlight-underline lqd-highlight-grow-left text-decoration-default lqd-split-words\"   data-split-text=\"true\" data-split-options='{\"type\":\"words\"}' data-custom-animations=\"true\" data-ca-options='{\"triggerHandler\":\"inview\",\"animationTarget\":\".lqd-words > .split-inner\",\"duration\":\"1000\",\"delay\":\"120\",\"ease\":\"power4.out\",\"direction\":\"forward\",\"initValues\":{\"y\":70},\"animations\":{\"y\":0}}'>  <strong>MANAGEMENT SYSTEMS &amp; CERTIFICATIONS<\/strong><\/h2><\/div><style>.vc_accordion_69f3c3a024be9 .accordion-title{font-size:19px;}.vc_accordion_69f3c3a024be9 .accordion-item.active .accordion-title a{color:rgb(255, 255, 255);background:rgba(86, 2, 11, 0.86);}.vc_accordion_69f3c3a024be9 .accordion-title a{background:rgb(229, 227, 227);}.vc_accordion_69f3c3a024be9 .accordion-title a, .vc_accordion_69f3c3a024be9 .accordion-item{border-color:rgb(144, 144, 144);}.vc_accordion_69f3c3a024be9 .accordion-item.active .accordion-title a, .vc_accordion_69f3c3a024be9 .accordion-item.active{border-color:rgb(101, 101, 101);}<\/style><div class=\"accordion accordion-lg accordion-heading-has-shadow accordion-body-shadow accordion-active-has-fill accordion-title-bordered accordion-title-round accordion-expander-left vc_accordion_69f3c3a024be9\" id=\"vc_accordion_69f3c3a024be9\"\n     role=\"tablist\" aria-multiselectable=\"true\">\n\n\t            <div class=\"accordion-item panel  \">\n\n                <div class=\"accordion-heading\" role=\"tab\" id=\"heading_lqd-1625241033622-416cef54-7f09\" data-id=\"lqd-1625241033622-416cef54-7f09\">\n                    <h4 class=\"accordion-title\" data-controls=\"lqd-1625241033622-416cef54-7f09\" tabindex=\"-1\">\n                        <a tabindex=\"0\" class=\"collapsed\" data-toggle=\"collapse\"  data-bs-toggle=\"collapse\"\n                           data-parent=\"#vc_accordion_69f3c3a024be9\" data-bs-parent=\"#vc_accordion_69f3c3a024be9\" href=\"#lqd-1625241033622-416cef54-7f09\" data-bs-target=\"#lqd-1625241033622-416cef54-7f09\"\n                           aria-expanded=\"false\" aria-controls=\"lqd-1625241033622-416cef54-7f09\">\n\n\t\t\t\t\t\t\t\n\t\t\t\t\t\t\tISO 45001\n\t\t\t\t\t\t\t                                <span class=\"accordion-expander\">\n\t\t\t\t\t\t\t\t\t\t\t\t\t\t\t\t\t\t\t<i class=\"fas fa-copy\"><\/i>\n\t\t\t\t\t\t\t\t\t\n\t\t\t\t\t\t\t\t\t\t\t\t\t\t\t\t\t\t\t<i class=\"far fa-copy\"><\/i>\n\t\t\t\t\t\t\t\t\t\t\t\t\t\t\t\t\t<\/span>\n\t\t\t\t\t\t\t\n                        <\/a>\n\n                    <\/h4>\n                <\/div>\n\n                <div id=\"lqd-1625241033622-416cef54-7f09\" class=\"accordion-collapse collapse\"\n                    data-bs-parent=\"#vc_accordion_69f3c3a024be9\" role=\"tabpanel\" aria-labelledby=\"heading_lqd-1625241033622-416cef54-7f09\">\n                    <div class=\"accordion-content\">\n\t\t\t\t\t\t[vc_raw_html]JTNDaWZyYW1lJTIwc3JjJTNEJTIyaHR0cHMlM0ElMkYlMkZ3d3cuZHVyYW5kb2dhbi5jb20lMkZ3cC1jb250ZW50JTJGdXBsb2FkcyUyRjIwMjUlMkYwNiUyRklTTyUyMDQ1MDAxX0VOXzAwMzA4NTktMjIuMDUuMjAyNV9PSFNBUy1VS0FTLlBERiUzRmNvbG9yJTNEZmZkYTM5JTI2YW1wJTNCdGl0bGUlM0QwJTI2YW1wJTNCYnlsaW5lJTNEMCUyNmFtcCUzQnBvcnRyYWl0JTNEMCUyMiUyMHdpZHRoJTNEJTIyMTAwJTI1JTIyJTIwaGVpZ2h0JTNEJTIyOTAwJTIyJTIwYWxsb3dmdWxsc2NyZWVuJTNEJTIyYWxsb3dmdWxsc2NyZWVuJTIyJTNFJTNDJTJGaWZyYW1lJTNF[\/vc_raw_html]                    <\/div>\n                <\/div>\n            <\/div>\n\t\t\t<\/div>[\/vc_column][\/vc_row]<\/p>\n","protected":false},"excerpt":{"rendered":"<p>[vc_row content_placement=&#8221;middle&#8221; parallax=&#8221;enable_parallax&#8221; bg_position=&#8221;center center&#8221; bg_attachment=&#8221;fixed&#8221; enable_overlay=&#8221;yes&#8221; css=&#8221;.vc_custom_1625613929797{padding-top: 140px !important;padding-bottom: 80px !important;background: #202045 url(https:\/\/www.durandogan.com\/wp-content\/uploads\/2021\/07\/kyle-levesque-TB-GyBM8Kpc-unsplash.jpg?id=14838);background-position:center;background-repeat:-repeat;background-size:cover;}&#8221; responsive_css=&#8221;padding_top_medium:170px&#8221; overlay_bg=&#8221;rgba(0, 0, 0, 0.39)&#8221;][vc_column width=&#8221;1\/6&#8243;][\/vc_column][vc_column width=&#8221;2\/3&#8243;][\/vc_column][vc_column width=&#8221;1\/6&#8243;][\/vc_column][\/vc_row][vc_row css=&#8221;.vc_custom_1625614045976{margin-top: 75px !important;margin-bottom: 20px !important;}&#8221;][vc_column enable_content_animation=&#8221;yes&#8221; animation_preset=&#8221;Fade In Left&#8221; responsive_css=&#8221;margin_top_large:30px|margin_bottom_large:30px&#8221;][vc_column_text]The Occupational Health and Safety Policy adopted by Duran Do\u011fan Bas\u0131m ve Ambalaj Sanayi A.\u015e. is based on respect for human beings and the [&hellip;]<\/p>\n","protected":false},"author":2,"featured_media":0,"parent":0,"menu_order":0,"comment_status":"closed","ping_status":"closed","template":"","meta":{"footnotes":""},"class_list":["post-14001","page","type-page","status-publish","hentry"],"lang":"en","translations":{"en":14001,"tr":13820},"pll_sync_post":[],"_links":{"self":[{"href":"https:\/\/www.durandogan.com\/index.php?rest_route=\/wp\/v2\/pages\/14001","targetHints":{"allow":["GET"]}}],"collection":[{"href":"https:\/\/www.durandogan.com\/index.php?rest_route=\/wp\/v2\/pages"}],"about":[{"href":"https:\/\/www.durandogan.com\/index.php?rest_route=\/wp\/v2\/types\/page"}],"author":[{"embeddable":true,"href":"https:\/\/www.durandogan.com\/index.php?rest_route=\/wp\/v2\/users\/2"}],"replies":[{"embeddable":true,"href":"https:\/\/www.durandogan.com\/index.php?rest_route=%2Fwp%2Fv2%2Fcomments&post=14001"}],"version-history":[{"count":13,"href":"https:\/\/www.durandogan.com\/index.php?rest_route=\/wp\/v2\/pages\/14001\/revisions"}],"predecessor-version":[{"id":17125,"href":"https:\/\/www.durandogan.com\/index.php?rest_route=\/wp\/v2\/pages\/14001\/revisions\/17125"}],"wp:attachment":[{"href":"https:\/\/www.durandogan.com\/index.php?rest_route=%2Fwp%2Fv2%2Fmedia&parent=14001"}],"curies":[{"name":"wp","href":"https:\/\/api.w.org\/{rel}","templated":true}]}}