{"id":14541,"date":"2021-07-03T01:29:59","date_gmt":"2021-07-03T01:29:59","guid":{"rendered":"https:\/\/ddpack.online\/?page_id=14541"},"modified":"2026-02-18T16:33:48","modified_gmt":"2026-02-18T13:33:48","slug":"environment-and-sustainability","status":"publish","type":"page","link":"https:\/\/www.durandogan.com\/?page_id=14541&lang=en","title":{"rendered":"Environment and Sustainability"},"content":{"rendered":"<p>[vc_row content_placement=&#8221;middle&#8221; parallax=&#8221;enable_parallax&#8221; bg_position=&#8221;center center&#8221; bg_attachment=&#8221;fixed&#8221; enable_overlay=&#8221;yes&#8221; css=&#8221;.vc_custom_1626037059226{padding-top: 140px !important;padding-bottom: 80px !important;background: #202045 url(https:\/\/www.durandogan.com\/wp-content\/uploads\/2021\/06\/daria-nepriakhina-49Q0vhYLMD0-unsplash.jpg?id=13590);background-position:center;background-repeat:-repeat;background-size:cover;}&#8221; responsive_css=&#8221;padding_top_medium:170px&#8221; overlay_bg=&#8221;rgba(0, 0, 0, 0.39)&#8221;][vc_column width=&#8221;1\/6&#8243;][\/vc_column][vc_column width=&#8221;2\/3&#8243;]<style>.ld_spacer_69f23238bf94e{height:60px;}<\/style>\n<div class=\"ld-empty-space ld_spacer_69f23238bf94e\"><\/div><style>.ld_fancy_heading_69f23238bfbd7 h4{color:rgb(255, 255, 255);background:rgba(115, 0, 20, 0.91);}.ld_fancy_heading_69f23238bfbd7 h4 {font-size:19px; } .ld_fancy_heading_69f23238bfbd7 h4 {font-weight:700; } .ld_fancy_heading_69f23238bfbd7 h4 {letter-spacing:0.08em; } .ld_fancy_heading_69f23238bfbd7 h4 {margin-bottom:0px !important;  } .ld_fancy_heading_69f23238bfbd7 .lqd-highlight-inner{height:0.275em!important;bottom:0px!important;}.ld_fancy_heading_69f23238bfbd7 h4 {font-size:19px; } .ld_fancy_heading_69f23238bfbd7 h4 {font-weight:700; } .ld_fancy_heading_69f23238bfbd7 h4 {letter-spacing:0.08em; } .ld_fancy_heading_69f23238bfbd7 h4 {margin-bottom:0px !important;  } <\/style><div class=\"ld-fancy-heading ld-fh-has-fill text-center ld_fancy_heading_69f23238bfbd7\">\n\t<h4 class=\"ld-fh-element semi-round lqd-highlight-underline lqd-highlight-grow-left text-decoration-default\"   >  Quality &amp; Assurance<\/h4><\/div><style>.ld_spacer_69f23238c0afa{height:32px;}<\/style>\n<div class=\"ld-empty-space ld_spacer_69f23238c0afa\"><\/div><style>.ld_fancy_heading_69f23238c0cab h1{color:rgb(255, 255, 255);}@media (min-width: 992px) { .ld_fancy_heading_69f23238c0cab h1 {font-size:74px; }  } .ld_fancy_heading_69f23238c0cab h1 {line-height:0.9em; } .ld_fancy_heading_69f23238c0cab h1 {--element-line-height:0.9em; } .ld_fancy_heading_69f23238c0cab .lqd-highlight-inner{height:0.275em!important;bottom:0px!important;}@media (min-width: 992px) { .ld_fancy_heading_69f23238c0cab h1 {font-size:74px; }  } .ld_fancy_heading_69f23238c0cab h1 {line-height:0.9em; } .ld_fancy_heading_69f23238c0cab h1 {--element-line-height:0.9em; } <\/style><div class=\"ld-fancy-heading text-center ld_fancy_heading_69f23238c0cab\">\n\t<h1 class=\"ld-fh-element lqd-highlight-underline lqd-highlight-grow-left text-decoration-default\"   >  Environment and Sustainability<\/h1><\/div><style>.ld_spacer_69f23238c1048{height:32px;}<\/style>\n<div class=\"ld-empty-space ld_spacer_69f23238c1048\"><\/div><style>.ld_fancy_heading_69f23238c121a p{color:rgba(255, 255, 255, 0.7);}.ld_fancy_heading_69f23238c121a p {font-size:17px; } .ld_fancy_heading_69f23238c121a p {line-height:1.3em; } .ld_fancy_heading_69f23238c121a p {--element-line-height:1.3em; } .ld_fancy_heading_69f23238c121a .lqd-highlight-inner{height:0.275em!important;bottom:0px!important;}.ld_fancy_heading_69f23238c121a p {font-size:17px; } .ld_fancy_heading_69f23238c121a p {line-height:1.3em; } .ld_fancy_heading_69f23238c121a p {--element-line-height:1.3em; } <\/style><div class=\"ld-fancy-heading text-center ld_fancy_heading_69f23238c121a\">\n\t<p class=\"ld-fh-element lqd-highlight-underline lqd-highlight-grow-left text-decoration-default\"   >  We see social, environmental and economic matters as a whole, and we start to think with the principle of Sustainability in our current system and in every new project<\/p><\/div>[\/vc_column][vc_column width=&#8221;1\/6&#8243;][\/vc_column][\/vc_row][vc_row full_width=&#8221;stretch_row&#8221; gap=&#8221;0&#8243; equal_height=&#8221;yes&#8221; enable_content_animation=&#8221;yes&#8221; enable_cc_circle=&#8221;yes&#8221; ca_init_scale_x=&#8221;1&#8243; ca_init_scale_y=&#8221;1&#8243; ca_init_opacity=&#8221;0&#8243; ca_an_scale_x=&#8221;1&#8243; ca_an_scale_y=&#8221;1&#8243; ca_an_opacity=&#8221;1&#8243; ca_init_scale_z=&#8221;1&#8243; ca_an_scale_z=&#8221;1&#8243; cc_circle_color=&#8221;rgba(255, 157, 202, 0.44)&#8221; ca_duration=&#8221;1800&#8243; ca_delay=&#8221;180&#8243; responsive_css=&#8221;padding_top_small:0px&#8221; css=&#8221;.vc_custom_1625494138718{padding-top: 20px !important;background-color: #f7f7f7 !important;}&#8221;][vc_column width=&#8221;1\/2&#8243; enable_content_animation=&#8221;yes&#8221; ca_init_scale_x=&#8221;1&#8243; ca_init_scale_y=&#8221;1&#8243; ca_init_origin_x=&#8221;0%&#8221; ca_init_opacity=&#8221;0&#8243; ca_an_scale_x=&#8221;1&#8243; ca_an_scale_y=&#8221;1&#8243; ca_an_opacity=&#8221;1&#8243; ca_init_scale_z=&#8221;1&#8243; ca_an_scale_z=&#8221;1&#8243; offset=&#8221;vc_col-md-6&#8243; css=&#8221;.vc_custom_1625259192509{border-right-width: 0px !important;border-bottom-width: 1px !important;padding-top: 9vh !important;padding-right: 15px !important;padding-bottom: 10vh !important;padding-left: 15px !important;border-right-color: #dddddd !important;border-right-style: solid !important;border-bottom-color: #dddddd !important;border-bottom-style: solid !important;}&#8221; responsive_css=&#8221;padding_right_large:7vw|padding_left_large:7vw|padding_right_medium:5vw|padding_left_medium:5vw|border_right_small:1px|padding_top_small:10vh&#8221; ca_duration=&#8221;1600&#8243; ca_delay=&#8221;160&#8243; ca_init_translate_y=&#8221;30&#8243; ca_init_rotate_z=&#8221;5&#8243;]<style>.ld_particles_69f23238c13f0{height:100%!important;position:absolute;}.ld_particles_69f23238c13f0 {top:0px !important; right:0px !important; bottom:0px !important; left:0px !important;  } <\/style><div class=\"ld-particles-container visible-on-column-hover ld_particles_69f23238c13f0\">\n\n\t<div class=\"ld-particles-inner\" id=\"lqd-1608034385137-bf3434ef-384f\" data-particles=\"true\" data-particles-options='{\"particles\":{\"number\":{\"value\":20},\"color\":{\"value\":\"#875758\"},\"shape\":{\"type\":[\"polygon\"]},\"size\":{\"value\":4,\"random\":true},\"move\":{\"out_mode\":\"out\"}},\"interactivity\":[],\"retina_detect\":true}'><\/div>\t\n\n<\/div><!-- \/.particles --><style>.ld_fancy_heading_69f23238c1e7e h2{color:rgb(122, 0, 13);}.ld_fancy_heading_69f23238c1e7e h2 {font-size:35px; } .ld_fancy_heading_69f23238c1e7e .lqd-highlight-inner{height:0.275em!important;bottom:0px!important;}.ld_fancy_heading_69f23238c1e7e h2 {font-size:35px; } <\/style><div class=\"ld-fancy-heading mask-text ld_fancy_heading_69f23238c1e7e\">\n\t<h2 class=\"ld-fh-element lqd-highlight-underline lqd-highlight-grow-left text-decoration-default lqd-split-words\"   data-split-text=\"true\" data-split-options='{\"type\":\"words\"}' data-custom-animations=\"true\" data-ca-options='{\"triggerHandler\":\"inview\",\"animationTarget\":\".lqd-words > .split-inner\",\"duration\":\"1000\",\"delay\":\"120\",\"ease\":\"power4.out\",\"direction\":\"forward\",\"initValues\":{\"y\":70},\"animations\":{\"y\":0}}'>  Environmental Management<\/h2><\/div><style>.ld_fancy_heading_69f23238c2b19 p{color:rgb(81, 81, 81);}.ld_fancy_heading_69f23238c2b19 p {font-size:18px; } .ld_fancy_heading_69f23238c2b19 p {line-height:1.5em; } .ld_fancy_heading_69f23238c2b19 p {--element-line-height:1.5em; } .ld_fancy_heading_69f23238c2b19 p {margin-bottom:1.5em !important;  } .ld_fancy_heading_69f23238c2b19 .lqd-highlight-inner{height:0.275em!important;bottom:0px!important;}.ld_fancy_heading_69f23238c2b19 p {font-size:18px; } .ld_fancy_heading_69f23238c2b19 p {line-height:1.5em; } .ld_fancy_heading_69f23238c2b19 p {--element-line-height:1.5em; } .ld_fancy_heading_69f23238c2b19 p {margin-bottom:1.5em !important;  } <\/style><div class=\"ld-fancy-heading mask-text ld_fancy_heading_69f23238c2b19\">\n\t<p class=\"ld-fh-element lqd-highlight-underline lqd-highlight-grow-left text-decoration-default lqd-split-lines\"   data-split-text=\"true\" data-split-options='{\"type\":\"lines\"}'>  Duran Do\u011fan Bas\u0131m ve Ambalaj San. A.\u015e. carries out its operations with the awareness of its responsibilities. We are aware that the continuity and efficiency of our operations can only be possible when these operations are continued in harmony with the environment.<\/p>\n<p>By placing the sustainable production approach at the center of its business strategies, our company aims to permanently increase the value it creates for all its stakeholders, society, and the environment, by conducting its production activities in accordance with international sustainability standards and by becoming a competitive packaging company with sustainable profitability and development principles.<\/p>\n<p>The basic principles that constitute the environmental policy of Duran Do\u011fan Bas\u0131m ve Ambalaj San. A.\u015e. is as follows:<\/p>\n<ul>\n<li>To take proactive measures in all activities to prevent air, water, and soil pollution<\/li>\n<li>To make studies to ensure continuous improvement and development in environmental activities<\/li>\n<li>To comply with the environmental obligations of applicable national and international legal and other requirements<\/li>\n<li>To contribute to the environmental activities of non-governmental organizations, \u201cfor a sustainable environment.\u201d<\/li>\n<li>To reduce costs, increase efficiency, and long-term profitability by working with suppliers based on cooperation and trust that will ensure quality, environment, business ethics, and occupational health and safety<\/li>\n<li>To evaluate the activities in the packaging sector in a systematic and regular manner and continuously move towards the better and the right<\/li>\n<li>To raise awareness of environmental responsibilities, provide training programs encouraging employees to adopt environmentally friendly practices, and actively contribute to the company&#8217;s sustainability goals.<\/li>\n<\/ul>\n<p>&nbsp;<\/p>\n<p>In all projects carried out, from design to delivery, efforts are made to minimize the consumption of natural resources and energy, to prevent soil, air, and water pollution, and to recycle the maximum amount of waste generated with an environmentally friendly approach.<\/p>\n<p>Within the scope of the ISO 14001 certificate; \u201cManufacturing of Paper, Paperboard and Cardboard Packaging and Plastic Film Laminated Paper and Paperboard Packaging.\u201d<\/p><\/div>[\/vc_column][vc_column width=&#8221;1\/2&#8243; enable_content_animation=&#8221;yes&#8221; ca_init_scale_x=&#8221;1&#8243; ca_init_scale_y=&#8221;1&#8243; ca_init_origin_x=&#8221;0%&#8221; ca_init_opacity=&#8221;0&#8243; ca_an_scale_x=&#8221;1&#8243; ca_an_scale_y=&#8221;1&#8243; ca_an_opacity=&#8221;1&#8243; ca_init_scale_z=&#8221;1&#8243; ca_an_scale_z=&#8221;1&#8243; offset=&#8221;vc_col-md-6&#8243; css=&#8221;.vc_custom_1625259112470{border-right-width: 0px !important;border-bottom-width: 1px !important;padding-top: 9vh !important;padding-right: 15px !important;padding-bottom: 10vh !important;padding-left: 15px !important;border-right-color: #dddddd !important;border-right-style: solid !important;border-bottom-color: #dddddd !important;border-bottom-style: solid !important;}&#8221; responsive_css=&#8221;padding_right_large:7vw|padding_left_large:7vw|padding_right_medium:5vw|padding_left_medium:5vw|border_right_small:1px|padding_top_small:10vh&#8221; ca_duration=&#8221;1600&#8243; ca_delay=&#8221;160&#8243; ca_init_translate_y=&#8221;30&#8243; ca_init_rotate_z=&#8221;5&#8243;]<style>.ld_fancy_heading_69f23238c3adf h2{color:rgb(122, 0, 13);}.ld_fancy_heading_69f23238c3adf h2 {font-size:35px; } .ld_fancy_heading_69f23238c3adf .lqd-highlight-inner{height:0.275em!important;bottom:0px!important;}.ld_fancy_heading_69f23238c3adf h2 {font-size:35px; } <\/style><div class=\"ld-fancy-heading mask-text ld_fancy_heading_69f23238c3adf\">\n\t<h2 class=\"ld-fh-element lqd-highlight-underline lqd-highlight-grow-left text-decoration-default lqd-split-words\"   data-split-text=\"true\" data-split-options='{\"type\":\"words\"}' data-custom-animations=\"true\" data-ca-options='{\"triggerHandler\":\"inview\",\"animationTarget\":\".lqd-words > .split-inner\",\"duration\":\"1000\",\"delay\":\"120\",\"ease\":\"power4.out\",\"direction\":\"forward\",\"initValues\":{\"y\":70},\"animations\":{\"y\":0}}'>  Water Management<\/h2><\/div><style>.ld_fancy_heading_69f23238c3f85 p{color:rgb(81, 81, 81);}.ld_fancy_heading_69f23238c3f85 p {font-size:14px; } @media (min-width: 992px) { .ld_fancy_heading_69f23238c3f85 p {font-size:18px; }  } .ld_fancy_heading_69f23238c3f85 p {line-height:1.5em; } .ld_fancy_heading_69f23238c3f85 p {--element-line-height:1.5em; } .ld_fancy_heading_69f23238c3f85 p {margin-bottom:1.5em !important;  } .ld_fancy_heading_69f23238c3f85 .lqd-highlight-inner{height:0.275em!important;bottom:0px!important;}.ld_fancy_heading_69f23238c3f85 p {font-size:14px; } @media (min-width: 992px) { .ld_fancy_heading_69f23238c3f85 p {font-size:18px; }  } .ld_fancy_heading_69f23238c3f85 p {line-height:1.5em; } .ld_fancy_heading_69f23238c3f85 p {--element-line-height:1.5em; } .ld_fancy_heading_69f23238c3f85 p {margin-bottom:1.5em !important;  } <\/style><div class=\"ld-fancy-heading mask-text ld_fancy_heading_69f23238c3f85\">\n\t<p class=\"ld-fh-element lqd-highlight-underline lqd-highlight-grow-left text-decoration-default lqd-split-lines\"   data-split-text=\"true\" data-split-options='{\"type\":\"lines\"}'>  Water is one of the most important natural resources. As Duran Do\u011fan, we are aware that the critical importance of water management is more important today, both with the problems related to the use of water resources in the world and the impact of climate change.<\/p>\n<p>As one of the most important elements of sustainability for our water operations, it is managed in a holistic framework, covering resource diversity, efficient production and efficient consumption. In this context, Duran Do\u011fan aims to make our water resources and production sustainable by commissioning our Reverse Osmosis and Water Treatment Facilities as of 2019.<\/p><\/div><style>.ld_fancy_heading_69f23238c424c h2{color:rgb(122, 0, 13);}.ld_fancy_heading_69f23238c424c h2 {font-size:35px; } .ld_fancy_heading_69f23238c424c .lqd-highlight-inner{height:0.275em!important;bottom:0px!important;}.ld_fancy_heading_69f23238c424c h2 {font-size:35px; } <\/style><div class=\"ld-fancy-heading mask-text ld_fancy_heading_69f23238c424c\">\n\t<h2 class=\"ld-fh-element lqd-highlight-underline lqd-highlight-grow-left text-decoration-default lqd-split-words\"   data-split-text=\"true\" data-split-options='{\"type\":\"words\"}' data-custom-animations=\"true\" data-ca-options='{\"triggerHandler\":\"inview\",\"animationTarget\":\".lqd-words > .split-inner\",\"duration\":\"1000\",\"delay\":\"120\",\"ease\":\"power4.out\",\"direction\":\"forward\",\"initValues\":{\"y\":70},\"animations\":{\"y\":0}}'>  Waste Management<\/h2><\/div><style>.ld_fancy_heading_69f23238c44ca p{color:rgb(81, 81, 81);}.ld_fancy_heading_69f23238c44ca p {font-size:14px; } @media (min-width: 992px) { .ld_fancy_heading_69f23238c44ca p {font-size:18px; }  } .ld_fancy_heading_69f23238c44ca p {line-height:1.5em; } .ld_fancy_heading_69f23238c44ca p {--element-line-height:1.5em; } .ld_fancy_heading_69f23238c44ca p {margin-bottom:1.5em !important;  } .ld_fancy_heading_69f23238c44ca .lqd-highlight-inner{height:0.275em!important;bottom:0px!important;}.ld_fancy_heading_69f23238c44ca p {font-size:14px; } @media (min-width: 992px) { .ld_fancy_heading_69f23238c44ca p {font-size:18px; }  } .ld_fancy_heading_69f23238c44ca p {line-height:1.5em; } .ld_fancy_heading_69f23238c44ca p {--element-line-height:1.5em; } .ld_fancy_heading_69f23238c44ca p {margin-bottom:1.5em !important;  } <\/style><div class=\"ld-fancy-heading mask-text ld_fancy_heading_69f23238c44ca\">\n\t<p class=\"ld-fh-element lqd-highlight-underline lqd-highlight-grow-left text-decoration-default lqd-split-lines\"   data-split-text=\"true\" data-split-options='{\"type\":\"lines\"}'>  As a production company, we continue our operations with the awareness of sensitively managing the wastes generated as a result of our processes. Wastes resulting from our activities are managed in accordance with the waste management hierarchy.<\/p>\n<p>In our world where global warming and climate change are increasingly felt and natural resources are gradually disappearing, fulfilling all our responsibilities regarding carbon management is an integral part of our company&#8217;s culture. In all our investments, our priority is to protect the environment and to recycle as much as possible.<\/p><\/div><style>.ld_particles_69f23238c46e7{height:100%!important;position:absolute;}.ld_particles_69f23238c46e7 {top:0px !important; right:0px !important; bottom:0px !important; left:0px !important;  } <\/style><div class=\"ld-particles-container visible-on-column-hover ld_particles_69f23238c46e7\">\n\n\t<div class=\"ld-particles-inner\" id=\"lqd-1625429713462-25a64ed2-cff8\" data-particles=\"true\" data-particles-options='{\"particles\":{\"number\":{\"value\":20},\"color\":{\"value\":\"#87103f\"},\"shape\":{\"type\":[\"polygon\"]},\"opacity\":{\"value\":0.5},\"size\":{\"value\":4,\"random\":true},\"move\":{\"out_mode\":\"out\"}},\"interactivity\":[],\"retina_detect\":true}'><\/div>\t\n\n<\/div><!-- \/.particles -->[\/vc_column][\/vc_row][vc_row gap=&#8221;25&#8243; enable_row_dividers=&#8221;yes&#8221; responsive_css=&#8221;padding_top_medium:120px|padding_bottom_medium:70px|padding_top_small:80px|padding_bottom_small:30px&#8221; css=&#8221;.vc_custom_1625469236627{padding-top: 60px !important;padding-bottom: 20px !important;background-color: #ffffff !important;}&#8221; el_id=&#8221;rapor&#8221; row_svg_divider=&#8221;bottom_shape_type:1|bottom_shape_color:%238d3f3f|bottom_shape_height:210&#8243;][vc_column responsive_css=&#8221;margin_bottom_medium:20px&#8221;]<style>.ld_fancy_heading_69f23238c5148 .lqd-highlight-inner{height:0.275em!important;bottom:0px!important;}<\/style><div class=\"ld-fancy-heading text-center ld_fancy_heading_69f23238c5148\">\n\t<h3 class=\"ld-fh-element lqd-highlight-underline lqd-highlight-grow-left text-decoration-default\"   >  <strong>MANAGEMENT SYSTEMS &amp; CERTIFICATIONS<\/strong><\/h3><\/div><style>.vc_accordion_69f23238c5e94 .accordion-title{font-size:17px;}.vc_accordion_69f23238c5e94 .accordion-item.active .accordion-title a{color:rgb(115, 1, 27);background:rgb(255, 255, 255);}.vc_accordion_69f23238c5e94 .accordion-title a{background:rgb(227, 227, 227);}.vc_accordion_69f23238c5e94 .accordion-title a, .vc_accordion_69f23238c5e94 .accordion-item{border-color:rgb(144, 144, 144);}.vc_accordion_69f23238c5e94 .accordion-item.active .accordion-title a, .vc_accordion_69f23238c5e94 .accordion-item.active{border-color:rgb(101, 101, 101);}<\/style><div class=\"accordion accordion-lg accordion-heading-has-shadow accordion-body-shadow accordion-active-has-fill accordion-title-bordered accordion-title-round accordion-expander-left vc_accordion_69f23238c5e94\" id=\"vc_accordion_69f23238c5e94\"\n     role=\"tablist\" aria-multiselectable=\"true\">\n\n\t            <div class=\"accordion-item panel  active \">\n\n                <div class=\"accordion-heading\" role=\"tab\" id=\"heading_lqd-1746701890222-128a6722-a987\" data-id=\"lqd-1746701890222-128a6722-a987\">\n                    <h4 class=\"accordion-title\" data-controls=\"lqd-1746701890222-128a6722-a987\" tabindex=\"-1\">\n                        <a tabindex=\"0\" class=\"\" data-toggle=\"collapse\"  data-bs-toggle=\"collapse\"\n                           data-parent=\"#vc_accordion_69f23238c5e94\" data-bs-parent=\"#vc_accordion_69f23238c5e94\" href=\"#lqd-1746701890222-128a6722-a987\" data-bs-target=\"#lqd-1746701890222-128a6722-a987\"\n                           aria-expanded=\"true\" aria-controls=\"lqd-1746701890222-128a6722-a987\">\n\n\t\t\t\t\t\t\t\n\t\t\t\t\t\t\tISO 14001 - 2015\n\t\t\t\t\t\t\t                                <span class=\"accordion-expander\">\n\t\t\t\t\t\t\t\t\t\t\t\t\t\t\t\t\t\t\t<i class=\"fas fa-copy\"><\/i>\n\t\t\t\t\t\t\t\t\t\n\t\t\t\t\t\t\t\t\t\t\t\t\t\t\t\t\t\t\t<i class=\"far fa-copy\"><\/i>\n\t\t\t\t\t\t\t\t\t\t\t\t\t\t\t\t\t<\/span>\n\t\t\t\t\t\t\t\n                        <\/a>\n\n                    <\/h4>\n                <\/div>\n\n                <div id=\"lqd-1746701890222-128a6722-a987\" class=\"accordion-collapse collapse show\"\n                    data-bs-parent=\"#vc_accordion_69f23238c5e94\" role=\"tabpanel\" aria-labelledby=\"heading_lqd-1746701890222-128a6722-a987\">\n                    <div class=\"accordion-content\">\n\t\t\t\t\t\t[vc_raw_html]JTNDaWZyYW1lJTIwc3JjJTNEJTIyaHR0cHMlM0ElMkYlMkZ3d3cuZHVyYW5kb2dhbi5jb20lMkZ3cC1jb250ZW50JTJGdXBsb2FkcyUyRjIwMjUlMkYwNiUyRklTTyUyMDE0MDAxX0VOXzAwMzA4NTctMjIuMDUuMjAyNV9FTVMtVUtBUy5QREYlM0Zjb2xvciUzRGZmZGEzOSUyNmFtcCUzQnRpdGxlJTNEMCUyNmFtcCUzQmJ5bGluZSUzRDAlMjZhbXAlM0Jwb3J0cmFpdCUzRDAlMjIlMjB3aWR0aCUzRCUyMjEwMCUyNSUyMiUyMGhlaWdodCUzRCUyMjkwMCUyMiUyMGFsbG93ZnVsbHNjcmVlbiUzRCUyMmFsbG93ZnVsbHNjcmVlbiUyMiUzRSUzQyUyRmlmcmFtZSUzRQ==[\/vc_raw_html]                    <\/div>\n                <\/div>\n            <\/div>\n\t\t\t            <div class=\"accordion-item panel  \">\n\n                <div class=\"accordion-heading\" role=\"tab\" id=\"heading_lqd-1767861064432-e3902082-3f3d\" data-id=\"lqd-1767861064432-e3902082-3f3d\">\n                    <h4 class=\"accordion-title\" data-controls=\"lqd-1767861064432-e3902082-3f3d\" tabindex=\"-1\">\n                        <a tabindex=\"0\" class=\"collapsed\" data-toggle=\"collapse\"  data-bs-toggle=\"collapse\"\n                           data-parent=\"#vc_accordion_69f23238c5e94\" data-bs-parent=\"#vc_accordion_69f23238c5e94\" href=\"#lqd-1767861064432-e3902082-3f3d\" data-bs-target=\"#lqd-1767861064432-e3902082-3f3d\"\n                           aria-expanded=\"false\" aria-controls=\"lqd-1767861064432-e3902082-3f3d\">\n\n\t\t\t\t\t\t\t\n\t\t\t\t\t\t\tZERO WASTE CERTIFICATE\n\t\t\t\t\t\t\t                                <span class=\"accordion-expander\">\n\t\t\t\t\t\t\t\t\t\t\t\t\t\t\t\t\t\t\t<i class=\"fas fa-copy\"><\/i>\n\t\t\t\t\t\t\t\t\t\n\t\t\t\t\t\t\t\t\t\t\t\t\t\t\t\t\t\t\t<i class=\"far fa-copy\"><\/i>\n\t\t\t\t\t\t\t\t\t\t\t\t\t\t\t\t\t<\/span>\n\t\t\t\t\t\t\t\n                        <\/a>\n\n                    <\/h4>\n                <\/div>\n\n                <div id=\"lqd-1767861064432-e3902082-3f3d\" class=\"accordion-collapse collapse\"\n                    data-bs-parent=\"#vc_accordion_69f23238c5e94\" role=\"tabpanel\" aria-labelledby=\"heading_lqd-1767861064432-e3902082-3f3d\">\n                    <div class=\"accordion-content\">\n\t\t\t\t\t\t[vc_raw_html]JTNDaWZyYW1lJTIwc3JjJTNEJTIyaHR0cHMlM0ElMkYlMkZ3d3cuZHVyYW5kb2dhbi5jb20lMkZ3cC1jb250ZW50JTJGdXBsb2FkcyUyRjIwMjYlMkYwMSUyRnNpZmlyLWF0aWstYmVsZ2VzaS1kdXJhbi1kb2dhbi1oYWRpbWtveS5wZGYlM0Zjb2xvciUzRGZmZGEzOSUyNmFtcCUzQnRpdGxlJTNEMCUyNmFtcCUzQmJ5bGluZSUzRDAlMjZhbXAlM0Jwb3J0cmFpdCUzRDAlMjIlMjB3aWR0aCUzRCUyMjEwMCUyNSUyMiUyMGhlaWdodCUzRCUyMjkwMCUyMiUyMGFsbG93ZnVsbHNjcmVlbiUzRCUyMmFsbG93ZnVsbHNjcmVlbiUyMiUzRSUzQyUyRmlmcmFtZSUzRQ==[\/vc_raw_html]                    <\/div>\n                <\/div>\n            <\/div>\n\t\t\t<\/div>[\/vc_column][\/vc_row]<\/p>\n","protected":false},"excerpt":{"rendered":"<p>[vc_row content_placement=&#8221;middle&#8221; parallax=&#8221;enable_parallax&#8221; bg_position=&#8221;center center&#8221; bg_attachment=&#8221;fixed&#8221; enable_overlay=&#8221;yes&#8221; css=&#8221;.vc_custom_1626037059226{padding-top: 140px !important;padding-bottom: 80px !important;background: #202045 url(https:\/\/www.durandogan.com\/wp-content\/uploads\/2021\/06\/daria-nepriakhina-49Q0vhYLMD0-unsplash.jpg?id=13590);background-position:center;background-repeat:-repeat;background-size:cover;}&#8221; responsive_css=&#8221;padding_top_medium:170px&#8221; overlay_bg=&#8221;rgba(0, 0, 0, 0.39)&#8221;][vc_column width=&#8221;1\/6&#8243;][\/vc_column][vc_column width=&#8221;2\/3&#8243;][\/vc_column][vc_column width=&#8221;1\/6&#8243;][\/vc_column][\/vc_row][vc_row full_width=&#8221;stretch_row&#8221; gap=&#8221;0&#8243; equal_height=&#8221;yes&#8221; enable_content_animation=&#8221;yes&#8221; enable_cc_circle=&#8221;yes&#8221; ca_init_scale_x=&#8221;1&#8243; ca_init_scale_y=&#8221;1&#8243; ca_init_opacity=&#8221;0&#8243; ca_an_scale_x=&#8221;1&#8243; ca_an_scale_y=&#8221;1&#8243; ca_an_opacity=&#8221;1&#8243; ca_init_scale_z=&#8221;1&#8243; ca_an_scale_z=&#8221;1&#8243; cc_circle_color=&#8221;rgba(255, 157, 202, 0.44)&#8221; ca_duration=&#8221;1800&#8243; ca_delay=&#8221;180&#8243; responsive_css=&#8221;padding_top_small:0px&#8221; css=&#8221;.vc_custom_1625494138718{padding-top: 20px !important;background-color: #f7f7f7 !important;}&#8221;][vc_column width=&#8221;1\/2&#8243; enable_content_animation=&#8221;yes&#8221; ca_init_scale_x=&#8221;1&#8243; ca_init_scale_y=&#8221;1&#8243; ca_init_origin_x=&#8221;0%&#8221; ca_init_opacity=&#8221;0&#8243; ca_an_scale_x=&#8221;1&#8243; ca_an_scale_y=&#8221;1&#8243; [&hellip;]<\/p>\n","protected":false},"author":2,"featured_media":0,"parent":0,"menu_order":0,"comment_status":"closed","ping_status":"closed","template":"","meta":{"footnotes":""},"class_list":["post-14541","page","type-page","status-publish","hentry"],"lang":"en","translations":{"tr":13809,"en":14541},"pll_sync_post":[],"_links":{"self":[{"href":"https:\/\/www.durandogan.com\/index.php?rest_route=\/wp\/v2\/pages\/14541","targetHints":{"allow":["GET"]}}],"collection":[{"href":"https:\/\/www.durandogan.com\/index.php?rest_route=\/wp\/v2\/pages"}],"about":[{"href":"https:\/\/www.durandogan.com\/index.php?rest_route=\/wp\/v2\/types\/page"}],"author":[{"embeddable":true,"href":"https:\/\/www.durandogan.com\/index.php?rest_route=\/wp\/v2\/users\/2"}],"replies":[{"embeddable":true,"href":"https:\/\/www.durandogan.com\/index.php?rest_route=%2Fwp%2Fv2%2Fcomments&post=14541"}],"version-history":[{"count":45,"href":"https:\/\/www.durandogan.com\/index.php?rest_route=\/wp\/v2\/pages\/14541\/revisions"}],"predecessor-version":[{"id":17310,"href":"https:\/\/www.durandogan.com\/index.php?rest_route=\/wp\/v2\/pages\/14541\/revisions\/17310"}],"wp:attachment":[{"href":"https:\/\/www.durandogan.com\/index.php?rest_route=%2Fwp%2Fv2%2Fmedia&parent=14541"}],"curies":[{"name":"wp","href":"https:\/\/api.w.org\/{rel}","templated":true}]}}