{"id":15061,"date":"2021-07-12T05:43:58","date_gmt":"2021-07-12T05:43:58","guid":{"rendered":"https:\/\/ddpack.club\/is-basvurusu-copy\/"},"modified":"2023-09-18T11:43:30","modified_gmt":"2023-09-18T08:43:30","slug":"k-v-k-k-aydinlatma-metni","status":"publish","type":"page","link":"https:\/\/www.durandogan.com\/?page_id=15061","title":{"rendered":"K.V.K.K. Ayd\u0131nlatma Metni"},"content":{"rendered":"<p>[vc_row content_placement=&#8221;middle&#8221; parallax=&#8221;enable_parallax&#8221; bg_position=&#8221;center center&#8221; bg_attachment=&#8221;fixed&#8221; enable_overlay=&#8221;yes&#8221; css=&#8221;.vc_custom_1625775274801{padding-top: 140px !important;padding-bottom: 80px !important;background: #202045 url(https:\/\/www.durandogan.com\/wp-content\/uploads\/2021\/07\/scott-graham-OQMZwNd3ThU-unsplash-1.jpg?id=15069);background-position:center;background-repeat:-repeat !important;background-size: cover !important;}&#8221; responsive_css=&#8221;padding_top_medium:170px&#8221; overlay_bg=&#8221;rgba(0, 0, 0, 0.39)&#8221;][vc_column width=&#8221;1\/6&#8243;][\/vc_column][vc_column width=&#8221;2\/3&#8243;]<style>.ld_spacer_69f1f07295935{height:60px;}<\/style>\n<div class=\"ld-empty-space ld_spacer_69f1f07295935\"><\/div><style>.ld_fancy_heading_69f1f07295bd7 h4{color:rgb(255, 255, 255);background:rgba(115, 0, 20, 0.91);}.ld_fancy_heading_69f1f07295bd7 h4 {font-size:19px; } .ld_fancy_heading_69f1f07295bd7 h4 {font-weight:700; } .ld_fancy_heading_69f1f07295bd7 h4 {letter-spacing:0.08em; } .ld_fancy_heading_69f1f07295bd7 h4 {margin-bottom:0px !important;  } .ld_fancy_heading_69f1f07295bd7 .lqd-highlight-inner{height:0.275em!important;bottom:0px!important;}.ld_fancy_heading_69f1f07295bd7 h4 {font-size:19px; } .ld_fancy_heading_69f1f07295bd7 h4 {font-weight:700; } .ld_fancy_heading_69f1f07295bd7 h4 {letter-spacing:0.08em; } .ld_fancy_heading_69f1f07295bd7 h4 {margin-bottom:0px !important;  } <\/style><div class=\"ld-fancy-heading ld-fh-has-fill text-center text-uppercase ld_fancy_heading_69f1f07295bd7\">\n\t<h4 class=\"ld-fh-element semi-round lqd-highlight-underline lqd-highlight-grow-left text-decoration-default\"   >  Ki\u015fisel Verilerin Korunmas\u0131<\/h4><\/div><style>.ld_spacer_69f1f07295e5f{height:32px;}<\/style>\n<div class=\"ld-empty-space ld_spacer_69f1f07295e5f\"><\/div><style>.ld_fancy_heading_69f1f07296020 h1{color:rgb(255, 255, 255);}@media (min-width: 992px) { .ld_fancy_heading_69f1f07296020 h1 {font-size:74px; }  } .ld_fancy_heading_69f1f07296020 h1 {line-height:0.9em; } .ld_fancy_heading_69f1f07296020 h1 {--element-line-height:0.9em; } .ld_fancy_heading_69f1f07296020 .lqd-highlight-inner{height:0.275em!important;bottom:0px!important;}@media (min-width: 992px) { .ld_fancy_heading_69f1f07296020 h1 {font-size:74px; }  } .ld_fancy_heading_69f1f07296020 h1 {line-height:0.9em; } .ld_fancy_heading_69f1f07296020 h1 {--element-line-height:0.9em; } <\/style><div class=\"ld-fancy-heading text-center ld_fancy_heading_69f1f07296020\">\n\t<h1 class=\"ld-fh-element lqd-highlight-underline lqd-highlight-grow-left text-decoration-default\"   >  Ayd\u0131nlatma Metni<\/h1><\/div><style>.ld_fancy_heading_69f1f07296267 p{color:rgba(255, 255, 255, 0.7);}.ld_fancy_heading_69f1f07296267 p {font-size:17px; } .ld_fancy_heading_69f1f07296267 p {line-height:1.3em; } .ld_fancy_heading_69f1f07296267 p {--element-line-height:1.3em; } .ld_fancy_heading_69f1f07296267 .lqd-highlight-inner{height:0.275em!important;bottom:0px!important;}.ld_fancy_heading_69f1f07296267 p {font-size:17px; } .ld_fancy_heading_69f1f07296267 p {line-height:1.3em; } .ld_fancy_heading_69f1f07296267 p {--element-line-height:1.3em; } <\/style><div class=\"ld-fancy-heading text-center ld_fancy_heading_69f1f07296267\">\n\t<p class=\"ld-fh-element lqd-highlight-underline lqd-highlight-grow-left text-decoration-default\"   >  \u0130nsan Kaynaklar\u0131 politikam\u0131z, hayalleri ve yeteneklerini birle\u015ftirerek ba\u015far\u0131ya odaklanan \u00e7al\u0131\u015fan profili olu\u015fturmakt\u0131r.<\/p><\/div>[\/vc_column][vc_column width=&#8221;1\/6&#8243;][\/vc_column][\/vc_row][vc_row full_width=&#8221;stretch_row&#8221; css=&#8221;.vc_custom_1625775392714{padding-top: 60px !important;padding-right: 15% !important;padding-bottom: 60px !important;padding-left: 15% !important;}&#8221;][vc_column enable_pin=&#8221;enable_pin&#8221; width=&#8221;4\/12&#8243; offset=&#8221;vc_col-md-4&#8243;][vc_row_inner][vc_column_inner responsive_css=&#8221;margin_bottom_medium:45px&#8221; css=&#8221;.vc_custom_1625775499451{margin-bottom: 30px !important;}&#8221;]<style>.ld_fancy_heading_69f1f072964ae h3{background:rgb(242, 244, 247);}.ld_fancy_heading_69f1f072964ae h3 {font-size:15px; } .ld_fancy_heading_69f1f072964ae h3 {padding-top:1em !important; padding-right:25% !important; padding-bottom:1em !important; padding-left:25% !important;  } @media (min-width: 768px) { .ld_fancy_heading_69f1f072964ae h3 {padding-right:30% !important; padding-left:30% !important;  }  } @media (min-width: 992px) { .ld_fancy_heading_69f1f072964ae h3 {padding-right:20px !important; padding-left:20px !important;  }  } @media (min-width: 1200px) { .ld_fancy_heading_69f1f072964ae h3 {padding-right:23% !important; padding-left:23% !important;  }  } .ld_fancy_heading_69f1f072964ae h3 {margin-bottom:2.5em !important;  } .ld_fancy_heading_69f1f072964ae .lqd-highlight-inner{height:0.275em!important;bottom:0px!important;}.ld_fancy_heading_69f1f072964ae h3 {font-size:15px; } .ld_fancy_heading_69f1f072964ae h3 {padding-top:1em !important; padding-right:25% !important; padding-bottom:1em !important; padding-left:25% !important;  } @media (min-width: 768px) { .ld_fancy_heading_69f1f072964ae h3 {padding-right:30% !important; padding-left:30% !important;  }  } @media (min-width: 992px) { .ld_fancy_heading_69f1f072964ae h3 {padding-right:20px !important; padding-left:20px !important;  }  } @media (min-width: 1200px) { .ld_fancy_heading_69f1f072964ae h3 {padding-right:23% !important; padding-left:23% !important;  }  } .ld_fancy_heading_69f1f072964ae h3 {margin-bottom:2.5em !important;  } <\/style><div class=\"ld-fancy-heading ld-fh-has-fill text-left ld_fancy_heading_69f1f072964ae\">\n\t<h3 class=\"ld-fh-element round lqd-highlight-underline lqd-highlight-grow-left text-decoration-default\"   >  Ana Ba\u015fl\u0131klar<\/h3><\/div><style>.ld_custom_menu_69f1f072966d0 > ul > li > a{font-size:15px;font-weight:400;color:rgb(0, 0, 0);}.ld_custom_menu_69f1f072966d0 > ul > li:not(:last-child){margin-bottom:30px;}.lqd-stickybar > .lqd-head-col > .header-module > .ld_custom_menu_69f1f072966d0 li{margin-inline-start:30px;}.ld_custom_menu_69f1f072966d0 > ul > li > a:hover, .ld_custom_menu_69f1f072966d0 li.is-active > a{color:rgba(0, 0, 0, 0.8);}<\/style><div\n\tclass=\"lqd-fancy-menu lqd-custom-menu lqd-menu-td-none ld_custom_menu_69f1f072966d0\"\n\t>\n\n\t<ul class=\"reset-ul\" id=\"ld_custom_menu_69f1f072966d0\"  data-localscroll=\"true\" data-localscroll-options=\"{&quot;itemsSelector&quot;:&quot;&gt; li &gt; a&quot;,&quot;trackWindowScroll&quot;:true,&quot;includeParentAsOffset&quot;:false,&quot;offsetElements&quot;:&quot;[data-sticky-header] .lqd-head-sec-wrap:not(.lqd-hide-onstuck), #wpadminbar&quot;}\">\n\t<li><a href=\"#ic\"><span class=\"link-icon right-icon icon-next-to-label\"><i class=\"lqd-icn-ess icon-ion-ios-arrow-down\"><\/i><\/span> \u0130\u00e7erik<\/a><\/li><li><a href=\"#vs\"><span class=\"link-icon right-icon icon-next-to-label\"><i class=\"lqd-icn-ess icon-ion-ios-arrow-down\"><\/i><\/span> Veri Sorumlusu<\/a><\/li><li><a href=\"#ia\"><span class=\"link-icon right-icon icon-next-to-label\"><i class=\"lqd-icn-ess icon-ion-ios-arrow-down\"><\/i><\/span> \u0130\u015fleme Ama\u00e7lar\u0131<\/a><\/li><li><a href=\"#iv\"><span class=\"link-icon right-icon icon-next-to-label\"><i class=\"lqd-icn-ess icon-ion-ios-arrow-down\"><\/i><\/span> \u0130\u015flenen verilerin kimlere ve hangi ama\u00e7la aktar\u0131labilece\u011fi<\/a><\/li><li><a href=\"#kv\"><span class=\"link-icon right-icon icon-next-to-label\"><i class=\"lqd-icn-ess icon-ion-ios-arrow-down\"><\/i><\/span> Ki\u015fisel verileri toplaman\u0131n y\u00f6ntemi ve hukuki sebebi<\/a><\/li><li><a href=\"#ik\"><span class=\"link-icon right-icon icon-next-to-label\"><i class=\"lqd-icn-ess icon-ion-ios-arrow-down\"><\/i><\/span> \u0130lgili ki\u015finin haklar\u0131<\/a><\/li>\t<\/ul>\n<\/div>[\/vc_column_inner][\/vc_row_inner][\/vc_column][vc_column width=&#8221;8\/12&#8243; column_top_ontablet=&#8221;yes&#8221; column_top_onmobile=&#8221;yes&#8221; offset=&#8221;vc_col-md-offset-1 vc_col-md-7&#8243; responsive_css=&#8221;margin_bottom_medium:0px&#8221; css=&#8221;.vc_custom_1608195694447{margin-bottom: 35px !important;}&#8221;]<style>.ld_fancy_heading_69f1f072969cf h3 {font-size:25px; } .ld_fancy_heading_69f1f072969cf h3 {margin-bottom:1em !important;  } #ic .lqd-highlight-inner{height:0.275em!important;bottom:0px!important;}.ld_fancy_heading_69f1f072969cf h3 {font-size:25px; } .ld_fancy_heading_69f1f072969cf h3 {margin-bottom:1em !important;  } <\/style><div id=\"ic\" class=\"ld-fancy-heading ld_fancy_heading_69f1f072969cf\">\n\t<h3 class=\"ld-fh-element lqd-highlight-underline lqd-highlight-grow-left text-decoration-default\"   >  Ayd\u0131nlatma Metni \u0130\u00e7eri\u011fi<\/h3><\/div>[vc_column_text]Duran-Do\u011fan Bas\u0131m ve Ambalaj Sanayi Anonim \u015eirketi (\u201cDuran Do\u011fan\u201d), www.durandogan.com alan adl\u0131 internet sitemizi (\u201cSite\u201d) ziyaret etti\u011finizde \u00e7e\u015fitli ki\u015fisel verilerinizi elde etmektedir. Bu kapsamda \u015eirket, 6698 say\u0131l\u0131 Ki\u015fisel Verilerin Korunmas\u0131 Kanunu (\u201cKVKK\u201d) uyar\u0131nca \u2018veri sorumlusu\u2019 addedilmekte olup, KVKK\u2019n\u0131n 10. Maddesi uyar\u0131nca i\u015fbu Ayd\u0131nlatma Metni\u2019ni dikkatinize sunar\u0131z.[\/vc_column_text]<style>.ld_spacer_69f1f07296b6c{height:30px;}@media (min-width: 992px) { .ld_spacer_69f1f07296b6c{height:50px};}<\/style>\n<div class=\"ld-empty-space ld_spacer_69f1f07296b6c\"><\/div><style>.ld_fancy_heading_69f1f07296d20 h3 {font-size:25px; } .ld_fancy_heading_69f1f07296d20 h3 {margin-bottom:1em !important;  } #vs .lqd-highlight-inner{height:0.275em!important;bottom:0px!important;}.ld_fancy_heading_69f1f07296d20 h3 {font-size:25px; } .ld_fancy_heading_69f1f07296d20 h3 {margin-bottom:1em !important;  } <\/style><div id=\"vs\" class=\"ld-fancy-heading ld_fancy_heading_69f1f07296d20\">\n\t<h3 class=\"ld-fh-element lqd-highlight-underline lqd-highlight-grow-left text-decoration-default\"   >  Veri Sorumlusu<\/h3><\/div>[vc_column_text]Unvan\u0131 :\u00a0Duran-Do\u011fan Bas\u0131m ve Ambalaj Sanayi Anonim \u015eirketi<br \/>\nAdres :\u00a0Had\u0131mk\u00f6y Mah. Mustafa \u0130nan Cad. No:41 Arnavutk\u00f6y\/\u0130stanbul<br \/>\n\u0130nternet Sitesi : https:\/\/www.durandogan.com\/<br \/>\nTel : +90 212 771 46 06<br \/>\nMERS\u0130S : 0315007041400016[\/vc_column_text]<style>.ld_spacer_69f1f07296e85{height:30px;}@media (min-width: 992px) { .ld_spacer_69f1f07296e85{height:50px};}<\/style>\n<div class=\"ld-empty-space ld_spacer_69f1f07296e85\"><\/div><style>.ld_fancy_heading_69f1f07297038 h3 {font-size:25px; } .ld_fancy_heading_69f1f07297038 h3 {margin-bottom:1em !important;  } #ia .lqd-highlight-inner{height:0.275em!important;bottom:0px!important;}.ld_fancy_heading_69f1f07297038 h3 {font-size:25px; } .ld_fancy_heading_69f1f07297038 h3 {margin-bottom:1em !important;  } <\/style><div id=\"ia\" class=\"ld-fancy-heading ld_fancy_heading_69f1f07297038\">\n\t<h3 class=\"ld-fh-element lqd-highlight-underline lqd-highlight-grow-left text-decoration-default\"   >  \u0130\u015fleme Ama\u00e7lar\u0131<\/h3><\/div>[vc_column_text]-\u0130nternet sitemizi ziyaretiniz esnas\u0131nda ileti\u015fim formunu doldurmak suretiyle bize iletti\u011finiz ad, soyad, ileti\u015fim bilgileri, gibi ki\u015fisel verileriniz, ancak a\u00e7\u0131k r\u0131zan\u0131z ya da KVKK\u2019n\u0131n 5\/2 maddesinde belirtilen hukuka uygunluk hallerinden birinin varl\u0131\u011f\u0131 halinde i\u015flenmektedir.<\/p>\n<p>-KVKK\u2019n\u0131n 5\/2\/a maddesi kapsam\u0131nda kanunlarda a\u00e7\u0131k\u00e7a \u00f6ng\u00f6r\u00fclmesi ve 5\/2\/\u00e7 maddesi kapsam\u0131nda veri sorumlusunun hukuki y\u00fck\u00fcml\u00fcl\u00fc\u011f\u00fcn\u00fc yerine getirebilmesi i\u00e7in zorunlu olmas\u0131 nedeniyle t\u00fcm ulusal ve uluslararas\u0131 mevzuat kapsam\u0131ndaki hukuki y\u00fck\u00fcml\u00fcl\u00fcklerin yerine getirilebilmesi ve sizlerden gelen talep ve \u015fik\u00e2yetlerin de\u011ferlendirilerek \u00e7\u00f6z\u00fcme kavu\u015fturulmas\u0131,<\/p>\n<p>-KVKK\u2019n\u0131n 5\/1 maddesi kapsam\u0131nda kendi r\u0131zan\u0131zla kaydolman\u0131z ko\u015fuluyla e-b\u00fcltenimizden yararlanmak i\u00e7in e-postan\u0131z\u0131 payla\u015fman\u0131z halinde taraf\u0131n\u0131za e-b\u00fcltenimizin g\u00f6nderilmesi veya ileti\u015fim formu kullan\u0131larak taraf\u0131m\u0131zla ileti\u015fime ge\u00e7ilmesi halinde taleplerinizin kar\u015f\u0131lanabilmesi,<\/p>\n<p>-KVKK\u2019n\u0131n 5\/2\/f maddesi kapsam\u0131nda ilgili ki\u015finin temel hak ve \u00f6zg\u00fcrl\u00fcklerine zarar vermemek kayd\u0131yla, veri sorumlusunun me\u015fru menfaatleri i\u00e7in veri i\u015flenmesinin zorunlu olmas\u0131 nedeniyle sunulan \u00fcr\u00fcn ve hizmetlerden sizleri faydaland\u0131rmak i\u00e7in kimli\u011finiz if\u015fa edilmeden istatistik d\u00e2hil gerekli \u00e7al\u0131\u015fmalar\u0131n i\u015f birimlerimiz taraf\u0131ndan yap\u0131labilmesi, veri kay\u0131plar\u0131n\u0131n \u00f6nlenebilmesi i\u00e7in kopyalama\/yedeklemenin ger\u00e7ekle\u015ftirilmesi ama\u00e7lar\u0131yla i\u015flenebilecektir.[\/vc_column_text]<style>.ld_spacer_69f1f0729719d{height:30px;}@media (min-width: 992px) { .ld_spacer_69f1f0729719d{height:50px};}<\/style>\n<div class=\"ld-empty-space ld_spacer_69f1f0729719d\"><\/div><style>.ld_fancy_heading_69f1f0729733f h3 {font-size:25px; } .ld_fancy_heading_69f1f0729733f h3 {margin-bottom:1em !important;  } #iv .lqd-highlight-inner{height:0.275em!important;bottom:0px!important;}.ld_fancy_heading_69f1f0729733f h3 {font-size:25px; } .ld_fancy_heading_69f1f0729733f h3 {margin-bottom:1em !important;  } <\/style><div id=\"iv\" class=\"ld-fancy-heading ld_fancy_heading_69f1f0729733f\">\n\t<h3 class=\"ld-fh-element lqd-highlight-underline lqd-highlight-grow-left text-decoration-default\"   >  \u0130\u015flenen Ki\u015fisel Verilerin Kimlere ve Hangi Ama\u00e7la Aktar\u0131labilece\u011fi<\/h3><\/div>[vc_column_text]Toplanan ki\u015fisel verileriniz; yukar\u0131da belirtilen ama\u00e7lar do\u011frultusunda Duran Do\u011fan \u0130\u015ftiraklerine, gerekti\u011fi takdirde resmi mercilere ve www.durandogan.com alan adl\u0131 internet sitesi ba\u015fta olmak \u00fczere Duran Do\u011fan ve\/veya \u0130\u015ftirakleri\u2019nin web siteleri, sosyal medya platformlar\u0131 ve yaz\u0131l\u0131mlar\u0131 i\u00e7in anla\u015fmal\u0131 oldu\u011fu ve sunucular\u0131 yurti\u00e7i ve\/veya yurtd\u0131\u015f\u0131nda bulunan arac\u0131 hizmet sa\u011flay\u0131c\u0131 firmalara aktar\u0131labilecektir.[\/vc_column_text]<style>.ld_spacer_69f1f07297499{height:30px;}@media (min-width: 992px) { .ld_spacer_69f1f07297499{height:50px};}<\/style>\n<div class=\"ld-empty-space ld_spacer_69f1f07297499\"><\/div><style>.ld_fancy_heading_69f1f07297636 h3 {font-size:25px; } .ld_fancy_heading_69f1f07297636 h3 {margin-bottom:1em !important;  } #kv .lqd-highlight-inner{height:0.275em!important;bottom:0px!important;}.ld_fancy_heading_69f1f07297636 h3 {font-size:25px; } .ld_fancy_heading_69f1f07297636 h3 {margin-bottom:1em !important;  } <\/style><div id=\"kv\" class=\"ld-fancy-heading ld_fancy_heading_69f1f07297636\">\n\t<h3 class=\"ld-fh-element lqd-highlight-underline lqd-highlight-grow-left text-decoration-default\"   >  Ki\u015fisel Verileri Toplaman\u0131n Y\u00f6ntemi ve Hukuki Sebebi<\/h3><\/div>[vc_column_text]2. maddede say\u0131lan ama\u00e7 ve sebeplerle i\u015flemekte oldu\u011fumuz ki\u015fisel verileriniz Sitede bulunan ileti\u015fim formunu veya e-b\u00fclten formunu doldurarak taraf\u0131m\u0131za ula\u015ft\u0131\u011f\u0131n\u0131zda yaz\u0131l\u0131 olarak elektronik ortamda veya bizlerle ileti\u015fime ge\u00e7ti\u011finizde s\u00f6zl\u00fc olarak toplanmaktad\u0131r.[\/vc_column_text]<style>.ld_spacer_69f1f072977a2{height:30px;}@media (min-width: 992px) { .ld_spacer_69f1f072977a2{height:50px};}<\/style>\n<div class=\"ld-empty-space ld_spacer_69f1f072977a2\"><\/div><style>.ld_fancy_heading_69f1f0729796b h3 {font-size:25px; } .ld_fancy_heading_69f1f0729796b h3 {margin-bottom:1em !important;  } #ik .lqd-highlight-inner{height:0.275em!important;bottom:0px!important;}.ld_fancy_heading_69f1f0729796b h3 {font-size:25px; } .ld_fancy_heading_69f1f0729796b h3 {margin-bottom:1em !important;  } <\/style><div id=\"ik\" class=\"ld-fancy-heading ld_fancy_heading_69f1f0729796b\">\n\t<h3 class=\"ld-fh-element lqd-highlight-underline lqd-highlight-grow-left text-decoration-default\"   >  \u0130lgili Ki\u015finin Haklar\u0131<\/h3><\/div>[vc_column_text]\u0130lgili ki\u015fi olarak, taraf\u0131m\u0131za ba\u015fvurarak kendinizle ilgili;<\/p>\n<p>\u25cf Ki\u015fisel veri i\u015flenip i\u015flenmedi\u011fini \u00f6\u011frenme,<br \/>\n\u25cf Ki\u015fisel verileri i\u015flenmi\u015fse buna ili\u015fkin bilgi talep etme,<br \/>\n\u25cf Ki\u015fisel verilerin i\u015flenme amac\u0131n\u0131 ve bunlar\u0131n amac\u0131na uygun kullan\u0131l\u0131p kullan\u0131lmad\u0131\u011f\u0131n\u0131 \u00f6\u011frenme,<br \/>\n\u25cf Yurt i\u00e7inde veya yurt d\u0131\u015f\u0131nda ki\u015fisel verilerin aktar\u0131ld\u0131\u011f\u0131 \u00fc\u00e7\u00fcnc\u00fc ki\u015fileri bilme,<br \/>\n\u25cf Ki\u015fisel verilerin eksik veya yanl\u0131\u015f i\u015flenmi\u015f olmas\u0131 h\u00e2linde bunlar\u0131n d\u00fczeltilmesini isteme,<br \/>\n\u25cf KVKK madde 7 \u00e7er\u00e7evesinde ki\u015fisel verilerin i\u015flenmesini gerektiren sebeplerin ortadan kalkmas\u0131 \u00e2linde ki\u015fisel verilerin ki\u015fisel verilerin silinmesini veya yok edilmesini isteme,<br \/>\n\u25cf Ki\u015fisel verilerin eksik veya yanl\u0131\u015f i\u015flenmi\u015f olmas\u0131 halinde bunlar\u0131n d\u00fczeltildi\u011finin veya KVKK madde 7 kapsam\u0131nda ki\u015fisel verilerin silindi\u011finin ve yok edildi\u011finin, ki\u015fisel verilerin aktar\u0131ld\u0131\u011f\u0131 \u00fc\u00e7\u00fcnc\u00fc ki\u015filere bildirilmesini isteme,<br \/>\n\u25cf \u0130\u015flenen verilerin m\u00fcnhas\u0131ran otomatik sistemler vas\u0131tas\u0131yla analiz edilmesi suretiyle ki\u015finin kendisi aleyhine bir sonucun ortaya \u00e7\u0131kmas\u0131na itiraz etme,<br \/>\n\u25cf Ki\u015fisel verilerin kanuna ayk\u0131r\u0131 olarak i\u015flenmesi sebebiyle zarara u\u011framas\u0131 h\u00e2linde zarar\u0131n giderilmesini talep etme haklar\u0131na sahip oldu\u011funuzu bildiririz.<\/p>\n<p>Ki\u015fisel verilerinizle ilgili olarak, KVKK madde 11 kapsam\u0131nda yukar\u0131da a\u00e7\u0131klanan haklar\u0131n\u0131zdan herhangi birini kullanmak istedi\u011finiz takdirde, a\u015fa\u011f\u0131da belirtti\u011fimiz \u015fekillerde [<a href=\"https:\/\/www.durandogan.com\/k-v-k-k-aydinlatma-metni\/\">ilgili forma gitmek i\u00e7in t\u0131klay\u0131n\u0131z<\/a>] linkinde yer alan ba\u015fvuru formu arac\u0131l\u0131\u011f\u0131 ile yaz\u0131l\u0131 olarak \u015eirketimize ba\u015fvurabilirsiniz.<br \/>\n\u015eirket\u2019in Had\u0131mk\u00f6y Mah. Mustafa \u0130nan Cad. No:41 Arnavutk\u00f6y\/\u0130stanbul adresine gelerek,<br \/>\n\u015eirket\u2019in Had\u0131mk\u00f6y Mah. Mustafa \u0130nan Cad. No:41 Arnavutk\u00f6y\/\u0130stanbul adresine noter veya iadeli taahh\u00fctl\u00fc posta arac\u0131l\u0131\u011f\u0131yla g\u00f6ndererek, veya<br \/>\n\u015eirket\u2019in [<a href=\"mailto:info@durandogan.com\">info@durandogan.com<\/a>] kay\u0131tl\u0131 elektronik posta adresine g\u00fcvenli elektronik imza, mobil imza ya da ilgili ki\u015fi taraf\u0131ndan taraf\u0131m\u0131za daha \u00f6nce bildirilen ve \u015eirket\u2019imiz sisteminde kay\u0131tl\u0131 bulunan elektronik posta adresini kullanarak.<\/p>\n<p>Opmar Optik, bu kapsamdaki taleplerinizi, talebin niteli\u011fine g\u00f6re en k\u0131sa s\u00fcrede ve en ge\u00e7 otuz g\u00fcn i\u00e7inde \u00fccretsiz olarak sonu\u00e7land\u0131racak ve yaz\u0131l\u0131 veya elektronik ortamdan taraf\u0131n\u0131z ula\u015ft\u0131r\u0131lacakt\u0131r. Ancak, i\u015flemin ayr\u0131ca bir maliyeti gerektirmesi halinde, Ki\u015fisel Verileri Koruma Kurulu taraf\u0131ndan belirlenecek tarifedeki \u00fccret al\u0131nabilecektir.<\/p>\n<p>Bununla beraber, ki\u015fisel verilerinizle ilgili de\u011fi\u015fiklik ve\/veya g\u00fcncellemeleri [<a href=\"mailto:info@durandogan.com\">info@durandogan.com<\/a>] adresine elektronik posta yoluyla veya bizzat Had\u0131mk\u00f6y Mah. Mustafa \u0130nan Cad. No:41 Arnavutk\u00f6y\/\u0130stanbul adresine gelerek bildirebilirsiniz.[\/vc_column_text][\/vc_column][\/vc_row][vc_row][vc_column][\/vc_column][\/vc_row]<\/p>\n","protected":false},"excerpt":{"rendered":"<p>[vc_row content_placement=&#8221;middle&#8221; parallax=&#8221;enable_parallax&#8221; bg_position=&#8221;center center&#8221; bg_attachment=&#8221;fixed&#8221; enable_overlay=&#8221;yes&#8221; css=&#8221;.vc_custom_1625775274801{padding-top: 140px !important;padding-bottom: 80px !important;background: #202045 url(https:\/\/www.durandogan.com\/wp-content\/uploads\/2021\/07\/scott-graham-OQMZwNd3ThU-unsplash-1.jpg?id=15069);background-position:center;background-repeat:-repeat !important;background-size: cover !important;}&#8221; responsive_css=&#8221;padding_top_medium:170px&#8221; overlay_bg=&#8221;rgba(0, 0, 0, 0.39)&#8221;][vc_column width=&#8221;1\/6&#8243;][\/vc_column][vc_column width=&#8221;2\/3&#8243;][\/vc_column][vc_column width=&#8221;1\/6&#8243;][\/vc_column][\/vc_row][vc_row full_width=&#8221;stretch_row&#8221; css=&#8221;.vc_custom_1625775392714{padding-top: 60px !important;padding-right: 15% !important;padding-bottom: 60px !important;padding-left: 15% !important;}&#8221;][vc_column enable_pin=&#8221;enable_pin&#8221; width=&#8221;4\/12&#8243; offset=&#8221;vc_col-md-4&#8243;][vc_row_inner][vc_column_inner responsive_css=&#8221;margin_bottom_medium:45px&#8221; css=&#8221;.vc_custom_1625775499451{margin-bottom: 30px !important;}&#8221;][\/vc_column_inner][\/vc_row_inner][\/vc_column][vc_column width=&#8221;8\/12&#8243; column_top_ontablet=&#8221;yes&#8221; column_top_onmobile=&#8221;yes&#8221; offset=&#8221;vc_col-md-offset-1 vc_col-md-7&#8243; responsive_css=&#8221;margin_bottom_medium:0px&#8221; css=&#8221;.vc_custom_1608195694447{margin-bottom: 35px !important;}&#8221;][vc_column_text]Duran-Do\u011fan Bas\u0131m ve Ambalaj Sanayi [&hellip;]<\/p>\n","protected":false},"author":2,"featured_media":0,"parent":0,"menu_order":0,"comment_status":"closed","ping_status":"closed","template":"","meta":{"footnotes":""},"class_list":["post-15061","page","type-page","status-publish","hentry"],"lang":"tr","translations":{"tr":15061,"en":15413},"pll_sync_post":[],"_links":{"self":[{"href":"https:\/\/www.durandogan.com\/index.php?rest_route=\/wp\/v2\/pages\/15061","targetHints":{"allow":["GET"]}}],"collection":[{"href":"https:\/\/www.durandogan.com\/index.php?rest_route=\/wp\/v2\/pages"}],"about":[{"href":"https:\/\/www.durandogan.com\/index.php?rest_route=\/wp\/v2\/types\/page"}],"author":[{"embeddable":true,"href":"https:\/\/www.durandogan.com\/index.php?rest_route=\/wp\/v2\/users\/2"}],"replies":[{"embeddable":true,"href":"https:\/\/www.durandogan.com\/index.php?rest_route=%2Fwp%2Fv2%2Fcomments&post=15061"}],"version-history":[{"count":6,"href":"https:\/\/www.durandogan.com\/index.php?rest_route=\/wp\/v2\/pages\/15061\/revisions"}],"predecessor-version":[{"id":16739,"href":"https:\/\/www.durandogan.com\/index.php?rest_route=\/wp\/v2\/pages\/15061\/revisions\/16739"}],"wp:attachment":[{"href":"https:\/\/www.durandogan.com\/index.php?rest_route=%2Fwp%2Fv2%2Fmedia&parent=15061"}],"curies":[{"name":"wp","href":"https:\/\/api.w.org\/{rel}","templated":true}]}}