{"id":16864,"date":"2023-11-30T14:52:01","date_gmt":"2023-11-30T11:52:01","guid":{"rendered":"https:\/\/www.durandogan.com\/?page_id=16864"},"modified":"2026-02-18T16:29:22","modified_gmt":"2026-02-18T13:29:22","slug":"sosyal-uygunluk","status":"publish","type":"page","link":"https:\/\/www.durandogan.com\/?page_id=16864","title":{"rendered":"Sosyal Uygunluk ve Etik"},"content":{"rendered":"<p>[vc_row parallax=&#8221;enable_parallax&#8221; enable_content_animation=&#8221;yes&#8221; enable_cc_circle=&#8221;yes&#8221; ca_init_scale_x=&#8221;1&#8243; ca_init_scale_y=&#8221;1&#8243; ca_init_opacity=&#8221;1&#8243; ca_an_scale_x=&#8221;1&#8243; ca_an_scale_y=&#8221;1&#8243; ca_an_opacity=&#8221;1&#8243; bg_position=&#8221;center center&#8221; enable_overlay=&#8221;yes&#8221; responsive_css=&#8221;padding_top_medium:170px&#8221; css=&#8221;.vc_custom_1695032183055{padding-top: 140px !important;padding-bottom: 80px !important;background: #0a0a0a url(https:\/\/www.durandogan.com\/wp-content\/uploads\/2023\/09\/sustainability-header-bg.jpg?id=16753);}&#8221; overlay_bg=&#8221;rgba(0, 0, 0, 0.39)&#8221; cc_circle_color=&#8221;rgba(255, 157, 202, 0.44)&#8221;][vc_column]<style>.ld_spacer_69f1dee980d15{height:60px;}<\/style>\n<div class=\"ld-empty-space ld_spacer_69f1dee980d15\"><\/div><style>.ld_fancy_heading_69f1dee980f60 h4{color:rgb(255, 255, 255);background:rgb(115, 0, 20);}.ld_fancy_heading_69f1dee980f60 h4 {font-size:19px; } .ld_fancy_heading_69f1dee980f60 h4 {letter-spacing:0.08em; } .ld_fancy_heading_69f1dee980f60 .lqd-highlight-inner{height:0.275em!important;bottom:0px!important;}.ld_fancy_heading_69f1dee980f60 h4 {font-size:19px; } .ld_fancy_heading_69f1dee980f60 h4 {letter-spacing:0.08em; } <\/style><div class=\"ld-fancy-heading ld-fh-has-fill text-center text-uppercase ld_fancy_heading_69f1dee980f60\">\n\t<h4 class=\"ld-fh-element semi-round lqd-highlight-underline lqd-highlight-grow-left text-decoration-default\"   >  S\u00fcrd\u00fcr\u00fclebilirlik<\/h4><\/div><style>.ld_spacer_69f1dee98123d{height:32px;}<\/style>\n<div class=\"ld-empty-space ld_spacer_69f1dee98123d\"><\/div><style>.ld_fancy_heading_69f1dee9813e6 h1{color:rgb(255, 255, 255);}@media (min-width: 992px) { .ld_fancy_heading_69f1dee9813e6 h1 {font-size:74px; }  } .ld_fancy_heading_69f1dee9813e6 h1 {line-height:0.9em; } .ld_fancy_heading_69f1dee9813e6 h1 {--element-line-height:0.9em; } .ld_fancy_heading_69f1dee9813e6 .lqd-highlight-inner{height:0.275em!important;bottom:0px!important;}@media (min-width: 992px) { .ld_fancy_heading_69f1dee9813e6 h1 {font-size:74px; }  } .ld_fancy_heading_69f1dee9813e6 h1 {line-height:0.9em; } .ld_fancy_heading_69f1dee9813e6 h1 {--element-line-height:0.9em; } <\/style><div class=\"ld-fancy-heading text-center ld_fancy_heading_69f1dee9813e6\">\n\t<h1 class=\"ld-fh-element lqd-highlight-underline lqd-highlight-grow-left text-decoration-default\"   >  Sosyal Uygunluk<\/h1><\/div><style>.ld_spacer_69f1dee98155d{height:32px;}<\/style>\n<div class=\"ld-empty-space ld_spacer_69f1dee98155d\"><\/div><style>.ld_fancy_heading_69f1dee9816fb p{color:rgba(255, 255, 255, 0.7);}.ld_fancy_heading_69f1dee9816fb p {font-size:17px; } .ld_fancy_heading_69f1dee9816fb p {line-height:1,3em; } .ld_fancy_heading_69f1dee9816fb p {--element-line-height:1,3em; } .ld_fancy_heading_69f1dee9816fb .lqd-highlight-inner{height:0.275em!important;bottom:0px!important;}.ld_fancy_heading_69f1dee9816fb p {font-size:17px; } .ld_fancy_heading_69f1dee9816fb p {line-height:1,3em; } .ld_fancy_heading_69f1dee9816fb p {--element-line-height:1,3em; } <\/style><div class=\"ld-fancy-heading text-center ld_fancy_heading_69f1dee9816fb\">\n\t<\/div>[\/vc_column][\/vc_row][vc_row][vc_column]<style>.ld_spacer_69f1dee981832{height:32px;}<\/style>\n<div class=\"ld-empty-space ld_spacer_69f1dee981832\"><\/div><style>.ld_fancy_heading_69f1dee9819da h2{color:rgb(136, 39, 49);}.ld_fancy_heading_69f1dee9819da h2 {font-size:40px; } .ld_fancy_heading_69f1dee9819da .lqd-highlight-inner{height:0.275em!important;bottom:0px!important;}.ld_fancy_heading_69f1dee9819da h2 {font-size:40px; } <\/style><div class=\"ld-fancy-heading text-center ld_fancy_heading_69f1dee9819da\">\n\t<h2 class=\"ld-fh-element lqd-highlight-underline lqd-highlight-grow-left text-decoration-default lqd-split-words\"   data-split-text=\"true\" data-split-options='{\"type\":\"words\"}' data-custom-animations=\"true\" data-ca-options='{\"triggerHandler\":\"inview\",\"animationTarget\":\".lqd-words > .split-inner\",\"duration\":\"1000\",\"delay\":\"120\",\"ease\":\"power4.out\",\"direction\":\"forward\",\"initValues\":{\"y\":70},\"animations\":{\"y\":0}}'>  Sosyal Uygunluk<\/h2><\/div>[vc_row_inner][vc_column_inner]<style>.ld_fancy_heading_69f1dee981bfa p{color:rgb(81, 81, 81);}.ld_fancy_heading_69f1dee981bfa p {font-size:14px; } @media (min-width: 992px) { .ld_fancy_heading_69f1dee981bfa p {font-size:18px; }  } .ld_fancy_heading_69f1dee981bfa p {line-height:1.5em; } .ld_fancy_heading_69f1dee981bfa p {--element-line-height:1.5em; } .ld_fancy_heading_69f1dee981bfa .lqd-highlight-inner{height:0.275em!important;bottom:0px!important;}.ld_fancy_heading_69f1dee981bfa p {font-size:14px; } @media (min-width: 992px) { .ld_fancy_heading_69f1dee981bfa p {font-size:18px; }  } .ld_fancy_heading_69f1dee981bfa p {line-height:1.5em; } .ld_fancy_heading_69f1dee981bfa p {--element-line-height:1.5em; } <\/style><div class=\"ld-fancy-heading mask-text ld_fancy_heading_69f1dee981bfa\">\n\t<p class=\"ld-fh-element lqd-highlight-underline lqd-highlight-grow-left text-decoration-default lqd-split-lines\"   data-split-text=\"true\" data-split-options='{\"type\":\"lines\"}'>  \u0130\u015f eti\u011fi ilkeleri \u015firketimizin takip etti\u011fi standartlar\u0131 belirler ve \u00f6nemli etik sorunlar kar\u015f\u0131s\u0131nda neler yapabilece\u011fi konusunda rehberlik sa\u011flamaktad\u0131r. Duran Do\u011fan Sosyal Uygunluk \u00e7al\u0131\u015fmalar\u0131n\u0131n amac\u0131; \u015firketimizin vizyon, misyon ve de\u011ferleri do\u011frultusunda t\u00fcm y\u00f6netici ve \u00e7al\u0131\u015fanlara \u00e7al\u0131\u015fma ortamlar\u0131nda kendilerine rehberlik edecek i\u015f eti\u011fi ilkelerini belirtmektir.<\/p><\/div>[\/vc_column_inner][\/vc_row_inner][\/vc_column][\/vc_row][vc_row][vc_column]<style>.ld_spacer_69f1dee981d6b{height:32px;}<\/style>\n<div class=\"ld-empty-space ld_spacer_69f1dee981d6b\"><\/div><style>.ld_fancy_heading_69f1dee981f06 h2{color:rgb(136, 39, 49);}.ld_fancy_heading_69f1dee981f06 h2 {font-size:40px; } .ld_fancy_heading_69f1dee981f06 .lqd-highlight-inner{height:0.275em!important;bottom:0px!important;}.ld_fancy_heading_69f1dee981f06 h2 {font-size:40px; } <\/style><div class=\"ld-fancy-heading text-center ld_fancy_heading_69f1dee981f06\">\n\t<h2 class=\"ld-fh-element lqd-highlight-underline lqd-highlight-grow-left text-decoration-default lqd-split-words\"   data-split-text=\"true\" data-split-options='{\"type\":\"words\"}' data-custom-animations=\"true\" data-ca-options='{\"triggerHandler\":\"inview\",\"animationTarget\":\".lqd-words > .split-inner\",\"duration\":\"1000\",\"delay\":\"120\",\"ease\":\"power4.out\",\"direction\":\"forward\",\"initValues\":{\"y\":70},\"animations\":{\"y\":0}}'>  \u00c7E\u015e\u0130TL\u0130L\u0130K, E\u015e\u0130TL\u0130K ve KAPSAYICILIK POL\u0130T\u0130KASI<\/h2><\/div>[vc_row_inner][vc_column_inner]<style>.ld_fancy_heading_69f1dee982143 p{color:rgb(81, 81, 81);}.ld_fancy_heading_69f1dee982143 p {font-size:14px; } @media (min-width: 992px) { .ld_fancy_heading_69f1dee982143 p {font-size:18px; }  } .ld_fancy_heading_69f1dee982143 p {line-height:1.5em; } .ld_fancy_heading_69f1dee982143 p {--element-line-height:1.5em; } .ld_fancy_heading_69f1dee982143 .lqd-highlight-inner{height:0.275em!important;bottom:0px!important;}.ld_fancy_heading_69f1dee982143 p {font-size:14px; } @media (min-width: 992px) { .ld_fancy_heading_69f1dee982143 p {font-size:18px; }  } .ld_fancy_heading_69f1dee982143 p {line-height:1.5em; } .ld_fancy_heading_69f1dee982143 p {--element-line-height:1.5em; } <\/style><div class=\"ld-fancy-heading mask-text ld_fancy_heading_69f1dee982143\">\n\t<p class=\"ld-fh-element lqd-highlight-underline lqd-highlight-grow-left text-decoration-default lqd-split-lines\"   data-split-text=\"true\" data-split-options='{\"type\":\"lines\"}'>  Duran Do\u011fan, \u00e7e\u015fitlilik, e\u015fitlik ve kapsay\u0131c\u0131l\u0131k k\u00fclt\u00fcr\u00fcn\u00fc geli\u015ftirmeye, yaymaya ve korumaya kararl\u0131d\u0131r. \u0130nsan sermayemiz, sahip oldu\u011fumuz en de\u011ferli varl\u0131kt\u0131r. Bireysel farkl\u0131l\u0131klar\u0131n, ya\u015fam deneyimlerinin, bilgi, yarat\u0131c\u0131l\u0131k, yenilik, kendini ifade etme, benzersiz yetenekler ve \u00e7al\u0131\u015fanlar\u0131m\u0131z\u0131n i\u015flerine yat\u0131rd\u0131\u011f\u0131 yeteneklerin toplu toplam\u0131, yaln\u0131zca k\u00fclt\u00fcr\u00fcm\u00fcz\u00fcn de\u011fil, ayn\u0131 zamanda itibar\u0131m\u0131z\u0131n ve \u015firketimizin ba\u015far\u0131s\u0131n\u0131n da \u00f6nemli bir par\u00e7as\u0131n\u0131 temsil etmektedir.<\/p>\n<p>\u00c7al\u0131\u015fanlar\u0131m\u0131z\u0131n ya\u015f, renk, engellilik, etnik k\u00f6ken, aile ya da medeni durum, cinsiyet kimli\u011fi veya ifadesi, dil, ulusal k\u00f6ken, fiziksel ve zihinsel yetenek, siyasi ba\u011fl\u0131l\u0131k, \u0131rk, din, cinsel y\u00f6nelim, sosyoekonomik durum ve di\u011fer benzersiz \u00f6zellikler gibi farkl\u0131l\u0131klar\u0131n\u0131 kucakl\u0131yor ve te\u015fvik ediyoruz.<\/p>\n<p>Duran Do\u011fan&#8217;\u0131n \u00e7e\u015fitlilik giri\u015fimleri, i\u015fe al\u0131m ve se\u00e7im, tazminat ve faydalar, profesyonel geli\u015fim ve e\u011fitim, terfiler, transferler, sosyal ve e\u011flence programlar\u0131, i\u015ften \u00e7\u0131karmalar, fesihler ve i\u015fyerinde cinsiyet ve \u00e7e\u015fitlilik e\u015fitli\u011fi temelli bir \u00e7al\u0131\u015fma ortam\u0131 olu\u015fturulmas\u0131na y\u00f6nelik uygulamalar ve politikalar\u0131m\u0131zla s\u0131n\u0131rl\u0131 de\u011fildir.<br \/>\nBu da \u015funlar\u0131 te\u015fvik ve zorunlu k\u0131lar:<\/p>\n<p>\u2022 T\u00fcm \u00e7al\u0131\u015fanlar aras\u0131nda sayg\u0131l\u0131 ileti\u015fim ve i\u015fbirli\u011fi.<\/p>\n<p>\u2022 Tak\u0131m \u00e7al\u0131\u015fmas\u0131 ve \u00e7al\u0131\u015fan kat\u0131l\u0131m\u0131, t\u00fcm gruplar\u0131n ve \u00e7al\u0131\u015fan perspektiflerinin temsil edilmesini sa\u011flar.<\/p>\n<p>\u2022 Farkl\u0131 ihtiya\u00e7lar\u0131 kar\u015f\u0131lamak i\u00e7in i\u015f\/ya\u015fam dengesi.<\/p>\n<p>\u2022 \u00c7al\u0131\u015fanlar ve i\u015fverenin, hizmet etti\u011fimiz topluluklara katk\u0131da bulunarak \u00e7e\u015fitlili\u011fe dair daha fazla anlay\u0131\u015f ve sayg\u0131y\u0131 te\u015fvik etmesi.<\/p>\n<p>Duran Do\u011fan&#8217;\u0131n t\u00fcm \u00e7al\u0131\u015fanlar\u0131, di\u011ferlerine sayg\u0131 ve onurlu davranmaktan sorumludur. T\u00fcm \u00e7al\u0131\u015fanlar, i\u015fyerinde, i\u015f d\u0131\u015f\u0131ndaki t\u00fcm i\u015flevlerde ve di\u011fer \u015firket taraf\u0131ndan desteklenen etkinliklerde, kapsay\u0131c\u0131l\u0131\u011f\u0131 yans\u0131tan davran\u0131\u015flar sergilemekle y\u00fck\u00fcml\u00fcd\u00fcr. \u00c7al\u0131\u015fanlar\u0131n ayr\u0131ca, bu sorumlulu\u011fu yerine getirmek i\u00e7in y\u0131ll\u0131k \u00e7e\u015fitlilik fark\u0131ndal\u0131k e\u011fitimine kat\u0131lmalar\u0131 ve tamamlamalar\u0131 gerekmektedir.<\/p>\n<p>Ba\u015fka birine kar\u015f\u0131 uygunsuz davran\u0131\u015f veya tutum sergileyen herhangi bir \u00e7al\u0131\u015fan, disiplin cezas\u0131 ile kar\u015f\u0131la\u015fabilir.<\/p>\n<p>\u00c7e\u015fitlilik politikam\u0131z ve giri\u015fimlerimizle \u00e7eli\u015fen ayr\u0131mc\u0131l\u0131\u011fa u\u011frad\u0131\u011f\u0131n\u0131 d\u00fc\u015f\u00fcnen \u00e7al\u0131\u015fanlar, bir amir veya \u0130K temsilcisinden yard\u0131m almal\u0131d\u0131r.<\/p><\/div>[\/vc_column_inner][\/vc_row_inner][\/vc_column][\/vc_row][vc_row gap=&#8221;25&#8243; enable_row_dividers=&#8221;yes&#8221; responsive_css=&#8221;padding_top_medium:120px|padding_bottom_medium:70px|padding_top_small:80px|padding_bottom_small:30px&#8221; css=&#8221;.vc_custom_1695033167975{padding-top: 60px !important;padding-bottom: 20px !important;background-color: #f7f7f7 !important;}&#8221;][vc_column]<style>.ld_fancy_heading_69f1dee982429 h2 {font-size:22px; } @media (min-width: 992px) { .ld_fancy_heading_69f1dee982429 h2 {font-size:20px; }  } .ld_fancy_heading_69f1dee982429 .lqd-highlight-inner{height:0.275em!important;bottom:0px!important;}.ld_fancy_heading_69f1dee982429 h2 {font-size:22px; } @media (min-width: 992px) { .ld_fancy_heading_69f1dee982429 h2 {font-size:20px; }  } <\/style><div class=\"ld-fancy-heading ld_fancy_heading_69f1dee982429\">\n\t<h2 class=\"ld-fh-element lqd-highlight-underline lqd-highlight-grow-left text-decoration-default lqd-split-words\"   data-split-text=\"true\" data-split-options='{\"type\":\"words\"}' data-custom-animations=\"true\" data-ca-options='{\"triggerHandler\":\"inview\",\"animationTarget\":\".lqd-words > .split-inner\",\"duration\":\"1000\",\"delay\":\"120\",\"ease\":\"power4.out\",\"direction\":\"forward\",\"initValues\":{\"y\":70},\"animations\":{\"y\":0}}'>  <strong>Y\u00d6NET\u0130M S\u0130STEMLER\u0130 VE BELGELER<\/strong><\/h2><\/div><style>.vc_accordion_69f1dee9826ba .accordion-title{font-size:19px;}.vc_accordion_69f1dee9826ba .accordion-item.active .accordion-title a{color:rgba(98, 0, 18, 0.89);background:rgb(247, 247, 247);}.vc_accordion_69f1dee9826ba .accordion-title a{background:rgb(227, 227, 227);}.vc_accordion_69f1dee9826ba .accordion-title a, .vc_accordion_69f1dee9826ba .accordion-item{border-color:rgb(144, 144, 144);}.vc_accordion_69f1dee9826ba .accordion-item.active .accordion-title a, .vc_accordion_69f1dee9826ba .accordion-item.active{border-color:rgb(101, 101, 101);}<\/style><div class=\"accordion accordion-lg accordion-heading-has-shadow accordion-active-has-fill accordion-title-bordered accordion-title-round accordion-expander-left vc_accordion_69f1dee9826ba\" id=\"vc_accordion_69f1dee9826ba\"\n     role=\"tablist\" aria-multiselectable=\"true\">\n\n\t            <div class=\"accordion-item panel  \">\n\n                <div class=\"accordion-heading\" role=\"tab\" id=\"heading_lqd-1695033348321-7af045d2-f4ea\" data-id=\"lqd-1695033348321-7af045d2-f4ea\">\n                    <h4 class=\"accordion-title\" data-controls=\"lqd-1695033348321-7af045d2-f4ea\" tabindex=\"-1\">\n                        <a tabindex=\"0\" class=\"collapsed\" data-toggle=\"collapse\"  data-bs-toggle=\"collapse\"\n                           data-parent=\"#vc_accordion_69f1dee9826ba\" data-bs-parent=\"#vc_accordion_69f1dee9826ba\" href=\"#lqd-1695033348321-7af045d2-f4ea\" data-bs-target=\"#lqd-1695033348321-7af045d2-f4ea\"\n                           aria-expanded=\"false\" aria-controls=\"lqd-1695033348321-7af045d2-f4ea\">\n\n\t\t\t\t\t\t\t\n\t\t\t\t\t\t\tET\u0130K POL\u0130T\u0130KA\n\t\t\t\t\t\t\t                                <span class=\"accordion-expander\">\n\t\t\t\t\t\t\t\t\t\t\t\t\t\t\t\t\t\t\t<i class=\"fas fa-copy\"><\/i>\n\t\t\t\t\t\t\t\t\t\n\t\t\t\t\t\t\t\t\t\t\t\t\t\t\t\t\t\t\t<i class=\"far fa-copy\"><\/i>\n\t\t\t\t\t\t\t\t\t\t\t\t\t\t\t\t\t<\/span>\n\t\t\t\t\t\t\t\n                        <\/a>\n\n                    <\/h4>\n                <\/div>\n\n                <div id=\"lqd-1695033348321-7af045d2-f4ea\" class=\"accordion-collapse collapse\"\n                    data-bs-parent=\"#vc_accordion_69f1dee9826ba\" role=\"tabpanel\" aria-labelledby=\"heading_lqd-1695033348321-7af045d2-f4ea\">\n                    <div class=\"accordion-content\">\n\t\t\t\t\t\t[vc_raw_html]JTNDaWZyYW1lJTIwaWQlM0QlMjJmcmVkJTIyJTIwc3R5bGUlM0QlMjJib3JkZXIlM0ExcHglMjBzb2xpZCUyMCUyMzY2NkNDQyUyMiUyMHRpdGxlJTNEJTIyUERGJTIwaW4lMjBhbiUyMGktRnJhbWUlMjIlMjBzcmMlM0QlMjJodHRwcyUzQSUyRiUyRnd3dy5kdXJhbmRvZ2FuLmNvbSUyRndwLWNvbnRlbnQlMkZ1cGxvYWRzJTJGMjAyMyUyRjExJTJGZXRpay1wb2xpdGlrYTIwMjMucGRmJTIyJTIwZnJhbWVib3JkZXIlM0QlMjIxJTIyJTIwc2Nyb2xsaW5nJTNEJTIyYXV0byUyMiUyMGhlaWdodCUzRCUyMjExMDAlMjIlMjB3aWR0aCUzRCUyMjkwMCUyMiUyMCUzRSUzQyUyRmlmcmFtZSUzRQ==[\/vc_raw_html]                    <\/div>\n                <\/div>\n            <\/div>\n\t\t\t<\/div>[\/vc_column][\/vc_row]<\/p>\n","protected":false},"excerpt":{"rendered":"<p>[vc_row parallax=&#8221;enable_parallax&#8221; enable_content_animation=&#8221;yes&#8221; enable_cc_circle=&#8221;yes&#8221; ca_init_scale_x=&#8221;1&#8243; ca_init_scale_y=&#8221;1&#8243; ca_init_opacity=&#8221;1&#8243; ca_an_scale_x=&#8221;1&#8243; ca_an_scale_y=&#8221;1&#8243; ca_an_opacity=&#8221;1&#8243; bg_position=&#8221;center center&#8221; enable_overlay=&#8221;yes&#8221; responsive_css=&#8221;padding_top_medium:170px&#8221; css=&#8221;.vc_custom_1695032183055{padding-top: 140px !important;padding-bottom: 80px !important;background: #0a0a0a url(https:\/\/www.durandogan.com\/wp-content\/uploads\/2023\/09\/sustainability-header-bg.jpg?id=16753);}&#8221; overlay_bg=&#8221;rgba(0, 0, 0, 0.39)&#8221; cc_circle_color=&#8221;rgba(255, 157, 202, 0.44)&#8221;][vc_column][\/vc_column][\/vc_row][vc_row][vc_column][vc_row_inner][vc_column_inner][\/vc_column_inner][\/vc_row_inner][\/vc_column][\/vc_row][vc_row][vc_column][vc_row_inner][vc_column_inner][\/vc_column_inner][\/vc_row_inner][\/vc_column][\/vc_row][vc_row gap=&#8221;25&#8243; enable_row_dividers=&#8221;yes&#8221; responsive_css=&#8221;padding_top_medium:120px|padding_bottom_medium:70px|padding_top_small:80px|padding_bottom_small:30px&#8221; css=&#8221;.vc_custom_1695033167975{padding-top: 60px !important;padding-bottom: 20px !important;background-color: #f7f7f7 !important;}&#8221;][vc_column][\/vc_column][\/vc_row]<\/p>\n","protected":false},"author":8,"featured_media":0,"parent":0,"menu_order":0,"comment_status":"closed","ping_status":"closed","template":"","meta":{"footnotes":""},"class_list":["post-16864","page","type-page","status-publish","hentry"],"lang":"tr","translations":{"en":16871,"tr":16864},"pll_sync_post":[],"_links":{"self":[{"href":"https:\/\/www.durandogan.com\/index.php?rest_route=\/wp\/v2\/pages\/16864","targetHints":{"allow":["GET"]}}],"collection":[{"href":"https:\/\/www.durandogan.com\/index.php?rest_route=\/wp\/v2\/pages"}],"about":[{"href":"https:\/\/www.durandogan.com\/index.php?rest_route=\/wp\/v2\/types\/page"}],"author":[{"embeddable":true,"href":"https:\/\/www.durandogan.com\/index.php?rest_route=\/wp\/v2\/users\/8"}],"replies":[{"embeddable":true,"href":"https:\/\/www.durandogan.com\/index.php?rest_route=%2Fwp%2Fv2%2Fcomments&post=16864"}],"version-history":[{"count":11,"href":"https:\/\/www.durandogan.com\/index.php?rest_route=\/wp\/v2\/pages\/16864\/revisions"}],"predecessor-version":[{"id":17306,"href":"https:\/\/www.durandogan.com\/index.php?rest_route=\/wp\/v2\/pages\/16864\/revisions\/17306"}],"wp:attachment":[{"href":"https:\/\/www.durandogan.com\/index.php?rest_route=%2Fwp%2Fv2%2Fmedia&parent=16864"}],"curies":[{"name":"wp","href":"https:\/\/api.w.org\/{rel}","templated":true}]}}