{"id":17071,"date":"2025-05-23T16:58:59","date_gmt":"2025-05-23T13:58:59","guid":{"rendered":"https:\/\/www.durandogan.com\/?page_id=17071"},"modified":"2026-02-18T15:26:39","modified_gmt":"2026-02-18T12:26:39","slug":"biyocesitlilik","status":"publish","type":"page","link":"https:\/\/www.durandogan.com\/?page_id=17071","title":{"rendered":"Biyo\u00e7e\u015fitlilik ve \u00c7evresel Etki"},"content":{"rendered":"<p>[vc_row parallax=&#8221;enable_parallax&#8221; enable_content_animation=&#8221;yes&#8221; enable_cc_circle=&#8221;yes&#8221; ca_init_scale_x=&#8221;1&#8243; ca_init_scale_y=&#8221;1&#8243; ca_init_opacity=&#8221;1&#8243; ca_an_scale_x=&#8221;1&#8243; ca_an_scale_y=&#8221;1&#8243; ca_an_opacity=&#8221;1&#8243; bg_position=&#8221;center center&#8221; enable_overlay=&#8221;yes&#8221; responsive_css=&#8221;padding_top_medium:170px&#8221; css=&#8221;.vc_custom_1695032183055{padding-top: 140px !important;padding-bottom: 80px !important;background: #0a0a0a url(https:\/\/www.durandogan.com\/wp-content\/uploads\/2023\/09\/sustainability-header-bg.jpg?id=16753);}&#8221; overlay_bg=&#8221;rgba(0, 0, 0, 0.39)&#8221; cc_circle_color=&#8221;rgba(255, 157, 202, 0.44)&#8221;][vc_column]<style>.ld_spacer_69f227ca8eb07{height:60px;}<\/style>\n<div class=\"ld-empty-space ld_spacer_69f227ca8eb07\"><\/div><style>.ld_fancy_heading_69f227ca8edc9 h4{color:rgb(255, 255, 255);background:rgb(115, 0, 20);}.ld_fancy_heading_69f227ca8edc9 h4 {font-size:19px; } .ld_fancy_heading_69f227ca8edc9 h4 {letter-spacing:0.08em; } .ld_fancy_heading_69f227ca8edc9 .lqd-highlight-inner{height:0.275em!important;bottom:0px!important;}.ld_fancy_heading_69f227ca8edc9 h4 {font-size:19px; } .ld_fancy_heading_69f227ca8edc9 h4 {letter-spacing:0.08em; } <\/style><div class=\"ld-fancy-heading ld-fh-has-fill text-center text-uppercase ld_fancy_heading_69f227ca8edc9\">\n\t<h4 class=\"ld-fh-element semi-round lqd-highlight-underline lqd-highlight-grow-left text-decoration-default\"   >  S\u00fcrd\u00fcr\u00fclebilirlik<\/h4><\/div><style>.ld_spacer_69f227ca90039{height:32px;}<\/style>\n<div class=\"ld-empty-space ld_spacer_69f227ca90039\"><\/div><style>.ld_fancy_heading_69f227ca90209 h1{color:rgb(255, 255, 255);}@media (min-width: 992px) { .ld_fancy_heading_69f227ca90209 h1 {font-size:74px; }  } .ld_fancy_heading_69f227ca90209 h1 {line-height:0.9em; } .ld_fancy_heading_69f227ca90209 h1 {--element-line-height:0.9em; } .ld_fancy_heading_69f227ca90209 .lqd-highlight-inner{height:0.275em!important;bottom:0px!important;}@media (min-width: 992px) { .ld_fancy_heading_69f227ca90209 h1 {font-size:74px; }  } .ld_fancy_heading_69f227ca90209 h1 {line-height:0.9em; } .ld_fancy_heading_69f227ca90209 h1 {--element-line-height:0.9em; } <\/style><div class=\"ld-fancy-heading text-center ld_fancy_heading_69f227ca90209\">\n\t<h1 class=\"ld-fh-element lqd-highlight-underline lqd-highlight-grow-left text-decoration-default\"   >  Biyo\u00e7e\u015fitlilik<\/h1><\/div><style>.ld_spacer_69f227ca90559{height:32px;}<\/style>\n<div class=\"ld-empty-space ld_spacer_69f227ca90559\"><\/div><style>.ld_fancy_heading_69f227ca906fc p{color:rgba(255, 255, 255, 0.7);}.ld_fancy_heading_69f227ca906fc p {font-size:17px; } .ld_fancy_heading_69f227ca906fc p {line-height:1,3em; } .ld_fancy_heading_69f227ca906fc p {--element-line-height:1,3em; } .ld_fancy_heading_69f227ca906fc .lqd-highlight-inner{height:0.275em!important;bottom:0px!important;}.ld_fancy_heading_69f227ca906fc p {font-size:17px; } .ld_fancy_heading_69f227ca906fc p {line-height:1,3em; } .ld_fancy_heading_69f227ca906fc p {--element-line-height:1,3em; } <\/style><div class=\"ld-fancy-heading text-center ld_fancy_heading_69f227ca906fc\">\n\t<\/div>[\/vc_column][\/vc_row][vc_row][vc_column]<style>.ld_spacer_69f227ca9083b{height:32px;}<\/style>\n<div class=\"ld-empty-space ld_spacer_69f227ca9083b\"><\/div><style>.ld_fancy_heading_69f227ca909ed h2{color:rgb(136, 39, 49);}.ld_fancy_heading_69f227ca909ed h2 {font-size:40px; } .ld_fancy_heading_69f227ca909ed .lqd-highlight-inner{height:0.275em!important;bottom:0px!important;}.ld_fancy_heading_69f227ca909ed h2 {font-size:40px; } <\/style><div class=\"ld-fancy-heading text-center ld_fancy_heading_69f227ca909ed\">\n\t<h2 class=\"ld-fh-element lqd-highlight-underline lqd-highlight-grow-left text-decoration-default lqd-split-words\"   data-split-text=\"true\" data-split-options='{\"type\":\"words\"}' data-custom-animations=\"true\" data-ca-options='{\"triggerHandler\":\"inview\",\"animationTarget\":\".lqd-words > .split-inner\",\"duration\":\"1000\",\"delay\":\"120\",\"ease\":\"power4.out\",\"direction\":\"forward\",\"initValues\":{\"y\":70},\"animations\":{\"y\":0}}'>  B\u0130YO\u00c7E\u015e\u0130TL\u0130L\u0130K POL\u0130T\u0130KAMIZ<\/h2><\/div>[vc_row_inner][vc_column_inner]<style>.ld_fancy_heading_69f227ca90c6c p{color:rgb(81, 81, 81);}.ld_fancy_heading_69f227ca90c6c p {font-size:14px; } @media (min-width: 992px) { .ld_fancy_heading_69f227ca90c6c p {font-size:18px; }  } .ld_fancy_heading_69f227ca90c6c p {line-height:1.5em; } .ld_fancy_heading_69f227ca90c6c p {--element-line-height:1.5em; } .ld_fancy_heading_69f227ca90c6c .lqd-highlight-inner{height:0.275em!important;bottom:0px!important;}.ld_fancy_heading_69f227ca90c6c p {font-size:14px; } @media (min-width: 992px) { .ld_fancy_heading_69f227ca90c6c p {font-size:18px; }  } .ld_fancy_heading_69f227ca90c6c p {line-height:1.5em; } .ld_fancy_heading_69f227ca90c6c p {--element-line-height:1.5em; } <\/style><div class=\"ld-fancy-heading mask-text ld_fancy_heading_69f227ca90c6c\">\n\t<p class=\"ld-fh-element lqd-highlight-underline lqd-highlight-grow-left text-decoration-default lqd-split-lines\"   data-split-text=\"true\" data-split-options='{\"type\":\"lines\"}'>  Duran Do\u011fan Bas\u0131m Ambalaj San. A.\u015e biyolojik \u00e7e\u015fitlili\u011fin azalmas\u0131n\u0131n, global \u00f6l\u00e7ekte t\u00fcm ekosistem \u00fczerinde olumsuz etkiye sahip olabilece\u011finin bilinciyle \u00e7evresel dengenin ve ekosistemin korunmas\u0131 ad\u0131na biyo\u00e7e\u015fitlili\u011fe \u00f6nem vermektedir. S\u00fcrd\u00fcrd\u00fc\u011f\u00fc faaliyetlerinde, biyo\u00e7e\u015fitlili\u011fin korunmas\u0131yla beraber \u00e7evresel s\u00fcrd\u00fcr\u00fclebilirli\u011fin sa\u011flanabilmesi i\u00e7in \u00e7al\u0131\u015fmalar\u0131na devam<br \/>\netmektedir.<\/p>\n<p>Bu kapsamda;<\/p>\n<p>\u2022 Do\u011fal ya\u015fam\u0131n \u00f6zg\u00fcnl\u00fc\u011f\u00fcn\u00fcn ve \u00e7e\u015fitlili\u011finin desteklenmesi,<\/p>\n<p>\u2022 Do\u011fal kaynaklar\u0131n s\u00fcrd\u00fcr\u00fclebilirli\u011fini sa\u011flamak i\u00e7in \u00e7evre a\u00e7\u0131s\u0131ndan zararl\u0131 olan at\u0131klar\u0131 alternatif yak\u0131t ve hammadde kapsam\u0131nda kullanarak ekosistemlerin ve biyo\u00e7e\u015fitlili\u011fin<br \/>\nkorunmas\u0131na destek olunmas\u0131,<\/p>\n<p>\u2022 S\u00fcrd\u00fcr\u00fclebilirlik hedefleri i\u00e7inde biyo\u00e7e\u015fitlili\u011fe \u00f6nemli bir yer ayr\u0131larak karar alma s\u00fcre\u00e7lerine dahil edilmesi,<\/p>\n<p>\u2022 Biyo\u00e7e\u015fitlilikle ili\u015fkili unsurlar\u0131n i\u015f stratejilerine entegre edilmesi,<\/p>\n<p>\u2022 Faaliyetlere ba\u015flamadan \u00f6nce biyo\u00e7e\u015fitlilik a\u00e7\u0131s\u0131ndan bir \u00f6n de\u011ferlendirme yap\u0131larak faaliyetin biyo\u00e7e\u015fitlilik \u00fczerine etkilerinin de\u011ferlendirilmesi,<\/p>\n<p>\u2022 Faaliyet g\u00f6sterilen alanlarda biyo\u00e7e\u015fitlili\u011fe etkinin de\u011ferlendirilmesi ve biyo\u00e7e\u015fitlili\u011fi koruma aksiyon planlar\u0131n\u0131n geli\u015ftirilmesi,<\/p>\n<p>\u2022 Tedarik zincirindeki faaliyetlerin biyo\u00e7e\u015fitlilik \u00fczerindeki olas\u0131 do\u011frudan ve dolayl\u0131 etkilerinin belirlenmesi ve kontrol alt\u0131nda tutulmas\u0131,<\/p>\n<p>\u2022 Mevcut ve yeni faaliyetlerde nesli t\u00fckenmekte olan ya da nesli tehlike alt\u0131ndaki t\u00fcrlerin, hayvanlar\u0131n ve ormanlar\u0131n korunmas\u0131n\u0131 dikkate alacak uygulamalar geli\u015ftirilmesi,<\/p>\n<p>\u2022 Biyo\u00e7e\u015fitlilik koruma \u00e7abalar\u0131nda, mevcut durum g\u00f6zden ge\u00e7irilerek; ilgili yasal otoriteler, bilim insanlar\u0131 ve yerel y\u00f6netimlerle yak\u0131n i\u015fbirli\u011fi i\u00e7inde bulunulmas\u0131, yerel \u00e7\u00f6z\u00fcmler ve k\u00fcresel etkiler konusunda payda\u015flarla birlikte hareket edilmesi,<\/p>\n<p>\u2022 T\u00fcm \u00e7al\u0131\u015fanlar\u0131n ve payda\u015flar\u0131n biyo\u00e7e\u015fitlili\u011fin korunmas\u0131na y\u00f6nelik yap\u0131lan \u00e7al\u0131\u015fmalara kat\u0131lmalar\u0131n\u0131n te\u015fvik edilmesi taahh\u00fct edilmektedir.<\/p><\/div>[\/vc_column_inner][\/vc_row_inner][\/vc_column][\/vc_row]<\/p>\n","protected":false},"excerpt":{"rendered":"<p>[vc_row parallax=&#8221;enable_parallax&#8221; enable_content_animation=&#8221;yes&#8221; enable_cc_circle=&#8221;yes&#8221; ca_init_scale_x=&#8221;1&#8243; ca_init_scale_y=&#8221;1&#8243; ca_init_opacity=&#8221;1&#8243; ca_an_scale_x=&#8221;1&#8243; ca_an_scale_y=&#8221;1&#8243; ca_an_opacity=&#8221;1&#8243; bg_position=&#8221;center center&#8221; enable_overlay=&#8221;yes&#8221; responsive_css=&#8221;padding_top_medium:170px&#8221; css=&#8221;.vc_custom_1695032183055{padding-top: 140px !important;padding-bottom: 80px !important;background: #0a0a0a url(https:\/\/www.durandogan.com\/wp-content\/uploads\/2023\/09\/sustainability-header-bg.jpg?id=16753);}&#8221; overlay_bg=&#8221;rgba(0, 0, 0, 0.39)&#8221; cc_circle_color=&#8221;rgba(255, 157, 202, 0.44)&#8221;][vc_column][\/vc_column][\/vc_row][vc_row][vc_column][vc_row_inner][vc_column_inner][\/vc_column_inner][\/vc_row_inner][\/vc_column][\/vc_row]<\/p>\n","protected":false},"author":2,"featured_media":0,"parent":0,"menu_order":0,"comment_status":"closed","ping_status":"closed","template":"","meta":{"footnotes":""},"class_list":["post-17071","page","type-page","status-publish","hentry"],"lang":"tr","translations":{"tr":17071},"pll_sync_post":[],"_links":{"self":[{"href":"https:\/\/www.durandogan.com\/index.php?rest_route=\/wp\/v2\/pages\/17071","targetHints":{"allow":["GET"]}}],"collection":[{"href":"https:\/\/www.durandogan.com\/index.php?rest_route=\/wp\/v2\/pages"}],"about":[{"href":"https:\/\/www.durandogan.com\/index.php?rest_route=\/wp\/v2\/types\/page"}],"author":[{"embeddable":true,"href":"https:\/\/www.durandogan.com\/index.php?rest_route=\/wp\/v2\/users\/2"}],"replies":[{"embeddable":true,"href":"https:\/\/www.durandogan.com\/index.php?rest_route=%2Fwp%2Fv2%2Fcomments&post=17071"}],"version-history":[{"count":7,"href":"https:\/\/www.durandogan.com\/index.php?rest_route=\/wp\/v2\/pages\/17071\/revisions"}],"predecessor-version":[{"id":17294,"href":"https:\/\/www.durandogan.com\/index.php?rest_route=\/wp\/v2\/pages\/17071\/revisions\/17294"}],"wp:attachment":[{"href":"https:\/\/www.durandogan.com\/index.php?rest_route=%2Fwp%2Fv2%2Fmedia&parent=17071"}],"curies":[{"name":"wp","href":"https:\/\/api.w.org\/{rel}","templated":true}]}}