{"id":17076,"date":"2025-05-23T17:01:30","date_gmt":"2025-05-23T14:01:30","guid":{"rendered":"https:\/\/www.durandogan.com\/?page_id=17076"},"modified":"2026-02-18T15:29:00","modified_gmt":"2026-02-18T12:29:00","slug":"biodiversity","status":"publish","type":"page","link":"https:\/\/www.durandogan.com\/?page_id=17076&lang=en","title":{"rendered":"Biodiversity &#038; Environmental Impact"},"content":{"rendered":"<p>[vc_row parallax=&#8221;enable_parallax&#8221; enable_content_animation=&#8221;yes&#8221; enable_cc_circle=&#8221;yes&#8221; ca_init_scale_x=&#8221;1&#8243; ca_init_scale_y=&#8221;1&#8243; ca_init_opacity=&#8221;1&#8243; ca_an_scale_x=&#8221;1&#8243; ca_an_scale_y=&#8221;1&#8243; ca_an_opacity=&#8221;1&#8243; bg_position=&#8221;center center&#8221; enable_overlay=&#8221;yes&#8221; responsive_css=&#8221;padding_top_medium:170px&#8221; css=&#8221;.vc_custom_1695032183055{padding-top: 140px !important;padding-bottom: 80px !important;background: #0a0a0a url(https:\/\/www.durandogan.com\/wp-content\/uploads\/2023\/09\/sustainability-header-bg.jpg?id=16753);}&#8221; overlay_bg=&#8221;rgba(0, 0, 0, 0.39)&#8221; cc_circle_color=&#8221;rgba(255, 157, 202, 0.44)&#8221;][vc_column]<style>.ld_spacer_69f1b8faaa24e{height:60px;}<\/style>\n<div class=\"ld-empty-space ld_spacer_69f1b8faaa24e\"><\/div><style>.ld_fancy_heading_69f1b8faaa4a8 h4{color:rgb(255, 255, 255);background:rgb(115, 0, 20);}.ld_fancy_heading_69f1b8faaa4a8 h4 {font-size:19px; } .ld_fancy_heading_69f1b8faaa4a8 h4 {letter-spacing:0.08em; } .ld_fancy_heading_69f1b8faaa4a8 .lqd-highlight-inner{height:0.275em!important;bottom:0px!important;}.ld_fancy_heading_69f1b8faaa4a8 h4 {font-size:19px; } .ld_fancy_heading_69f1b8faaa4a8 h4 {letter-spacing:0.08em; } <\/style><div class=\"ld-fancy-heading ld-fh-has-fill text-center text-uppercase ld_fancy_heading_69f1b8faaa4a8\">\n\t<h4 class=\"ld-fh-element semi-round lqd-highlight-underline lqd-highlight-grow-left text-decoration-default\"   >  <\/p>\r\n<p>Sustainability<\/p>\r\n<p><\/h4><\/div><style>.ld_spacer_69f1b8faaa76a{height:32px;}<\/style>\n<div class=\"ld-empty-space ld_spacer_69f1b8faaa76a\"><\/div><style>.ld_fancy_heading_69f1b8faaa91c h1{color:rgb(255, 255, 255);}@media (min-width: 992px) { .ld_fancy_heading_69f1b8faaa91c h1 {font-size:74px; }  } .ld_fancy_heading_69f1b8faaa91c h1 {line-height:0.9em; } .ld_fancy_heading_69f1b8faaa91c h1 {--element-line-height:0.9em; } .ld_fancy_heading_69f1b8faaa91c .lqd-highlight-inner{height:0.275em!important;bottom:0px!important;}@media (min-width: 992px) { .ld_fancy_heading_69f1b8faaa91c h1 {font-size:74px; }  } .ld_fancy_heading_69f1b8faaa91c h1 {line-height:0.9em; } .ld_fancy_heading_69f1b8faaa91c h1 {--element-line-height:0.9em; } <\/style><div class=\"ld-fancy-heading text-center ld_fancy_heading_69f1b8faaa91c\">\n\t<h1 class=\"ld-fh-element lqd-highlight-underline lqd-highlight-grow-left text-decoration-default\"   >  <\/p>\r\n<p>Biodiversity<\/p>\r\n<p><\/h1><\/div><style>.ld_spacer_69f1b8faaaaea{height:32px;}<\/style>\n<div class=\"ld-empty-space ld_spacer_69f1b8faaaaea\"><\/div><style>.ld_fancy_heading_69f1b8faaacd2 p{color:rgba(255, 255, 255, 0.7);}.ld_fancy_heading_69f1b8faaacd2 p {font-size:17px; } .ld_fancy_heading_69f1b8faaacd2 p {line-height:1,3em; } .ld_fancy_heading_69f1b8faaacd2 p {--element-line-height:1,3em; } .ld_fancy_heading_69f1b8faaacd2 .lqd-highlight-inner{height:0.275em!important;bottom:0px!important;}.ld_fancy_heading_69f1b8faaacd2 p {font-size:17px; } .ld_fancy_heading_69f1b8faaacd2 p {line-height:1,3em; } .ld_fancy_heading_69f1b8faaacd2 p {--element-line-height:1,3em; } <\/style><div class=\"ld-fancy-heading text-center ld_fancy_heading_69f1b8faaacd2\">\n\t<\/div>[\/vc_column][\/vc_row][vc_row][vc_column][vc_column_text][vc_row][vc_column width=&#8221;1\/1&#8243;][vc_column_text]<br \/><!-- \/wp:post-content -->[\/vc_column_text][\/vc_column][\/vc_row][vc_row][vc_column]<style>.ld_spacer_69f1b8faaae34{height:32px;}<\/style>\n<div class=\"ld-empty-space ld_spacer_69f1b8faaae34\"><\/div><style>.ld_fancy_heading_69f1b8faab044 h2{color:rgb(136, 39, 49);}.ld_fancy_heading_69f1b8faab044 h2 {font-size:40px; } .ld_fancy_heading_69f1b8faab044 .lqd-highlight-inner{height:0.275em!important;bottom:0px!important;}.ld_fancy_heading_69f1b8faab044 h2 {font-size:40px; } <\/style><div class=\"ld-fancy-heading text-center ld_fancy_heading_69f1b8faab044\">\n\t<h2 class=\"ld-fh-element lqd-highlight-underline lqd-highlight-grow-left text-decoration-default lqd-split-words\"   data-split-text=\"true\" data-split-options='{\"type\":\"words\"}' data-custom-animations=\"true\" data-ca-options='{\"triggerHandler\":\"inview\",\"animationTarget\":\".lqd-words > .split-inner\",\"duration\":\"1000\",\"delay\":\"120\",\"ease\":\"power4.out\",\"direction\":\"forward\",\"initValues\":{\"y\":70},\"animations\":{\"y\":0}}'>  <\/p>\r\n<p>BIODIVERSITY POLICY<\/p>\r\n<p><\/h2><\/div>[vc_row_inner][vc_column_inner]<style>.ld_fancy_heading_69f1b8faab2f0 p{color:rgb(81, 81, 81);}.ld_fancy_heading_69f1b8faab2f0 p {font-size:14px; } @media (min-width: 992px) { .ld_fancy_heading_69f1b8faab2f0 p {font-size:18px; }  } .ld_fancy_heading_69f1b8faab2f0 p {line-height:1.5em; } .ld_fancy_heading_69f1b8faab2f0 p {--element-line-height:1.5em; } .ld_fancy_heading_69f1b8faab2f0 .lqd-highlight-inner{height:0.275em!important;bottom:0px!important;}.ld_fancy_heading_69f1b8faab2f0 p {font-size:14px; } @media (min-width: 992px) { .ld_fancy_heading_69f1b8faab2f0 p {font-size:18px; }  } .ld_fancy_heading_69f1b8faab2f0 p {line-height:1.5em; } .ld_fancy_heading_69f1b8faab2f0 p {--element-line-height:1.5em; } <\/style><div class=\"ld-fancy-heading mask-text ld_fancy_heading_69f1b8faab2f0\">\n\t<p class=\"ld-fh-element lqd-highlight-underline lqd-highlight-grow-left text-decoration-default lqd-split-lines\"   data-split-text=\"true\" data-split-options='{\"type\":\"lines\"}'>  <\/p>\r\n<p>Duran Do\u011fan Bas\u0131m Ambalaj San. A.\u015e. recognizes that the decline in biodiversity can negatively impact ecosystems globally. With this awareness, the company emphasizes the importance of biodiversity in maintaining environmental balance and protecting ecosystems. The company continues its efforts to promote environmental sustainability through biodiversity conservation in its ongoing activities.<\/p>\r\n<p>In this context;<\/p>\r\n<p>\u2022\u00a0Supporting the uniqueness and diversity of natural life,<\/p>\r\n<p>\u2022 Contributing to the protection of ecosystems and biodiversity by using environmentally harmful waste as alternative fuel and raw material to ensure the sustainability of natural resources,<\/p>\r\n<p>\u2022Incorporating biodiversity into decision-making processes as a key component of sustainability goals,<\/p>\r\n<p>\u2022Integrating biodiversity-related elements into business strategies,<\/p>\r\n<p>\u2022 Conducting a preliminary biodiversity assessment before starting activities to evaluate their potential impacts on biodiversity,<\/p>\r\n<p>\u2022 Evaluating the impact of activities on biodiversity in operational areas and developing action plans to protect biodiversity<\/p>\r\n<p>\u2022 Identifying and controlling the possible direct and indirect effects of activities in the supply chain on biodiversity,<\/p>\r\n<p>\u2022 Developing practices that consider the protection of endangered or threatened species, animals, and forests in both existing and new activities,<\/p>\r\n<p>\u2022 In biodiversity conservation efforts, reviewing the current situation and working closely with relevant authorities, scientists, and local governments, collaborating with stakeholders on local solutions and global impacts,<\/p>\r\n<p>\u2022 Encouraging the participation of all employees and stakeholders in biodiversity conservation efforts.<\/p>\r\n<p>This policy reflects our commitment to actively protecting and promoting biodiversity<\/p>\r\n<p><\/p><\/div>[\/vc_column_inner][\/vc_row_inner][\/vc_column][\/vc_row][vc_row][vc_column][vc_column_text]<!-- wp:paragraph -->[\/vc_column_text][\/vc_column][\/vc_row][vc_row][vc_column][vc_column_text]<!-- \/wp:paragraph -->[\/vc_column_text][\/vc_column][\/vc_row]<\/p>","protected":false},"excerpt":{"rendered":"<p>[vc_row parallax=&#8221;enable_parallax&#8221; enable_content_animation=&#8221;yes&#8221; enable_cc_circle=&#8221;yes&#8221; ca_init_scale_x=&#8221;1&#8243; ca_init_scale_y=&#8221;1&#8243; ca_init_opacity=&#8221;1&#8243; ca_an_scale_x=&#8221;1&#8243; ca_an_scale_y=&#8221;1&#8243; ca_an_opacity=&#8221;1&#8243; bg_position=&#8221;center center&#8221; enable_overlay=&#8221;yes&#8221; responsive_css=&#8221;padding_top_medium:170px&#8221; css=&#8221;.vc_custom_1695032183055{padding-top: 140px !important;padding-bottom: 80px !important;background: #0a0a0a url(https:\/\/www.durandogan.com\/wp-content\/uploads\/2023\/09\/sustainability-header-bg.jpg?id=16753);}&#8221; overlay_bg=&#8221;rgba(0, 0, 0, 0.39)&#8221; cc_circle_color=&#8221;rgba(255, 157, 202, 0.44)&#8221;][vc_column][\/vc_column][\/vc_row][vc_row][vc_column][vc_column_text][vc_row][vc_column width=&#8221;1\/1&#8243;][vc_column_text][\/vc_column_text][\/vc_column][\/vc_row][vc_row][vc_column][vc_row_inner][vc_column_inner][\/vc_column_inner][\/vc_row_inner][\/vc_column][\/vc_row][vc_row][vc_column][vc_column_text][\/vc_column_text][\/vc_column][\/vc_row][vc_row][vc_column][vc_column_text][\/vc_column_text][\/vc_column][\/vc_row]<\/p>\n","protected":false},"author":2,"featured_media":0,"parent":0,"menu_order":0,"comment_status":"closed","ping_status":"closed","template":"","meta":{"footnotes":""},"class_list":["post-17076","page","type-page","status-publish","hentry"],"lang":"en","translations":{"en":17076},"pll_sync_post":[],"_links":{"self":[{"href":"https:\/\/www.durandogan.com\/index.php?rest_route=\/wp\/v2\/pages\/17076","targetHints":{"allow":["GET"]}}],"collection":[{"href":"https:\/\/www.durandogan.com\/index.php?rest_route=\/wp\/v2\/pages"}],"about":[{"href":"https:\/\/www.durandogan.com\/index.php?rest_route=\/wp\/v2\/types\/page"}],"author":[{"embeddable":true,"href":"https:\/\/www.durandogan.com\/index.php?rest_route=\/wp\/v2\/users\/2"}],"replies":[{"embeddable":true,"href":"https:\/\/www.durandogan.com\/index.php?rest_route=%2Fwp%2Fv2%2Fcomments&post=17076"}],"version-history":[{"count":8,"href":"https:\/\/www.durandogan.com\/index.php?rest_route=\/wp\/v2\/pages\/17076\/revisions"}],"predecessor-version":[{"id":17296,"href":"https:\/\/www.durandogan.com\/index.php?rest_route=\/wp\/v2\/pages\/17076\/revisions\/17296"}],"wp:attachment":[{"href":"https:\/\/www.durandogan.com\/index.php?rest_route=%2Fwp%2Fv2%2Fmedia&parent=17076"}],"curies":[{"name":"wp","href":"https:\/\/api.w.org\/{rel}","templated":true}]}}