{"id":17090,"date":"2025-05-26T09:24:42","date_gmt":"2025-05-26T06:24:42","guid":{"rendered":"https:\/\/www.durandogan.com\/?page_id=17090"},"modified":"2026-02-18T12:28:37","modified_gmt":"2026-02-18T09:28:37","slug":"surdurulebilirlik","status":"publish","type":"page","link":"https:\/\/www.durandogan.com\/?page_id=17090","title":{"rendered":"S\u00fcrd\u00fcr\u00fclebilirlik"},"content":{"rendered":"<p>[vc_row parallax=&#8221;enable_parallax&#8221; enable_content_animation=&#8221;yes&#8221; enable_cc_circle=&#8221;yes&#8221; ca_init_scale_x=&#8221;1&#8243; ca_init_scale_y=&#8221;1&#8243; ca_init_opacity=&#8221;1&#8243; ca_an_scale_x=&#8221;1&#8243; ca_an_scale_y=&#8221;1&#8243; ca_an_opacity=&#8221;1&#8243; bg_position=&#8221;center center&#8221; enable_overlay=&#8221;yes&#8221; responsive_css=&#8221;padding_top_medium:170px&#8221; css=&#8221;.vc_custom_1695032183055{padding-top: 140px !important;padding-bottom: 80px !important;background: #0a0a0a url(https:\/\/www.durandogan.com\/wp-content\/uploads\/2023\/09\/sustainability-header-bg.jpg?id=16753);}&#8221; overlay_bg=&#8221;rgba(0, 0, 0, 0.39)&#8221; cc_circle_color=&#8221;rgba(255, 157, 202, 0.44)&#8221;][vc_column]<style>.ld_spacer_69f2157d9ed9f{height:60px;}<\/style>\n<div class=\"ld-empty-space ld_spacer_69f2157d9ed9f\"><\/div><style>.ld_fancy_heading_69f2157d9f04f h4{color:rgb(255, 255, 255);background:rgb(115, 0, 20);}.ld_fancy_heading_69f2157d9f04f h4 {font-size:19px; } .ld_fancy_heading_69f2157d9f04f h4 {letter-spacing:0.08em; } .ld_fancy_heading_69f2157d9f04f .lqd-highlight-inner{height:0.275em!important;bottom:0px!important;}.ld_fancy_heading_69f2157d9f04f h4 {font-size:19px; } .ld_fancy_heading_69f2157d9f04f h4 {letter-spacing:0.08em; } <\/style><div class=\"ld-fancy-heading ld-fh-has-fill text-center text-uppercase ld_fancy_heading_69f2157d9f04f\">\n\t<h4 class=\"ld-fh-element semi-round lqd-highlight-underline lqd-highlight-grow-left text-decoration-default\"   >  S\u00fcrd\u00fcr\u00fclebilirlik<\/h4><\/div><style>.ld_spacer_69f2157da0033{height:32px;}<\/style>\n<div class=\"ld-empty-space ld_spacer_69f2157da0033\"><\/div><style>.ld_fancy_heading_69f2157da01fe h1{color:rgb(255, 255, 255);}@media (min-width: 992px) { .ld_fancy_heading_69f2157da01fe h1 {font-size:74px; }  } .ld_fancy_heading_69f2157da01fe h1 {line-height:0.9em; } .ld_fancy_heading_69f2157da01fe h1 {--element-line-height:0.9em; } .ld_fancy_heading_69f2157da01fe .lqd-highlight-inner{height:0.275em!important;bottom:0px!important;}@media (min-width: 992px) { .ld_fancy_heading_69f2157da01fe h1 {font-size:74px; }  } .ld_fancy_heading_69f2157da01fe h1 {line-height:0.9em; } .ld_fancy_heading_69f2157da01fe h1 {--element-line-height:0.9em; } <\/style><div class=\"ld-fancy-heading text-center ld_fancy_heading_69f2157da01fe\">\n\t<h1 class=\"ld-fh-element lqd-highlight-underline lqd-highlight-grow-left text-decoration-default\"   >  S\u00fcrd\u00fcr\u00fclebilirlik<\/h1><\/div><style>.ld_spacer_69f2157da05b3{height:32px;}<\/style>\n<div class=\"ld-empty-space ld_spacer_69f2157da05b3\"><\/div><style>.ld_fancy_heading_69f2157da075c p{color:rgba(255, 255, 255, 0.7);}.ld_fancy_heading_69f2157da075c p {font-size:17px; } .ld_fancy_heading_69f2157da075c p {line-height:1,3em; } .ld_fancy_heading_69f2157da075c p {--element-line-height:1,3em; } .ld_fancy_heading_69f2157da075c .lqd-highlight-inner{height:0.275em!important;bottom:0px!important;}.ld_fancy_heading_69f2157da075c p {font-size:17px; } .ld_fancy_heading_69f2157da075c p {line-height:1,3em; } .ld_fancy_heading_69f2157da075c p {--element-line-height:1,3em; } <\/style><div class=\"ld-fancy-heading text-center ld_fancy_heading_69f2157da075c\">\n\t<\/div>[\/vc_column][\/vc_row][vc_row][vc_column]<style>.ld_spacer_69f2157da0893{height:65px;}<\/style>\n<div class=\"ld-empty-space ld_spacer_69f2157da0893\"><\/div><style>.ld_fancy_heading_69f2157da0a29 h2{color:rgb(136, 39, 49);}.ld_fancy_heading_69f2157da0a29 h2 {font-size:40px; } .ld_fancy_heading_69f2157da0a29 .lqd-highlight-inner{height:0.275em!important;bottom:0px!important;}.ld_fancy_heading_69f2157da0a29 h2 {font-size:40px; } <\/style><div class=\"ld-fancy-heading text-center ld_fancy_heading_69f2157da0a29\">\n\t<h2 class=\"ld-fh-element lqd-highlight-underline lqd-highlight-grow-left text-decoration-default lqd-split-words\"   data-split-text=\"true\" data-split-options='{\"type\":\"words\"}' data-custom-animations=\"true\" data-ca-options='{\"triggerHandler\":\"inview\",\"animationTarget\":\".lqd-words > .split-inner\",\"duration\":\"1000\",\"delay\":\"120\",\"ease\":\"power4.out\",\"direction\":\"forward\",\"initValues\":{\"y\":70},\"animations\":{\"y\":0}}'>  <strong>S\u00dcRD\u00dcR\u00dcLERL\u0130K POL\u0130T\u0130KASI<\/strong><\/h2><\/div>[vc_row_inner][vc_column_inner]<style>.ld_fancy_heading_69f2157da0c78 p{color:rgb(81, 81, 81);}.ld_fancy_heading_69f2157da0c78 p {font-size:14px; } @media (min-width: 992px) { .ld_fancy_heading_69f2157da0c78 p {font-size:18px; }  } .ld_fancy_heading_69f2157da0c78 p {line-height:1.5em; } .ld_fancy_heading_69f2157da0c78 p {--element-line-height:1.5em; } .ld_fancy_heading_69f2157da0c78 .lqd-highlight-inner{height:0.275em!important;bottom:0px!important;}.ld_fancy_heading_69f2157da0c78 p {font-size:14px; } @media (min-width: 992px) { .ld_fancy_heading_69f2157da0c78 p {font-size:18px; }  } .ld_fancy_heading_69f2157da0c78 p {line-height:1.5em; } .ld_fancy_heading_69f2157da0c78 p {--element-line-height:1.5em; } <\/style><div class=\"ld-fancy-heading mask-text ld_fancy_heading_69f2157da0c78\">\n\t<p class=\"ld-fh-element lqd-highlight-underline lqd-highlight-grow-left text-decoration-default lqd-split-lines\"   data-split-text=\"true\" data-split-options='{\"type\":\"lines\"}'>  Do\u011fal ortam\u0131n h\u0131zla kirlendi\u011fi ve kaynaklar\u0131n giderek azald\u0131\u011f\u0131 g\u00fcn\u00fcm\u00fcz d\u00fcnyas\u0131nda s\u00fcrd\u00fcr\u00fclebilir b\u00fcy\u00fcme, g\u00fcndemin en ya\u015famsal konular\u0131ndan biri haline gelmi\u015ftir. Duran Do\u011fan Bas\u0131m ve Ambalaj A.\u015e, gelecek nesillere daha ya\u015fanas\u0131 bir d\u00fcnya b\u0131rakmak amac\u0131yla, do\u011fal kaynaklar\u0131n korunmas\u0131 ve s\u00fcrd\u00fcr\u00fclebilir geli\u015fme i\u00e7in \u00e7al\u0131\u015fanlar\u0131ndan ba\u015flayarak t\u00fcm toplumu bilin\u00e7lendirmeye y\u00f6nelik projeler geli\u015ftirmekte ve uygulamaktad\u0131r.<\/p>\n<p>Duran Do\u011fan Bas\u0131m ve Ambalaj A,\u015e, Karbon Saydaml\u0131k Projesi (CDP) ile faaliyetlerinin fiziksel \u00e7evre \u00fczerindeki olumsuz etkisini en aza indirebilmek i\u00e7in \u00e7al\u0131\u015fmalar y\u00fcr\u00fctmek \u00fczere taahh\u00fctte bulunarak T\u00fcrkiye&#8217;de ambalaj sekt\u00f6r\u00fcnde \u00f6nc\u00fc bir rol \u00fcstlenmi\u015ftir.<\/p>\n<p>Duran Do\u011fan Bas\u0131m ve Ambalaj A.\u015e, insanlar\u0131n ya\u015famlar\u0131n\u0131 iyi bir d\u00fczeyde s\u00fcrd\u00fcrebilmeleri i\u00e7in gereksinim duyduklar\u0131 do\u011fal kaynaklar\u0131 yenilenebilir \u015fekilde kullanmalar\u0131 gereklili\u011finin ve sorumlulu\u011funun bilinciyle, do\u011fal kaynaklar\u0131n optimum kullan\u0131m\u0131 ve \u00e7evre kirlili\u011finin minimize edilmesi ad\u0131na \u00e7al\u0131\u015fmalar\u0131 yapmaktad\u0131r.<\/p>\n<p>Bu \u00e7al\u0131\u015fmalar aras\u0131nda;<\/p>\n<ul>\n<li>D\u00fczenli olarak, akredite bir kurulu\u015fa baca gaz\u0131 analizlerini yapt\u0131rmak,<\/li>\n<li>Do\u011fal kaynaklar\u0131n etkin kullan\u0131m\u0131 i\u00e7in \u015eirket b\u00fcnyesinde yap\u0131lan at\u0131k s\u0131n\u0131fland\u0131rmas\u0131yla, geri d\u00f6n\u00fc\u015febilen (ka\u011f\u0131t, plastik vb.) unsurlar\u0131 d\u00fczenli olarak toplamak, su ve elektrik sarfiyat\u0131n\u0131 azaltmak i\u00e7in baz\u0131 istasyonlarda fotosel sistemlerini kullanmak,<\/li>\n<li>Teknik at\u00f6lyelerde ortaya \u00e7\u0131kan at\u0131k ya\u011flar\u0131 (hidrolik ya\u011f vb.), at\u0131k yakma tesislerine g\u00f6ndermek,<\/li>\n<li>Faaliyetler sonucunda \u00e7\u0131kan tehlikeli at\u0131klar\u0131, \u00c7evre ve \u015eehircilik Bakanl\u0131\u011f\u0131\u2019ndan lisansl\u0131 kurulu\u015flara g\u00f6ndermek,<\/li>\n<li>Emisyon kayna\u011f\u0131 olu\u015fturmayan ekipmanlar\u0131 kullanmak (\u015farjl\u0131 forklift vb.) bulunmaktad\u0131r.<\/li>\n<li>\u015eirketimiz i\u015f birimlerinden \u00e7\u0131kan at\u0131klar, \u00c7evre \u2013 \u015eehircilik Bakanl\u0131\u011f\u0131 taraf\u0131ndan lisans verilen kurulu\u015flara bertaraf \/ geri kazanma amac\u0131yla teslim edilmektedir. Her y\u0131l \u00e7evre performans\u0131n\u0131n de\u011ferlendirilmesi amac\u0131yla at\u0131k envanteri hesaplan\u0131r ve \u015eirket \u201c\u00c7evre Performans Raporlar\u0131\u201d olarak \u015firket i\u00e7erinde yay\u0131nlan\u0131r.<\/li>\n<li>Yeni ekipman al\u0131mlar\u0131nda Avrupa Birli\u011fi \u00e7evre normlar\u0131na uyumlu ekipman sat\u0131n almakta, AB\u2019nin \u00e7evre kirlili\u011fini \u00f6nleme standartlar\u0131na t\u00fcm\u00fcyle uymaktad\u0131r.<\/li>\n<\/ul>\n<p><\/p><\/div>[\/vc_column_inner][\/vc_row_inner][\/vc_column][\/vc_row]<\/p>\n","protected":false},"excerpt":{"rendered":"<p>[vc_row parallax=&#8221;enable_parallax&#8221; enable_content_animation=&#8221;yes&#8221; enable_cc_circle=&#8221;yes&#8221; ca_init_scale_x=&#8221;1&#8243; ca_init_scale_y=&#8221;1&#8243; ca_init_opacity=&#8221;1&#8243; ca_an_scale_x=&#8221;1&#8243; ca_an_scale_y=&#8221;1&#8243; ca_an_opacity=&#8221;1&#8243; bg_position=&#8221;center center&#8221; enable_overlay=&#8221;yes&#8221; responsive_css=&#8221;padding_top_medium:170px&#8221; css=&#8221;.vc_custom_1695032183055{padding-top: 140px !important;padding-bottom: 80px !important;background: #0a0a0a url(https:\/\/www.durandogan.com\/wp-content\/uploads\/2023\/09\/sustainability-header-bg.jpg?id=16753);}&#8221; overlay_bg=&#8221;rgba(0, 0, 0, 0.39)&#8221; cc_circle_color=&#8221;rgba(255, 157, 202, 0.44)&#8221;][vc_column][\/vc_column][\/vc_row][vc_row][vc_column][vc_row_inner][vc_column_inner][\/vc_column_inner][\/vc_row_inner][\/vc_column][\/vc_row]<\/p>\n","protected":false},"author":2,"featured_media":0,"parent":0,"menu_order":0,"comment_status":"closed","ping_status":"closed","template":"","meta":{"footnotes":""},"class_list":["post-17090","page","type-page","status-publish","hentry"],"lang":"tr","translations":{"tr":17090},"pll_sync_post":[],"_links":{"self":[{"href":"https:\/\/www.durandogan.com\/index.php?rest_route=\/wp\/v2\/pages\/17090","targetHints":{"allow":["GET"]}}],"collection":[{"href":"https:\/\/www.durandogan.com\/index.php?rest_route=\/wp\/v2\/pages"}],"about":[{"href":"https:\/\/www.durandogan.com\/index.php?rest_route=\/wp\/v2\/types\/page"}],"author":[{"embeddable":true,"href":"https:\/\/www.durandogan.com\/index.php?rest_route=\/wp\/v2\/users\/2"}],"replies":[{"embeddable":true,"href":"https:\/\/www.durandogan.com\/index.php?rest_route=%2Fwp%2Fv2%2Fcomments&post=17090"}],"version-history":[{"count":6,"href":"https:\/\/www.durandogan.com\/index.php?rest_route=\/wp\/v2\/pages\/17090\/revisions"}],"predecessor-version":[{"id":17276,"href":"https:\/\/www.durandogan.com\/index.php?rest_route=\/wp\/v2\/pages\/17090\/revisions\/17276"}],"wp:attachment":[{"href":"https:\/\/www.durandogan.com\/index.php?rest_route=%2Fwp%2Fv2%2Fmedia&parent=17090"}],"curies":[{"name":"wp","href":"https:\/\/api.w.org\/{rel}","templated":true}]}}