{"id":17095,"date":"2025-05-26T09:40:56","date_gmt":"2025-05-26T06:40:56","guid":{"rendered":"https:\/\/www.durandogan.com\/?page_id=17095"},"modified":"2026-02-18T12:44:19","modified_gmt":"2026-02-18T09:44:19","slug":"sustainability","status":"publish","type":"page","link":"https:\/\/www.durandogan.com\/?page_id=17095&lang=en","title":{"rendered":"Sustainability"},"content":{"rendered":"<p>[vc_row parallax=&#8221;enable_parallax&#8221; enable_content_animation=&#8221;yes&#8221; enable_cc_circle=&#8221;yes&#8221; ca_init_scale_x=&#8221;1&#8243; ca_init_scale_y=&#8221;1&#8243; ca_init_opacity=&#8221;1&#8243; ca_an_scale_x=&#8221;1&#8243; ca_an_scale_y=&#8221;1&#8243; ca_an_opacity=&#8221;1&#8243; bg_position=&#8221;center center&#8221; enable_overlay=&#8221;yes&#8221; responsive_css=&#8221;padding_top_medium:170px&#8221; css=&#8221;.vc_custom_1695032183055{padding-top: 140px !important;padding-bottom: 80px !important;background: #0a0a0a url(https:\/\/www.durandogan.com\/wp-content\/uploads\/2023\/09\/sustainability-header-bg.jpg?id=16753);}&#8221; overlay_bg=&#8221;rgba(0, 0, 0, 0.39)&#8221; cc_circle_color=&#8221;rgba(255, 157, 202, 0.44)&#8221;][vc_column]<style>.ld_spacer_69f1bc28f2617{height:60px;}<\/style>\n<div class=\"ld-empty-space ld_spacer_69f1bc28f2617\"><\/div><style>.ld_fancy_heading_69f1bc28f28a8 h4{color:rgb(255, 255, 255);background:rgb(115, 0, 20);}.ld_fancy_heading_69f1bc28f28a8 h4 {font-size:19px; } .ld_fancy_heading_69f1bc28f28a8 h4 {letter-spacing:0.08em; } .ld_fancy_heading_69f1bc28f28a8 .lqd-highlight-inner{height:0.275em!important;bottom:0px!important;}.ld_fancy_heading_69f1bc28f28a8 h4 {font-size:19px; } .ld_fancy_heading_69f1bc28f28a8 h4 {letter-spacing:0.08em; } <\/style><div class=\"ld-fancy-heading ld-fh-has-fill text-center text-uppercase ld_fancy_heading_69f1bc28f28a8\">\n\t<h4 class=\"ld-fh-element semi-round lqd-highlight-underline lqd-highlight-grow-left text-decoration-default\"   >  <\/p>\r\n<p>Sustainability<\/p>\r\n<p><\/h4><\/div><style>.ld_fancy_heading_69f1bc28f2c56 h1{color:rgb(255, 255, 255);}@media (min-width: 992px) { .ld_fancy_heading_69f1bc28f2c56 h1 {font-size:74px; }  } .ld_fancy_heading_69f1bc28f2c56 h1 {line-height:0.9em; } .ld_fancy_heading_69f1bc28f2c56 h1 {--element-line-height:0.9em; } .ld_fancy_heading_69f1bc28f2c56 .lqd-highlight-inner{height:0.275em!important;bottom:0px!important;}@media (min-width: 992px) { .ld_fancy_heading_69f1bc28f2c56 h1 {font-size:74px; }  } .ld_fancy_heading_69f1bc28f2c56 h1 {line-height:0.9em; } .ld_fancy_heading_69f1bc28f2c56 h1 {--element-line-height:0.9em; } <\/style><div class=\"ld-fancy-heading text-center ld_fancy_heading_69f1bc28f2c56\">\n\t<h1 class=\"ld-fh-element lqd-highlight-underline lqd-highlight-grow-left text-decoration-default\"   >  <\/p>\r\n<p>Sustainability<\/p>\r\n<p><\/h1><\/div><style>.ld_fancy_heading_69f1bc28f2eb9 p{color:rgba(255, 255, 255, 0.7);}.ld_fancy_heading_69f1bc28f2eb9 p {font-size:17px; } .ld_fancy_heading_69f1bc28f2eb9 p {line-height:1,3em; } .ld_fancy_heading_69f1bc28f2eb9 p {--element-line-height:1,3em; } .ld_fancy_heading_69f1bc28f2eb9 .lqd-highlight-inner{height:0.275em!important;bottom:0px!important;}.ld_fancy_heading_69f1bc28f2eb9 p {font-size:17px; } .ld_fancy_heading_69f1bc28f2eb9 p {line-height:1,3em; } .ld_fancy_heading_69f1bc28f2eb9 p {--element-line-height:1,3em; } <\/style><div class=\"ld-fancy-heading text-center ld_fancy_heading_69f1bc28f2eb9\">\n\t<\/div>[\/vc_column][\/vc_row][vc_row][vc_column]<style>.ld_fancy_heading_69f1bc28f30bb h2{color:rgb(136, 39, 49);}.ld_fancy_heading_69f1bc28f30bb h2 {font-size:40px; } .ld_fancy_heading_69f1bc28f30bb .lqd-highlight-inner{height:0.275em!important;bottom:0px!important;}.ld_fancy_heading_69f1bc28f30bb h2 {font-size:40px; } <\/style><div class=\"ld-fancy-heading text-center ld_fancy_heading_69f1bc28f30bb\">\n\t<h2 class=\"ld-fh-element lqd-highlight-underline lqd-highlight-grow-left text-decoration-default lqd-split-words\"   data-split-text=\"true\" data-split-options='{\"type\":\"words\"}' data-custom-animations=\"true\" data-ca-options='{\"triggerHandler\":\"inview\",\"animationTarget\":\".lqd-words > .split-inner\",\"duration\":\"1000\",\"delay\":\"120\",\"ease\":\"power4.out\",\"direction\":\"forward\",\"initValues\":{\"y\":70},\"animations\":{\"y\":0}}'>  <\/p>\r\n<p><strong>SUSTAINABLE POLICY<\/strong><\/p>\r\n<p><\/h2><\/div>[vc_row_inner][vc_column_inner]<style>.ld_fancy_heading_69f1bc28f331e p{color:rgb(81, 81, 81);}.ld_fancy_heading_69f1bc28f331e p {font-size:14px; } @media (min-width: 992px) { .ld_fancy_heading_69f1bc28f331e p {font-size:18px; }  } .ld_fancy_heading_69f1bc28f331e p {line-height:1.5em; } .ld_fancy_heading_69f1bc28f331e p {--element-line-height:1.5em; } .ld_fancy_heading_69f1bc28f331e .lqd-highlight-inner{height:0.275em!important;bottom:0px!important;}.ld_fancy_heading_69f1bc28f331e p {font-size:14px; } @media (min-width: 992px) { .ld_fancy_heading_69f1bc28f331e p {font-size:18px; }  } .ld_fancy_heading_69f1bc28f331e p {line-height:1.5em; } .ld_fancy_heading_69f1bc28f331e p {--element-line-height:1.5em; } <\/style><div class=\"ld-fancy-heading mask-text ld_fancy_heading_69f1bc28f331e\">\n\t<p class=\"ld-fh-element lqd-highlight-underline lqd-highlight-grow-left text-decoration-default lqd-split-lines\"   data-split-text=\"true\" data-split-options='{\"type\":\"lines\"}'>  <\/p>\r\n<p>Sustainable growth has become one of the most critical issues on the global agenda, as the natural environment is rapidly deteriorating and resources are steadily depleting. Duran Do\u011fan Bas\u0131m ve Ambalaj A.\u015e. is dedicated to developing and implementing initiatives to raise awareness throughout society, starting with its employees, on the importance of protecting natural resources and promoting sustainable development. The company strives to leave a more livable world for future generations.<\/p>\r\n<p>Duran Do\u011fan Bas\u0131m ve Ambalaj A.\u015e. is committed to minimizing the negative impacts of its operations on the physical environment, in collaboration with the Carbon Disclosure Project (CDP), and has assumed a leading role in Turkey&#8217;s packaging industry. The company actively works on optimizing the use of natural resources while minimizing environmental pollution, all with a focus on maintaining a high quality of life for people, and being mindful of the need to use natural resources in a renewable and responsible way.<\/p>\r\n<p>The following are some of the initiatives undertaken:<\/p>\r\n<p>The following are some of these studies.<\/p>\r\n<ul>\r\n<li>Regularly volatile organic compound (VOC) analysis is conducted by an accredited organization.<\/li>\r\n<li>Recyclable materials (paper, plastic, etc.) are systematically collected through waste classification within the company for the most effective use of natural resources.<\/li>\r\n<li>Photovoltaic systems are employed at specific stations to reduce water and electricity consumption<\/li>\r\n<li>Waste oils (such as hydraulic oil) are disposed of at licensed waste incineration facilities.<\/li>\r\n<li>Hazardous waste generated by operations is directed to recycling companies licensed by the Ministry of Environment and Urbanization.<\/li>\r\n<li>Equipment that does not generate emissions, such as rechargeable forklifts is utilized.<\/li>\r\n<li>Office waste generated at business units is recycled through companies licensed by the Ministry of Environment and Urbanization.<\/li>\r\n<li>The waste inventory is assessed annually to evaluate environmental performance, with &#8220;Environmental Performance Reports&#8221; issued internally.<\/li>\r\n<li>New equipment is purchased in compliance with EU environmental standards.<\/li>\r\n<li>The company ensures adherence to EU regulations aimed at preventing environmental pollution.<\/li>\r\n<\/ul>\r\n<p><\/p><\/div>[\/vc_column_inner][\/vc_row_inner][\/vc_column][\/vc_row][vc_row][vc_column][vc_column_text][\/vc_column_text][\/vc_column][\/vc_row][vc_row][vc_column][vc_column_text][\/vc_column_text][\/vc_column][\/vc_row]<\/p>","protected":false},"excerpt":{"rendered":"<p>[vc_row parallax=&#8221;enable_parallax&#8221; enable_content_animation=&#8221;yes&#8221; enable_cc_circle=&#8221;yes&#8221; ca_init_scale_x=&#8221;1&#8243; ca_init_scale_y=&#8221;1&#8243; ca_init_opacity=&#8221;1&#8243; ca_an_scale_x=&#8221;1&#8243; ca_an_scale_y=&#8221;1&#8243; ca_an_opacity=&#8221;1&#8243; bg_position=&#8221;center center&#8221; enable_overlay=&#8221;yes&#8221; responsive_css=&#8221;padding_top_medium:170px&#8221; css=&#8221;.vc_custom_1695032183055{padding-top: 140px !important;padding-bottom: 80px !important;background: #0a0a0a url(https:\/\/www.durandogan.com\/wp-content\/uploads\/2023\/09\/sustainability-header-bg.jpg?id=16753);}&#8221; overlay_bg=&#8221;rgba(0, 0, 0, 0.39)&#8221; cc_circle_color=&#8221;rgba(255, 157, 202, 0.44)&#8221;][vc_column][\/vc_column][\/vc_row][vc_row][vc_column][vc_row_inner][vc_column_inner][\/vc_column_inner][\/vc_row_inner][\/vc_column][\/vc_row][vc_row][vc_column][vc_column_text][\/vc_column_text][\/vc_column][\/vc_row][vc_row][vc_column][vc_column_text][\/vc_column_text][\/vc_column][\/vc_row]<\/p>\n","protected":false},"author":2,"featured_media":0,"parent":0,"menu_order":0,"comment_status":"closed","ping_status":"closed","template":"","meta":{"footnotes":""},"class_list":["post-17095","page","type-page","status-publish","hentry"],"lang":"en","translations":{"en":17095},"pll_sync_post":[],"_links":{"self":[{"href":"https:\/\/www.durandogan.com\/index.php?rest_route=\/wp\/v2\/pages\/17095","targetHints":{"allow":["GET"]}}],"collection":[{"href":"https:\/\/www.durandogan.com\/index.php?rest_route=\/wp\/v2\/pages"}],"about":[{"href":"https:\/\/www.durandogan.com\/index.php?rest_route=\/wp\/v2\/types\/page"}],"author":[{"embeddable":true,"href":"https:\/\/www.durandogan.com\/index.php?rest_route=\/wp\/v2\/users\/2"}],"replies":[{"embeddable":true,"href":"https:\/\/www.durandogan.com\/index.php?rest_route=%2Fwp%2Fv2%2Fcomments&post=17095"}],"version-history":[{"count":5,"href":"https:\/\/www.durandogan.com\/index.php?rest_route=\/wp\/v2\/pages\/17095\/revisions"}],"predecessor-version":[{"id":17281,"href":"https:\/\/www.durandogan.com\/index.php?rest_route=\/wp\/v2\/pages\/17095\/revisions\/17281"}],"wp:attachment":[{"href":"https:\/\/www.durandogan.com\/index.php?rest_route=%2Fwp%2Fv2%2Fmedia&parent=17095"}],"curies":[{"name":"wp","href":"https:\/\/api.w.org\/{rel}","templated":true}]}}