{"id":17248,"date":"2026-02-10T11:11:07","date_gmt":"2026-02-10T08:11:07","guid":{"rendered":"https:\/\/www.durandogan.com\/?page_id=17248"},"modified":"2026-02-18T12:39:04","modified_gmt":"2026-02-18T09:39:04","slug":"gri-standartlarina-uyumlu-surdurulebilirlik-raporu","status":"publish","type":"page","link":"https:\/\/www.durandogan.com\/?page_id=17248","title":{"rendered":"GRI Standartlar\u0131na Uyumlu S\u00fcrd\u00fcr\u00fclebilirlik Raporu"},"content":{"rendered":"<p>[vc_row parallax=&#8221;enable_parallax&#8221; enable_content_animation=&#8221;yes&#8221; enable_cc_circle=&#8221;yes&#8221; ca_init_scale_x=&#8221;1&#8243; ca_init_scale_y=&#8221;1&#8243; ca_init_opacity=&#8221;1&#8243; ca_an_scale_x=&#8221;1&#8243; ca_an_scale_y=&#8221;1&#8243; ca_an_opacity=&#8221;1&#8243; bg_position=&#8221;center center&#8221; enable_overlay=&#8221;yes&#8221; responsive_css=&#8221;padding_top_medium:170px&#8221; css=&#8221;.vc_custom_1695032183055{padding-top: 140px !important;padding-bottom: 80px !important;background: #0a0a0a url(https:\/\/www.durandogan.com\/wp-content\/uploads\/2023\/09\/sustainability-header-bg.jpg?id=16753);}&#8221; overlay_bg=&#8221;rgba(0, 0, 0, 0.39)&#8221; cc_circle_color=&#8221;rgba(255, 157, 202, 0.44)&#8221;][vc_column]<style>.ld_spacer_69e0e2d071e37{height:60px;}<\/style>\n<div class=\"ld-empty-space ld_spacer_69e0e2d071e37\"><\/div><style>.ld_fancy_heading_69e0e2d072111 h4{color:rgb(255, 255, 255);background:rgb(115, 0, 20);}.ld_fancy_heading_69e0e2d072111 h4 {font-size:19px; } .ld_fancy_heading_69e0e2d072111 h4 {letter-spacing:0.08em; } .ld_fancy_heading_69e0e2d072111 .lqd-highlight-inner{height:0.275em!important;bottom:0px!important;}.ld_fancy_heading_69e0e2d072111 h4 {font-size:19px; } .ld_fancy_heading_69e0e2d072111 h4 {letter-spacing:0.08em; } <\/style><div class=\"ld-fancy-heading ld-fh-has-fill text-center text-uppercase ld_fancy_heading_69e0e2d072111\">\n\t<h4 class=\"ld-fh-element semi-round lqd-highlight-underline lqd-highlight-grow-left text-decoration-default\"   >  S\u00fcrd\u00fcr\u00fclebilirlik<\/h4><\/div><style>.ld_spacer_69e0e2d072433{height:32px;}<\/style>\n<div class=\"ld-empty-space ld_spacer_69e0e2d072433\"><\/div><style>.ld_fancy_heading_69e0e2d072613 h1{color:rgb(255, 255, 255);}@media (min-width: 992px) { .ld_fancy_heading_69e0e2d072613 h1 {font-size:74px; }  } .ld_fancy_heading_69e0e2d072613 h1 {line-height:0.9em; } .ld_fancy_heading_69e0e2d072613 h1 {--element-line-height:0.9em; } .ld_fancy_heading_69e0e2d072613 .lqd-highlight-inner{height:0.275em!important;bottom:0px!important;}@media (min-width: 992px) { .ld_fancy_heading_69e0e2d072613 h1 {font-size:74px; }  } .ld_fancy_heading_69e0e2d072613 h1 {line-height:0.9em; } .ld_fancy_heading_69e0e2d072613 h1 {--element-line-height:0.9em; } <\/style><div class=\"ld-fancy-heading text-center ld_fancy_heading_69e0e2d072613\">\n\t<h1 class=\"ld-fh-element lqd-highlight-underline lqd-highlight-grow-left text-decoration-default\"   >  S\u00fcrd\u00fcr\u00fclebilirlik Raporlamalar\u0131<\/h1><\/div><style>.ld_spacer_69e0e2d0727df{height:32px;}<\/style>\n<div class=\"ld-empty-space ld_spacer_69e0e2d0727df\"><\/div><style>.ld_fancy_heading_69e0e2d0729a6 p{color:rgba(255, 255, 255, 0.7);}.ld_fancy_heading_69e0e2d0729a6 p {font-size:17px; } .ld_fancy_heading_69e0e2d0729a6 p {line-height:1,3em; } .ld_fancy_heading_69e0e2d0729a6 p {--element-line-height:1,3em; } .ld_fancy_heading_69e0e2d0729a6 .lqd-highlight-inner{height:0.275em!important;bottom:0px!important;}.ld_fancy_heading_69e0e2d0729a6 p {font-size:17px; } .ld_fancy_heading_69e0e2d0729a6 p {line-height:1,3em; } .ld_fancy_heading_69e0e2d0729a6 p {--element-line-height:1,3em; } <\/style><div class=\"ld-fancy-heading text-center ld_fancy_heading_69e0e2d0729a6\">\n\t<\/div>[\/vc_column][\/vc_row][vc_row][vc_column]<style>.ld_spacer_69e0e2d072ade{height:32px;}<\/style>\n<div class=\"ld-empty-space ld_spacer_69e0e2d072ade\"><\/div><style>.ld_fancy_heading_69e0e2d072c95 h2{color:rgb(136, 39, 49);}.ld_fancy_heading_69e0e2d072c95 h2 {font-size:40px; } .ld_fancy_heading_69e0e2d072c95 .lqd-highlight-inner{height:0.275em!important;bottom:0px!important;}.ld_fancy_heading_69e0e2d072c95 h2 {font-size:40px; } <\/style><div class=\"ld-fancy-heading text-center ld_fancy_heading_69e0e2d072c95\">\n\t<h2 class=\"ld-fh-element lqd-highlight-underline lqd-highlight-grow-left text-decoration-default lqd-split-words\"   data-split-text=\"true\" data-split-options='{\"type\":\"words\"}' data-custom-animations=\"true\" data-ca-options='{\"triggerHandler\":\"inview\",\"animationTarget\":\".lqd-words > .split-inner\",\"duration\":\"1000\",\"delay\":\"120\",\"ease\":\"power4.out\",\"direction\":\"forward\",\"initValues\":{\"y\":70},\"animations\":{\"y\":0}}'>  GRI Standartlar\u0131na Uyumlu S\u00fcrd\u00fcr\u00fclebilirlik Raporu<\/h2><\/div>[vc_row_inner][vc_column_inner][\/vc_column_inner][\/vc_row_inner]<style>.ld_fancy_heading_69e0e2d072ec6 p{color:rgb(81, 81, 81);}.ld_fancy_heading_69e0e2d072ec6 p {font-size:14px; } @media (min-width: 992px) { .ld_fancy_heading_69e0e2d072ec6 p {font-size:18px; }  } .ld_fancy_heading_69e0e2d072ec6 p {line-height:1.5em; } .ld_fancy_heading_69e0e2d072ec6 p {--element-line-height:1.5em; } .ld_fancy_heading_69e0e2d072ec6 .lqd-highlight-inner{height:0.275em!important;bottom:0px!important;}.ld_fancy_heading_69e0e2d072ec6 p {font-size:14px; } @media (min-width: 992px) { .ld_fancy_heading_69e0e2d072ec6 p {font-size:18px; }  } .ld_fancy_heading_69e0e2d072ec6 p {line-height:1.5em; } .ld_fancy_heading_69e0e2d072ec6 p {--element-line-height:1.5em; } <\/style><div class=\"ld-fancy-heading mask-text ld_fancy_heading_69e0e2d072ec6\">\n\t<p class=\"ld-fh-element lqd-highlight-underline lqd-highlight-grow-left text-decoration-default lqd-split-lines\"   data-split-text=\"true\" data-split-options='{\"type\":\"lines\"}'>  Duran Do\u011fan Bas\u0131m ve Ambalaj A.\u015e. olarak, yar\u0131m asr\u0131 a\u015fk\u0131n deneyimimizle ambalaj sekt\u00f6r\u00fcnde de\u011fer yaratman\u0131n \u00f6tesine ge\u00e7erek, \u00e7evresel ve toplumsal sorumluluklar\u0131m\u0131z\u0131 i\u015f yap\u0131\u015f bi\u00e7imimizin ayr\u0131lmaz bir par\u00e7as\u0131 olarak ele al\u0131yoruz. S\u00fcrd\u00fcr\u00fclebilirli\u011fi; yaln\u0131zca bug\u00fcn\u00fcn ihtiya\u00e7lar\u0131n\u0131 de\u011fil, gelecek nesillerin beklentilerini de g\u00f6zeten uzun vadeli de\u011fer yaratma anlay\u0131\u015f\u0131m\u0131z\u0131n temel unsurlar\u0131ndan biri olarak konumland\u0131r\u0131yoruz.<\/p>\n<p>&nbsp;<\/p>\n<p>Bu yakla\u015f\u0131m do\u011frultusunda, \u00e7evresel, sosyal ve y\u00f6neti\u015fim (ESG) performans\u0131m\u0131z\u0131 uluslararas\u0131 kabul g\u00f6rm\u00fc\u015f standartlar \u00e7er\u00e7evesinde, \u015feffaf ve kar\u015f\u0131la\u015ft\u0131r\u0131labilir bir bi\u00e7imde payda\u015flar\u0131m\u0131zla payla\u015fmay\u0131 \u00f6nemsiyoruz. Bu kapsamda, <strong>K\u00fcresel Raporlama Giri\u015fimi (GRI) Standartlar\u0131 ile uyumlu olarak haz\u0131rlad\u0131\u011f\u0131m\u0131z ilk S\u00fcrd\u00fcr\u00fclebilirlik Raporumuzu<\/strong> kamuoyunun bilgisine sunuyoruz.<\/p>\n<p>&nbsp;<\/p>\n<p>Raporumuz; Duran Do\u011fan Bas\u0131m ve Ambalaj A.\u015e. ile birlikte tam konsolidasyon kapsam\u0131ndaki ba\u011fl\u0131 ortakl\u0131klar\u0131m\u0131z\u0131n 1 Ocak \u2013 31 Aral\u0131k 2024 d\u00f6nemine ait s\u00fcrd\u00fcr\u00fclebilirlik performans\u0131n\u0131 kapsamaktad\u0131r. \u0130klim de\u011fi\u015fikli\u011fiyle m\u00fccadele, kaynaklar\u0131n verimli ve sorumlu kullan\u0131m\u0131, , yenilik\u00e7i ve geri d\u00f6n\u00fc\u015ft\u00fcr\u00fclebilir ambalaj \u00e7\u00f6z\u00fcmleri, karbon ayak izinin azalt\u0131lmas\u0131, \u00e7al\u0131\u015fan sa\u011fl\u0131\u011f\u0131 ve g\u00fcvenli\u011fi, etik i\u015f uygulamalar\u0131 ve g\u00fc\u00e7l\u00fc kurumsal y\u00f6neti\u015fim yap\u0131m\u0131z raporun temel odak alanlar\u0131n\u0131 olu\u015fturmaktad\u0131r.<\/p>\n<p>&nbsp;<\/p>\n<p>GRI uyumlu ilk raporumuz, s\u00fcrd\u00fcr\u00fclebilirli\u011fi kurumsal stratejimizin ve operasyonel s\u00fcre\u00e7lerimizin merkezine yerle\u015ftirdi\u011fimizin somut bir g\u00f6stergesidir. Bu rapor arac\u0131l\u0131\u011f\u0131yla; yerel ve global yat\u0131r\u0131mc\u0131lar ile t\u00fcm payda\u015flar\u0131m\u0131za g\u00fcvenilir, kar\u015f\u0131la\u015ft\u0131r\u0131labilir ve karar alma s\u00fcre\u00e7lerini destekleyici bilgiler sunmay\u0131; s\u00fcrd\u00fcr\u00fclebilirlik performans\u0131m\u0131z\u0131 s\u00fcrekli iyile\u015ftirme kararl\u0131l\u0131\u011f\u0131m\u0131z\u0131 ortaya koymay\u0131 ve daha ya\u015fanabilir, diren\u00e7li bir gelecek i\u00e7in att\u0131\u011f\u0131m\u0131z ad\u0131mlar\u0131 \u015feffaf bi\u00e7imde payla\u015fmay\u0131 ama\u00e7l\u0131yoruz.<\/p>\n<p>&nbsp;<\/p>\n<p><strong>Raporun tamam\u0131n\u0131 incelemek i\u00e7in:\u00a0<\/strong><\/p><\/div>[\/vc_column][\/vc_row][vc_row][vc_column]<style>.vc_accordion_69e0e2d0731bf .accordion-title{font-size:19x;}.vc_accordion_69e0e2d0731bf .accordion-item.active .accordion-title a{color:rgb(103, 0, 24);background:rgb(247, 247, 247);}.vc_accordion_69e0e2d0731bf .accordion-title a{background:rgb(227, 227, 227);}.vc_accordion_69e0e2d0731bf .accordion-title a, .vc_accordion_69e0e2d0731bf .accordion-item{border-color:rgb(144, 144, 144);}.vc_accordion_69e0e2d0731bf .accordion-item.active .accordion-title a, .vc_accordion_69e0e2d0731bf .accordion-item.active{border-color:rgb(101, 101, 101);}<\/style><div class=\"accordion accordion-lg accordion-heading-has-shadow accordion-active-has-fill accordion-title-bordered accordion-title-round accordion-expander-left vc_accordion_69e0e2d0731bf\" id=\"vc_accordion_69e0e2d0731bf\"\n     role=\"tablist\" aria-multiselectable=\"true\">\n\n\t            <div class=\"accordion-item panel  \">\n\n                <div class=\"accordion-heading\" role=\"tab\" id=\"heading_lqd-1762409604583-6469ec46-e244\" data-id=\"lqd-1762409604583-6469ec46-e244\">\n                    <h5 class=\"accordion-title\" data-controls=\"lqd-1762409604583-6469ec46-e244\" tabindex=\"-1\">\n                        <a tabindex=\"0\" class=\"collapsed\" data-toggle=\"collapse\"  data-bs-toggle=\"collapse\"\n                           data-parent=\"#vc_accordion_69e0e2d0731bf\" data-bs-parent=\"#vc_accordion_69e0e2d0731bf\" href=\"#lqd-1762409604583-6469ec46-e244\" data-bs-target=\"#lqd-1762409604583-6469ec46-e244\"\n                           aria-expanded=\"false\" aria-controls=\"lqd-1762409604583-6469ec46-e244\">\n\n\t\t\t\t\t\t\t\n\t\t\t\t\t\t\t2024 GRI Standartlar\u0131na Uyumlu S\u00fcrd\u00fcr\u00fclebilirlik Raporu-T\u00fcrk\u00e7e\n\t\t\t\t\t\t\t                                <span class=\"accordion-expander\">\n\t\t\t\t\t\t\t\t\t\t\t\t\t\t\t\t\t\t\t<i class=\"fas fa-copy\"><\/i>\n\t\t\t\t\t\t\t\t\t\n\t\t\t\t\t\t\t\t\t\t\t\t\t\t\t\t\t\t\t<i class=\"far fa-copy\"><\/i>\n\t\t\t\t\t\t\t\t\t\t\t\t\t\t\t\t\t<\/span>\n\t\t\t\t\t\t\t\n                        <\/a>\n\n                    <\/h5>\n                <\/div>\n\n                <div id=\"lqd-1762409604583-6469ec46-e244\" class=\"accordion-collapse collapse\"\n                    data-bs-parent=\"#vc_accordion_69e0e2d0731bf\" role=\"tabpanel\" aria-labelledby=\"heading_lqd-1762409604583-6469ec46-e244\">\n                    <div class=\"accordion-content\">\n\t\t\t\t\t\t[vc_raw_html]JTNDaWZyYW1lJTIwaWQlM0QlMjJmcmVkJTIyJTIwc3R5bGUlM0QlMjJib3JkZXIlM0ExcHglMjBzb2xpZCUyMCUyMzY2NkNDQyUyMiUyMHRpdGxlJTNEJTIyUERGJTIwaW4lMjBhbiUyMGktRnJhbWUlMjIlMjBzcmMlM0QlMjJodHRwcyUzQSUyRiUyRnd3dy5kdXJhbmRvZ2FuLmNvbSUyRndwLWNvbnRlbnQlMkZ1cGxvYWRzJTJGMjAyNiUyRjAyJTJGRHVyYW4lMjBEbyVDNCU5RmFuJTIwMjAyNCUyMFMlQzMlQkNyZCVDMyVCQ3IlQzMlQkNsZWJpbGlybGlrJTIwUmFwb3J1JTIwLSUyMFQlQzMlQkNyayVDMyVBN2UucGRmJTIyJTIwZnJhbWVib3JkZXIlM0QlMjIxJTIyJTIwc2Nyb2xsaW5nJTNEJTIyYXV0byUyMiUyMGhlaWdodCUzRCUyMjExMDAlMjIlMjB3aWR0aCUzRCUyMjg1MCUyMiUyMCUzRSUzQyUyRmlmcmFtZSUzRQ==[\/vc_raw_html]                    <\/div>\n                <\/div>\n            <\/div>\n\t\t\t<\/div>[\/vc_column][\/vc_row]<\/p>\n","protected":false},"excerpt":{"rendered":"<p>[vc_row parallax=&#8221;enable_parallax&#8221; enable_content_animation=&#8221;yes&#8221; enable_cc_circle=&#8221;yes&#8221; ca_init_scale_x=&#8221;1&#8243; ca_init_scale_y=&#8221;1&#8243; ca_init_opacity=&#8221;1&#8243; ca_an_scale_x=&#8221;1&#8243; ca_an_scale_y=&#8221;1&#8243; ca_an_opacity=&#8221;1&#8243; bg_position=&#8221;center center&#8221; enable_overlay=&#8221;yes&#8221; responsive_css=&#8221;padding_top_medium:170px&#8221; css=&#8221;.vc_custom_1695032183055{padding-top: 140px !important;padding-bottom: 80px !important;background: #0a0a0a url(https:\/\/www.durandogan.com\/wp-content\/uploads\/2023\/09\/sustainability-header-bg.jpg?id=16753);}&#8221; overlay_bg=&#8221;rgba(0, 0, 0, 0.39)&#8221; cc_circle_color=&#8221;rgba(255, 157, 202, 0.44)&#8221;][vc_column][\/vc_column][\/vc_row][vc_row][vc_column][vc_row_inner][vc_column_inner][\/vc_column_inner][\/vc_row_inner][\/vc_column][\/vc_row][vc_row][vc_column][\/vc_column][\/vc_row]<\/p>\n","protected":false},"author":2,"featured_media":0,"parent":0,"menu_order":0,"comment_status":"closed","ping_status":"closed","template":"","meta":{"footnotes":""},"class_list":["post-17248","page","type-page","status-publish","hentry"],"lang":"tr","translations":{"tr":17248},"pll_sync_post":[],"_links":{"self":[{"href":"https:\/\/www.durandogan.com\/index.php?rest_route=\/wp\/v2\/pages\/17248","targetHints":{"allow":["GET"]}}],"collection":[{"href":"https:\/\/www.durandogan.com\/index.php?rest_route=\/wp\/v2\/pages"}],"about":[{"href":"https:\/\/www.durandogan.com\/index.php?rest_route=\/wp\/v2\/types\/page"}],"author":[{"embeddable":true,"href":"https:\/\/www.durandogan.com\/index.php?rest_route=\/wp\/v2\/users\/2"}],"replies":[{"embeddable":true,"href":"https:\/\/www.durandogan.com\/index.php?rest_route=%2Fwp%2Fv2%2Fcomments&post=17248"}],"version-history":[{"count":6,"href":"https:\/\/www.durandogan.com\/index.php?rest_route=\/wp\/v2\/pages\/17248\/revisions"}],"predecessor-version":[{"id":17278,"href":"https:\/\/www.durandogan.com\/index.php?rest_route=\/wp\/v2\/pages\/17248\/revisions\/17278"}],"wp:attachment":[{"href":"https:\/\/www.durandogan.com\/index.php?rest_route=%2Fwp%2Fv2%2Fmedia&parent=17248"}],"curies":[{"name":"wp","href":"https:\/\/api.w.org\/{rel}","templated":true}]}}