{"id":17253,"date":"2026-02-10T11:17:14","date_gmt":"2026-02-10T08:17:14","guid":{"rendered":"https:\/\/www.durandogan.com\/?page_id=17253"},"modified":"2026-02-18T12:38:22","modified_gmt":"2026-02-18T09:38:22","slug":"tsrs-raporu","status":"publish","type":"page","link":"https:\/\/www.durandogan.com\/?page_id=17253","title":{"rendered":"TSRS Uyumlu S\u00fcrd\u00fcr\u00fclebilirlik Raporu"},"content":{"rendered":"<p>[vc_row parallax=&#8221;enable_parallax&#8221; enable_content_animation=&#8221;yes&#8221; enable_cc_circle=&#8221;yes&#8221; ca_init_scale_x=&#8221;1&#8243; ca_init_scale_y=&#8221;1&#8243; ca_init_opacity=&#8221;1&#8243; ca_an_scale_x=&#8221;1&#8243; ca_an_scale_y=&#8221;1&#8243; ca_an_opacity=&#8221;1&#8243; bg_position=&#8221;center center&#8221; enable_overlay=&#8221;yes&#8221; responsive_css=&#8221;padding_top_medium:170px&#8221; css=&#8221;.vc_custom_1695032183055{padding-top: 140px !important;padding-bottom: 80px !important;background: #0a0a0a url(https:\/\/www.durandogan.com\/wp-content\/uploads\/2023\/09\/sustainability-header-bg.jpg?id=16753);}&#8221; overlay_bg=&#8221;rgba(0, 0, 0, 0.39)&#8221; cc_circle_color=&#8221;rgba(255, 157, 202, 0.44)&#8221;][vc_column]<style>.ld_spacer_69e49b4ce275e{height:60px;}<\/style>\n<div class=\"ld-empty-space ld_spacer_69e49b4ce275e\"><\/div><style>.ld_fancy_heading_69e49b4ce29f2 h4{color:rgb(255, 255, 255);background:rgb(115, 0, 20);}.ld_fancy_heading_69e49b4ce29f2 h4 {font-size:19px; } .ld_fancy_heading_69e49b4ce29f2 h4 {letter-spacing:0.08em; } .ld_fancy_heading_69e49b4ce29f2 .lqd-highlight-inner{height:0.275em!important;bottom:0px!important;}.ld_fancy_heading_69e49b4ce29f2 h4 {font-size:19px; } .ld_fancy_heading_69e49b4ce29f2 h4 {letter-spacing:0.08em; } <\/style><div class=\"ld-fancy-heading ld-fh-has-fill text-center text-uppercase ld_fancy_heading_69e49b4ce29f2\">\n\t<h4 class=\"ld-fh-element semi-round lqd-highlight-underline lqd-highlight-grow-left text-decoration-default\"   >  S\u00fcrd\u00fcr\u00fclebilirlik<\/h4><\/div><style>.ld_spacer_69e49b4ce2cdb{height:32px;}<\/style>\n<div class=\"ld-empty-space ld_spacer_69e49b4ce2cdb\"><\/div><style>.ld_fancy_heading_69e49b4ce2f37 h1{color:rgb(255, 255, 255);}@media (min-width: 992px) { .ld_fancy_heading_69e49b4ce2f37 h1 {font-size:74px; }  } .ld_fancy_heading_69e49b4ce2f37 h1 {line-height:0.9em; } .ld_fancy_heading_69e49b4ce2f37 h1 {--element-line-height:0.9em; } .ld_fancy_heading_69e49b4ce2f37 .lqd-highlight-inner{height:0.275em!important;bottom:0px!important;}@media (min-width: 992px) { .ld_fancy_heading_69e49b4ce2f37 h1 {font-size:74px; }  } .ld_fancy_heading_69e49b4ce2f37 h1 {line-height:0.9em; } .ld_fancy_heading_69e49b4ce2f37 h1 {--element-line-height:0.9em; } <\/style><div class=\"ld-fancy-heading text-center ld_fancy_heading_69e49b4ce2f37\">\n\t<h1 class=\"ld-fh-element lqd-highlight-underline lqd-highlight-grow-left text-decoration-default\"   >  S\u00fcrd\u00fcr\u00fclebilirlik Raporlamalar\u0131<\/h1><\/div><style>.ld_spacer_69e49b4ce311d{height:32px;}<\/style>\n<div class=\"ld-empty-space ld_spacer_69e49b4ce311d\"><\/div><style>.ld_fancy_heading_69e49b4ce32da p{color:rgba(255, 255, 255, 0.7);}.ld_fancy_heading_69e49b4ce32da p {font-size:17px; } .ld_fancy_heading_69e49b4ce32da p {line-height:1,3em; } .ld_fancy_heading_69e49b4ce32da p {--element-line-height:1,3em; } .ld_fancy_heading_69e49b4ce32da .lqd-highlight-inner{height:0.275em!important;bottom:0px!important;}.ld_fancy_heading_69e49b4ce32da p {font-size:17px; } .ld_fancy_heading_69e49b4ce32da p {line-height:1,3em; } .ld_fancy_heading_69e49b4ce32da p {--element-line-height:1,3em; } <\/style><div class=\"ld-fancy-heading text-center ld_fancy_heading_69e49b4ce32da\">\n\t<\/div>[\/vc_column][\/vc_row][vc_row][vc_column]<style>.ld_spacer_69e49b4ce3421{height:32px;}<\/style>\n<div class=\"ld-empty-space ld_spacer_69e49b4ce3421\"><\/div><style>.ld_fancy_heading_69e49b4ce35e3 h2{color:rgb(136, 39, 49);}.ld_fancy_heading_69e49b4ce35e3 h2 {font-size:40px; } .ld_fancy_heading_69e49b4ce35e3 .lqd-highlight-inner{height:0.275em!important;bottom:0px!important;}.ld_fancy_heading_69e49b4ce35e3 h2 {font-size:40px; } <\/style><div class=\"ld-fancy-heading text-center ld_fancy_heading_69e49b4ce35e3\">\n\t<h2 class=\"ld-fh-element lqd-highlight-underline lqd-highlight-grow-left text-decoration-default lqd-split-words\"   data-split-text=\"true\" data-split-options='{\"type\":\"words\"}' data-custom-animations=\"true\" data-ca-options='{\"triggerHandler\":\"inview\",\"animationTarget\":\".lqd-words > .split-inner\",\"duration\":\"1000\",\"delay\":\"120\",\"ease\":\"power4.out\",\"direction\":\"forward\",\"initValues\":{\"y\":70},\"animations\":{\"y\":0}}'>  TSRS Uyumlu S\u00fcrd\u00fcr\u00fclebilirlik Raporu<\/h2><\/div>[vc_row_inner][vc_column_inner][\/vc_column_inner][\/vc_row_inner]<style>.ld_fancy_heading_69e49b4ce3896 p{color:rgb(81, 81, 81);}.ld_fancy_heading_69e49b4ce3896 p {font-size:14px; } @media (min-width: 992px) { .ld_fancy_heading_69e49b4ce3896 p {font-size:18px; }  } .ld_fancy_heading_69e49b4ce3896 p {line-height:1.5em; } .ld_fancy_heading_69e49b4ce3896 p {--element-line-height:1.5em; } .ld_fancy_heading_69e49b4ce3896 .lqd-highlight-inner{height:0.275em!important;bottom:0px!important;}.ld_fancy_heading_69e49b4ce3896 p {font-size:14px; } @media (min-width: 992px) { .ld_fancy_heading_69e49b4ce3896 p {font-size:18px; }  } .ld_fancy_heading_69e49b4ce3896 p {line-height:1.5em; } .ld_fancy_heading_69e49b4ce3896 p {--element-line-height:1.5em; } <\/style><div class=\"ld-fancy-heading mask-text ld_fancy_heading_69e49b4ce3896\">\n\t<p class=\"ld-fh-element lqd-highlight-underline lqd-highlight-grow-left text-decoration-default lqd-split-lines\"   data-split-text=\"true\" data-split-options='{\"type\":\"lines\"}'>  <strong>Duran Do\u011fan Bas\u0131m ve Ambalaj 2024 TSRS Uyumlu S\u00fcrd\u00fcr\u00fclebilirlik Raporunu Yay\u0131nlad\u0131<\/strong><\/p>\n<p>Duran Do\u011fan Bas\u0131m ve Ambalaj A.\u015e. olarak, s\u00fcrd\u00fcr\u00fclebilir, k\u00e2rl\u0131 ve adil b\u00fcy\u00fcme vizyonumuz do\u011frultusunda \u00e7evresel, sosyal ve y\u00f6neti\u015fim (ESG) performans\u0131m\u0131z\u0131 \u015feffaf bi\u00e7imde kamuoyu ile payla\u015f\u0131yoruz. Bu do\u011frultuda, <strong>T\u00fcrkiye S\u00fcrd\u00fcr\u00fclebilirlik Raporlama Standartlar\u0131 (TSRS)<\/strong> ile tam uyumlu olarak haz\u0131rlad\u0131\u011f\u0131m\u0131z <strong>2024 S\u00fcrd\u00fcr\u00fclebilirlik Raporumuzu<\/strong> yay\u0131nlad\u0131k.<\/p>\n<p>Rapor, Duran Do\u011fan Bas\u0131m ve Ambalaj A.\u015e. ile birlikte tam konsolidasyon y\u00f6ntemiyle finansal tablolara dahil edilen t\u00fcm ba\u011fl\u0131 ortakl\u0131klar\u0131m\u0131z\u0131n s\u00fcrd\u00fcr\u00fclebilirlik verilerini i\u00e7ermekte olup, 1 Ocak \u2013 31 Aral\u0131k 2024 d\u00f6nemini kapsamaktad\u0131r.<\/p>\n<p>S\u00fcrd\u00fcr\u00fclebilirlik performans\u0131m\u0131z\u0131 s\u00fcrekli geli\u015ftirmeyi, iklim de\u011fi\u015fikli\u011fiyle m\u00fccadele, kaynak verimlili\u011fi, d\u00f6ng\u00fcsel ekonomi ve toplumsal fayda yaratma alanlar\u0131nda \u00f6nc\u00fc bir rol \u00fcstlenmeyi hedefliyoruz. Bu rapor, \u015feffaf y\u00f6netim anlay\u0131\u015f\u0131m\u0131z\u0131n ve payda\u015flar\u0131m\u0131za de\u011fer yaratma kararl\u0131l\u0131\u011f\u0131m\u0131z\u0131n bir yans\u0131mas\u0131d\u0131r.<\/p>\n<p><strong>Raporun tamam\u0131n\u0131 incelemek i\u00e7in:\u00a0<\/strong><\/p><\/div>[\/vc_column][\/vc_row][vc_row][vc_column]<style>.vc_accordion_69e49b4ce3c6f .accordion-title{font-size:19x;}.vc_accordion_69e49b4ce3c6f .accordion-item.active .accordion-title a{color:rgb(103, 0, 24);background:rgb(247, 247, 247);}.vc_accordion_69e49b4ce3c6f .accordion-title a{background:rgb(227, 227, 227);}.vc_accordion_69e49b4ce3c6f .accordion-title a, .vc_accordion_69e49b4ce3c6f .accordion-item{border-color:rgb(144, 144, 144);}.vc_accordion_69e49b4ce3c6f .accordion-item.active .accordion-title a, .vc_accordion_69e49b4ce3c6f .accordion-item.active{border-color:rgb(101, 101, 101);}<\/style><div class=\"accordion accordion-lg accordion-heading-has-shadow accordion-active-has-fill accordion-title-bordered accordion-title-round accordion-expander-left vc_accordion_69e49b4ce3c6f\" id=\"vc_accordion_69e49b4ce3c6f\"\n     role=\"tablist\" aria-multiselectable=\"true\">\n\n\t            <div class=\"accordion-item panel  \">\n\n                <div class=\"accordion-heading\" role=\"tab\" id=\"heading_lqd-1762409604583-6469ec46-e244\" data-id=\"lqd-1762409604583-6469ec46-e244\">\n                    <h5 class=\"accordion-title\" data-controls=\"lqd-1762409604583-6469ec46-e244\" tabindex=\"-1\">\n                        <a tabindex=\"0\" class=\"collapsed\" data-toggle=\"collapse\"  data-bs-toggle=\"collapse\"\n                           data-parent=\"#vc_accordion_69e49b4ce3c6f\" data-bs-parent=\"#vc_accordion_69e49b4ce3c6f\" href=\"#lqd-1762409604583-6469ec46-e244\" data-bs-target=\"#lqd-1762409604583-6469ec46-e244\"\n                           aria-expanded=\"false\" aria-controls=\"lqd-1762409604583-6469ec46-e244\">\n\n\t\t\t\t\t\t\t\n\t\t\t\t\t\t\t2024 TSRS Uyumlu S\u00fcrd\u00fcr\u00fclebilirlik Raporu-T\u00fcrk\u00e7e\n\t\t\t\t\t\t\t                                <span class=\"accordion-expander\">\n\t\t\t\t\t\t\t\t\t\t\t\t\t\t\t\t\t\t\t<i class=\"fas fa-copy\"><\/i>\n\t\t\t\t\t\t\t\t\t\n\t\t\t\t\t\t\t\t\t\t\t\t\t\t\t\t\t\t\t<i class=\"far fa-copy\"><\/i>\n\t\t\t\t\t\t\t\t\t\t\t\t\t\t\t\t\t<\/span>\n\t\t\t\t\t\t\t\n                        <\/a>\n\n                    <\/h5>\n                <\/div>\n\n                <div id=\"lqd-1762409604583-6469ec46-e244\" class=\"accordion-collapse collapse\"\n                    data-bs-parent=\"#vc_accordion_69e49b4ce3c6f\" role=\"tabpanel\" aria-labelledby=\"heading_lqd-1762409604583-6469ec46-e244\">\n                    <div class=\"accordion-content\">\n\t\t\t\t\t\t[vc_raw_html]JTNDaWZyYW1lJTIwaWQlM0QlMjJmcmVkJTIyJTIwc3R5bGUlM0QlMjJib3JkZXIlM0ExcHglMjBzb2xpZCUyMCUyMzY2NkNDQyUyMiUyMHRpdGxlJTNEJTIyUERGJTIwaW4lMjBhbiUyMGktRnJhbWUlMjIlMjBzcmMlM0QlMjJodHRwcyUzQSUyRiUyRnd3dy5kdXJhbmRvZ2FuLmNvbSUyRndwLWNvbnRlbnQlMkZ1cGxvYWRzJTJGMjAyNiUyRjAyJTJGRHVyYW4lMjBEbyVDNCU5RmFuJTIwMjAyNCUyMFMlQzMlQkNyZCVDMyVCQ3IlQzMlQkNsZWJpbGlybGlrJTIwUmFwb3J1JTIwLSUyMFQlQzMlQkNyayVDMyVBN2UucGRmJTIyJTIwZnJhbWVib3JkZXIlM0QlMjIxJTIyJTIwc2Nyb2xsaW5nJTNEJTIyYXV0byUyMiUyMGhlaWdodCUzRCUyMjExMDAlMjIlMjB3aWR0aCUzRCUyMjg1MCUyMiUyMCUzRSUzQyUyRmlmcmFtZSUzRQ==[\/vc_raw_html]                    <\/div>\n                <\/div>\n            <\/div>\n\t\t\t<\/div>[\/vc_column][\/vc_row]<\/p>\n","protected":false},"excerpt":{"rendered":"<p>[vc_row parallax=&#8221;enable_parallax&#8221; enable_content_animation=&#8221;yes&#8221; enable_cc_circle=&#8221;yes&#8221; ca_init_scale_x=&#8221;1&#8243; ca_init_scale_y=&#8221;1&#8243; ca_init_opacity=&#8221;1&#8243; ca_an_scale_x=&#8221;1&#8243; ca_an_scale_y=&#8221;1&#8243; ca_an_opacity=&#8221;1&#8243; bg_position=&#8221;center center&#8221; enable_overlay=&#8221;yes&#8221; responsive_css=&#8221;padding_top_medium:170px&#8221; css=&#8221;.vc_custom_1695032183055{padding-top: 140px !important;padding-bottom: 80px !important;background: #0a0a0a url(https:\/\/www.durandogan.com\/wp-content\/uploads\/2023\/09\/sustainability-header-bg.jpg?id=16753);}&#8221; overlay_bg=&#8221;rgba(0, 0, 0, 0.39)&#8221; cc_circle_color=&#8221;rgba(255, 157, 202, 0.44)&#8221;][vc_column][\/vc_column][\/vc_row][vc_row][vc_column][vc_row_inner][vc_column_inner][\/vc_column_inner][\/vc_row_inner][\/vc_column][\/vc_row][vc_row][vc_column][\/vc_column][\/vc_row]<\/p>\n","protected":false},"author":2,"featured_media":0,"parent":0,"menu_order":0,"comment_status":"closed","ping_status":"closed","template":"","meta":{"footnotes":""},"class_list":["post-17253","page","type-page","status-publish","hentry"],"lang":"tr","translations":{"tr":17253},"pll_sync_post":[],"_links":{"self":[{"href":"https:\/\/www.durandogan.com\/index.php?rest_route=\/wp\/v2\/pages\/17253","targetHints":{"allow":["GET"]}}],"collection":[{"href":"https:\/\/www.durandogan.com\/index.php?rest_route=\/wp\/v2\/pages"}],"about":[{"href":"https:\/\/www.durandogan.com\/index.php?rest_route=\/wp\/v2\/types\/page"}],"author":[{"embeddable":true,"href":"https:\/\/www.durandogan.com\/index.php?rest_route=\/wp\/v2\/users\/2"}],"replies":[{"embeddable":true,"href":"https:\/\/www.durandogan.com\/index.php?rest_route=%2Fwp%2Fv2%2Fcomments&post=17253"}],"version-history":[{"count":7,"href":"https:\/\/www.durandogan.com\/index.php?rest_route=\/wp\/v2\/pages\/17253\/revisions"}],"predecessor-version":[{"id":17277,"href":"https:\/\/www.durandogan.com\/index.php?rest_route=\/wp\/v2\/pages\/17253\/revisions\/17277"}],"wp:attachment":[{"href":"https:\/\/www.durandogan.com\/index.php?rest_route=%2Fwp%2Fv2%2Fmedia&parent=17253"}],"curies":[{"name":"wp","href":"https:\/\/api.w.org\/{rel}","templated":true}]}}