{"id":4473,"date":"2021-07-03T01:47:30","date_gmt":"2021-07-03T01:47:30","guid":{"rendered":"https:\/\/corporate.liquid-themes.com\/staging\/?page_id=4473"},"modified":"2022-11-03T16:24:11","modified_gmt":"2022-11-03T13:24:11","slug":"sirket-profili","status":"publish","type":"page","link":"https:\/\/www.durandogan.com\/?page_id=4473","title":{"rendered":"\u015eirket Profili"},"content":{"rendered":"<p>[vc_row content_placement=&#8221;middle&#8221; parallax=&#8221;enable_parallax&#8221; bg_position=&#8221;center top&#8221; bg_attachment=&#8221;fixed&#8221; enable_overlay=&#8221;yes&#8221; css=&#8221;.vc_custom_1623583561814{padding-top: 140px !important;padding-bottom: 80px !important;background: #202045 url(https:\/\/www.durandogan.com\/wp-content\/uploads\/2021\/06\/sirketprofili.jpg?id=13484);}&#8221; responsive_css=&#8221;padding_top_medium:170px&#8221; overlay_bg=&#8221;rgba(0, 0, 0, 0.39)&#8221;][vc_column width=&#8221;1\/6&#8243;][\/vc_column][vc_column width=&#8221;2\/3&#8243;]<style>.ld_spacer_69f2359a6a11b{height:60px;}<\/style>\n<div class=\"ld-empty-space ld_spacer_69f2359a6a11b\"><\/div><style>.ld_fancy_heading_69f2359a6a340 h4{color:rgb(255, 255, 255);background:rgba(115, 0, 20, 0.91);}.ld_fancy_heading_69f2359a6a340 h4 {font-size:19px; } .ld_fancy_heading_69f2359a6a340 h4 {font-weight:700; } .ld_fancy_heading_69f2359a6a340 h4 {letter-spacing:0.08em; } .ld_fancy_heading_69f2359a6a340 h4 {margin-bottom:0px !important;  } .ld_fancy_heading_69f2359a6a340 .lqd-highlight-inner{height:0.275em!important;bottom:0px!important;}.ld_fancy_heading_69f2359a6a340 h4 {font-size:19px; } .ld_fancy_heading_69f2359a6a340 h4 {font-weight:700; } .ld_fancy_heading_69f2359a6a340 h4 {letter-spacing:0.08em; } .ld_fancy_heading_69f2359a6a340 h4 {margin-bottom:0px !important;  } <\/style><div class=\"ld-fancy-heading ld-fh-has-fill text-center text-uppercase ld_fancy_heading_69f2359a6a340\">\n\t<h4 class=\"ld-fh-element semi-round lqd-highlight-underline lqd-highlight-grow-left text-decoration-default\"   >  Hakk\u0131m\u0131zda<\/h4><\/div><style>.ld_spacer_69f2359a6b0b2{height:32px;}<\/style>\n<div class=\"ld-empty-space ld_spacer_69f2359a6b0b2\"><\/div><style>.ld_fancy_heading_69f2359a6b25f h1{color:rgb(255, 255, 255);}@media (min-width: 992px) { .ld_fancy_heading_69f2359a6b25f h1 {font-size:74px; }  } .ld_fancy_heading_69f2359a6b25f h1 {line-height:0.9em; } .ld_fancy_heading_69f2359a6b25f h1 {--element-line-height:0.9em; } .ld_fancy_heading_69f2359a6b25f .lqd-highlight-inner{height:0.275em!important;bottom:0px!important;}@media (min-width: 992px) { .ld_fancy_heading_69f2359a6b25f h1 {font-size:74px; }  } .ld_fancy_heading_69f2359a6b25f h1 {line-height:0.9em; } .ld_fancy_heading_69f2359a6b25f h1 {--element-line-height:0.9em; } <\/style><div class=\"ld-fancy-heading text-center ld_fancy_heading_69f2359a6b25f\">\n\t<h1 class=\"ld-fh-element lqd-highlight-underline lqd-highlight-grow-left text-decoration-default\"   >  \u015eirket Profili<\/h1><\/div><style>.ld_spacer_69f2359a6b533{height:32px;}<\/style>\n<div class=\"ld-empty-space ld_spacer_69f2359a6b533\"><\/div><style>.ld_fancy_heading_69f2359a6b6d8 p{color:rgba(255, 255, 255, 0.7);}.ld_fancy_heading_69f2359a6b6d8 p {font-size:17px; } .ld_fancy_heading_69f2359a6b6d8 p {line-height:1.3em; } .ld_fancy_heading_69f2359a6b6d8 p {--element-line-height:1.3em; } .ld_fancy_heading_69f2359a6b6d8 .lqd-highlight-inner{height:0.275em!important;bottom:0px!important;}.ld_fancy_heading_69f2359a6b6d8 p {font-size:17px; } .ld_fancy_heading_69f2359a6b6d8 p {line-height:1.3em; } .ld_fancy_heading_69f2359a6b6d8 p {--element-line-height:1.3em; } <\/style><div class=\"ld-fancy-heading text-center ld_fancy_heading_69f2359a6b6d8\">\n\t<p class=\"ld-fh-element lqd-highlight-underline lqd-highlight-grow-left text-decoration-default\"   >  S\u00fcrd\u00fcr\u00fclebilir \u00fcretim anlay\u0131\u015f\u0131 ile b\u00fcy\u00fcyen bir \u015firket olarak, \u201cgelecek nesillere ya\u015fanabilir bir d\u00fcnya b\u0131rakma\u201d ortak hedefine katk\u0131 sunmaktay\u0131z.<\/p>\n<p>\u0130novasyon tutkumuz ve \u00f6d\u00fcn vermedi\u011fimiz kalite anlay\u0131\u015f\u0131m\u0131z ile \u00fcretti\u011fimiz ambalajlar, d\u00fcnyan\u0131n herhangi bir yerinde mutlaka kar\u015f\u0131n\u0131za \u00e7\u0131kabilir<\/p><\/div>[\/vc_column][vc_column width=&#8221;1\/6&#8243;][\/vc_column][\/vc_row][vc_row full_width=&#8221;stretch_row&#8221; responsive_css=&#8221;margin_top_large:50px|margin_bottom_large:50px|padding_right_medium:6vw|padding_left_medium:6vw&#8221;][vc_column width=&#8221;1\/2&#8243;]<div class=\"ld-particles-container lqd-particles-as-bg ld_particles_69f2359a6b8df\">\n\n\t<div class=\"ld-particles-inner\" id=\"lqd-1595673746671-a27c94f3-ba8e\" data-particles=\"true\" data-particles-options='{\"particles\":{\"number\":{\"value\":7},\"color\":{\"value\":[\"#40f292\",\"#97dff4\",\"#ffefd2\",\"#ffe3d1\"]},\"shape\":{\"type\":[\"circle\"]},\"opacity\":{\"random\":true,\"anim\":{\"enable\":true,\"opacity_min\":0.5,\"speed\":0,\"sync\":true}},\"size\":{\"value\":4,\"random\":true,\"anim\":{\"enable\":true,\"size_min\":70,\"speed\":1}},\"move\":{\"enable\":true,\"direction\":\"right\",\"speed\":1.5,\"random\":true,\"out_mode\":\"out\"}},\"interactivity\":[],\"retina_detect\":true,\"asBG\":true}'><\/div>\t\n\n<\/div><!-- \/.particles --><style>.ld_fancy_heading_69f2359a6c211 h1 {font-size:25px; } @media (min-width: 768px) { .ld_fancy_heading_69f2359a6c211 h1 {font-size:77px; }  } @media (min-width: 992px) { .ld_fancy_heading_69f2359a6c211 h1 {font-size:5vw; }  } @media (min-width: 1200px) { .ld_fancy_heading_69f2359a6c211 h1 {font-size:45px; }  } .ld_fancy_heading_69f2359a6c211 h1 {line-height:1.1em; } .ld_fancy_heading_69f2359a6c211 h1 {--element-line-height:1.1em; } .ld_fancy_heading_69f2359a6c211 h1 {letter-spacing:-0.02em; } .ld_fancy_heading_69f2359a6c211 h1 {margin-bottom:-1em !important;  } .ld_fancy_heading_69f2359a6c211 .ld-fh-element{background:-webkit-linear-gradient(90deg, rgba(217, 54, 54, 0.89) 5.414012738853503%, rgba(123, 1, 6, 0.87) 51.27388535031847%, rgb(123, 74, 1) 95.54140127388536%);background:linear-gradient(90deg, rgba(217, 54, 54, 0.89) 5.414012738853503%, rgba(123, 1, 6, 0.87) 51.27388535031847%, rgb(123, 74, 1) 95.54140127388536%);}.ld_fancy_heading_69f2359a6c211 h1 {font-size:25px; } @media (min-width: 768px) { .ld_fancy_heading_69f2359a6c211 h1 {font-size:77px; }  } @media (min-width: 992px) { .ld_fancy_heading_69f2359a6c211 h1 {font-size:5vw; }  } @media (min-width: 1200px) { .ld_fancy_heading_69f2359a6c211 h1 {font-size:45px; }  } .ld_fancy_heading_69f2359a6c211 h1 {line-height:1.1em; } .ld_fancy_heading_69f2359a6c211 h1 {--element-line-height:1.1em; } .ld_fancy_heading_69f2359a6c211 h1 {letter-spacing:-0.02em; } .ld_fancy_heading_69f2359a6c211 h1 {margin-bottom:-1em !important;  } .ld_fancy_heading_69f2359a6c211 .lqd-highlight-inner{height:0.275em!important;bottom:0px!important;}.ld_fancy_heading_69f2359a6c211 h1 {font-size:25px; } @media (min-width: 768px) { .ld_fancy_heading_69f2359a6c211 h1 {font-size:77px; }  } @media (min-width: 992px) { .ld_fancy_heading_69f2359a6c211 h1 {font-size:5vw; }  } @media (min-width: 1200px) { .ld_fancy_heading_69f2359a6c211 h1 {font-size:45px; }  } .ld_fancy_heading_69f2359a6c211 h1 {line-height:1.1em; } .ld_fancy_heading_69f2359a6c211 h1 {--element-line-height:1.1em; } .ld_fancy_heading_69f2359a6c211 h1 {letter-spacing:-0.02em; } .ld_fancy_heading_69f2359a6c211 h1 {margin-bottom:-1em !important;  } <\/style><div class=\"ld-fancy-heading ld_fancy_heading_69f2359a6c211\">\n\t<h1 class=\"ld-fh-element ld-gradient-heading lqd-highlight-underline lqd-highlight-grow-left text-decoration-default lqd-split-lines\"   data-split-text=\"true\" data-split-options='{\"type\":\"lines\"}' data-custom-animations=\"true\" data-ca-options='{\"triggerHandler\":\"inview\",\"animationTarget\":\".lqd-lines > .split-inner\",\"duration\":\"1200\",\"delay\":\"80\",\"ease\":\"power1.in\",\"direction\":\"backward\",\"initValues\":{\"opacity\":0},\"animations\":{\"opacity\":1}}'>  D\u00fcnden Bug\u00fcne<\/h1><\/div><style>.ld_fancy_heading_69f2359a6cbc1 h2 {font-size:12vw; } @media (min-width: 768px) { .ld_fancy_heading_69f2359a6cbc1 h2 {font-size:7vmin; }  } .ld_fancy_heading_69f2359a6cbc1 h2 {line-height:1em; } .ld_fancy_heading_69f2359a6cbc1 h2 {--element-line-height:1em; } .ld_fancy_heading_69f2359a6cbc1 .lqd-highlight-inner{height:0.1em!important;bottom:0.1em!important;background:rgb(6, 14, 98)!important;}.ld_fancy_heading_69f2359a6cbc1 h2 {font-size:12vw; } @media (min-width: 768px) { .ld_fancy_heading_69f2359a6cbc1 h2 {font-size:7vmin; }  } .ld_fancy_heading_69f2359a6cbc1 h2 {line-height:1em; } .ld_fancy_heading_69f2359a6cbc1 h2 {--element-line-height:1em; } <\/style><div class=\"ld-fancy-heading ld_fancy_heading_69f2359a6cbc1\">\n\t<h2 class=\"ld-fh-element lqd-highlight-underline lqd-highlight-grow-left text-decoration-default lqd-split-chars\"   data-split-text=\"true\" data-split-options='{\"type\":\"chars, words\"}' data-custom-animations=\"true\" data-ca-options='{\"triggerHandler\":\"inview\",\"animationTarget\":\".lqd-chars > .split-inner\",\"duration\":\"1200\",\"delay\":\"80\",\"ease\":\"power4.out\",\"direction\":\"forward\",\"initValues\":{\"opacity\":0},\"animations\":{\"opacity\":1}}'>  Duran Do\u011fan<\/h2><\/div><style>.ld_fancy_heading_69f2359a6d5f4 p {font-size:19px; } .ld_fancy_heading_69f2359a6d5f4 p {line-height:31px; } .ld_fancy_heading_69f2359a6d5f4 p {--element-line-height:31px; } @media (min-width: 992px) { .ld_fancy_heading_69f2359a6d5f4 p {padding-right:12% !important;  }  } .ld_fancy_heading_69f2359a6d5f4 p {margin-bottom:1.75em !important;  } .ld_fancy_heading_69f2359a6d5f4 .lqd-highlight-inner{height:0.275em!important;bottom:0px!important;}.ld_fancy_heading_69f2359a6d5f4 p {font-size:19px; } .ld_fancy_heading_69f2359a6d5f4 p {line-height:31px; } .ld_fancy_heading_69f2359a6d5f4 p {--element-line-height:31px; } @media (min-width: 992px) { .ld_fancy_heading_69f2359a6d5f4 p {padding-right:12% !important;  }  } .ld_fancy_heading_69f2359a6d5f4 p {margin-bottom:1.75em !important;  } <\/style><div class=\"ld-fancy-heading ld_fancy_heading_69f2359a6d5f4\">\n\t<p class=\"ld-fh-element lqd-highlight-underline lqd-highlight-grow-left text-decoration-default lqd-split-lines\"   data-split-text=\"true\" data-split-options='{\"type\":\"lines\"}' data-custom-animations=\"true\" data-ca-options='{\"triggerHandler\":\"inview\",\"animationTarget\":\".lqd-lines > .split-inner\",\"duration\":\"1800\",\"delay\":\"180\",\"ease\":\"power4.out\",\"direction\":\"forward\",\"initValues\":{\"opacity\":0},\"animations\":{\"opacity\":1}}'>  <\/p>\n<div>\n<p>T\u00fcrkiye karton ambalaj sekt\u00f6r\u00fcn\u00fcn en eski ve tecr\u00fcbeli iki firmas\u0131 Duran Ofset ve Do\u011fan Matbaac\u0131l\u0131k\u2019\u0131n 2005 y\u0131l\u0131nda birle\u015fmesi sonucu son derece g\u00fc\u00e7l\u00fc bir yap\u0131 ile <b>Duran Do\u011fan Bas\u0131m ve Ambalaj <\/b><b>Sanayi A.\u015e <\/b> kurulmu\u015ftur.<\/p>\n<\/div>\n<p>Duran Ofset, 1953 y\u0131l\u0131nda AL\u0130 DURAN Matbaas\u0131 ad\u0131 ile kurulmu\u015ftur. Zamanla yenilik\u00e7i ve \u00e7e\u015fitli \u00fcr\u00fcn profili ile ambalaj sekt\u00f6r\u00fcnde tan\u0131nan firma, 1975 y\u0131l\u0131nda Anonim \u015eirket haline d\u00f6n\u00fc\u015ferek 1991 y\u0131l\u0131nda halka a\u00e7\u0131lm\u0131\u015ft\u0131r.<\/p>\n<p>1934 y\u0131l\u0131nda ACEMYAN Ailesi taraf\u0131ndan kurulan Do\u011fan Matbaac\u0131l\u0131k, 70 y\u0131l\u0131 a\u015fan tecr\u00fcbesi ile uluslararas\u0131 m\u00fc\u015fterilerine her zaman en kaliteli \u00e7\u00f6z\u00fcmleri sunmu\u015ftur.<\/p>\n<p>Bu iki firma 2005 y\u0131l\u0131nda sekt\u00f6rdeki lider karton ambalaj \u00fcreticisi olmak amac\u0131yla tecr\u00fcbe ve bilgilerini birle\u015ftirme karar\u0131 alm\u0131\u015f ve uygulam\u0131\u015flard\u0131r.<\/p>\n<p><\/p><\/div>[\/vc_column][vc_column width=&#8221;1\/2&#8243; enable_content_animation=&#8221;yes&#8221; ca_init_scale_x=&#8221;1&#8243; ca_init_scale_y=&#8221;1&#8243; ca_init_opacity=&#8221;0&#8243; ca_an_scale_x=&#8221;1&#8243; ca_an_scale_y=&#8221;1&#8243; ca_an_opacity=&#8221;1&#8243; ca_init_scale_z=&#8221;1&#8243; ca_an_scale_z=&#8221;1&#8243; ca_duration=&#8221;1600&#8243; ca_delay=&#8221;120&#8243; ca_start_delay=&#8221;500&#8243;]<style>.ld_fancy_heading_69f2359a6da53 p {font-size:19px; } .ld_fancy_heading_69f2359a6da53 p {line-height:31px; } .ld_fancy_heading_69f2359a6da53 p {--element-line-height:31px; } @media (min-width: 992px) { .ld_fancy_heading_69f2359a6da53 p {padding-right:12% !important;  }  } .ld_fancy_heading_69f2359a6da53 p {margin-bottom:1.75em !important;  } .ld_fancy_heading_69f2359a6da53 .lqd-highlight-inner{height:0.275em!important;bottom:0px!important;}.ld_fancy_heading_69f2359a6da53 p {font-size:19px; } .ld_fancy_heading_69f2359a6da53 p {line-height:31px; } .ld_fancy_heading_69f2359a6da53 p {--element-line-height:31px; } @media (min-width: 992px) { .ld_fancy_heading_69f2359a6da53 p {padding-right:12% !important;  }  } .ld_fancy_heading_69f2359a6da53 p {margin-bottom:1.75em !important;  } <\/style><div class=\"ld-fancy-heading ld_fancy_heading_69f2359a6da53\">\n\t<p class=\"ld-fh-element lqd-highlight-underline lqd-highlight-grow-left text-decoration-default lqd-split-lines\"   data-split-text=\"true\" data-split-options='{\"type\":\"lines\"}'>  Duran Do\u011fan\u2019\u0131n m\u00fc\u015fteri profili, kendi konular\u0131nda kaliteli \u00fcr\u00fcnleri ile \u00f6ne \u00e7\u0131km\u0131\u015f, ambalaj konusunda da son derece se\u00e7ici firmalardan olu\u015fmaktad\u0131r. \u015eirket i\u00e7i ileti\u015fim ve m\u00fc\u015fterilerle olan ili\u015fkiler t\u00fcm d\u00fcnyada kabul edilmi\u015f SAP ve EBA kurumsal kaynak planlama yaz\u0131l\u0131m\u0131yla ger\u00e7ekle\u015fmekte olup OMP planlama yaz\u0131l\u0131m\u0131 kullanarak \u00fcretim sahas\u0131ndaki t\u00fcm makineler e\u015f zamanl\u0131 olarak takip edilmektedir. Bu yaz\u0131l\u0131m sayesinde sipari\u015flerin \u00fcretimi en verimli \u015fekilde otomatik olarak planlanmaktad\u0131r.<\/p>\n<p>3 fabrika ve 30.000 m\u00b2 kapal\u0131 alanda kurulu olan tesislerimizde 300\u2019\u00fcn \u00fczerinde nitelikli personel \u00e7al\u0131\u015fmakta ve 50.000 ton karton \u00fcretim kapasitesinin %60\u2019\u0131 hepimizin yak\u0131ndan tan\u0131d\u0131\u011f\u0131 global markalara ihra\u00e7 edilmektedir. Fabrikalar\u0131m\u0131zda s\u00fcrd\u00fcr\u00fclebilirlik \u00e7er\u00e7evesinde ve g\u0131da g\u00fcvenli\u011fine uygun \u00fcretim yap\u0131l\u0131rken, i\u015f ortaklar\u0131m\u0131z\u0131n taleplerinin kar\u015f\u0131lanaca\u011f\u0131 end\u00fcstriyel tasar\u0131mlar da yap\u0131lmaktad\u0131r. \u00dcretimlerimiz ISO 9001, ISO 14001, BRC\/IOP ve GMP sistemlerine uygun yap\u0131lmakta ve kapal\u0131 alanlar\u0131n tamam\u0131 24 saat sabit nem ve \u0131s\u0131 de\u011ferlerinde tutulmaktad\u0131r.<\/p>\n<p>Duran Do\u011fan\u2019\u0131n \u00fcretti\u011fi karton ambalajlar, d\u00fcnyan\u0131n herhangi bir yerinde mutlaka kar\u015f\u0131n\u0131za \u00e7\u0131kacakt\u0131r.<\/p><\/div>[\/vc_column][\/vc_row][vc_row][vc_column]<style>.ld_fancy_heading_69f2359a6dc91 h2 {font-size:45px; } .ld_fancy_heading_69f2359a6dc91 h2 {line-height:1.1em; } .ld_fancy_heading_69f2359a6dc91 h2 {--element-line-height:1.1em; } .ld_fancy_heading_69f2359a6dc91 .lqd-highlight-inner{height:0.275em!important;bottom:0px!important;background:rgba(115, 0, 23, 0.47)!important;}.ld_fancy_heading_69f2359a6dc91 h2 {font-size:45px; } .ld_fancy_heading_69f2359a6dc91 h2 {line-height:1.1em; } .ld_fancy_heading_69f2359a6dc91 h2 {--element-line-height:1.1em; } <\/style><div class=\"ld-fancy-heading text-center ld_fancy_heading_69f2359a6dc91\">\n\t<h2 class=\"ld-fh-element lqd-highlight-underline lqd-highlight-grow-left lqd-highlight-reset-onhover text-decoration-default\"  data-inview=\"true\" data-transition-delay=\"true\" data-delay-options=\"{&quot;elements&quot;:&quot;.lqd-highlight-inner&quot;,&quot;delayType&quot;:&quot;transition&quot;}\"  >  <mark class=\"lqd-highlight\"><span class=\"lqd-highlight-txt\"  >Tarih\u00e7emiz.<\/span><span class=\"lqd-highlight-inner\"><svg class=\"lqd-highlight-brush-svg\" xmlns=\"http:\/\/www.w3.org\/2000\/svg\" width=\"235.509\" height=\"13.504\" viewBox=\"0 0 235.509 13.504\" aria-hidden=\"true\" preserveAspectRatio=\"none\"><path d=\"M163,.383a13.044,13.044,0,0,1,1.517-.072,3.528,3.528,0,0,1,1.237-.134q.618.044,1.237.044a.249.249,0,0,1-.1.178.337.337,0,0,0-.1.266q3.092.088,6.184-.044T178.953.4l-.206-.088a12,12,0,0,0,4.123,0,13.467,13.467,0,0,1,5.772,0q1.443-.178,2.68-.266A5.978,5.978,0,0,1,193.8.4,16.707,16.707,0,0,1,198.01.045q2.164.088,4.844.088-.618.088-.824.134L201.412.4a3.893,3.893,0,0,0,2.061,0,5.413,5.413,0,0,1,1.649-.356q.618.088,1.134.178a9.762,9.762,0,0,0,1.544.09,17,17,0,0,1,3.092-.266q1.649,0,3.5.178,2.886.088,5.875.044t5.875-.222q0,.088.206.088h.412a21.975,21.975,0,0,0,2.577.889A12.458,12.458,0,0,1,232.12,2.18a3.962,3.962,0,0,1,1.031.622A3.349,3.349,0,0,1,234.8,3.825a5.079,5.079,0,0,1,.618,1.111q.412.534-1.031.98-1.031.444-.618.98a2.09,2.09,0,0,1,.206.889q0,.444.825.889.618.8-.206,1.245l-1.237.534q-1.443-.088-2.68-.134a17.255,17.255,0,0,1-2.267-.222,3.128,3.128,0,0,0-.928-.044,3.129,3.129,0,0,1-.928-.044q-2.267-.178-4.432-.266T217.7,9.476q-1.649-.088-2.886-.088a17.343,17.343,0,0,1-2.474-.178q-3.916,0-7.73-.088t-7.73-.266l-12.471-.178q-6.287-.088-12.883-.088h-1.958q-.928,0-1.958.088h-2.061q-1.031,0-2.061-.088-2.68-.088-5.256-.134t-5.256.044h-5.462q-2.577,0-5.462.088-4.535.088-8.76.178t-8.554.088q-2.886.088-5.875.088t-5.875.088q-1.443.088-2.886.134t-3.092.044q-4.741.178-9.791.312t-9.791.312q-2.267.088-4.329.088T78.77,10.1q-4.329.266-8.863.49t-9.276.49q-1.237.088-2.68.134a24.356,24.356,0,0,0-2.683.224q-2.68.178-5.462.312t-5.668.4q-2.474.266-4.741.312t-4.741.044q-1.031-.088-1.958-.134a9.684,9.684,0,0,1-1.958-.312,12.5,12.5,0,0,0-1.443-.312q-.825-.134-1.856-.31-2.886.356-6.39.666t-6.8.845a26.709,26.709,0,0,1-2.886.356,20.758,20.758,0,0,1-9.482-.889Q.232,11.962.026,11.25T1.263,9.917q0-.266.825-.266a13.039,13.039,0,0,0,2.886-.444A17.187,17.187,0,0,1,7.86,8.672q3.092-.266,6.184-.8,1.649-.178,3.3-.312t3.5-.312q4.123-.354,8.039-.712t8.039-.622q9.478-.8,18.758-1.338,2.68-.178,5.153-.356t4.741-.356q2.474-.178,5.05-.356T75.88,3.24h1.34a4.829,4.829,0,0,0,1.34-.178q2.267-.178,4.329-.222t4.329-.134a7.256,7.256,0,0,1,2.267,0,3.459,3.459,0,0,0,1.031-.088,6.009,6.009,0,0,1,2.37-.266,14.745,14.745,0,0,0,2.783-.088q1.649,0,2.474.088a1.308,1.308,0,0,1,.185.011,1.226,1.226,0,0,1,.33-.1,3.656,3.656,0,0,0,.515-.088,4.433,4.433,0,0,1,2.886.266q.412-.088,1.031-.178l1.237-.178q.412,0,1.031.044a5.761,5.761,0,0,0,1.237-.044q2.886-.088,5.772-.044a53.829,53.829,0,0,0,5.772-.222,9.505,9.505,0,0,1,1.34-.088h1.34a4.428,4.428,0,0,1,.821-.258l.825-.178a15.178,15.178,0,0,1,1.855.444,3.028,3.028,0,0,1,1.031-.534,4.039,4.039,0,0,1,1.443-.178,6.158,6.158,0,0,1,1.649.178,5.05,5.05,0,0,0,2.267.268q1.855-.088,3.813-.134T138.13,1.2q1.031,0,2.164-.044t2.37-.044q-.206-.088.412-.534h3.092q.412,0,.309.266t.928,0a5.845,5.845,0,0,1,1.443,0,31.833,31.833,0,0,0,5.359.088,21.471,21.471,0,0,1,6.8.178,5.236,5.236,0,0,0,1.031-.4q.412-.222.825-.4a.694.694,0,0,1,.137.07Z\" transform=\"translate(0 0.002)\"\/><\/svg><\/span><\/mark><\/h2><\/div>[\/vc_column][\/vc_row][vc_row gap=&#8221;25&#8243; enable_row_dividers=&#8221;yes&#8221; responsive_css=&#8221;padding_top_medium:25px|padding_bottom_medium:70px|padding_top_small:25px|padding_bottom_small:30px&#8221; css=&#8221;.vc_custom_1625468653130{padding-top: 25px !important;padding-bottom: 20px !important;}&#8221; el_id=&#8221;digital-solutions&#8221; row_svg_divider=&#8221;bottom_shape_type:1|bottom_shape_color:%238d3f3f|bottom_shape_height:210&#8243;][vc_column width=&#8221;1\/2&#8243; responsive_css=&#8221;margin_bottom_medium:20px&#8221;]<style>.ld_milestone_69f2359a6dffd .liquid-milestone-time{color:rgb(15, 33, 55);}<\/style><div id=\"ld_milestone_69f2359a6dffd\" class=\"liquid-milestone ld_milestone_69f2359a6dffd\">\n\n\t<div class=\"liquid-milestone-time h3 mt-0\"><span>1934<\/span><\/div>\n\t<div class=\"liquid-milestone-content\">\n\t\t<h5 class=\"text-uppercase\">Ocak<\/h5>\t\t<p>DO\u011eAN AMBALAJ Mihran ACEMYAN taraf\u0131ndan kuruldu.<\/p>\n\t<\/div><!-- \/.liquid-milestone-content -->\n\n<\/div><!-- \/.liquid-milestone -->[\/vc_column][vc_column width=&#8221;1\/2&#8243; responsive_css=&#8221;margin_bottom_medium:20px&#8221;]<style>.ld_milestone_69f2359a6e0ff .liquid-milestone-time{color:rgb(15, 33, 55);}<\/style><div id=\"ld_milestone_69f2359a6e0ff\" class=\"liquid-milestone ld_milestone_69f2359a6e0ff\">\n\n\t<div class=\"liquid-milestone-time h3 mt-0\"><span>1953<\/span><\/div>\n\t<div class=\"liquid-milestone-content\">\n\t\t<h5 class=\"text-uppercase\">Mart<\/h5>\t\t<p>Ali DURAN taraf\u0131ndan DURAN OFSET kuruldu.<\/p>\n\t<\/div><!-- \/.liquid-milestone-content -->\n\n<\/div><!-- \/.liquid-milestone -->[\/vc_column][vc_column width=&#8221;1\/2&#8243; responsive_css=&#8221;margin_bottom_medium:20px&#8221;]<style>.ld_milestone_69f2359a6e1ec .liquid-milestone-time{color:rgb(15, 33, 55);}<\/style><div id=\"ld_milestone_69f2359a6e1ec\" class=\"liquid-milestone ld_milestone_69f2359a6e1ec\">\n\n\t<div class=\"liquid-milestone-time h3 mt-0\"><span>2005<\/span><\/div>\n\t<div class=\"liquid-milestone-content\">\n\t\t<h5 class=\"text-uppercase\">May\u0131s<\/h5>\t\t<p>DURAN OFSET ve DO\u011eAN AMBALAJ yollar\u0131na DURAN DO\u011eAN ad\u0131 ile devam etme karar\u0131 ald\u0131.<\/p>\n\t<\/div><!-- \/.liquid-milestone-content -->\n\n<\/div><!-- \/.liquid-milestone --><style>.ld_spacer_69f2359a6e2d3{height:120px;}<\/style>\n<div class=\"ld-empty-space ld_spacer_69f2359a6e2d3\"><\/div>[\/vc_column][vc_column width=&#8221;1\/2&#8243; responsive_css=&#8221;margin_bottom_medium:20px&#8221;]<style>.ld_milestone_69f2359a6e396 .liquid-milestone-time{color:rgb(15, 33, 55);}<\/style><div id=\"ld_milestone_69f2359a6e396\" class=\"liquid-milestone ld_milestone_69f2359a6e396\">\n\n\t<div class=\"liquid-milestone-time h3 mt-0\"><span>2013<\/span><\/div>\n\t<div class=\"liquid-milestone-content\">\n\t\t<h5 class=\"text-uppercase\">A\u011fustos<\/h5>\t\t<p>Frans\u0131z men\u015feili firma LGR AMBALAJ, DURAN DO\u011eAN ailesinin yeni orta\u011f\u0131 oldu.<\/p>\n\t<\/div><!-- \/.liquid-milestone-content -->\n\n<\/div><!-- \/.liquid-milestone -->[\/vc_column][\/vc_row][vc_row][vc_column][vc_column_text]<\/p>\n<p>[\/vc_column_text][\/vc_column][\/vc_row]<\/p>\n","protected":false},"excerpt":{"rendered":"<p>[vc_row content_placement=&#8221;middle&#8221; parallax=&#8221;enable_parallax&#8221; bg_position=&#8221;center top&#8221; bg_attachment=&#8221;fixed&#8221; enable_overlay=&#8221;yes&#8221; css=&#8221;.vc_custom_1623583561814{padding-top: 140px !important;padding-bottom: 80px !important;background: #202045 url(https:\/\/www.durandogan.com\/wp-content\/uploads\/2021\/06\/sirketprofili.jpg?id=13484);}&#8221; responsive_css=&#8221;padding_top_medium:170px&#8221; overlay_bg=&#8221;rgba(0, 0, 0, 0.39)&#8221;][vc_column width=&#8221;1\/6&#8243;][\/vc_column][vc_column width=&#8221;2\/3&#8243;][\/vc_column][vc_column width=&#8221;1\/6&#8243;][\/vc_column][\/vc_row][vc_row full_width=&#8221;stretch_row&#8221; responsive_css=&#8221;margin_top_large:50px|margin_bottom_large:50px|padding_right_medium:6vw|padding_left_medium:6vw&#8221;][vc_column width=&#8221;1\/2&#8243;][\/vc_column][vc_column width=&#8221;1\/2&#8243; enable_content_animation=&#8221;yes&#8221; ca_init_scale_x=&#8221;1&#8243; ca_init_scale_y=&#8221;1&#8243; ca_init_opacity=&#8221;0&#8243; ca_an_scale_x=&#8221;1&#8243; ca_an_scale_y=&#8221;1&#8243; ca_an_opacity=&#8221;1&#8243; ca_init_scale_z=&#8221;1&#8243; ca_an_scale_z=&#8221;1&#8243; ca_duration=&#8221;1600&#8243; ca_delay=&#8221;120&#8243; ca_start_delay=&#8221;500&#8243;][\/vc_column][\/vc_row][vc_row][vc_column][\/vc_column][\/vc_row][vc_row gap=&#8221;25&#8243; enable_row_dividers=&#8221;yes&#8221; responsive_css=&#8221;padding_top_medium:25px|padding_bottom_medium:70px|padding_top_small:25px|padding_bottom_small:30px&#8221; css=&#8221;.vc_custom_1625468653130{padding-top: 25px !important;padding-bottom: 20px !important;}&#8221; el_id=&#8221;digital-solutions&#8221; row_svg_divider=&#8221;bottom_shape_type:1|bottom_shape_color:%238d3f3f|bottom_shape_height:210&#8243;][vc_column width=&#8221;1\/2&#8243; responsive_css=&#8221;margin_bottom_medium:20px&#8221;][\/vc_column][vc_column width=&#8221;1\/2&#8243; responsive_css=&#8221;margin_bottom_medium:20px&#8221;][\/vc_column][vc_column width=&#8221;1\/2&#8243; responsive_css=&#8221;margin_bottom_medium:20px&#8221;][\/vc_column][vc_column width=&#8221;1\/2&#8243; [&hellip;]<\/p>\n","protected":false},"author":2,"featured_media":0,"parent":0,"menu_order":0,"comment_status":"closed","ping_status":"closed","template":"","meta":{"footnotes":""},"class_list":["post-4473","page","type-page","status-publish","hentry"],"lang":"tr","translations":{"en":14008,"tr":4473},"pll_sync_post":[],"_links":{"self":[{"href":"https:\/\/www.durandogan.com\/index.php?rest_route=\/wp\/v2\/pages\/4473","targetHints":{"allow":["GET"]}}],"collection":[{"href":"https:\/\/www.durandogan.com\/index.php?rest_route=\/wp\/v2\/pages"}],"about":[{"href":"https:\/\/www.durandogan.com\/index.php?rest_route=\/wp\/v2\/types\/page"}],"author":[{"embeddable":true,"href":"https:\/\/www.durandogan.com\/index.php?rest_route=\/wp\/v2\/users\/2"}],"replies":[{"embeddable":true,"href":"https:\/\/www.durandogan.com\/index.php?rest_route=%2Fwp%2Fv2%2Fcomments&post=4473"}],"version-history":[{"count":13,"href":"https:\/\/www.durandogan.com\/index.php?rest_route=\/wp\/v2\/pages\/4473\/revisions"}],"predecessor-version":[{"id":16647,"href":"https:\/\/www.durandogan.com\/index.php?rest_route=\/wp\/v2\/pages\/4473\/revisions\/16647"}],"wp:attachment":[{"href":"https:\/\/www.durandogan.com\/index.php?rest_route=%2Fwp%2Fv2%2Fmedia&parent=4473"}],"curies":[{"name":"wp","href":"https:\/\/api.w.org\/{rel}","templated":true}]}}